{"id":30594,"date":"2016-10-06T14:34:01","date_gmt":"2016-10-06T13:34:01","guid":{"rendered":"http:\/\/www.golftravellers.com\/de\/?page_id=30594"},"modified":"2017-11-30T15:02:49","modified_gmt":"2017-11-30T15:02:49","slug":"suedafrika","status":"publish","type":"page","link":"https:\/\/www.golftravellers.com\/de\/reiseziele\/suedafrika\/","title":{"rendered":"S\u00fcdafrika"},"content":{"rendered":"<p><em>Gestalten Sie Ihre Golfreise in S\u00fcdafrika mit dem preisgekr\u00f6nten Golfreisenbetreiber<\/em><img loading=\"lazy\" decoding=\"async\" class=\"alignright wp-image-26729\" src=\"https:\/\/www.golftravellers.com\/wp-content\/uploads\/2015\/09\/SouthAfrican-PS.png\" alt=\"Landkarte und S\u00fcdafrikanermarkierungsfahne\" width=\"343\" height=\"248\" srcset=\"https:\/\/www.golftravellers.com\/wp-content\/uploads\/2015\/09\/SouthAfrican-PS.png 591w, https:\/\/www.golftravellers.com\/wp-content\/uploads\/2015\/09\/SouthAfrican-PS-300x217.png 300w\" sizes=\"auto, (max-width: 343px) 100vw, 343px\" \/><\/p>\n<p>S\u00fcdafrika ist eines der top Ziele f\u00fcr Golf spielen. Sie werden an Auswahl verw\u00f6hnt mit den rund 500 Golfpl\u00e4tzen, einige davon von Weltber\u00fchmten Architekten konzipiert. Verbinden Sie Golf mit dem Erlebnis dieses zauberhaften Landes, durch den Kruger National Park, Pilanesberg, pittoreske K\u00fcste der Garden Route oder der entz\u00fcckende Table Mountain in Kapstadt.<\/p>\n<p>Wir sind Ihr Kontakt zu jeder Zeit w\u00e4hrend Ihres Golfreises und sorgen daf\u00fcr, dass Sie das Beste, das S\u00fcdafrika anbieten kann erleben.<\/p>\n<p>Bitte wenden Sie sich an uns f\u00fcr einen <a href=\"https:\/\/www.golftravellers.com\/de\/kontakt\/angebot-anfordern\/\">unverbindlicher Vorschlag<\/a>.<\/p>\n<p><img loading=\"lazy\" decoding=\"async\" class=\"  aligncenter wp-image-26737\" src=\"https:\/\/www.golftravellers.com\/wp-content\/uploads\/2015\/09\/images-golf-afrique-du-sud.png\" alt=\"Leopard Creek, Sun City und Arabella Golfplatze in S\u00fcdafrika\" width=\"1032\" height=\"204\" srcset=\"https:\/\/www.golftravellers.com\/wp-content\/uploads\/2015\/09\/images-golf-afrique-du-sud.png 1260w, https:\/\/www.golftravellers.com\/wp-content\/uploads\/2015\/09\/images-golf-afrique-du-sud-300x59.png 300w, https:\/\/www.golftravellers.com\/wp-content\/uploads\/2015\/09\/images-golf-afrique-du-sud-1024x202.png 1024w\" sizes=\"auto, (max-width: 1032px) 100vw, 1032px\" \/><\/p>\n<div class=\"one-third first\" style=\"text-align: center;\"><a class=\"button\" href=\"https:\/\/www.golftravellers.com\/de\/kontakt\/\">Kontakt<\/a><\/div>\n<div class=\"one-third\" style=\"text-align: center;\"><a class=\"button\" href=\"https:\/\/www.golftravellers.com\/de\/kontakt\/rueckrufwunsch\/\">R\u00fcckrufwunsch<\/a><\/div>\n<div class=\"one-third\" style=\"text-align: center;\"><a class=\"button\" href=\"https:\/\/www.golftravellers.com\/de\/kontakt\/angebot-anfordern\/\">Angebot anfordern<\/a><\/div>\n","protected":false},"excerpt":{"rendered":"<p>Gestalten Sie Ihre Golfreise in S\u00fcdafrika mit dem preisgekr\u00f6nten Golfreisenbetreiber S\u00fcdafrika ist eines der top Ziele f\u00fcr Golf spielen. Sie werden an Auswahl verw\u00f6hnt mit den rund 500 Golfpl\u00e4tzen, einige davon von Weltber\u00fchmten Architekten konzipiert. Verbinden Sie Golf mit dem Erlebnis dieses zauberhaften Landes, durch den Kruger National Park, Pilanesberg, pittoreske K\u00fcste der Garden Route [&hellip;]<\/p>\n","protected":false},"author":10,"featured_media":30658,"parent":16650,"menu_order":0,"comment_status":"closed","ping_status":"closed","template":"","meta":{"_genesis_hide_title":false,"_genesis_hide_breadcrumbs":false,"_genesis_hide_singular_image":false,"_genesis_hide_footer_widgets":false,"_genesis_custom_body_class":"","_genesis_custom_post_class":"","_genesis_layout":"full-width-content","footnotes":""},"class_list":{"0":"post-30594","1":"page","2":"type-page","3":"status-publish","4":"has-post-thumbnail","6":"entry"},"_links":{"self":[{"href":"https:\/\/www.golftravellers.com\/de\/wp-json\/wp\/v2\/pages\/30594","targetHints":{"allow":["GET"]}}],"collection":[{"href":"https:\/\/www.golftravellers.com\/de\/wp-json\/wp\/v2\/pages"}],"about":[{"href":"https:\/\/www.golftravellers.com\/de\/wp-json\/wp\/v2\/types\/page"}],"author":[{"embeddable":true,"href":"https:\/\/www.golftravellers.com\/de\/wp-json\/wp\/v2\/users\/10"}],"replies":[{"embeddable":true,"href":"https:\/\/www.golftravellers.com\/de\/wp-json\/wp\/v2\/comments?post=30594"}],"version-history":[{"count":6,"href":"https:\/\/www.golftravellers.com\/de\/wp-json\/wp\/v2\/pages\/30594\/revisions"}],"predecessor-version":[{"id":37358,"href":"https:\/\/www.golftravellers.com\/de\/wp-json\/wp\/v2\/pages\/30594\/revisions\/37358"}],"up":[{"embeddable":true,"href":"https:\/\/www.golftravellers.com\/de\/wp-json\/wp\/v2\/pages\/16650"}],"wp:featuredmedia":[{"embeddable":true,"href":"https:\/\/www.golftravellers.com\/de\/wp-json\/wp\/v2\/media\/30658"}],"wp:attachment":[{"href":"https:\/\/www.golftravellers.com\/de\/wp-json\/wp\/v2\/media?parent=30594"}],"curies":[{"name":"wp","href":"https:\/\/api.w.org\/{rel}","templated":true}]}}