{"id":30590,"date":"2016-10-06T14:18:36","date_gmt":"2016-10-06T13:18:36","guid":{"rendered":"http:\/\/www.golftravellers.com\/de\/?page_id=30590"},"modified":"2017-11-30T15:02:09","modified_gmt":"2017-11-30T15:02:09","slug":"spanien","status":"publish","type":"page","link":"https:\/\/www.golftravellers.com\/de\/reiseziele\/spanien\/","title":{"rendered":"Spanien"},"content":{"rendered":"<p><em>Gestalten Sie Ihre Golfreise in Spanien mit dem preisgekr\u00f6nten Golfreisenbetreiber.<\/em><img loading=\"lazy\" decoding=\"async\" class=\"alignright wp-image-26767\" src=\"https:\/\/www.golftravellers.com\/wp-content\/uploads\/2015\/09\/Spain.png\" alt=\"Landkarte und Flagge Spaniens\" width=\"330\" height=\"244\" srcset=\"https:\/\/www.golftravellers.com\/wp-content\/uploads\/2015\/09\/Spain.png 591w, https:\/\/www.golftravellers.com\/wp-content\/uploads\/2015\/09\/Spain-300x222.png 300w\" sizes=\"auto, (max-width: 330px) 100vw, 330px\" \/><\/p>\n<p>Durch unser individuelles Angebot helfen wir individuelle, Gruppen oder Pros, die getr\u00e4umten Golfreise nach Spanien zu organizieren. Wir verf\u00fcgen \u00fcber eine gro\u00dfe Auswahl an all-inklusive Golf Pakete in Spanien.<\/p>\n<p>Wir sind Ihr Kontakt zu jeder Zeit w\u00e4hrend Ihres Golfreises und sorgen daf\u00fcr, dass Sie das Beste, das Spanien anbieten kann, erleben.<\/p>\n<p>Bitte wenden Sie sich an uns f\u00fcr einen <a href=\"https:\/\/www.golftravellers.com\/de\/kontakt\/angebot-anfordern\/\">unverbindlicher Vorschlag<\/a>.<\/p>\n<p>&nbsp;<\/p>\n<p><img loading=\"lazy\" decoding=\"async\" class=\"  aligncenter wp-image-26791\" src=\"https:\/\/www.golftravellers.com\/wp-content\/uploads\/2015\/09\/images-golf-spain.png\" alt=\"PGA Catalunya, Amarilla und Anfi Tauro Golfplatze\" width=\"967\" height=\"229\" srcset=\"https:\/\/www.golftravellers.com\/wp-content\/uploads\/2015\/09\/images-golf-spain.png 1174w, https:\/\/www.golftravellers.com\/wp-content\/uploads\/2015\/09\/images-golf-spain-300x71.png 300w, https:\/\/www.golftravellers.com\/wp-content\/uploads\/2015\/09\/images-golf-spain-1024x242.png 1024w\" sizes=\"auto, (max-width: 967px) 100vw, 967px\" \/><\/p>\n<div class=\"one-third first\" style=\"text-align: center;\"><a class=\"button\" href=\"https:\/\/www.golftravellers.com\/de\/kontakt\/\">Kontakt<\/a><\/div>\n<div class=\"one-third\" style=\"text-align: center;\"><a class=\"button\" href=\"https:\/\/www.golftravellers.com\/de\/kontakt\/rueckrufwunsch\/\">R\u00fcckrufwunsch<\/a><\/div>\n<div class=\"one-third\" style=\"text-align: center;\"><a class=\"button\" href=\"https:\/\/www.golftravellers.com\/de\/kontakt\/angebot-anfordern\/\">Angebot anfordern<\/a><\/div>\n","protected":false},"excerpt":{"rendered":"<p>Gestalten Sie Ihre Golfreise in Spanien mit dem preisgekr\u00f6nten Golfreisenbetreiber. Durch unser individuelles Angebot helfen wir individuelle, Gruppen oder Pros, die getr\u00e4umten Golfreise nach Spanien zu organizieren. Wir verf\u00fcgen \u00fcber eine gro\u00dfe Auswahl an all-inklusive Golf Pakete in Spanien. Wir sind Ihr Kontakt zu jeder Zeit w\u00e4hrend Ihres Golfreises und sorgen daf\u00fcr, dass Sie das [&hellip;]<\/p>\n","protected":false},"author":10,"featured_media":30646,"parent":16650,"menu_order":0,"comment_status":"closed","ping_status":"closed","template":"","meta":{"_genesis_hide_title":false,"_genesis_hide_breadcrumbs":false,"_genesis_hide_singular_image":false,"_genesis_hide_footer_widgets":false,"_genesis_custom_body_class":"","_genesis_custom_post_class":"","_genesis_layout":"","footnotes":""},"class_list":{"0":"post-30590","1":"page","2":"type-page","3":"status-publish","4":"has-post-thumbnail","6":"entry"},"_links":{"self":[{"href":"https:\/\/www.golftravellers.com\/de\/wp-json\/wp\/v2\/pages\/30590","targetHints":{"allow":["GET"]}}],"collection":[{"href":"https:\/\/www.golftravellers.com\/de\/wp-json\/wp\/v2\/pages"}],"about":[{"href":"https:\/\/www.golftravellers.com\/de\/wp-json\/wp\/v2\/types\/page"}],"author":[{"embeddable":true,"href":"https:\/\/www.golftravellers.com\/de\/wp-json\/wp\/v2\/users\/10"}],"replies":[{"embeddable":true,"href":"https:\/\/www.golftravellers.com\/de\/wp-json\/wp\/v2\/comments?post=30590"}],"version-history":[{"count":8,"href":"https:\/\/www.golftravellers.com\/de\/wp-json\/wp\/v2\/pages\/30590\/revisions"}],"predecessor-version":[{"id":40195,"href":"https:\/\/www.golftravellers.com\/de\/wp-json\/wp\/v2\/pages\/30590\/revisions\/40195"}],"up":[{"embeddable":true,"href":"https:\/\/www.golftravellers.com\/de\/wp-json\/wp\/v2\/pages\/16650"}],"wp:featuredmedia":[{"embeddable":true,"href":"https:\/\/www.golftravellers.com\/de\/wp-json\/wp\/v2\/media\/30646"}],"wp:attachment":[{"href":"https:\/\/www.golftravellers.com\/de\/wp-json\/wp\/v2\/media?parent=30590"}],"curies":[{"name":"wp","href":"https:\/\/api.w.org\/{rel}","templated":true}]}}