{"id":30585,"date":"2016-10-06T13:50:04","date_gmt":"2016-10-06T12:50:04","guid":{"rendered":"http:\/\/www.golftravellers.com\/de\/?page_id=30585"},"modified":"2017-11-30T15:03:44","modified_gmt":"2017-11-30T15:03:44","slug":"portugal","status":"publish","type":"page","link":"https:\/\/www.golftravellers.com\/de\/reiseziele\/portugal\/","title":{"rendered":"Portugal"},"content":{"rendered":"<p><img loading=\"lazy\" decoding=\"async\" class=\"alignnone  wp-image-26783 alignright\" src=\"https:\/\/www.golftravellers.com\/wp-content\/uploads\/2015\/09\/Portugal.png\" alt=\"Map and flag of Portugal\" width=\"165\" height=\"341\" srcset=\"https:\/\/www.golftravellers.com\/wp-content\/uploads\/2015\/09\/Portugal.png 571w, https:\/\/www.golftravellers.com\/wp-content\/uploads\/2015\/09\/Portugal-145x300.png 145w, https:\/\/www.golftravellers.com\/wp-content\/uploads\/2015\/09\/Portugal-495x1024.png 495w\" sizes=\"auto, (max-width: 165px) 100vw, 165px\" \/><em> Gestalten Sie Ihre Golfreise in Portugal mit dem preisgekr\u00f6nten Golfreisenbetreiber.<\/em><\/p>\n<p>Als Golf-Reiseveranstalter planen wir Ihnen einen idealen, wundersch\u00f6nen und unvergesslichen Golf-Urlaub in Portugal nach Ihren Bed\u00fcrfnissen und Reisedaten auf. Durch unser individuelles Angebot helfen wir individuelle, Gruppen oder Pros, die getr\u00e4umten Golfreise nach Portugal zu organizieren.<\/p>\n<p>Eines der \u00e4ltesten L\u00e4nder Europas, mit mildem und sonnigen Wetter \u00fcber das ganze Jahr. Weitere Eigenschaften beziehen sich auf den Zugang zum Atlantik, wundersch\u00f6ne Str\u00e4nde und historische St\u00e4dte wie Lissabon, so wie die Inseln Madeira und Azores.<\/p>\n<p>Wir sind Ihr Kontakt zu jeder Zeit w\u00e4hrend Ihres Golfreises und sorgen daf\u00fcr, dass Sie das Beste, das Portugal anbieten kann erleben.<\/p>\n<p>Bitte wenden Sie sich an uns f\u00fcr einen <a href=\"https:\/\/www.golftravellers.com\/de\/kontakt\/angebot-anfordern\/\">unverbindlicher Vorschlag<\/a>.<\/p>\n<p>&nbsp;<\/p>\n<p><img loading=\"lazy\" decoding=\"async\" class=\"  aligncenter wp-image-26809\" src=\"https:\/\/www.golftravellers.com\/wp-content\/uploads\/2015\/09\/images-golf-portugal.png\" alt=\"Vale do Lobo, Oitavos Dunes und Praia d'El Rey Golfplatze\" width=\"1081\" height=\"202\" srcset=\"https:\/\/www.golftravellers.com\/wp-content\/uploads\/2015\/09\/images-golf-portugal.png 1284w, https:\/\/www.golftravellers.com\/wp-content\/uploads\/2015\/09\/images-golf-portugal-300x56.png 300w, https:\/\/www.golftravellers.com\/wp-content\/uploads\/2015\/09\/images-golf-portugal-1024x191.png 1024w\" sizes=\"auto, (max-width: 1081px) 100vw, 1081px\" \/><\/p>\n<div class=\"one-third first\" style=\"text-align: center;\"><a class=\"button\" href=\"https:\/\/www.golftravellers.com\/de\/kontakt\/\">Kontakt<\/a><\/div>\n<div class=\"one-third\" style=\"text-align: center;\"><a class=\"button\" href=\"https:\/\/www.golftravellers.com\/de\/kontakt\/rueckrufwunsch\/\">R\u00fcckrufwunsch<\/a><\/div>\n<div class=\"one-third\" style=\"text-align: center;\"><a class=\"button\" href=\"https:\/\/www.golftravellers.com\/de\/kontakt\/angebot-anfordern\/\">Angebot anfordern<\/a><\/div>\n","protected":false},"excerpt":{"rendered":"<p>Gestalten Sie Ihre Golfreise in Portugal mit dem preisgekr\u00f6nten Golfreisenbetreiber. Als Golf-Reiseveranstalter planen wir Ihnen einen idealen, wundersch\u00f6nen und unvergesslichen Golf-Urlaub in Portugal nach Ihren Bed\u00fcrfnissen und Reisedaten auf. Durch unser individuelles Angebot helfen wir individuelle, Gruppen oder Pros, die getr\u00e4umten Golfreise nach Portugal zu organizieren. Eines der \u00e4ltesten L\u00e4nder Europas, mit mildem und sonnigen [&hellip;]<\/p>\n","protected":false},"author":10,"featured_media":30636,"parent":16650,"menu_order":0,"comment_status":"closed","ping_status":"closed","template":"","meta":{"_genesis_hide_title":false,"_genesis_hide_breadcrumbs":false,"_genesis_hide_singular_image":false,"_genesis_hide_footer_widgets":false,"_genesis_custom_body_class":"","_genesis_custom_post_class":"","_genesis_layout":"","footnotes":""},"class_list":{"0":"post-30585","1":"page","2":"type-page","3":"status-publish","4":"has-post-thumbnail","6":"entry"},"_links":{"self":[{"href":"https:\/\/www.golftravellers.com\/de\/wp-json\/wp\/v2\/pages\/30585","targetHints":{"allow":["GET"]}}],"collection":[{"href":"https:\/\/www.golftravellers.com\/de\/wp-json\/wp\/v2\/pages"}],"about":[{"href":"https:\/\/www.golftravellers.com\/de\/wp-json\/wp\/v2\/types\/page"}],"author":[{"embeddable":true,"href":"https:\/\/www.golftravellers.com\/de\/wp-json\/wp\/v2\/users\/10"}],"replies":[{"embeddable":true,"href":"https:\/\/www.golftravellers.com\/de\/wp-json\/wp\/v2\/comments?post=30585"}],"version-history":[{"count":7,"href":"https:\/\/www.golftravellers.com\/de\/wp-json\/wp\/v2\/pages\/30585\/revisions"}],"predecessor-version":[{"id":40198,"href":"https:\/\/www.golftravellers.com\/de\/wp-json\/wp\/v2\/pages\/30585\/revisions\/40198"}],"up":[{"embeddable":true,"href":"https:\/\/www.golftravellers.com\/de\/wp-json\/wp\/v2\/pages\/16650"}],"wp:featuredmedia":[{"embeddable":true,"href":"https:\/\/www.golftravellers.com\/de\/wp-json\/wp\/v2\/media\/30636"}],"wp:attachment":[{"href":"https:\/\/www.golftravellers.com\/de\/wp-json\/wp\/v2\/media?parent=30585"}],"curies":[{"name":"wp","href":"https:\/\/api.w.org\/{rel}","templated":true}]}}