{"id":30579,"date":"2016-10-06T12:45:31","date_gmt":"2016-10-06T11:45:31","guid":{"rendered":"http:\/\/www.golftravellers.com\/de\/?page_id=30579"},"modified":"2017-11-30T15:03:20","modified_gmt":"2017-11-30T15:03:20","slug":"marokko","status":"publish","type":"page","link":"https:\/\/www.golftravellers.com\/de\/reiseziele\/marokko\/","title":{"rendered":"Marokko"},"content":{"rendered":"<p><img loading=\"lazy\" decoding=\"async\" class=\"  alignright wp-image-26775\" src=\"https:\/\/www.golftravellers.com\/wp-content\/uploads\/2015\/09\/morocco.png\" alt=\"Landkarte von Marokko\" width=\"282\" height=\"190\" srcset=\"https:\/\/www.golftravellers.com\/wp-content\/uploads\/2015\/09\/morocco.png 591w, https:\/\/www.golftravellers.com\/wp-content\/uploads\/2015\/09\/morocco-300x202.png 300w\" sizes=\"auto, (max-width: 282px) 100vw, 282px\" \/><em>Gestalten Sie Ihre Golfreise in Marokko mit dem preisgekr\u00f6nten Golfreisenbetreiber.<\/em><\/p>\n<p>Als Golf-Reiseveranstalter planen wir Ihnen einen idealen, wundersch\u00f6nen und unvergesslichen Golf-Urlaub in Marokko nach Ihren Bed\u00fcrfnissen und Reisedaten auf. Durch unser individuelles Angebot helfen wir individuelle, Gruppen oder Pros, die getr\u00e4umten Golfreise nach Marokko zu organizieren.<\/p>\n<p>Ein wundersch\u00f6nes Land, reich an Kultur und bezaubernden und vielf\u00e4ltigen Landschaften, von Gebierge, W\u00fcsten und T\u00e4lern bis auf das Mediteranische Meer und den Atlantik.<\/p>\n<p>Wir sind Ihr Kontakt zu jeder Zeit w\u00e4hrend Ihres Golfreises und sorgen daf\u00fcr, dass Sie das Beste, das Marokko anbieten kann erleben.<\/p>\n<p>Bitte wenden Sie sich an uns f\u00fcr einen <a href=\"https:\/\/www.golftravellers.com\/de\/kontakt\/angebot-anfordern\/\">unverbindlicher Vorschlag<\/a>.<\/p>\n<p>&nbsp;<\/p>\n<p><img loading=\"lazy\" decoding=\"async\" class=\"  aligncenter wp-image-26800\" src=\"https:\/\/www.golftravellers.com\/wp-content\/uploads\/2015\/09\/images-golf-morocco.png\" alt=\"Assoufid, Mazagan und Tazegzout Golfplatze\" width=\"1018\" height=\"198\" srcset=\"https:\/\/www.golftravellers.com\/wp-content\/uploads\/2015\/09\/images-golf-morocco.png 1224w, https:\/\/www.golftravellers.com\/wp-content\/uploads\/2015\/09\/images-golf-morocco-300x58.png 300w, https:\/\/www.golftravellers.com\/wp-content\/uploads\/2015\/09\/images-golf-morocco-1024x199.png 1024w\" sizes=\"auto, (max-width: 1018px) 100vw, 1018px\" \/><\/p>\n<div class=\"one-third first\" style=\"text-align: center;\"><a class=\"button\" href=\"https:\/\/www.golftravellers.com\/de\/kontakt\/\">Kontakt<\/a><\/div>\n<div class=\"one-third\" style=\"text-align: center;\"><a class=\"button\" href=\"https:\/\/www.golftravellers.com\/de\/kontakt\/rueckrufwunsch\/\">R\u00fcckrufwunsch<\/a><\/div>\n<div class=\"one-third\" style=\"text-align: center;\"><a class=\"button\" href=\"https:\/\/www.golftravellers.com\/de\/kontakt\/angebot-anfordern\/\">Angebot anfordern<\/a><\/div>\n","protected":false},"excerpt":{"rendered":"<p>Gestalten Sie Ihre Golfreise in Marokko mit dem preisgekr\u00f6nten Golfreisenbetreiber. Als Golf-Reiseveranstalter planen wir Ihnen einen idealen, wundersch\u00f6nen und unvergesslichen Golf-Urlaub in Marokko nach Ihren Bed\u00fcrfnissen und Reisedaten auf. Durch unser individuelles Angebot helfen wir individuelle, Gruppen oder Pros, die getr\u00e4umten Golfreise nach Marokko zu organizieren. Ein wundersch\u00f6nes Land, reich an Kultur und bezaubernden und [&hellip;]<\/p>\n","protected":false},"author":10,"featured_media":30627,"parent":16650,"menu_order":0,"comment_status":"closed","ping_status":"closed","template":"","meta":{"_genesis_hide_title":false,"_genesis_hide_breadcrumbs":false,"_genesis_hide_singular_image":false,"_genesis_hide_footer_widgets":false,"_genesis_custom_body_class":"","_genesis_custom_post_class":"","_genesis_layout":"","footnotes":""},"class_list":{"0":"post-30579","1":"page","2":"type-page","3":"status-publish","4":"has-post-thumbnail","6":"entry"},"_links":{"self":[{"href":"https:\/\/www.golftravellers.com\/de\/wp-json\/wp\/v2\/pages\/30579","targetHints":{"allow":["GET"]}}],"collection":[{"href":"https:\/\/www.golftravellers.com\/de\/wp-json\/wp\/v2\/pages"}],"about":[{"href":"https:\/\/www.golftravellers.com\/de\/wp-json\/wp\/v2\/types\/page"}],"author":[{"embeddable":true,"href":"https:\/\/www.golftravellers.com\/de\/wp-json\/wp\/v2\/users\/10"}],"replies":[{"embeddable":true,"href":"https:\/\/www.golftravellers.com\/de\/wp-json\/wp\/v2\/comments?post=30579"}],"version-history":[{"count":11,"href":"https:\/\/www.golftravellers.com\/de\/wp-json\/wp\/v2\/pages\/30579\/revisions"}],"predecessor-version":[{"id":40196,"href":"https:\/\/www.golftravellers.com\/de\/wp-json\/wp\/v2\/pages\/30579\/revisions\/40196"}],"up":[{"embeddable":true,"href":"https:\/\/www.golftravellers.com\/de\/wp-json\/wp\/v2\/pages\/16650"}],"wp:featuredmedia":[{"embeddable":true,"href":"https:\/\/www.golftravellers.com\/de\/wp-json\/wp\/v2\/media\/30627"}],"wp:attachment":[{"href":"https:\/\/www.golftravellers.com\/de\/wp-json\/wp\/v2\/media?parent=30579"}],"curies":[{"name":"wp","href":"https:\/\/api.w.org\/{rel}","templated":true}]}}