{"id":23776,"date":"2015-04-23T23:18:00","date_gmt":"2015-04-23T22:18:00","guid":{"rendered":"http:\/\/www.golftravellers.com\/?page_id=23776"},"modified":"2017-04-24T16:22:15","modified_gmt":"2017-04-24T15:22:15","slug":"cookies","status":"publish","type":"page","link":"https:\/\/www.golftravellers.com\/de\/cookies\/","title":{"rendered":"Cookies"},"content":{"rendered":"<p>Cookies sind kleine Textdateien, die durch Webseiten, die Sie besuchen, auf Ihrem Computer hinterlassen werden k\u00f6nnen. Sie dienen meist der Verbesserung der Funktionst\u00fcchtigkeit der entsprechenden Webseite sowie um den Betreibern der Webseite bestimmte Informationen zu \u00fcbernitteln.<\/p>\n<p>Cookies verf\u00fcgen oft \u00fcber eine anonyme eindeutige Kennung. Sofern Ihre Browsereinstellungen dies erlauben, kann jede Webseite, die Sie besuchen, Cookies an Sie verschicken.<\/p>\n<p>Sie k\u00f6nne dar\u00fcber entscheiden, ob Sie Cookies annehmen wollen, indem Sie die Einstellungen Ihres Browsers so einstellen, um alle Cookies anzunehmen, abzulehnen oder Sie dar\u00fcber zu informieren, wenn Cookies an Sie verschickt werden. Das Ausschalten der Cookie-Funktion auf unserer Seite wird Ihnen immernoch erlauben, die meisten Inhalte auf unserer Seite zu sehen &#8211; allerdings k\u00f6nnte dies die Benutzung der interaktiven Tools evt. einschr\u00e4nken. Um mehr \u00fcber Cookies zu erfahren, einschlie\u00dflich wie Sie herausfinden, welche Cookies an Sie verschickt wurden und wie Sie diese verwalten bzw. l\u00f6schen k\u00f6nnen, besuchen Sie <a href=\"https:\/\/www.ico.gov.uk\" target=\"_blank\">https:\/\/www.ico.gov.uk<\/a>.<\/p>\n<p>Die nachstehende Tabelle listet die von uns verwendeten Cookies auf und warum wir diese benutzen.<\/p>\n<table class=\"aligncenter\" style=\"width: 100%;\" border=\"1\" cellspacing=\"5\" cellpadding=\"5\" align=\"center\">\n<tbody>\n<tr>\n<td style=\"width: 15%; padding: 5px;\"><strong>Cookie<\/strong><\/td>\n<td style=\"width: 10%; padding: 5px;\"><strong>Cookie Name<\/strong><\/td>\n<td style=\"width: 50%; padding: 5px;\"><strong>Zweck<\/strong><\/td>\n<td style=\"width: 10%; padding: 5px;\"><strong>Erl\u00f6schen<\/strong><\/td>\n<td style=\"width: 15%;\"><strong>Weitere Information<\/strong><\/td>\n<\/tr>\n<tr>\n<td style=\"padding: 5px;\">Google Analytics<\/td>\n<td style=\"padding: 5px;\">_ga<\/td>\n<td style=\"padding: 5px;\">Dieser Cookie dient dazu, Einzelbesuche Ihrer Seite aufzuzeichnen und wird nach jedem Seitenbesuch aktualisiert. Des Weiteren verf\u00fcgt dieser Cookie \u00fcber eine eigene Identifikationsnummer, die Google Analytics dazu verwendet, um die G\u00fcltigkeit, Zug\u00e4nglichkeit sowie zus\u00e4tzliche Sicherheitsvorkehrungen zu gew\u00e4hrleisten.<\/td>\n<td style=\"padding: 5px;\">2 Jahre<\/td>\n<td style=\"padding: 5px;\"><a title=\"Google Analytics Privacy\" href=\"https:\/\/www.google.com\/analytics\/learn\/privacy.html\" target=\"_blank\">Google Analytics&#8216; privacy information<\/a><\/td>\n<\/tr>\n<tr>\n<td style=\"padding: 5px;\">WPML<\/td>\n<td style=\"padding: 5px;\">_icl_current_language<\/td>\n<td style=\"padding: 5px;\">Wir benutzen ein Produkt namens WPML um unsere Inhalte in unterschiedlichen Sprachen zu verwalten. Auf diese Weise wird der Sprachcode der zuletzt aufgerufenen Seite gespeichert, z.B. fr f\u00fcr Franz\u00f6sisch.<\/td>\n<td style=\"padding: 5px;\">24 Stunden<\/td>\n<td style=\"padding: 5px;\"><a href=\"https:\/\/www.wmpl.org\" target=\"_blank\">WPML<\/a><\/td>\n<\/tr>\n<tr>\n<td style=\"padding: 5px;\">Cookie Notice<\/td>\n<td style=\"padding: 5px;\">cookie_notice<\/td>\n<td style=\"padding: 5px;\">Zeichnet auf, dass der Seitenbesucher Cookie-Pop-Up Benachrichtigungen verbergen m\u00f6chte, sodass diese f\u00fcr drei Monate nicht mehr gezeigt werden.<\/td>\n<td style=\"padding: 5px;\">3 Monate<\/td>\n<td style=\"padding: 5px;\"><a href=\"https:\/\/www.dfactory.eu\/plugins\/cookie-notice\/\" target=\"_blank\">dfactory.eu<\/a><\/td>\n<\/tr>\n<\/tbody>\n<\/table>\n<div class=\"clear:both;\">\u00a0<\/div>\n<h3>Cookies von Drittanbietern<\/h3>\n<p>Wir bieten gelegentlich seitenfremde Inhalte wie z.B. Videos von Platformen wie YouTube oder Karten von Google Maps an. Beim Aufrufen von mit Inhalten solcher Platformen verlinkten Seiten k\u00f6nnen zus\u00e4tzliche Cookies an Ihren Computer \u00fcbertragen werden. Wir k\u00f6nnen diese Cookies nicht \u00fcberpr\u00fcfen.Sie k\u00f6nnen allerdings die Seite des entsprechenden Drittanbieters f\u00fcr weitere Informationen aufsuchen.<\/p>\n<p>Wir verwenden auf unserer Webseite Social Buttons wiez.B. Facebook und Google+, die Nutzern das Teilen unserer Webseite erm\u00f6glichen. Diese Buttons verwenden externe Scripte, die au\u00dferhalb des Bereiches unserer Seite operieren und Angaben \u00fcber Ihren Besuch unserer Seite sammeln k\u00f6nnen. work with external scripts that are out with our website and may collect information about your visit. Wir k\u00f6nnen diese Cookies nicht kontrollieren. Sie k\u00f6nnen allerdings die entsprechenden Bestimmungen des jeweiligen Drittanbieters f\u00fcr weitere Informationen aufsuchen.<\/p>\n","protected":false},"excerpt":{"rendered":"<p>Cookies sind kleine Textdateien, die durch Webseiten, die Sie besuchen, auf Ihrem Computer hinterlassen werden k\u00f6nnen. Sie dienen meist der Verbesserung der Funktionst\u00fcchtigkeit der entsprechenden Webseite sowie um den Betreibern der Webseite bestimmte Informationen zu \u00fcbernitteln. Cookies verf\u00fcgen oft \u00fcber eine anonyme eindeutige Kennung. Sofern Ihre Browsereinstellungen dies erlauben, kann jede Webseite, die Sie besuchen, [&hellip;]<\/p>\n","protected":false},"author":6,"featured_media":0,"parent":0,"menu_order":100,"comment_status":"open","ping_status":"open","template":"","meta":{"_genesis_hide_title":false,"_genesis_hide_breadcrumbs":false,"_genesis_hide_singular_image":false,"_genesis_hide_footer_widgets":false,"_genesis_custom_body_class":"","_genesis_custom_post_class":"","_genesis_layout":"","footnotes":""},"class_list":{"0":"post-23776","1":"page","2":"type-page","3":"status-publish","5":"entry"},"_links":{"self":[{"href":"https:\/\/www.golftravellers.com\/de\/wp-json\/wp\/v2\/pages\/23776","targetHints":{"allow":["GET"]}}],"collection":[{"href":"https:\/\/www.golftravellers.com\/de\/wp-json\/wp\/v2\/pages"}],"about":[{"href":"https:\/\/www.golftravellers.com\/de\/wp-json\/wp\/v2\/types\/page"}],"author":[{"embeddable":true,"href":"https:\/\/www.golftravellers.com\/de\/wp-json\/wp\/v2\/users\/6"}],"replies":[{"embeddable":true,"href":"https:\/\/www.golftravellers.com\/de\/wp-json\/wp\/v2\/comments?post=23776"}],"version-history":[{"count":14,"href":"https:\/\/www.golftravellers.com\/de\/wp-json\/wp\/v2\/pages\/23776\/revisions"}],"predecessor-version":[{"id":37750,"href":"https:\/\/www.golftravellers.com\/de\/wp-json\/wp\/v2\/pages\/23776\/revisions\/37750"}],"wp:attachment":[{"href":"https:\/\/www.golftravellers.com\/de\/wp-json\/wp\/v2\/media?parent=23776"}],"curies":[{"name":"wp","href":"https:\/\/api.w.org\/{rel}","templated":true}]}}