{"id":23774,"date":"2015-04-23T21:52:31","date_gmt":"2015-04-23T20:52:31","guid":{"rendered":"http:\/\/www.golftravellers.com\/?page_id=23774"},"modified":"2015-04-23T21:52:31","modified_gmt":"2015-04-23T20:52:31","slug":"datenschutzbestimmungen","status":"publish","type":"page","link":"https:\/\/www.golftravellers.com\/de\/datenschutzbestimmungen\/","title":{"rendered":"Datenschutzbestimmungen"},"content":{"rendered":"<p>&nbsp;<\/p>\n<p>Beachten Sie bitte, dass die Datenschutzbestimmungen nicht f\u00fcr andere Webseiten gilt, auf die unsere Webseite Sie verlinkt. Die durch Sie an andere Webseiten zur Verf\u00fcgung gestellten Informationen unterliegt den Datenschutzbestimmungen dieser entsprechenden Webseiten.<\/p>\n<p>Golf Travellers Agency Ltd hat als Teil ihrer Verpflichtung, Ihre privaten Angaben, die Sie uns \u00fcber unsere Webseite bzw. auf jeglichem anderen Wege zukommen lassen, zu sch\u00fctzen, folgende Datenschutzbestimmungen beschlossen:<\/p>\n<p>Wir werden durch Sie an uns \u00fcbermittelte Angaben weder verwenden, verkaufen, handeln, vermieten noch sofern Sie dies nicht erlaubt haben.<\/p>\n<p>Mit Ihrer Erlaubnis werden wir Ihre Angaben nur mit sorgf\u00e4ltig ausgew\u00e4hlten, seri\u00f6sen sowie vertrauensw\u00fcrdigen Drittparteien teilen. Allerdings tr\u00e4gt Golf Travellers Agency Ltd keine Verantwortung f\u00fcr eventuelle Verst\u00f6\u00dfe gegen Sicherheitsbestimmungen sowie f\u00fcr jedwede Handlung bzw. Unterlassung durch Drittparteien, die Ihre Informationen erhalten.<\/p>\n<p>Nebst dem Verwenden der bereitgestellten Informationen sammeln wir unter Umst\u00e4nden anonyme Informationen, doe mit Drittparteien geteilt werden k\u00f6nnen. Bei diesen Angaben handelt es sich um solche Daten, die Sie nicht direkt identifizieren, uns allerdings zu Marketingszwecken bzw. bei der Verbesserung unserer Webseite sowie der auf Ihr angebotenen Funktionen behilflich sein k\u00f6nnen.<\/p>\n<p>Weitere Informationen \u00fcber die von Golf Travellers Agency Ltd verwendeten <a title=\"Cookies\" href=\"https:\/\/www.golftravellers.com\/cookies\/\">Cookies<\/a><\/p>\n<p>Kontaktieren Sie uns bitte mit jeglicher Art von R\u00fcckfragen oder sofern Sie die uns zur Verf\u00fcgung gestellten Angaben \u00fcber Sie einsehen, ge\u00e4ndert bzw. gel\u00f6scht haben wollen.<\/p>\n<p>Copyrights:<\/p>\n<p>Golf Travellers Agency Limited<br \/>Kinfern<br \/>Kincaple<br \/> St Andrews<br \/>Fife<br \/>KY16 9SH<br \/>Schottland &#8211; Vereinigtes K\u00f6nigreich<\/p>\n<p>Tel: 0044 (0) 1334 850 030<br \/>Fax: 0044 (0) 1334 840 453<\/p>\n<p>Firmennummer: 350456<\/p>\n<p>Direktor: Raphael Metayer<br \/>Webmaster: Raphael Metayer<\/p>\n<p>Alle Rechte vorbehalten,\u00a0einschlie\u00dflich f\u00fcr alle herunterladbaren Dokumente und bildlichen Darstellungen bzw. Fotos.<br \/>Die vollst\u00e4ndige oder teilweise Vervielf\u00e4ltigung dieser Webseite\u00a0auf Papier oder in elektronischer Form ist grunds\u00e4tzlich verboten, mit Ausnahme einer Erlaubnis durch den Direkor.<\/p>\n","protected":false},"excerpt":{"rendered":"<p>&nbsp; Beachten Sie bitte, dass die Datenschutzbestimmungen nicht f\u00fcr andere Webseiten gilt, auf die unsere Webseite Sie verlinkt. Die durch Sie an andere Webseiten zur Verf\u00fcgung gestellten Informationen unterliegt den Datenschutzbestimmungen dieser entsprechenden Webseiten. Golf Travellers Agency Ltd hat als Teil ihrer Verpflichtung, Ihre privaten Angaben, die Sie uns \u00fcber unsere Webseite bzw. auf jeglichem [&hellip;]<\/p>\n","protected":false},"author":6,"featured_media":0,"parent":0,"menu_order":80,"comment_status":"open","ping_status":"closed","template":"","meta":{"_genesis_hide_title":false,"_genesis_hide_breadcrumbs":false,"_genesis_hide_singular_image":false,"_genesis_hide_footer_widgets":false,"_genesis_custom_body_class":"","_genesis_custom_post_class":"","_genesis_layout":"","footnotes":""},"class_list":{"0":"post-23774","1":"page","2":"type-page","3":"status-publish","5":"entry"},"_links":{"self":[{"href":"https:\/\/www.golftravellers.com\/de\/wp-json\/wp\/v2\/pages\/23774","targetHints":{"allow":["GET"]}}],"collection":[{"href":"https:\/\/www.golftravellers.com\/de\/wp-json\/wp\/v2\/pages"}],"about":[{"href":"https:\/\/www.golftravellers.com\/de\/wp-json\/wp\/v2\/types\/page"}],"author":[{"embeddable":true,"href":"https:\/\/www.golftravellers.com\/de\/wp-json\/wp\/v2\/users\/6"}],"replies":[{"embeddable":true,"href":"https:\/\/www.golftravellers.com\/de\/wp-json\/wp\/v2\/comments?post=23774"}],"version-history":[{"count":10,"href":"https:\/\/www.golftravellers.com\/de\/wp-json\/wp\/v2\/pages\/23774\/revisions"}],"predecessor-version":[{"id":38937,"href":"https:\/\/www.golftravellers.com\/de\/wp-json\/wp\/v2\/pages\/23774\/revisions\/38937"}],"wp:attachment":[{"href":"https:\/\/www.golftravellers.com\/de\/wp-json\/wp\/v2\/media?parent=23774"}],"curies":[{"name":"wp","href":"https:\/\/api.w.org\/{rel}","templated":true}]}}