{"id":23758,"date":"2015-04-23T22:58:45","date_gmt":"2015-04-23T21:58:45","guid":{"rendered":"http:\/\/www.golftravellers.com\/?page_id=23758"},"modified":"2017-12-01T09:25:08","modified_gmt":"2017-12-01T09:25:08","slug":"haeufig-gestellte-fragen","status":"publish","type":"page","link":"https:\/\/www.golftravellers.com\/de\/kontakt\/haeufig-gestellte-fragen\/","title":{"rendered":"H\u00e4ufig gestellte Fragen"},"content":{"rendered":"<p>\u00a0<br \/>\n <strong>Ist das Wetter in Schottland und Irland schlecht?<br \/>\n <\/strong>Ganz im Gegenteil, besonders in Schottland regnet es kaum &#8211; insbesondere nicht an der Ostk\u00fcste des Landes, an der St Andrews liegt und die viel trockener als die Westk\u00fcste ist. Auch handelt es sich zumeist nicht um starken Regenf\u00e4lle sondern Schauern. Demgegen\u00fcber regnet es in Irland h\u00e4ufiger als in Schottland, allerdings weniger an der K\u00fcste, wo die Linkspl\u00e4tze liegen.<\/p>\n<p><strong>Wann ist der beste Zeitpunkt, um im Vereinigten K\u00f6nigreich und Irland Golf zu spielen?<br \/>\n <\/strong>Wir empfehlen unseren Kunden, ihre Reise zwischen April und Oktober anzutreten. Allerdings sind Preise w\u00e4hrend des Winters zwei bis drei Mal g\u00fcnstiger als w\u00e4hrend der Hauptsaison und die Pl\u00e4tze sind auch zu diesem Zeitpunkt noch in hervorragendem Zustand.<\/p>\n<p><strong>Ist eine Reise nach Gro\u00dfbritannien &amp; Irland teuer?<br \/>\n <\/strong>Nein, da der Pfund im Vergleich zum Euro und andere W\u00e4hrungen recht schwach ist. In Irland sind Preise in den letzten Jahren stark gesunken.<\/p>\n<p><strong>Wie lange im Voraus sollte ich meine Reise planen?<br \/>\n <\/strong>Wir empfehlen, lange im Voraus, d.h. mindestens 2 Monate, zu planen, um die von Ihnen gew\u00fcnschten Abschlagszeiten sowie Unterkunft zu gew\u00e4hrleisten. Sollten Sie jedoch kurzfristg eine Woche vor Reiseantritt buchen wollen, bieten wir stets Last-Minute Angebote an, um Golfpl\u00e4tze samt Unterkunft zu buchen. **F\u00fcr den Old Course empfehlen wir das Buchen garantierter Abschlagszeiten Anfang Oktober f\u00fcr das kommende Jahr.<\/p>\n<p><strong>Besteht die M\u00f6glichkeit, auf dem ber\u00fchmten Old Course in St Andrews zu spielen?<br \/>\n <\/strong>Ja, die gibt es: 3 Varianten bieten sich hier an:<\/p>\n<p>&#8211; <em>Garantierte Abschlagszeiten<\/em>: Diese werden als Teil eines 2 Pl\u00e4tze umfassenden Angebotes verkauft, d.h. z.B. dem Old Course zuz\u00fcglich eines anderen \u00f6ffentlichen Platzes in St Andrews, zu denen der New Course, der Jubilee Course und der Castle Course z\u00e4hlen. Zwar sind diese teurer, stellen aber die einzige M\u00f6glichkeit dar, mit garantierten Abschlagszeiten auf dem Old Course zu spielen. Zudem m\u00fcssen sie lange im Voraus gebucht werden, da sie zwischen Oktober und November des Vorjahres f\u00fcr das darauffolgende Jahr angeboten werden. Unsere Agentur bietet jedes Jahr im Durchschnitt 15 garantierte Abschlagszeiten an.<\/p>\n<p>&#8211; <em>\u00dcber das Losverfahren<\/em>: Reisegruppen von 2 oder mehr Personen werden von uns 2 Tage vor dem gew\u00fcnschten Spieldatum vor 2 Uhr nachmittags ins Losverfahren eingeschrieben. Danach werden Sie vor 5 Uhr erfahren, ob Sie ausgew\u00e4hlt wurden. Unsere Agentur weist jedes Jahr eine hohe Erfolgsquote von ungef\u00e4hr 80% auf. Erkunden Sie sich bei unserem Team \u00fcber hierf\u00fcr g\u00fcnstige Tage.<\/p>\n<p>&#8211; <em>Am Tag selbst<\/em>: F\u00fcr Einzelpersonen besteht keine M\u00f6glichkeit, am Losverfahren teilzunehmen. Die einzige Option ist, den Starter am gew\u00fcnschten Spieltag aufzusuchen, wobei dieser versuchen wird, Sie in eine Gruppe mit anderen Golfern zuzuordnen. Jeden Tag stehen ca. 25 Pl\u00e4tze f\u00fcr Einzelspieler bzw. Golfer, die nicht \u00fcber das Losverfahren erfolgreich waren, zur Verf\u00fcgung. Pl\u00e4tze werden hierbei nach dem Prinzip &#8222;Wer zuerst kommt, mahlt zuerst&#8220; vergeben, weshalb es sich empfiehlt, den Starter fr\u00fchzeitig aufzusuchen.<\/p>\n<p><strong>Welches Handicap brauche ich, um auf Golfpl\u00e4tzen spielen zu k\u00f6nnen?<br \/>\n <\/strong>Das H\u00f6chsthandicap, um auf dem Old Course spielen zu k\u00f6nnen, liegt f\u00fcr M\u00e4nner bei 24 und f\u00fcr Frauen bei 36 (eine Bescheinigung des Handicap ist dem Starter vorzulegen). Andere bekannte Golfpl\u00e4tze verlangen f\u00fcr gew\u00f6hnlich ein H\u00f6chsthandicap von 28 f\u00fcr M\u00e4nner und 36 f\u00fcr Frauen. Die \u00fcberwiegende Mehrheit der weiteren Golfpl\u00e4tze hat jedoch keine Bestimmungen bez\u00fcglich des Handicaps.<\/p>\n<p><strong>Ist der Old Course der einzige Golfplatz in St Andrews?<br \/>\n <\/strong>Nein, es gibt 6 weitere \u00f6ffentliche Golfanlagen in unmittelbarer N\u00e4he des Old Courses sowie weitere 20 herausragende Pl\u00e4tze in weniger als 40 Minuten Fahrentfernung.<\/p>\n<p><strong>Empfehlen Sie das Buchen eines Caddies?<br \/>\n <\/strong>Ja, das empfehlen wir in der Tat, vor allem, um auf bekannten Pl\u00e4tzen zu spielen. Da es sich bei den meisten um Profis handelt, leisten sie weit mehr, als nur ihre Tasche zu tragen. Ihre Kentnisse und Wissen sind vor allem f\u00fcr Spieler, die noch nicht mit einem spezifischem Linksplatz vertraut sind, wichtig, um ein H\u00f6chstma\u00df an Spielspa\u00df sicherzustellen. Unter anderem zeigen sie Ihnen die richtige Schusslinie sowie &#8211; abst\u00e4nde, helfen Ihnen bei der Auswahl des passenden Schl\u00e4gers und erz\u00e4hlen gro\u00dfartige Geschichten \u00fcber die Anlage. F\u00fcr gew\u00f6hnlich betr\u00e4gt die Geb\u00fchr \u00a345 zzgl. Trinkgeld. Definitiv eine lohnende Investition!<\/p>\n<p><strong>Ist die Anreise nach Schottland einfach?<br \/>\n <\/strong>Die wichtigsten Flugh\u00e4fen Schottlands sind: Edinburgh, Glasgow International, Glasgow Prestwick, Aberdeen und Inverness. Sie werden viele preiswerte Direktfl\u00fcge zu diesen Flugh\u00e4fen finden. Edinburgh Airport liegt mit nur einer Stunde Fahrentfernung am n\u00e4chsten zu St Andrews.<\/p>\n","protected":false},"excerpt":{"rendered":"<p>\u00a0 Ist das Wetter in Schottland und Irland schlecht? Ganz im Gegenteil, besonders in Schottland regnet es kaum &#8211; insbesondere nicht an der Ostk\u00fcste des Landes, an der St Andrews liegt und die viel trockener als die Westk\u00fcste ist. Auch handelt es sich zumeist nicht um starken Regenf\u00e4lle sondern Schauern. Demgegen\u00fcber regnet es in Irland [&hellip;]<\/p>\n","protected":false},"author":6,"featured_media":0,"parent":16614,"menu_order":40,"comment_status":"open","ping_status":"closed","template":"","meta":{"_genesis_hide_title":false,"_genesis_hide_breadcrumbs":false,"_genesis_hide_singular_image":false,"_genesis_hide_footer_widgets":false,"_genesis_custom_body_class":"","_genesis_custom_post_class":"","_genesis_layout":"","footnotes":""},"class_list":{"0":"post-23758","1":"page","2":"type-page","3":"status-publish","5":"entry"},"_links":{"self":[{"href":"https:\/\/www.golftravellers.com\/de\/wp-json\/wp\/v2\/pages\/23758","targetHints":{"allow":["GET"]}}],"collection":[{"href":"https:\/\/www.golftravellers.com\/de\/wp-json\/wp\/v2\/pages"}],"about":[{"href":"https:\/\/www.golftravellers.com\/de\/wp-json\/wp\/v2\/types\/page"}],"author":[{"embeddable":true,"href":"https:\/\/www.golftravellers.com\/de\/wp-json\/wp\/v2\/users\/6"}],"replies":[{"embeddable":true,"href":"https:\/\/www.golftravellers.com\/de\/wp-json\/wp\/v2\/comments?post=23758"}],"version-history":[{"count":17,"href":"https:\/\/www.golftravellers.com\/de\/wp-json\/wp\/v2\/pages\/23758\/revisions"}],"predecessor-version":[{"id":40222,"href":"https:\/\/www.golftravellers.com\/de\/wp-json\/wp\/v2\/pages\/23758\/revisions\/40222"}],"up":[{"embeddable":true,"href":"https:\/\/www.golftravellers.com\/de\/wp-json\/wp\/v2\/pages\/16614"}],"wp:attachment":[{"href":"https:\/\/www.golftravellers.com\/de\/wp-json\/wp\/v2\/media?parent=23758"}],"curies":[{"name":"wp","href":"https:\/\/api.w.org\/{rel}","templated":true}]}}