{"id":23755,"date":"2015-03-27T09:54:12","date_gmt":"2015-03-27T09:54:12","guid":{"rendered":"http:\/\/www.golftravellers.com\/?page_id=23755"},"modified":"2023-10-06T12:09:07","modified_gmt":"2023-10-06T11:09:07","slug":"angebot-anfordern","status":"publish","type":"page","link":"https:\/\/www.golftravellers.com\/de\/kontakt\/angebot-anfordern\/","title":{"rendered":"Angebot anfordern"},"content":{"rendered":"<p style=\"text-align: left;\">Entwerfen Sie durch das Ausf\u00fcllen des untenstehenden Formulares Ihre pers\u00f6nliche Golfreise. Alle unsere Angebote sind kostenfrei und an Ihre individuellen W\u00fcnsche anpassbar. Erforderliche Felder sind mit einem *-Symbol gekennzeichnet.<br \/>\nBei R\u00fcckfragen oder Problemen jeglicher Art beim Ausf\u00fcllen des Formulares k\u00f6nnen Sie uns jederzeit unter der folgenden E-Mailadresse erreichen:\u00a0<a href=\"mailto:info@golftravellers.com\">info@golftravellers.com<\/a><\/p>\n<script type=\"text\/javascript\">\n\/* <![CDATA[ *\/\nvar gform;gform||(document.addEventListener(\"gform_main_scripts_loaded\",function(){gform.scriptsLoaded=!0}),document.addEventListener(\"gform\/theme\/scripts_loaded\",function(){gform.themeScriptsLoaded=!0}),window.addEventListener(\"DOMContentLoaded\",function(){gform.domLoaded=!0}),gform={domLoaded:!1,scriptsLoaded:!1,themeScriptsLoaded:!1,isFormEditor:()=>\"function\"==typeof InitializeEditor,callIfLoaded:function(o){return!(!gform.domLoaded||!gform.scriptsLoaded||!gform.themeScriptsLoaded&&!gform.isFormEditor()||(gform.isFormEditor()&&console.warn(\"The use of gform.initializeOnLoaded() is deprecated in the form editor context and will be removed in Gravity Forms 3.1.\"),o(),0))},initializeOnLoaded:function(o){gform.callIfLoaded(o)||(document.addEventListener(\"gform_main_scripts_loaded\",()=>{gform.scriptsLoaded=!0,gform.callIfLoaded(o)}),document.addEventListener(\"gform\/theme\/scripts_loaded\",()=>{gform.themeScriptsLoaded=!0,gform.callIfLoaded(o)}),window.addEventListener(\"DOMContentLoaded\",()=>{gform.domLoaded=!0,gform.callIfLoaded(o)}))},hooks:{action:{},filter:{}},addAction:function(o,r,e,t){gform.addHook(\"action\",o,r,e,t)},addFilter:function(o,r,e,t){gform.addHook(\"filter\",o,r,e,t)},doAction:function(o){gform.doHook(\"action\",o,arguments)},applyFilters:function(o){return gform.doHook(\"filter\",o,arguments)},removeAction:function(o,r){gform.removeHook(\"action\",o,r)},removeFilter:function(o,r,e){gform.removeHook(\"filter\",o,r,e)},addHook:function(o,r,e,t,n){null==gform.hooks[o][r]&&(gform.hooks[o][r]=[]);var d=gform.hooks[o][r];null==n&&(n=r+\"_\"+d.length),gform.hooks[o][r].push({tag:n,callable:e,priority:t=null==t?10:t})},doHook:function(r,o,e){var t;if(e=Array.prototype.slice.call(e,1),null!=gform.hooks[r][o]&&((o=gform.hooks[r][o]).sort(function(o,r){return o.priority-r.priority}),o.forEach(function(o){\"function\"!=typeof(t=o.callable)&&(t=window[t]),\"action\"==r?t.apply(null,e):e[0]=t.apply(null,e)})),\"filter\"==r)return e[0]},removeHook:function(o,r,t,n){var e;null!=gform.hooks[o][r]&&(e=(e=gform.hooks[o][r]).filter(function(o,r,e){return!!(null!=n&&n!=o.tag||null!=t&&t!=o.priority)}),gform.hooks[o][r]=e)}});\n\/* ]]> *\/\n<\/script>\n\n                <div class='gf_browser_gecko gform_wrapper gform_legacy_markup_wrapper gform-theme--no-framework' data-form-theme='legacy' data-form-index='0' id='gform_wrapper_16' ><form method='post' enctype='multipart\/form-data'  id='gform_16'  action='\/de\/wp-json\/wp\/v2\/pages\/23755' data-formid='16' novalidate>\n                        <div class='gform-body gform_body'><ul id='gform_fields_16' class='gform_fields top_label form_sublabel_below description_below validation_below'><li id=\"field_16_33\" class=\"gfield gfield--type-honeypot gform_validation_container field_sublabel_below gfield--has-description field_description_below field_validation_below gfield_visibility_visible\"  ><label class='gfield_label gform-field-label' for='input_16_33'>Comments<\/label><div class='ginput_container'><input name='input_33' id='input_16_33' type='text' value='' autocomplete='new-password'\/><\/div><div class='gfield_description' id='gfield_description_16_33'>Dieses Feld dient zur Validierung und sollte nicht ver\u00e4ndert werden.<\/div><\/li><li id=\"field_16_11\" class=\"gfield gfield--type-hidden gform_hidden field_sublabel_below gfield--no-description field_description_below field_validation_below gfield_visibility_visible\"  ><div class='ginput_container ginput_container_text'><input name='input_11' id='input_16_11' type='hidden' class='gform_hidden'  aria-invalid=\"false\" value='' \/><\/div><\/li><li id=\"field_16_1\" class=\"gfield gfield--type-select gf_left_half gfield_contains_required field_sublabel_below gfield--no-description field_description_below field_validation_below gfield_visibility_visible\"  ><label class='gfield_label gform-field-label' for='input_16_1'>Anzahl an Golfern<span class=\"gfield_required\"><span class=\"gfield_required gfield_required_asterisk\">*<\/span><\/span><\/label><div class='ginput_container ginput_container_select'><select name='input_1' id='input_16_1' class='medium gfield_select'    aria-required=\"true\" aria-invalid=\"false\" ><option value='Not selected' >Bitte ausw\u00e4hlen<\/option><option value='1' >1<\/option><option value='2' >2<\/option><option value='3' >3<\/option><option value='4' >4<\/option><option value='5' >5<\/option><option value='6' >6<\/option><option value='7' >7<\/option><option value='8' >8<\/option><option value='9' >9<\/option><option value='10' >10<\/option><option value='11-20' >11-20<\/option><option value='21-30' >21-30<\/option><option value='31 und mehr' >31 und mehr<\/option><\/select><\/div><\/li><li id=\"field_16_2\" class=\"gfield gfield--type-select gf_right_half field_sublabel_below gfield--no-description field_description_below field_validation_below gfield_visibility_visible\"  ><label class='gfield_label gform-field-label' for='input_16_2'>Anzahl an Nicht-Golfern<\/label><div class='ginput_container ginput_container_select'><select name='input_2' id='input_16_2' class='medium gfield_select'     aria-invalid=\"false\" ><option value='Not selected' >Bitte ausw\u00e4hlen<\/option><option value='1' >1<\/option><option value='2' >2<\/option><option value='3' >3<\/option><option value='4' >4<\/option><option value='5' >5<\/option><option value='6' >6<\/option><option value='7' >7<\/option><option value='8' >8<\/option><option value='9' >9<\/option><option value='10' >10<\/option><option value='11-20' >11-20<\/option><option value='21-30' >21-30<\/option><option value='31 und mehr' >31 und mehr<\/option><\/select><\/div><\/li><li id=\"field_16_29\" class=\"gfield gfield--type-date gfield--input-type-datepicker gfield--datepicker-default-icon gf_left_half field_sublabel_below gfield--no-description field_description_below field_validation_below gfield_visibility_visible\"  ><label class='gfield_label gform-field-label' for='input_16_29'>Anreise Datum<\/label><div class='ginput_container ginput_container_date'>\n                            <input name='input_29' id='input_16_29' type='text' value='' class='datepicker gform-datepicker dmy_dash datepicker_with_icon gdatepicker_with_icon'   placeholder='dd-mm-yyyy' aria-describedby=\"input_16_29_date_format\" aria-invalid=\"false\" \/>\n                            <span id='input_16_29_date_format' class='screen-reader-text'>TT Bindestrich MM Bindestrich JJJJ<\/span>\n                        <\/div>\n                        <input type='hidden' id='gforms_calendar_icon_input_16_29' class='gform_hidden' value='https:\/\/www.golftravellers.com\/wp-content\/plugins\/gravityforms\/images\/datepicker\/datepicker.svg'\/><\/li><li id=\"field_16_5\" class=\"gfield gfield--type-select gf_right_half gfield_contains_required field_sublabel_below gfield--no-description field_description_below field_validation_below gfield_visibility_visible\"  ><label class='gfield_label gform-field-label' for='input_16_5'>Anzahl an N\u00e4chten<span class=\"gfield_required\"><span class=\"gfield_required gfield_required_asterisk\">*<\/span><\/span><\/label><div class='ginput_container ginput_container_select'><select name='input_5' id='input_16_5' class='medium gfield_select'    aria-required=\"true\" aria-invalid=\"false\" ><option value='Not selected' >Bitte ausw\u00e4hlen<\/option><option value='1' >1<\/option><option value='2' >2<\/option><option value='3' >3<\/option><option value='4' >4<\/option><option value='5' >5<\/option><option value='6' >6<\/option><option value='7' >7<\/option><option value='8' >8<\/option><option value='9' >9<\/option><option value='10' >10<\/option><option value='11' >11<\/option><option value='12' >12<\/option><option value='13' >13<\/option><option value='14' >14<\/option><option value='15+' >15+<\/option><\/select><\/div><\/li><li id=\"field_16_8\" class=\"gfield gfield--type-select gf_left_third field_sublabel_below gfield--no-description field_description_below field_validation_below gfield_visibility_visible\"  ><label class='gfield_label gform-field-label' for='input_16_8'>Doppelbettzimmer<\/label><div class='ginput_container ginput_container_select'><select name='input_8' id='input_16_8' class='medium gfield_select'     aria-invalid=\"false\" ><option value='Not selected' >Bitte ausw\u00e4hlen<\/option><option value='1' >1<\/option><option value='2' >2<\/option><option value='3' >3<\/option><option value='4' >4<\/option><option value='5' >5<\/option><option value='6' >6<\/option><option value='7' >7<\/option><option value='8' >8<\/option><option value='9' >9<\/option><option value='10' >10<\/option><option value='11+' >11+<\/option><\/select><\/div><\/li><li id=\"field_16_23\" class=\"gfield gfield--type-select gf_middle_third field_sublabel_below gfield--no-description field_description_below field_validation_below gfield_visibility_visible\"  ><label class='gfield_label gform-field-label' for='input_16_23'>Zweibettzimmer<\/label><div class='ginput_container ginput_container_select'><select name='input_23' id='input_16_23' class='medium gfield_select'     aria-invalid=\"false\" ><option value='Not selected' >Bitte ausw\u00e4hlen<\/option><option value='1' >1<\/option><option value='2' >2<\/option><option value='3' >3<\/option><option value='4' >4<\/option><option value='5' >5<\/option><option value='6' >6<\/option><option value='7' >7<\/option><option value='8' >8<\/option><option value='9' >9<\/option><option value='10' >10<\/option><option value='11+' >11+<\/option><\/select><\/div><\/li><li id=\"field_16_9\" class=\"gfield gfield--type-select gf_right_third field_sublabel_below gfield--no-description field_description_below field_validation_below gfield_visibility_visible\"  ><label class='gfield_label gform-field-label' for='input_16_9'>Single<\/label><div class='ginput_container ginput_container_select'><select name='input_9' id='input_16_9' class='medium gfield_select'     aria-invalid=\"false\" ><option value='Not selected' >Bitte ausw\u00e4hlen<\/option><option value='1' >1<\/option><option value='2' >2<\/option><option value='3' >3<\/option><option value='4' >4<\/option><option value='5' >5<\/option><option value='6' >6<\/option><option value='7' >7<\/option><option value='8' >8<\/option><option value='9' >9<\/option><option value='10' >10<\/option><option value='11+' >11+<\/option><\/select><\/div><\/li><li id=\"field_16_6\" class=\"gfield gfield--type-select gf_left_half gfield_contains_required field_sublabel_below gfield--no-description field_description_below field_validation_below gfield_visibility_visible\"  ><label class='gfield_label gform-field-label' for='input_16_6'>Bevorzugte Unterbringung<span class=\"gfield_required\"><span class=\"gfield_required gfield_required_asterisk\">*<\/span><\/span><\/label><div class='ginput_container ginput_container_select'><select name='input_6' id='input_16_6' class='medium gfield_select'    aria-required=\"true\" aria-invalid=\"false\" ><option value='Not selected' >Bitte ausw\u00e4hlen<\/option><option value='Bed &amp; Breakfast' >Bed &amp; Breakfast<\/option><option value='3-Sterne Hotel' >3-Sterne Hotel<\/option><option value='4-Sterne Hotel' >4-Sterne Hotel<\/option><option value='5-Sterne Hotel' >5-Sterne Hotel<\/option><\/select><\/div><\/li><li id=\"field_16_14\" class=\"gfield gfield--type-select gf_right_half gfield_contains_required field_sublabel_below gfield--no-description field_description_below field_validation_below gfield_visibility_visible\"  ><label class='gfield_label gform-field-label' for='input_16_14'>Bevorzugter Transport<span class=\"gfield_required\"><span class=\"gfield_required gfield_required_asterisk\">*<\/span><\/span><\/label><div class='ginput_container ginput_container_select'><select name='input_14' id='input_16_14' class='medium gfield_select'    aria-required=\"true\" aria-invalid=\"false\" ><option value='Not selected' >Bitte ausw\u00e4hlen<\/option><option value='Klein' >Klein<\/option><option value='Mittel' >Mittel<\/option><option value='Gross' >Gross<\/option><option value='Luxury' >Luxury<\/option><option value='Mit Fahrer' >Mit Fahrer<\/option><\/select><\/div><\/li><li id=\"field_16_31\" class=\"gfield gfield--type-text gf_left_half gfield_contains_required field_sublabel_below gfield--no-description field_description_below field_validation_below gfield_visibility_visible\"  ><label class='gfield_label gform-field-label' for='input_16_31'>Bevorzugte Reiseziel<span class=\"gfield_required\"><span class=\"gfield_required gfield_required_asterisk\">*<\/span><\/span><\/label><div class='ginput_container ginput_container_text'><input name='input_31' id='input_16_31' type='text' value='' class='medium'     aria-required=\"true\" aria-invalid=\"false\"   \/><\/div><\/li><li id=\"field_16_15\" class=\"gfield gfield--type-text gf_right_half field_sublabel_below gfield--no-description field_description_below field_validation_below gfield_visibility_visible\"  ><label class='gfield_label gform-field-label' for='input_16_15'>Ihre Budget pro Person<\/label><div class='ginput_container ginput_container_text'><input name='input_15' id='input_16_15' type='text' value='' class='medium'      aria-invalid=\"false\"   \/><\/div><\/li><li id=\"field_16_13\" class=\"gfield gfield--type-textarea gf_left_half field_sublabel_below gfield--no-description field_description_below field_validation_below gfield_visibility_visible\"  ><label class='gfield_label gform-field-label' for='input_16_13'>Bevorzugte Golfpl\u00e4tze<\/label><div class='ginput_container ginput_container_textarea'><textarea name='input_13' id='input_16_13' class='textarea small'      aria-invalid=\"false\"   rows='10' cols='50'><\/textarea><\/div><\/li><li id=\"field_16_7\" class=\"gfield gfield--type-select gf_right_half field_sublabel_below gfield--no-description field_description_below field_validation_below gfield_visibility_visible\"  ><label class='gfield_label gform-field-label' for='input_16_7'>Anzahl an Golfpl\u00e4tzen<\/label><div class='ginput_container ginput_container_select'><select name='input_7' id='input_16_7' class='medium gfield_select'     aria-invalid=\"false\" ><option value='Not selected' >Bitte ausw\u00e4hlen<\/option><option value='1' >1<\/option><option value='2' >2<\/option><option value='3' >3<\/option><option value='4' >4<\/option><option value='5' >5<\/option><option value='6' >6<\/option><option value='7' >7<\/option><option value='8' >8<\/option><option value='9' >9<\/option><option value='10' >10<\/option><option value='11+' >11+<\/option><\/select><\/div><\/li><li id=\"field_16_16\" class=\"gfield gfield--type-section gsection field_sublabel_below gfield--no-description field_description_below field_validation_below gfield_visibility_visible\"  ><h2 class=\"gsection_title\">Kontaktangeben<\/h2><\/li><li id=\"field_16_18\" class=\"gfield gfield--type-select gf_left_half gfield_contains_required field_sublabel_below gfield--no-description field_description_below field_validation_below gfield_visibility_visible\"  ><label class='gfield_label gform-field-label' for='input_16_18'>Ihre Anrede<span class=\"gfield_required\"><span class=\"gfield_required gfield_required_asterisk\">*<\/span><\/span><\/label><div class='ginput_container ginput_container_select'><select name='input_18' id='input_16_18' class='medium gfield_select'    aria-required=\"true\" aria-invalid=\"false\" ><option value='Not specified' >Bitte ausw\u00e4hlen<\/option><option value='Herr' >Herr<\/option><option value='Frau' >Frau<\/option><\/select><\/div><\/li><li id=\"field_16_20\" class=\"gfield gfield--type-phone gf_right_half field_sublabel_below gfield--no-description field_description_below field_validation_below gfield_visibility_visible\"  ><label class='gfield_label gform-field-label' for='input_16_20'>Telefonnummer<\/label><div class='ginput_container ginput_container_phone'><input name='input_20' id='input_16_20' type='tel' value='' class='medium'    aria-invalid=\"false\"   \/><\/div><\/li><li id=\"field_16_24\" class=\"gfield gfield--type-text gf_left_half gfield_contains_required field_sublabel_below gfield--no-description field_description_below field_validation_below gfield_visibility_visible\"  ><label class='gfield_label gform-field-label' for='input_16_24'>Name<span class=\"gfield_required\"><span class=\"gfield_required gfield_required_asterisk\">*<\/span><\/span><\/label><div class='ginput_container ginput_container_text'><input name='input_24' id='input_16_24' type='text' value='' class='medium'     aria-required=\"true\" aria-invalid=\"false\"   \/><\/div><\/li><li id=\"field_16_19\" class=\"gfield gfield--type-email gf_right_half gfield_contains_required field_sublabel_below gfield--no-description field_description_below field_validation_below gfield_visibility_visible\"  ><label class='gfield_label gform-field-label' for='input_16_19'>E-mail<span class=\"gfield_required\"><span class=\"gfield_required gfield_required_asterisk\">*<\/span><\/span><\/label><div class='ginput_container ginput_container_email'>\n                            <input name='input_19' id='input_16_19' type='email' value='' class='medium'    aria-required=\"true\" aria-invalid=\"false\"  \/>\n                        <\/div><\/li><li id=\"field_16_32\" class=\"gfield gfield--type-checkbox gfield--type-choice field_sublabel_below gfield--no-description field_description_below field_validation_below gfield_visibility_visible\"  ><label class='gfield_label gform-field-label gfield_label_before_complex' >Kommunikation<\/label><div class='ginput_container ginput_container_checkbox'><ul class='gfield_checkbox' id='input_16_32'><li class='gchoice gchoice_16_32_1'>\n\t\t\t\t\t\t\t\t<input class='gfield-choice-input' name='input_32.1' type='checkbox'  value='agreed'  id='choice_16_32_1'   \/>\n\t\t\t\t\t\t\t\t<label for='choice_16_32_1' id='label_16_32_1' class='gform-field-label gform-field-label--type-inline'>Senden Sie mir gelegentlich Informationen \u00fcber Golfreisen und spezielle Angebote. Bitte beachten Sie unsere Datenschutzrichtlinien.<\/label>\n\t\t\t\t\t\t\t<\/li><\/ul><\/div><\/li><\/ul><\/div>\n        <div class='gform-footer gform_footer top_label'> <input type='submit' id='gform_submit_button_16' class='gform_button button' onclick='gform.submission.handleButtonClick(this);' data-submission-type='submit' value='Absenden'  \/> \n            <input type='hidden' class='gform_hidden' name='gform_submission_method' data-js='gform_submission_method_16' value='postback' \/>\n            <input type='hidden' class='gform_hidden' name='gform_theme' data-js='gform_theme_16' id='gform_theme_16' value='legacy' \/>\n            <input type='hidden' class='gform_hidden' name='gform_style_settings' data-js='gform_style_settings_16' id='gform_style_settings_16' value='[]' \/>\n            <input type='hidden' class='gform_hidden' name='is_submit_16' value='1' \/>\n            <input type='hidden' class='gform_hidden' name='gform_submit' value='16' \/>\n            \n            <input type='hidden' class='gform_hidden' name='gform_currency' data-currency='GBP' value='dat75jphDNSBtRL7Z4dbSBnIaf7QGZ\/Hp\/QfwhJxEZH4zp05XO+ZdM2CCSKeX3QJ74qnFGYKYvrMh3bPRPTbErFAmiI4LsnHAeFQ21pe+xbMVIw=' \/>\n            <input type='hidden' class='gform_hidden' name='gform_unique_id' value='' \/>\n            <input type='hidden' class='gform_hidden' name='state_16' value='WyJbXSIsIjY2ZWY5ZTBjMGZkMDBkODE4OWU2MjliZTgzNmEzNjVlIl0=' \/>\n            <input type='hidden' autocomplete='off' class='gform_hidden' name='gform_target_page_number_16' id='gform_target_page_number_16' value='0' \/>\n            <input type='hidden' autocomplete='off' class='gform_hidden' name='gform_source_page_number_16' id='gform_source_page_number_16' value='1' \/>\n            <input type='hidden' name='gform_field_values' value='' \/>\n            \n        <\/div>\n                        <\/form>\n                        <\/div><script type=\"text\/javascript\">\n\/* <![CDATA[ *\/\n gform.initializeOnLoaded( function() {gformInitSpinner( 16, 'https:\/\/www.golftravellers.com\/wp-content\/plugins\/gravityforms\/images\/spinner.svg', true );jQuery('#gform_ajax_frame_16').on('load',function(){var contents = jQuery(this).contents().find('*').html();var is_postback = contents.indexOf('GF_AJAX_POSTBACK') >= 0;if(!is_postback){return;}var form_content = jQuery(this).contents().find('#gform_wrapper_16');var is_confirmation = jQuery(this).contents().find('#gform_confirmation_wrapper_16').length > 0;var is_redirect = contents.indexOf('gformRedirect(){') >= 0;var is_form = form_content.length > 0 && ! is_redirect && ! is_confirmation;var mt = parseInt(jQuery('html').css('margin-top'), 10) + parseInt(jQuery('body').css('margin-top'), 10) + 100;if(is_form){jQuery('#gform_wrapper_16').html(form_content.html());if(form_content.hasClass('gform_validation_error')){jQuery('#gform_wrapper_16').addClass('gform_validation_error');} else {jQuery('#gform_wrapper_16').removeClass('gform_validation_error');}setTimeout( function() { \/* delay the scroll by 50 milliseconds to fix a bug in chrome *\/  }, 50 );if(window['gformInitDatepicker']) {gformInitDatepicker();}if(window['gformInitPriceFields']) {gformInitPriceFields();}var current_page = jQuery('#gform_source_page_number_16').val();gformInitSpinner( 16, 'https:\/\/www.golftravellers.com\/wp-content\/plugins\/gravityforms\/images\/spinner.svg', true );jQuery(document).trigger('gform_page_loaded', [16, current_page]);window['gf_submitting_16'] = false;}else if(!is_redirect){var confirmation_content = jQuery(this).contents().find('.GF_AJAX_POSTBACK').html();if(!confirmation_content){confirmation_content = contents;}jQuery('#gform_wrapper_16').replaceWith(confirmation_content);jQuery(document).trigger('gform_confirmation_loaded', [16]);window['gf_submitting_16'] = false;wp.a11y.speak(jQuery('#gform_confirmation_message_16').text());}else{jQuery('#gform_16').append(contents);if(window['gformRedirect']) {gformRedirect();}}jQuery(document).trigger(\"gform_pre_post_render\", [{ formId: \"16\", currentPage: \"current_page\", abort: function() { this.preventDefault(); } }]);        if (event && event.defaultPrevented) {                return;        }        const gformWrapperDiv = document.getElementById( \"gform_wrapper_16\" );        if ( gformWrapperDiv ) {            const visibilitySpan = document.createElement( \"span\" );            visibilitySpan.id = \"gform_visibility_test_16\";            gformWrapperDiv.insertAdjacentElement( \"afterend\", visibilitySpan );        }        const visibilityTestDiv = document.getElementById( \"gform_visibility_test_16\" );        let postRenderFired = false;        function triggerPostRender() {            if ( postRenderFired ) {                return;            }            postRenderFired = true;            gform.core.triggerPostRenderEvents( 16, current_page );            if ( visibilityTestDiv ) {                visibilityTestDiv.parentNode.removeChild( visibilityTestDiv );            }        }        function debounce( func, wait, immediate ) {            var timeout;            return function() {                var context = this, args = arguments;                var later = function() {                    timeout = null;                    if ( !immediate ) func.apply( context, args );                };                var callNow = immediate && !timeout;                clearTimeout( timeout );                timeout = setTimeout( later, wait );                if ( callNow ) func.apply( context, args );            };        }        const debouncedTriggerPostRender = debounce( function() {            triggerPostRender();        }, 200 );        if ( visibilityTestDiv && visibilityTestDiv.offsetParent === null ) {            const observer = new MutationObserver( ( mutations ) => {                mutations.forEach( ( mutation ) => {                    if ( mutation.type === 'attributes' && visibilityTestDiv.offsetParent !== null ) {                        debouncedTriggerPostRender();                        observer.disconnect();                    }                });            });            observer.observe( document.body, {                attributes: true,                childList: false,                subtree: true,                attributeFilter: [ 'style', 'class' ],            });        } else {            triggerPostRender();        }    } );} ); \n\/* ]]> *\/\n<\/script>\n\n","protected":false},"excerpt":{"rendered":"<p>Entwerfen Sie durch das Ausf\u00fcllen des untenstehenden Formulares Ihre pers\u00f6nliche Golfreise. Alle unsere Angebote sind kostenfrei und an Ihre individuellen W\u00fcnsche anpassbar. Erforderliche Felder sind mit einem *-Symbol gekennzeichnet. Bei R\u00fcckfragen oder Problemen jeglicher Art beim Ausf\u00fcllen des Formulares k\u00f6nnen Sie uns jederzeit unter der folgenden E-Mailadresse erreichen:\u00a0info@golftravellers.com<\/p>\n","protected":false},"author":6,"featured_media":42360,"parent":16614,"menu_order":20,"comment_status":"open","ping_status":"closed","template":"","meta":{"_genesis_hide_title":false,"_genesis_hide_breadcrumbs":false,"_genesis_hide_singular_image":false,"_genesis_hide_footer_widgets":false,"_genesis_custom_body_class":"","_genesis_custom_post_class":"","_genesis_layout":"full-width-content","footnotes":""},"class_list":{"0":"post-23755","1":"page","2":"type-page","3":"status-publish","4":"has-post-thumbnail","6":"entry"},"_links":{"self":[{"href":"https:\/\/www.golftravellers.com\/de\/wp-json\/wp\/v2\/pages\/23755","targetHints":{"allow":["GET"]}}],"collection":[{"href":"https:\/\/www.golftravellers.com\/de\/wp-json\/wp\/v2\/pages"}],"about":[{"href":"https:\/\/www.golftravellers.com\/de\/wp-json\/wp\/v2\/types\/page"}],"author":[{"embeddable":true,"href":"https:\/\/www.golftravellers.com\/de\/wp-json\/wp\/v2\/users\/6"}],"replies":[{"embeddable":true,"href":"https:\/\/www.golftravellers.com\/de\/wp-json\/wp\/v2\/comments?post=23755"}],"version-history":[{"count":7,"href":"https:\/\/www.golftravellers.com\/de\/wp-json\/wp\/v2\/pages\/23755\/revisions"}],"predecessor-version":[{"id":42372,"href":"https:\/\/www.golftravellers.com\/de\/wp-json\/wp\/v2\/pages\/23755\/revisions\/42372"}],"up":[{"embeddable":true,"href":"https:\/\/www.golftravellers.com\/de\/wp-json\/wp\/v2\/pages\/16614"}],"wp:featuredmedia":[{"embeddable":true,"href":"https:\/\/www.golftravellers.com\/de\/wp-json\/wp\/v2\/media\/42360"}],"wp:attachment":[{"href":"https:\/\/www.golftravellers.com\/de\/wp-json\/wp\/v2\/media?parent=23755"}],"curies":[{"name":"wp","href":"https:\/\/api.w.org\/{rel}","templated":true}]}}