{"id":23338,"date":"2015-03-22T09:55:22","date_gmt":"2015-03-22T09:55:22","guid":{"rendered":"http:\/\/www.golftravellers.com\/?page_id=23338"},"modified":"2017-04-24T16:17:55","modified_gmt":"2017-04-24T15:17:55","slug":"zulassungen","status":"publish","type":"page","link":"https:\/\/www.golftravellers.com\/de\/zulassungen\/","title":{"rendered":"Zulassungen"},"content":{"rendered":"<p>&nbsp;<\/p>\n<p><img loading=\"lazy\" decoding=\"async\" class=\"alignleft size-medium wp-image-14434\" src=\"https:\/\/www.golftravellers.com\/wp-content\/uploads\/2014\/10\/iagto-logo-300x103.jpg\" alt=\"International Association of Golf Tour Operator Logo\" width=\"300\" height=\"103\" srcset=\"https:\/\/www.golftravellers.com\/wp-content\/uploads\/2014\/10\/iagto-logo-300x103.jpg 300w, https:\/\/www.golftravellers.com\/wp-content\/uploads\/2014\/10\/iagto-logo-1024x354.jpg 1024w\" sizes=\"auto, (max-width: 300px) 100vw, 300px\" \/>Dank unserer Mitgliedschaft (Mitgliedsnr. 3291) bei IAGTO, der International Association of Golf Tour Operators\u00a0 und gr\u00f6\u00dften Golftourismusorganisation \u00fcberhaupt, k\u00f6nnen Sie bedenkenlos bei uns buchen, da wir alle geltenden Regelungen sowie erforderlichen Versicherungnen erf\u00fcllen. <br \/>Wir verpflichten uns dazu, unseren Kunden ein H\u00f6chstma\u00df an Service, finanzielle Sicherheit beim Buchen Ihrer Golfreise sowie ein ausgezeichnetes Preis-Leistungs-Verh\u00e4ltnis anzubieten.<\/p>\n<p>&nbsp;<\/p>\n<p>&nbsp;<\/p>\n<p><img loading=\"lazy\" decoding=\"async\" class=\"alignleft size-medium wp-image-14442\" src=\"https:\/\/www.golftravellers.com\/wp-content\/uploads\/2014\/10\/gts-logo-300x141.jpg\" alt=\"Golf Tourism Scotland Logo\" width=\"300\" height=\"141\" srcset=\"https:\/\/www.golftravellers.com\/wp-content\/uploads\/2014\/10\/gts-logo-300x141.jpg 300w, https:\/\/www.golftravellers.com\/wp-content\/uploads\/2014\/10\/gts-logo-1024x483.jpg 1024w\" sizes=\"auto, (max-width: 300px) 100vw, 300px\" \/><\/p>\n<p>\u00a0<br \/>Wir sind ebenfalls Mitglied bei Golf Tourism Scotland, dem Industrieverband, der den schottischen Goltourismussektor in allen Branchenbereichen (einschlie\u00dflich der Golftourenbetreiber, Resorts, Golfpl\u00e4tze, Reiseanbieter, Beherbergungsbetriebe sowie sonstige Dienstleistungen) vertritt.<\/p>\n","protected":false},"excerpt":{"rendered":"<p>&nbsp; Dank unserer Mitgliedschaft (Mitgliedsnr. 3291) bei IAGTO, der International Association of Golf Tour Operators\u00a0 und gr\u00f6\u00dften Golftourismusorganisation \u00fcberhaupt, k\u00f6nnen Sie bedenkenlos bei uns buchen, da wir alle geltenden Regelungen sowie erforderlichen Versicherungnen erf\u00fcllen. Wir verpflichten uns dazu, unseren Kunden ein H\u00f6chstma\u00df an Service, finanzielle Sicherheit beim Buchen Ihrer Golfreise sowie ein ausgezeichnetes Preis-Leistungs-Verh\u00e4ltnis anzubieten. [&hellip;]<\/p>\n","protected":false},"author":10,"featured_media":0,"parent":0,"menu_order":0,"comment_status":"open","ping_status":"open","template":"","meta":{"_genesis_hide_title":false,"_genesis_hide_breadcrumbs":false,"_genesis_hide_singular_image":false,"_genesis_hide_footer_widgets":false,"_genesis_custom_body_class":"","_genesis_custom_post_class":"","_genesis_layout":"full-width-content","footnotes":""},"class_list":{"0":"post-23338","1":"page","2":"type-page","3":"status-publish","5":"entry"},"_links":{"self":[{"href":"https:\/\/www.golftravellers.com\/de\/wp-json\/wp\/v2\/pages\/23338","targetHints":{"allow":["GET"]}}],"collection":[{"href":"https:\/\/www.golftravellers.com\/de\/wp-json\/wp\/v2\/pages"}],"about":[{"href":"https:\/\/www.golftravellers.com\/de\/wp-json\/wp\/v2\/types\/page"}],"author":[{"embeddable":true,"href":"https:\/\/www.golftravellers.com\/de\/wp-json\/wp\/v2\/users\/10"}],"replies":[{"embeddable":true,"href":"https:\/\/www.golftravellers.com\/de\/wp-json\/wp\/v2\/comments?post=23338"}],"version-history":[{"count":6,"href":"https:\/\/www.golftravellers.com\/de\/wp-json\/wp\/v2\/pages\/23338\/revisions"}],"predecessor-version":[{"id":37727,"href":"https:\/\/www.golftravellers.com\/de\/wp-json\/wp\/v2\/pages\/23338\/revisions\/37727"}],"wp:attachment":[{"href":"https:\/\/www.golftravellers.com\/de\/wp-json\/wp\/v2\/media?parent=23338"}],"curies":[{"name":"wp","href":"https:\/\/api.w.org\/{rel}","templated":true}]}}