{"id":23196,"date":"2015-02-17T16:56:01","date_gmt":"2015-02-17T16:56:01","guid":{"rendered":"http:\/\/www.golftravellers.com\/?page_id=23196"},"modified":"2023-12-02T16:14:09","modified_gmt":"2023-12-02T16:14:09","slug":"beispielpakete-wales","status":"publish","type":"page","link":"https:\/\/www.golftravellers.com\/de\/reiseziele\/wales\/beispielpakete-wales\/","title":{"rendered":"Beispielpakete"},"content":{"rendered":"<p>Bei unseren Golfreisen handelt es sich au\u00dfschlie\u00dflich um ma\u00dfgeschneiderte Angebote. Die untenstehende Beispielpakete wurden eigens f\u00fcr Sie entworfen, um Ihnen Anregungen zur Gestaltung Ihrer eigenen gem\u00e4\u00df Ihrer pers\u00f6nlichen W\u00fcnsche und Ihres Budgets ma\u00dfgeschneiderten Wunschreise zu bieten \u2013 sie sind allerdings auch in der untenstehenden Form buchbar. Kontaktieren Sie uns bitte, falls Sie mehr erfahren wollen.<\/p>\n<table class=\"highlight\">\n<tbody>\n<tr>\n<td class=\"border\">\n<p><a href=\"https:\/\/www.golftravellers.com\/de\/reiseziele\/wales\/beispielpakete-wales\/3-naechte-in-swansea-samt-2-grosartiger-plaetze\/\" target=\"_blank\" rel=\"noopener\"><img loading=\"lazy\" decoding=\"async\" class=\"aligncenter wp-image-14636 size-full\" style=\"border-bottom: thick solid #fff;\" src=\"https:\/\/www.golftravellers.com\/wp-content\/uploads\/2014\/04\/pennard-package-swansea.png\" alt=\"Golfer auf dem Pennard Golf Course in Wales\" width=\"350\" height=\"208\" srcset=\"https:\/\/www.golftravellers.com\/wp-content\/uploads\/2014\/04\/pennard-package-swansea.png 350w, https:\/\/www.golftravellers.com\/wp-content\/uploads\/2014\/04\/pennard-package-swansea-300x178.png 300w\" sizes=\"auto, (max-width: 350px) 100vw, 350px\" \/><\/a><\/p>\n<p style=\"text-align: center;\"><a href=\"https:\/\/www.golftravellers.com\/de\/reiseziele\/wales\/beispielpakete-wales\/3-naechte-in-swansea-samt-2-grosartiger-plaetze\/\" target=\"_blank\" rel=\"noopener\"><span style=\"font-size: 12pt;\"><strong>3 N\u00e4chte<\/strong><\/span><span style=\"font-size: 12pt;\"><strong> in Swansea<\/strong><\/span><\/a><br \/>\n <a href=\"https:\/\/www.golftravellers.com\/de\/reiseziele\/wales\/beispielpakete-wales\/3-naechte-in-swansea-samt-2-grosartiger-plaetze\/\" target=\"_blank\" rel=\"noopener\"><span style=\"font-size: 10pt;\">Pennard, Ashburnham<\/span><\/a><br \/>\n <a href=\"https:\/\/www.golftravellers.com\/de\/reiseziele\/wales\/beispielpakete-wales\/3-naechte-in-swansea-samt-2-grosartiger-plaetze\/\" target=\"_blank\" rel=\"noopener\"><strong><span style=\"font-size: 12pt;\">Ab<\/span> <span style=\"font-size: 18pt;\">\u00a3395<\/span><\/strong><\/a><\/p>\n<\/td>\n<td class=\"noborder\" style=\"border-bottom: 0;\">\u00a0<\/td>\n<td class=\"border\">\n<p><a href=\"https:\/\/www.golftravellers.com\/de\/reiseziele\/wales\/beispielpakete-wales\/die-3-besten-plaetze-des-suedens\/\" target=\"_blank\" rel=\"noopener\"><img loading=\"lazy\" decoding=\"async\" class=\"aligncenter wp-image-14661 size-full\" style=\"border-bottom: thick solid #fff; margin-bottom: 0px;\" src=\"https:\/\/www.golftravellers.com\/wp-content\/uploads\/2014\/04\/royalporthcawl-package-best-courses-south.png\" alt=\"Gr\u00fcn und Meer auf dem Royal Porthcawl Golf Club\" width=\"350\" height=\"208\" srcset=\"https:\/\/www.golftravellers.com\/wp-content\/uploads\/2014\/04\/royalporthcawl-package-best-courses-south.png 350w, https:\/\/www.golftravellers.com\/wp-content\/uploads\/2014\/04\/royalporthcawl-package-best-courses-south-300x178.png 300w\" sizes=\"auto, (max-width: 350px) 100vw, 350px\" \/><\/a><\/p>\n<p style=\"text-align: center;\"><a href=\"https:\/\/www.golftravellers.com\/de\/reiseziele\/wales\/beispielpakete-wales\/die-3-besten-plaetze-des-suedens\/\" target=\"_blank\" rel=\"noopener\"><span style=\"font-size: 12pt;\"><strong>Die Top 3 Pl\u00e4tze des S\u00fcdens<\/strong><\/span><\/a><br \/>\n <a href=\"https:\/\/www.golftravellers.com\/de\/reiseziele\/wales\/beispielpakete-wales\/die-3-besten-plaetze-des-suedens\/\" target=\"_blank\" rel=\"noopener\"><span style=\"font-size: 10pt;\">Royal Porthcawl, Pennard, Tenby<\/span><\/a><br \/>\n <a href=\"https:\/\/www.golftravellers.com\/de\/reiseziele\/wales\/beispielpakete-wales\/die-3-besten-plaetze-des-suedens\/\" target=\"_blank\" rel=\"noopener\"><strong><span style=\"font-size: 12pt;\">Ab <\/span><span style=\"font-size: 18pt;\">\u00a3630<\/span><\/strong><\/a><\/p>\n<\/td>\n<td class=\"noborder\">\u00a0<\/td>\n<td class=\"border\"><a href=\"https:\/\/www.golftravellers.com\/de\/reiseziele\/wales\/beispielpakete-wales\/3-naechte-im-5-sterne-celtic-manor-resort\/\" target=\"_blank\" rel=\"noopener\"><img loading=\"lazy\" decoding=\"async\" class=\"aligncenter wp-image-14692 size-full\" style=\"border-bottom: thick solid #fff;\" src=\"https:\/\/www.golftravellers.com\/wp-content\/uploads\/2014\/04\/celticmanor-romanroad-package.png\" alt=\"H\u00fcgeliges Green auf dem Roman Road Golf Course\" width=\"350\" height=\"208\" srcset=\"https:\/\/www.golftravellers.com\/wp-content\/uploads\/2014\/04\/celticmanor-romanroad-package.png 350w, https:\/\/www.golftravellers.com\/wp-content\/uploads\/2014\/04\/celticmanor-romanroad-package-300x178.png 300w\" sizes=\"auto, (max-width: 350px) 100vw, 350px\" \/><\/a><\/p>\n<p style=\"text-align: center;\"><a href=\"https:\/\/www.golftravellers.com\/de\/reiseziele\/wales\/beispielpakete-wales\/3-naechte-im-5-sterne-celtic-manor-resort\/\" target=\"_blank\" rel=\"noopener\"><span style=\"font-size: 12pt;\"><strong>3 N\u00e4chte im The Celtic Manor<\/strong><\/span><\/a><br \/>\n <a href=\"https:\/\/www.golftravellers.com\/de\/reiseziele\/wales\/beispielpakete-wales\/3-naechte-im-5-sterne-celtic-manor-resort\/\" target=\"_blank\" rel=\"noopener\"><span style=\"font-size: 10pt;\">Roman Road, Montgomerie<\/span><\/a><br \/>\n <a href=\"https:\/\/www.golftravellers.com\/de\/reiseziele\/wales\/beispielpakete-wales\/3-naechte-im-5-sterne-celtic-manor-resort\/\" target=\"_blank\" rel=\"noopener\"><strong><span style=\"font-size: 12pt;\">Ab <\/span><span style=\"font-size: 18pt;\">\u00a3750<\/span><\/strong><\/a><\/p>\n<\/td>\n<\/tr>\n<\/tbody>\n<\/table>\n<p>&nbsp;<\/p>\n<p>&nbsp;<\/p>\n<table class=\"highlight\">\n<tbody>\n<tr>\n<td class=\"border\">\n<p><a href=\"https:\/\/www.golftravellers.com\/de\/reiseziele\/wales\/beispielpakete-wales\/entdecken-sie-die-besten-golfplaetze-des-nordens\/\" target=\"_blank\" rel=\"noopener\"><img loading=\"lazy\" decoding=\"async\" class=\"aligncenter wp-image-14709 size-full\" style=\"border-bottom: thick solid #fff; margin-bottom: 0px;\" src=\"https:\/\/www.golftravellers.com\/wp-content\/uploads\/2014\/04\/nefyndistrict-package.png\" alt=\"Halbinsel auf dem Nefyn and District Golf Course\" width=\"350\" height=\"208\" srcset=\"https:\/\/www.golftravellers.com\/wp-content\/uploads\/2014\/04\/nefyndistrict-package.png 350w, https:\/\/www.golftravellers.com\/wp-content\/uploads\/2014\/04\/nefyndistrict-package-300x178.png 300w\" sizes=\"auto, (max-width: 350px) 100vw, 350px\" \/><\/a><\/p>\n<p style=\"text-align: center;\"><a href=\"https:\/\/www.golftravellers.com\/de\/reiseziele\/wales\/beispielpakete-wales\/entdecken-sie-die-besten-golfplaetze-des-nordens\/\" target=\"_blank\" rel=\"noopener\"><span style=\"font-size: 12pt;\"><strong>Die besten Pl\u00e4tze des Nordens<\/strong><\/span><\/a><br \/>\n <a href=\"https:\/\/www.golftravellers.com\/de\/reiseziele\/wales\/beispielpakete-wales\/entdecken-sie-die-besten-golfplaetze-des-nordens\/\" target=\"_blank\" rel=\"noopener\"><span style=\"font-size: 10pt;\">St David&#8217;s, Aberdovey, Conwy, Nefyn, North W.<\/span><\/a><br \/>\n <a href=\"https:\/\/www.golftravellers.com\/de\/reiseziele\/wales\/beispielpakete-wales\/entdecken-sie-die-besten-golfplaetze-des-nordens\/\" target=\"_blank\" rel=\"noopener\"><strong><span style=\"font-size: 12pt;\">Ab <\/span><span style=\"font-size: 18pt;\">\u00a3795<\/span><\/strong><\/a><\/p>\n<\/td>\n<td class=\"noborder\" style=\"border-bottom: 0;\">\u00a0<\/td>\n<td class=\"border\">\n<p><a href=\"https:\/\/www.golftravellers.com\/de\/reiseziele\/wales\/beispielpakete-wales\/entdecken-sie-die-4-besten-plaetze-in-wales\/\" target=\"_blank\" rel=\"noopener\"><img loading=\"lazy\" decoding=\"async\" class=\"aligncenter wp-image-14722 size-full\" style=\"border-bottom: thick solid #fff; margin-bottom: 0px;\" src=\"https:\/\/www.golftravellers.com\/wp-content\/uploads\/2014\/04\/royalstdavids-package.png\" alt=\"Royal St David's Golf Course samt seiner D\u00fcnen\" width=\"350\" height=\"208\" srcset=\"https:\/\/www.golftravellers.com\/wp-content\/uploads\/2014\/04\/royalstdavids-package.png 350w, https:\/\/www.golftravellers.com\/wp-content\/uploads\/2014\/04\/royalstdavids-package-300x178.png 300w\" sizes=\"auto, (max-width: 350px) 100vw, 350px\" \/><\/a><\/p>\n<p style=\"text-align: center;\"><a href=\"https:\/\/www.golftravellers.com\/de\/reiseziele\/wales\/beispielpakete-wales\/entdecken-sie-die-4-besten-plaetze-in-wales\/\" target=\"_blank\" rel=\"noopener\"><span style=\"font-size: 12pt;\"><strong>Die besten Pl\u00e4tze Wales<\/strong><\/span><\/a><br \/>\n <a href=\"https:\/\/www.golftravellers.com\/de\/reiseziele\/wales\/beispielpakete-wales\/entdecken-sie-die-4-besten-plaetze-in-wales\/\" target=\"_blank\" rel=\"noopener\"><span style=\"font-size: 10pt;\">Porthcawl, Royal St David&#8217;s, Aberdovey, Pennard<\/span><\/a><br \/>\n <a href=\"https:\/\/www.golftravellers.com\/de\/reiseziele\/wales\/beispielpakete-wales\/entdecken-sie-die-4-besten-plaetze-in-wales\/\" target=\"_blank\" rel=\"noopener\"><strong><span style=\"font-size: 12pt;\">Ab <\/span><span style=\"font-size: 18pt;\">\u00a3890<\/span><\/strong><\/a><\/p>\n<\/td>\n<td class=\"noborder\">\u00a0<\/td>\n<td class=\"border\"><a href=\"https:\/\/www.golftravellers.com\/de\/reiseziele\/wales\/beispielpakete-wales\/die-besten-plaetze-des-suedens\/\" target=\"_blank\" rel=\"noopener\"><img loading=\"lazy\" decoding=\"async\" class=\"aligncenter wp-image-14733 size-full\" style=\"border-bottom: thick solid #fff;\" src=\"https:\/\/www.golftravellers.com\/wp-content\/uploads\/2014\/04\/royalporthcawl-package-best-courses.png\" alt=\"Gr\u00fcn und Meer auf dem Royal Porthcawl\" width=\"350\" height=\"208\" srcset=\"https:\/\/www.golftravellers.com\/wp-content\/uploads\/2014\/04\/royalporthcawl-package-best-courses.png 350w, https:\/\/www.golftravellers.com\/wp-content\/uploads\/2014\/04\/royalporthcawl-package-best-courses-300x178.png 300w\" sizes=\"auto, (max-width: 350px) 100vw, 350px\" \/><\/a><\/p>\n<p style=\"text-align: center;\"><a href=\"https:\/\/www.golftravellers.com\/de\/reiseziele\/wales\/beispielpakete-wales\/die-besten-plaetze-des-suedens\/\" target=\"_blank\" rel=\"noopener\"><span style=\"font-size: 12pt;\"><strong>Die besten Pl\u00e4tze des S\u00fcdens<\/strong><\/span><\/a><br \/>\n <a href=\"https:\/\/www.golftravellers.com\/de\/reiseziele\/wales\/beispielpakete-wales\/die-besten-plaetze-des-suedens\/\" target=\"_blank\" rel=\"noopener\"><span style=\"font-size: 10pt;\">Porthcawl, Pennard, Tenby, Ashburn., Southern.<\/span><\/a><br \/>\n <a href=\"https:\/\/www.golftravellers.com\/de\/reiseziele\/wales\/beispielpakete-wales\/die-besten-plaetze-des-suedens\/\" target=\"_blank\" rel=\"noopener\"><strong><span style=\"font-size: 12pt;\">Ab <\/span><span style=\"font-size: 18pt;\">\u00a3940<\/span><\/strong><\/a><\/p>\n<\/td>\n<\/tr>\n<\/tbody>\n<\/table>\n<p>&nbsp;<\/p>\n<p>&nbsp;<\/p>\n","protected":false},"excerpt":{"rendered":"<p>Bei unseren Golfreisen handelt es sich au\u00dfschlie\u00dflich um ma\u00dfgeschneiderte Angebote. Die untenstehende Beispielpakete wurden eigens f\u00fcr Sie entworfen, um Ihnen Anregungen zur Gestaltung Ihrer eigenen gem\u00e4\u00df Ihrer pers\u00f6nlichen W\u00fcnsche und Ihres Budgets ma\u00dfgeschneiderten Wunschreise zu bieten \u2013 sie sind allerdings auch in der untenstehenden Form buchbar. Kontaktieren Sie uns bitte, falls Sie mehr erfahren wollen. [&hellip;]<\/p>\n","protected":false},"author":6,"featured_media":32892,"parent":16430,"menu_order":20,"comment_status":"open","ping_status":"closed","template":"","meta":{"_genesis_hide_title":false,"_genesis_hide_breadcrumbs":false,"_genesis_hide_singular_image":false,"_genesis_hide_footer_widgets":false,"_genesis_custom_body_class":"","_genesis_custom_post_class":"","_genesis_layout":"","footnotes":""},"class_list":{"0":"post-23196","1":"page","2":"type-page","3":"status-publish","4":"has-post-thumbnail","6":"entry"},"_links":{"self":[{"href":"https:\/\/www.golftravellers.com\/de\/wp-json\/wp\/v2\/pages\/23196","targetHints":{"allow":["GET"]}}],"collection":[{"href":"https:\/\/www.golftravellers.com\/de\/wp-json\/wp\/v2\/pages"}],"about":[{"href":"https:\/\/www.golftravellers.com\/de\/wp-json\/wp\/v2\/types\/page"}],"author":[{"embeddable":true,"href":"https:\/\/www.golftravellers.com\/de\/wp-json\/wp\/v2\/users\/6"}],"replies":[{"embeddable":true,"href":"https:\/\/www.golftravellers.com\/de\/wp-json\/wp\/v2\/comments?post=23196"}],"version-history":[{"count":13,"href":"https:\/\/www.golftravellers.com\/de\/wp-json\/wp\/v2\/pages\/23196\/revisions"}],"predecessor-version":[{"id":40307,"href":"https:\/\/www.golftravellers.com\/de\/wp-json\/wp\/v2\/pages\/23196\/revisions\/40307"}],"up":[{"embeddable":true,"href":"https:\/\/www.golftravellers.com\/de\/wp-json\/wp\/v2\/pages\/16430"}],"wp:featuredmedia":[{"embeddable":true,"href":"https:\/\/www.golftravellers.com\/de\/wp-json\/wp\/v2\/media\/32892"}],"wp:attachment":[{"href":"https:\/\/www.golftravellers.com\/de\/wp-json\/wp\/v2\/media?parent=23196"}],"curies":[{"name":"wp","href":"https:\/\/api.w.org\/{rel}","templated":true}]}}