{"id":23170,"date":"2015-02-23T02:27:28","date_gmt":"2015-02-23T02:27:28","guid":{"rendered":"http:\/\/www.golftravellers.com\/?page_id=23170"},"modified":"2023-12-02T14:19:54","modified_gmt":"2023-12-02T14:19:54","slug":"twenty-ten-celtic-manor","status":"publish","type":"page","link":"https:\/\/www.golftravellers.com\/de\/reiseziele\/wales\/golfplatze-in-wales\/suedwales\/twenty-ten-celtic-manor\/","title":{"rendered":"Twenty Ten (Celtic Manor)"},"content":{"rendered":"<table style=\"width: 100%; height: 452px;\" border=\"0\">\n<tbody>\n<tr style=\"height: 50px;\">\n<td style=\"height: 50px;\">Unsere Wertung:<\/td>\n<td style=\"height: 50px;\"><img loading=\"lazy\" decoding=\"async\" src=\"https:\/\/www.golftravellers.com\/wp-content\/uploads\/2014\/05\/5stars_rating_GolfCourse.png\" alt=\"Golf Travellers 5 star rating golf course\" width=\"147\" height=\"30\" \/><\/td>\n<td style=\"height: 452px;\" colspan=\"2\" rowspan=\"9\" align=\"center\" valign=\"top\" width=\"50%\"><a href=\"https:\/\/www.golftravellers.com\/wp-content\/uploads\/2014\/06\/wales-map.png\"><img loading=\"lazy\" decoding=\"async\" class=\"alignleft wp-image-2745\" src=\"https:\/\/www.golftravellers.com\/wp-content\/uploads\/2014\/06\/wales-map-248x300.png\" alt=\"\" width=\"450\" height=\"543\" srcset=\"https:\/\/www.golftravellers.com\/wp-content\/uploads\/2014\/06\/wales-map-248x300.png 248w, https:\/\/www.golftravellers.com\/wp-content\/uploads\/2014\/06\/wales-map.png 550w\" sizes=\"auto, (max-width: 450px) 100vw, 450px\" \/><\/a><\/td>\n<\/tr>\n<tr style=\"height: 34px;\">\n<td style=\"height: 34px;\">Walisisches Ranking:<\/td>\n<td style=\"height: 34px;\">5<\/td>\n<\/tr>\n<tr style=\"height: 164px;\">\n<td style=\"height: 164px;\" width=\"30%\">Architekten:<\/td>\n<td style=\"height: 164px;\" width=\"20%\">Gemeinsames Projekt der Europ\u00e4ischen PGA, Golfplatzarchitekten &amp; Tour Pros<\/td>\n<\/tr>\n<tr style=\"height: 34px;\">\n<td style=\"height: 34px;\">Baujahr:<\/td>\n<td style=\"height: 34px;\">2007<\/td>\n<\/tr>\n<tr style=\"height: 34px;\">\n<td style=\"height: 34px;\">Par:<\/td>\n<td style=\"height: 34px;\">71<\/td>\n<\/tr>\n<tr style=\"height: 34px;\">\n<td style=\"height: 34px;\">Entfernung von Cardiff:<\/td>\n<td style=\"height: 34px;\">30 km<\/td>\n<\/tr>\n<tr style=\"height: 34px;\">\n<td style=\"height: 34px;\">Entfernung von Swansea:<\/td>\n<td style=\"height: 34px;\">85 km<\/td>\n<\/tr>\n<tr style=\"height: 34px;\">\n<td style=\"height: 34px;\">Entfernung von Newport:<\/td>\n<td style=\"height: 34px;\">8 km<\/td>\n<\/tr>\n<tr style=\"height: 34px;\">\n<td style=\"height: 34px;\">Entfernung von Bangor:<\/td>\n<td style=\"height: 34px;\">280 km<\/td>\n<\/tr>\n<tr>\n<td colspan=\"4\">Relativ neue Anlage, die als Austragungst\u00e4tte des Ryder Cups 2010 entworfen wurde. Verf\u00fcgt \u00fcber viele Risiko- und Belohnungsl\u00f6cher. Dieser Platz wird Ihr Golfk\u00f6nnen aufgrund seiner L\u00e4nge und Wasserfallen geh\u00f6rig auf die Probe stellen. Das Clubhaus weckt gro\u00dfartige Erinnerungen an den Triumph des Europ\u00e4ischen Teams.<\/td>\n<\/tr>\n<\/tbody>\n<\/table>\n<div class=\"one-third first\" style=\"text-align: center;\"><a class=\"button\" title=\"Sample Packages\" href=\"https:\/\/www.golftravellers.com\/destinations\/wales\/sample-packages-wales\/\" target=\"_blank\" rel=\"noopener\">Beispielpakete<\/a><\/div>\n<div class=\"one-third\" style=\"text-align: center;\"><a class=\"button\" title=\"Get a Quote\" href=\"https:\/\/www.golftravellers.com\/contact-us\/get-a-quote\/\" target=\"_blank\" rel=\"noopener\">Angebot anfordern<\/a><\/div>\n<div class=\"one-third\" style=\"text-align: center;\"><a class=\"button\" title=\"Contact Us\" href=\"https:\/\/www.golftravellers.com\/contact-us\/\" target=\"_blank\" rel=\"noopener\">Kontakt<\/a><\/div>\n","protected":false},"excerpt":{"rendered":"<p>Unsere Wertung: Walisisches Ranking: 5 Architekten: Gemeinsames Projekt der Europ\u00e4ischen PGA, Golfplatzarchitekten &amp; Tour Pros Baujahr: 2007 Par: 71 Entfernung von Cardiff: 30 km Entfernung von Swansea: 85 km Entfernung von Newport: 8 km Entfernung von Bangor: 280 km Relativ neue Anlage, die als Austragungst\u00e4tte des Ryder Cups 2010 entworfen wurde. Verf\u00fcgt \u00fcber viele Risiko- [&hellip;]<\/p>\n","protected":false},"author":6,"featured_media":19182,"parent":22053,"menu_order":0,"comment_status":"open","ping_status":"open","template":"","meta":{"_genesis_hide_title":false,"_genesis_hide_breadcrumbs":false,"_genesis_hide_singular_image":false,"_genesis_hide_footer_widgets":false,"_genesis_custom_body_class":"","_genesis_custom_post_class":"","_genesis_layout":"","footnotes":""},"class_list":{"0":"post-23170","1":"page","2":"type-page","3":"status-publish","4":"has-post-thumbnail","6":"entry"},"_links":{"self":[{"href":"https:\/\/www.golftravellers.com\/de\/wp-json\/wp\/v2\/pages\/23170","targetHints":{"allow":["GET"]}}],"collection":[{"href":"https:\/\/www.golftravellers.com\/de\/wp-json\/wp\/v2\/pages"}],"about":[{"href":"https:\/\/www.golftravellers.com\/de\/wp-json\/wp\/v2\/types\/page"}],"author":[{"embeddable":true,"href":"https:\/\/www.golftravellers.com\/de\/wp-json\/wp\/v2\/users\/6"}],"replies":[{"embeddable":true,"href":"https:\/\/www.golftravellers.com\/de\/wp-json\/wp\/v2\/comments?post=23170"}],"version-history":[{"count":9,"href":"https:\/\/www.golftravellers.com\/de\/wp-json\/wp\/v2\/pages\/23170\/revisions"}],"predecessor-version":[{"id":42787,"href":"https:\/\/www.golftravellers.com\/de\/wp-json\/wp\/v2\/pages\/23170\/revisions\/42787"}],"up":[{"embeddable":true,"href":"https:\/\/www.golftravellers.com\/de\/wp-json\/wp\/v2\/pages\/22053"}],"wp:featuredmedia":[{"embeddable":true,"href":"https:\/\/www.golftravellers.com\/de\/wp-json\/wp\/v2\/media\/19182"}],"wp:attachment":[{"href":"https:\/\/www.golftravellers.com\/de\/wp-json\/wp\/v2\/media?parent=23170"}],"curies":[{"name":"wp","href":"https:\/\/api.w.org\/{rel}","templated":true}]}}