{"id":23169,"date":"2015-02-23T02:30:38","date_gmt":"2015-02-23T02:30:38","guid":{"rendered":"http:\/\/www.golftravellers.com\/?page_id=23169"},"modified":"2023-12-02T12:23:16","modified_gmt":"2023-12-02T12:23:16","slug":"the-rolls-of-monmouth","status":"publish","type":"page","link":"https:\/\/www.golftravellers.com\/de\/reiseziele\/wales\/golfplatze-in-wales\/suedwales\/the-rolls-of-monmouth\/","title":{"rendered":"The Rolls of Monmouth"},"content":{"rendered":"<table border=\"0\">\n<tbody>\n<tr>\n<td>Unsere Wertung:<\/td>\n<td><img loading=\"lazy\" decoding=\"async\" src=\"https:\/\/www.golftravellers.com\/wp-content\/uploads\/2014\/05\/5stars_rating_GolfCourse.png\" alt=\"Golf Travellers 5 star rating golf course\" width=\"147\" height=\"30\" \/><\/td>\n<td colspan=\"2\" rowspan=\"9\" align=\"center\" valign=\"top\" width=\"50%\" data-wp-editing=\"1\"><a href=\"https:\/\/www.golftravellers.com\/wp-content\/uploads\/2014\/06\/wales-map.png\"><img loading=\"lazy\" decoding=\"async\" class=\"alignnone wp-image-2745\" src=\"https:\/\/www.golftravellers.com\/wp-content\/uploads\/2014\/06\/wales-map-248x300.png\" alt=\"\" width=\"450\" height=\"543\" srcset=\"https:\/\/www.golftravellers.com\/wp-content\/uploads\/2014\/06\/wales-map-248x300.png 248w, https:\/\/www.golftravellers.com\/wp-content\/uploads\/2014\/06\/wales-map.png 550w\" sizes=\"auto, (max-width: 450px) 100vw, 450px\" \/><\/a><\/td>\n<\/tr>\n<tr>\n<td>Walisisches Ranking:<\/td>\n<td>15<\/td>\n<\/tr>\n<tr>\n<td width=\"30%\">Architekt:<\/td>\n<td width=\"20%\">Urbis Planning<\/td>\n<\/tr>\n<tr>\n<td>Baujahr:<\/td>\n<td>1982<\/td>\n<\/tr>\n<tr>\n<td>Par:<\/td>\n<td>72<\/td>\n<\/tr>\n<tr>\n<td>Entfernung von Cardiff:<\/td>\n<td>70 km<\/td>\n<\/tr>\n<tr>\n<td>Entfernung von Swansea:<\/td>\n<td>125 km<\/td>\n<\/tr>\n<tr>\n<td>Entfernung von Newport:<\/td>\n<td>45 km<\/td>\n<\/tr>\n<tr>\n<td>Entfernung von Bangor:<\/td>\n<td>260 km<\/td>\n<\/tr>\n<tr>\n<td colspan=\"4\">Entz\u00fcckender und zudem recht anspruchsvoller Golfplatz, den wir auf Ihrer Golfreise durch Wales w\u00e4rmstens empfehlen k\u00f6nnen.<\/td>\n<\/tr>\n<\/tbody>\n<\/table>\n<div class=\"one-third first\" style=\"text-align: center;\"><a class=\"button\" title=\"Sample Packages\" href=\"https:\/\/www.golftravellers.com\/destinations\/wales\/sample-packages-wales\/\" target=\"_blank\" rel=\"noopener\">Beispielpakete<\/a><\/div>\n<div class=\"one-third\" style=\"text-align: center;\"><a class=\"button\" title=\"Get a Quote\" href=\"https:\/\/www.golftravellers.com\/contact-us\/get-a-quote\/\" target=\"_blank\" rel=\"noopener\">Angebot anfordern<\/a><\/div>\n<div class=\"one-third\" style=\"text-align: center;\"><a class=\"button\" title=\"Contact Us\" href=\"https:\/\/www.golftravellers.com\/contact-us\/\" target=\"_blank\" rel=\"noopener\">Kontakt<\/a><\/div>\n","protected":false},"excerpt":{"rendered":"<p>Unsere Wertung: Walisisches Ranking: 15 Architekt: Urbis Planning Baujahr: 1982 Par: 72 Entfernung von Cardiff: 70 km Entfernung von Swansea: 125 km Entfernung von Newport: 45 km Entfernung von Bangor: 260 km Entz\u00fcckender und zudem recht anspruchsvoller Golfplatz, den wir auf Ihrer Golfreise durch Wales w\u00e4rmstens empfehlen k\u00f6nnen. Beispielpakete Angebot anfordern Kontakt<\/p>\n","protected":false},"author":6,"featured_media":19214,"parent":22053,"menu_order":0,"comment_status":"open","ping_status":"open","template":"","meta":{"_genesis_hide_title":false,"_genesis_hide_breadcrumbs":false,"_genesis_hide_singular_image":false,"_genesis_hide_footer_widgets":false,"_genesis_custom_body_class":"","_genesis_custom_post_class":"","_genesis_layout":"","footnotes":""},"class_list":{"0":"post-23169","1":"page","2":"type-page","3":"status-publish","4":"has-post-thumbnail","6":"entry"},"_links":{"self":[{"href":"https:\/\/www.golftravellers.com\/de\/wp-json\/wp\/v2\/pages\/23169","targetHints":{"allow":["GET"]}}],"collection":[{"href":"https:\/\/www.golftravellers.com\/de\/wp-json\/wp\/v2\/pages"}],"about":[{"href":"https:\/\/www.golftravellers.com\/de\/wp-json\/wp\/v2\/types\/page"}],"author":[{"embeddable":true,"href":"https:\/\/www.golftravellers.com\/de\/wp-json\/wp\/v2\/users\/6"}],"replies":[{"embeddable":true,"href":"https:\/\/www.golftravellers.com\/de\/wp-json\/wp\/v2\/comments?post=23169"}],"version-history":[{"count":9,"href":"https:\/\/www.golftravellers.com\/de\/wp-json\/wp\/v2\/pages\/23169\/revisions"}],"predecessor-version":[{"id":42707,"href":"https:\/\/www.golftravellers.com\/de\/wp-json\/wp\/v2\/pages\/23169\/revisions\/42707"}],"up":[{"embeddable":true,"href":"https:\/\/www.golftravellers.com\/de\/wp-json\/wp\/v2\/pages\/22053"}],"wp:featuredmedia":[{"embeddable":true,"href":"https:\/\/www.golftravellers.com\/de\/wp-json\/wp\/v2\/media\/19214"}],"wp:attachment":[{"href":"https:\/\/www.golftravellers.com\/de\/wp-json\/wp\/v2\/media?parent=23169"}],"curies":[{"name":"wp","href":"https:\/\/api.w.org\/{rel}","templated":true}]}}