{"id":23168,"date":"2015-02-23T02:20:08","date_gmt":"2015-02-23T02:20:08","guid":{"rendered":"http:\/\/www.golftravellers.com\/?page_id=23168"},"modified":"2023-12-02T14:15:59","modified_gmt":"2023-12-02T14:15:59","slug":"tenby","status":"publish","type":"page","link":"https:\/\/www.golftravellers.com\/de\/reiseziele\/wales\/golfplatze-in-wales\/suedwales\/tenby\/","title":{"rendered":"Tenby"},"content":{"rendered":"<table style=\"width: 100%; height: 256px;\" border=\"0\">\n<tbody>\n<tr style=\"height: 40px;\">\n<td style=\"height: 40px;\">Unsere Wertung:<\/td>\n<td style=\"height: 40px;\"><img loading=\"lazy\" decoding=\"async\" src=\"https:\/\/www.golftravellers.com\/wp-content\/uploads\/2014\/05\/5stars_rating_GolfCourse.png\" alt=\"Golf Travellers 5 star rating golf course\" width=\"147\" height=\"30\" \/><\/td>\n<td style=\"height: 256px;\" colspan=\"2\" rowspan=\"9\" align=\"center\" valign=\"top\" width=\"50%\"><a href=\"https:\/\/www.golftravellers.com\/wp-content\/uploads\/2014\/06\/wales-map.png\"><img loading=\"lazy\" decoding=\"async\" class=\"alignnone wp-image-2745\" src=\"https:\/\/www.golftravellers.com\/wp-content\/uploads\/2014\/06\/wales-map-248x300.png\" alt=\"\" width=\"450\" height=\"543\" srcset=\"https:\/\/www.golftravellers.com\/wp-content\/uploads\/2014\/06\/wales-map-248x300.png 248w, https:\/\/www.golftravellers.com\/wp-content\/uploads\/2014\/06\/wales-map.png 550w\" sizes=\"auto, (max-width: 450px) 100vw, 450px\" \/><\/a><\/td>\n<\/tr>\n<tr style=\"height: 27px;\">\n<td style=\"height: 27px;\">Walisisches Ranking:<\/td>\n<td style=\"height: 27px;\">8<\/td>\n<\/tr>\n<tr style=\"height: 27px;\">\n<td style=\"height: 27px;\" width=\"30%\">Architekt:<\/td>\n<td style=\"height: 27px;\" width=\"20%\">James Braid<\/td>\n<\/tr>\n<tr style=\"height: 27px;\">\n<td style=\"height: 27px;\">Baujahr:<\/td>\n<td style=\"height: 27px;\">1888<\/td>\n<\/tr>\n<tr style=\"height: 27px;\">\n<td style=\"height: 27px;\">Par:<\/td>\n<td style=\"height: 27px;\">71<\/td>\n<\/tr>\n<tr style=\"height: 27px;\">\n<td style=\"height: 27px;\">Entfernung von Cardiff:<\/td>\n<td style=\"height: 27px;\">150 km<\/td>\n<\/tr>\n<tr style=\"height: 27px;\">\n<td style=\"height: 27px;\">Entfernung von Swansea:<\/td>\n<td style=\"height: 27px;\">85 km<\/td>\n<\/tr>\n<tr style=\"height: 27px;\">\n<td style=\"height: 27px;\">Entfernung von Newport:<\/td>\n<td style=\"height: 27px;\">165 km<\/td>\n<\/tr>\n<tr style=\"height: 27px;\">\n<td style=\"height: 27px;\">Entfernung von Bangor:<\/td>\n<td style=\"height: 27px;\">260 km<\/td>\n<\/tr>\n<tr>\n<td colspan=\"4\">Tenby, das zu den \u00e4ltesten Pl\u00e4tzen ganz Wales geh\u00f6rt, ist ein entz\u00fcckender Linksplatz mit Topfbunkern, h\u00fcgeligem Gel\u00e4nde und Ginster.<\/td>\n<\/tr>\n<\/tbody>\n<\/table>\n<div class=\"one-third first\" style=\"text-align: center;\"><a class=\"button\" title=\"Sample Packages\" href=\"https:\/\/www.golftravellers.com\/destinations\/wales\/sample-packages-wales\/\" target=\"_blank\" rel=\"noopener\">Beispielpakete<\/a><\/div>\n<div class=\"one-third\" style=\"text-align: center;\"><a class=\"button\" title=\"Get a Quote\" href=\"https:\/\/www.golftravellers.com\/contact-us\/get-a-quote\/\" target=\"_blank\" rel=\"noopener\">Angebot anfordern<\/a><\/div>\n<div class=\"one-third\" style=\"text-align: center;\"><a class=\"button\" title=\"Contact Us\" href=\"https:\/\/www.golftravellers.com\/contact-us\/\" target=\"_blank\" rel=\"noopener\">Kontakt<\/a><\/div>\n","protected":false},"excerpt":{"rendered":"<p>Unsere Wertung: Walisisches Ranking: 8 Architekt: James Braid Baujahr: 1888 Par: 71 Entfernung von Cardiff: 150 km Entfernung von Swansea: 85 km Entfernung von Newport: 165 km Entfernung von Bangor: 260 km Tenby, das zu den \u00e4ltesten Pl\u00e4tzen ganz Wales geh\u00f6rt, ist ein entz\u00fcckender Linksplatz mit Topfbunkern, h\u00fcgeligem Gel\u00e4nde und Ginster. Beispielpakete Angebot anfordern Kontakt<\/p>\n","protected":false},"author":6,"featured_media":19158,"parent":22053,"menu_order":0,"comment_status":"open","ping_status":"open","template":"","meta":{"_genesis_hide_title":false,"_genesis_hide_breadcrumbs":false,"_genesis_hide_singular_image":false,"_genesis_hide_footer_widgets":false,"_genesis_custom_body_class":"","_genesis_custom_post_class":"","_genesis_layout":"","footnotes":""},"class_list":{"0":"post-23168","1":"page","2":"type-page","3":"status-publish","4":"has-post-thumbnail","6":"entry"},"_links":{"self":[{"href":"https:\/\/www.golftravellers.com\/de\/wp-json\/wp\/v2\/pages\/23168","targetHints":{"allow":["GET"]}}],"collection":[{"href":"https:\/\/www.golftravellers.com\/de\/wp-json\/wp\/v2\/pages"}],"about":[{"href":"https:\/\/www.golftravellers.com\/de\/wp-json\/wp\/v2\/types\/page"}],"author":[{"embeddable":true,"href":"https:\/\/www.golftravellers.com\/de\/wp-json\/wp\/v2\/users\/6"}],"replies":[{"embeddable":true,"href":"https:\/\/www.golftravellers.com\/de\/wp-json\/wp\/v2\/comments?post=23168"}],"version-history":[{"count":9,"href":"https:\/\/www.golftravellers.com\/de\/wp-json\/wp\/v2\/pages\/23168\/revisions"}],"predecessor-version":[{"id":42777,"href":"https:\/\/www.golftravellers.com\/de\/wp-json\/wp\/v2\/pages\/23168\/revisions\/42777"}],"up":[{"embeddable":true,"href":"https:\/\/www.golftravellers.com\/de\/wp-json\/wp\/v2\/pages\/22053"}],"wp:featuredmedia":[{"embeddable":true,"href":"https:\/\/www.golftravellers.com\/de\/wp-json\/wp\/v2\/media\/19158"}],"wp:attachment":[{"href":"https:\/\/www.golftravellers.com\/de\/wp-json\/wp\/v2\/media?parent=23168"}],"curies":[{"name":"wp","href":"https:\/\/api.w.org\/{rel}","templated":true}]}}