{"id":23166,"date":"2015-02-23T02:10:54","date_gmt":"2015-02-23T02:10:54","guid":{"rendered":"http:\/\/www.golftravellers.com\/?page_id=23166"},"modified":"2023-12-02T14:18:22","modified_gmt":"2023-12-02T14:18:22","slug":"southerndown","status":"publish","type":"page","link":"https:\/\/www.golftravellers.com\/de\/reiseziele\/wales\/golfplatze-in-wales\/suedwales\/southerndown\/","title":{"rendered":"Southerndown"},"content":{"rendered":"<table style=\"width: 100%; height: 266px;\" border=\"0\">\n<tbody>\n<tr style=\"height: 35px;\">\n<td style=\"height: 35px;\">Unsere Wertung:<\/td>\n<td style=\"height: 35px;\"><img loading=\"lazy\" decoding=\"async\" src=\"https:\/\/www.golftravellers.com\/wp-content\/uploads\/2014\/05\/5stars_rating_GolfCourse.png\" alt=\"Golf Travellers 5 star rating golf course\" width=\"147\" height=\"30\" \/><\/td>\n<td style=\"height: 266px;\" colspan=\"2\" rowspan=\"9\" align=\"center\" valign=\"top\" width=\"50%\"><a href=\"https:\/\/www.golftravellers.com\/wp-content\/uploads\/2014\/06\/wales-map.png\"><img loading=\"lazy\" decoding=\"async\" class=\"alignnone wp-image-2745\" src=\"https:\/\/www.golftravellers.com\/wp-content\/uploads\/2014\/06\/wales-map-248x300.png\" alt=\"\" width=\"450\" height=\"543\" srcset=\"https:\/\/www.golftravellers.com\/wp-content\/uploads\/2014\/06\/wales-map-248x300.png 248w, https:\/\/www.golftravellers.com\/wp-content\/uploads\/2014\/06\/wales-map.png 550w\" sizes=\"auto, (max-width: 450px) 100vw, 450px\" \/><\/a><\/td>\n<\/tr>\n<tr style=\"height: 23px;\">\n<td style=\"height: 23px;\">Walisisches Ranking:<\/td>\n<td style=\"height: 23px;\">9<\/td>\n<\/tr>\n<tr style=\"height: 70px;\">\n<td style=\"height: 70px;\" width=\"30%\">Architekten:<\/td>\n<td style=\"height: 70px;\" width=\"20%\">W. Fernie \/ W. Park Jr \/ H. Fowler \/ D. Steel<\/td>\n<\/tr>\n<tr style=\"height: 23px;\">\n<td style=\"height: 23px;\">Baujahr:<\/td>\n<td style=\"height: 23px;\">1905<\/td>\n<\/tr>\n<tr style=\"height: 23px;\">\n<td style=\"height: 23px;\">Par:<\/td>\n<td style=\"height: 23px;\">71<\/td>\n<\/tr>\n<tr style=\"height: 23px;\">\n<td style=\"height: 23px;\">Entfernung von Cardiff:<\/td>\n<td style=\"height: 23px;\">35 km<\/td>\n<\/tr>\n<tr style=\"height: 23px;\">\n<td style=\"height: 23px;\">Entfernung von Swansea:<\/td>\n<td style=\"height: 23px;\">40 km<\/td>\n<\/tr>\n<tr style=\"height: 23px;\">\n<td style=\"height: 23px;\">Entfernung von Newport:<\/td>\n<td style=\"height: 23px;\">50 km<\/td>\n<\/tr>\n<tr style=\"height: 23px;\">\n<td style=\"height: 23px;\">Entfernung von Bangor:<\/td>\n<td style=\"height: 23px;\">335 km<\/td>\n<\/tr>\n<tr>\n<td colspan=\"4\">Fabelhafte Anlage, die zu den besten in ganz Wales z\u00e4hlt und ganz in der N\u00e4he des ber\u00fchmten Royal Porthcawl liegt. Bietet dank seiner erh\u00f6hten Lage einen fantastischen Ausblick auf den Bristol Channel.<\/td>\n<\/tr>\n<\/tbody>\n<\/table>\n<div class=\"one-third first\" style=\"text-align: center;\"><a class=\"button\" title=\"Sample Packages\" href=\"https:\/\/www.golftravellers.com\/destinations\/wales\/sample-packages-wales\/\" target=\"_blank\" rel=\"noopener\">Beispielpakete<\/a><\/div>\n<div class=\"one-third\" style=\"text-align: center;\"><a class=\"button\" title=\"Get a Quote\" href=\"https:\/\/www.golftravellers.com\/contact-us\/get-a-quote\/\" target=\"_blank\" rel=\"noopener\">Angebot anfordern<\/a><\/div>\n<div class=\"one-third\" style=\"text-align: center;\"><a class=\"button\" title=\"Contact Us\" href=\"https:\/\/www.golftravellers.com\/contact-us\/\" target=\"_blank\" rel=\"noopener\">Kontakt<\/a><\/div>\n","protected":false},"excerpt":{"rendered":"<p>Unsere Wertung: Walisisches Ranking: 9 Architekten: W. Fernie \/ W. Park Jr \/ H. Fowler \/ D. Steel Baujahr: 1905 Par: 71 Entfernung von Cardiff: 35 km Entfernung von Swansea: 40 km Entfernung von Newport: 50 km Entfernung von Bangor: 335 km Fabelhafte Anlage, die zu den besten in ganz Wales z\u00e4hlt und ganz in [&hellip;]<\/p>\n","protected":false},"author":6,"featured_media":19174,"parent":22053,"menu_order":0,"comment_status":"open","ping_status":"open","template":"","meta":{"_genesis_hide_title":false,"_genesis_hide_breadcrumbs":false,"_genesis_hide_singular_image":false,"_genesis_hide_footer_widgets":false,"_genesis_custom_body_class":"","_genesis_custom_post_class":"","_genesis_layout":"","footnotes":""},"class_list":{"0":"post-23166","1":"page","2":"type-page","3":"status-publish","4":"has-post-thumbnail","6":"entry"},"_links":{"self":[{"href":"https:\/\/www.golftravellers.com\/de\/wp-json\/wp\/v2\/pages\/23166","targetHints":{"allow":["GET"]}}],"collection":[{"href":"https:\/\/www.golftravellers.com\/de\/wp-json\/wp\/v2\/pages"}],"about":[{"href":"https:\/\/www.golftravellers.com\/de\/wp-json\/wp\/v2\/types\/page"}],"author":[{"embeddable":true,"href":"https:\/\/www.golftravellers.com\/de\/wp-json\/wp\/v2\/users\/6"}],"replies":[{"embeddable":true,"href":"https:\/\/www.golftravellers.com\/de\/wp-json\/wp\/v2\/comments?post=23166"}],"version-history":[{"count":8,"href":"https:\/\/www.golftravellers.com\/de\/wp-json\/wp\/v2\/pages\/23166\/revisions"}],"predecessor-version":[{"id":42783,"href":"https:\/\/www.golftravellers.com\/de\/wp-json\/wp\/v2\/pages\/23166\/revisions\/42783"}],"up":[{"embeddable":true,"href":"https:\/\/www.golftravellers.com\/de\/wp-json\/wp\/v2\/pages\/22053"}],"wp:featuredmedia":[{"embeddable":true,"href":"https:\/\/www.golftravellers.com\/de\/wp-json\/wp\/v2\/media\/19174"}],"wp:attachment":[{"href":"https:\/\/www.golftravellers.com\/de\/wp-json\/wp\/v2\/media?parent=23166"}],"curies":[{"name":"wp","href":"https:\/\/api.w.org\/{rel}","templated":true}]}}