{"id":23163,"date":"2015-02-23T01:54:36","date_gmt":"2015-02-23T01:54:36","guid":{"rendered":"http:\/\/www.golftravellers.com\/?page_id=23163"},"modified":"2023-12-02T14:24:14","modified_gmt":"2023-12-02T14:24:14","slug":"pyle-kenfig","status":"publish","type":"page","link":"https:\/\/www.golftravellers.com\/de\/reiseziele\/wales\/golfplatze-in-wales\/suedwales\/pyle-kenfig\/","title":{"rendered":"Pyle &#038; Kenfig"},"content":{"rendered":"<table border=\"0\">\n<tbody>\n<tr>\n<td>Unsere Wertung:<\/td>\n<td><img loading=\"lazy\" decoding=\"async\" src=\"https:\/\/www.golftravellers.com\/wp-content\/uploads\/2014\/05\/5stars_rating_GolfCourse.png\" alt=\"Golf Travellers 5 star rating golf course\" width=\"147\" height=\"30\"><\/td>\n<td colspan=\"2\" rowspan=\"10\" align=\"center\" valign=\"top\" width=\"50%\"><a href=\"https:\/\/www.golftravellers.com\/wp-content\/uploads\/2014\/06\/wales-map.png\"><img loading=\"lazy\" decoding=\"async\" class=\"alignnone wp-image-2745\" src=\"https:\/\/www.golftravellers.com\/wp-content\/uploads\/2014\/06\/wales-map-248x300.png\" alt=\"\" width=\"450\" height=\"543\" srcset=\"https:\/\/www.golftravellers.com\/wp-content\/uploads\/2014\/06\/wales-map-248x300.png 248w, https:\/\/www.golftravellers.com\/wp-content\/uploads\/2014\/06\/wales-map.png 550w\" sizes=\"auto, (max-width: 450px) 100vw, 450px\" \/><\/a><\/td>\n<\/tr>\n<tr>\n<td>Walisisches Ranking:<\/td>\n<td>10<\/td>\n<\/tr>\n<tr>\n<td width=\"30%\">Architekten:<\/td>\n<td width=\"20%\">Harry S. Colt \/ Mackenzie Ross<\/td>\n<\/tr>\n<tr>\n<td>Baujahr:<\/td>\n<td>1922<\/td>\n<\/tr>\n<tr>\n<td>Par:<\/td>\n<td>71<\/td>\n<\/tr>\n<tr>\n<td>Entfernung von Cardiff:<\/td>\n<td>45 km<\/td>\n<\/tr>\n<tr>\n<td>Entfernung von Swansea:<\/td>\n<td>30 km<\/td>\n<\/tr>\n<tr>\n<td>Entfernung von Newport:<\/td>\n<td>60 km<\/td>\n<\/tr>\n<tr>\n<td>Entfernung von Bangor:<\/td>\n<td>345 km<\/td>\n<\/tr>\n<tr><\/tr>\n<tr>\n<td colspan=\"4\">Entz\u00fcckender alter Linksplatz, der zu den besten des Landes z\u00e4hlt. Mit atemberaubenden Ausblick und imposanten D\u00fcnen.<\/td>\n<\/tr>\n<\/tbody>\n<\/table>\n<div class=\"one-third first\" style=\"text-align: center;\"><a class=\"button\" title=\"Sample Packages\" href=\"https:\/\/www.golftravellers.com\/destinations\/wales\/sample-packages-wales\/\" target=\"_blank\" rel=\"noopener\">Beispielpakete<\/a><\/div>\n<div class=\"one-third\" style=\"text-align: center;\"><a class=\"button\" title=\"Get a Quote\" href=\"https:\/\/www.golftravellers.com\/contact-us\/get-a-quote\/\" target=\"_blank\" rel=\"noopener\">Angebot anfordern<\/a><\/div>\n<div class=\"one-third\" style=\"text-align: center;\"><a class=\"button\" title=\"Contact Us\" href=\"https:\/\/www.golftravellers.com\/contact-us\/\" target=\"_blank\" rel=\"noopener\">Kontakt<\/a><\/div>\n","protected":false},"excerpt":{"rendered":"<p>Unsere Wertung: Walisisches Ranking: 10 Architekten: Harry S. Colt \/ Mackenzie Ross Baujahr: 1922 Par: 71 Entfernung von Cardiff: 45 km Entfernung von Swansea: 30 km Entfernung von Newport: 60 km Entfernung von Bangor: 345 km Entz\u00fcckender alter Linksplatz, der zu den besten des Landes z\u00e4hlt. Mit atemberaubenden Ausblick und imposanten D\u00fcnen. Beispielpakete Angebot anfordern [&hellip;]<\/p>\n","protected":false},"author":6,"featured_media":19222,"parent":22053,"menu_order":0,"comment_status":"open","ping_status":"open","template":"","meta":{"_genesis_hide_title":false,"_genesis_hide_breadcrumbs":false,"_genesis_hide_singular_image":false,"_genesis_hide_footer_widgets":false,"_genesis_custom_body_class":"","_genesis_custom_post_class":"","_genesis_layout":"","footnotes":""},"class_list":{"0":"post-23163","1":"page","2":"type-page","3":"status-publish","4":"has-post-thumbnail","6":"entry"},"_links":{"self":[{"href":"https:\/\/www.golftravellers.com\/de\/wp-json\/wp\/v2\/pages\/23163","targetHints":{"allow":["GET"]}}],"collection":[{"href":"https:\/\/www.golftravellers.com\/de\/wp-json\/wp\/v2\/pages"}],"about":[{"href":"https:\/\/www.golftravellers.com\/de\/wp-json\/wp\/v2\/types\/page"}],"author":[{"embeddable":true,"href":"https:\/\/www.golftravellers.com\/de\/wp-json\/wp\/v2\/users\/6"}],"replies":[{"embeddable":true,"href":"https:\/\/www.golftravellers.com\/de\/wp-json\/wp\/v2\/comments?post=23163"}],"version-history":[{"count":9,"href":"https:\/\/www.golftravellers.com\/de\/wp-json\/wp\/v2\/pages\/23163\/revisions"}],"predecessor-version":[{"id":42795,"href":"https:\/\/www.golftravellers.com\/de\/wp-json\/wp\/v2\/pages\/23163\/revisions\/42795"}],"up":[{"embeddable":true,"href":"https:\/\/www.golftravellers.com\/de\/wp-json\/wp\/v2\/pages\/22053"}],"wp:featuredmedia":[{"embeddable":true,"href":"https:\/\/www.golftravellers.com\/de\/wp-json\/wp\/v2\/media\/19222"}],"wp:attachment":[{"href":"https:\/\/www.golftravellers.com\/de\/wp-json\/wp\/v2\/media?parent=23163"}],"curies":[{"name":"wp","href":"https:\/\/api.w.org\/{rel}","templated":true}]}}