{"id":23143,"date":"2015-02-21T23:46:42","date_gmt":"2015-02-21T23:46:42","guid":{"rendered":"http:\/\/www.golftravellers.com\/?page_id=23143"},"modified":"2023-12-02T14:40:03","modified_gmt":"2023-12-02T14:40:03","slug":"nefyn-district","status":"publish","type":"page","link":"https:\/\/www.golftravellers.com\/de\/reiseziele\/wales\/golfplatze-in-wales\/nordwales\/nefyn-district\/","title":{"rendered":"Nefyn &#038; District"},"content":{"rendered":"<table style=\"width: 100%; height: 252px;\" border=\"0\">\n<tbody>\n<tr style=\"height: 36px;\">\n<td style=\"height: 36px;\">Unsere Wertung:<\/td>\n<td style=\"height: 36px;\"><img loading=\"lazy\" decoding=\"async\" src=\"https:\/\/www.golftravellers.com\/wp-content\/uploads\/2014\/05\/5stars_rating_GolfCourse.png\" alt=\"Golf Travellers 5 star rating golf course\" width=\"147\" height=\"30\" \/><\/td>\n<td style=\"height: 252px;\" colspan=\"2\" rowspan=\"10\" align=\"center\" valign=\"top\" width=\"50%\"><a href=\"https:\/\/www.golftravellers.com\/wp-content\/uploads\/2014\/06\/wales-map.png\"><img loading=\"lazy\" decoding=\"async\" class=\"alignnone wp-image-2745\" src=\"https:\/\/www.golftravellers.com\/wp-content\/uploads\/2014\/06\/wales-map-248x300.png\" alt=\"\" width=\"450\" height=\"543\" srcset=\"https:\/\/www.golftravellers.com\/wp-content\/uploads\/2014\/06\/wales-map-248x300.png 248w, https:\/\/www.golftravellers.com\/wp-content\/uploads\/2014\/06\/wales-map.png 550w\" sizes=\"auto, (max-width: 450px) 100vw, 450px\" \/><\/a><\/td>\n<\/tr>\n<tr>\n<td>Walisisches Ranking:<\/td>\n<td>11<\/td>\n<\/tr>\n<tr>\n<td width=\"30%\">Architekten:<\/td>\n<td width=\"20%\">James Braid, J.H. Taylor<\/td>\n<\/tr>\n<tr>\n<td>Baujahr:<\/td>\n<td>1907<\/td>\n<\/tr>\n<tr>\n<td>Par:<\/td>\n<td>71<\/td>\n<\/tr>\n<tr>\n<td>Entfernung von Cardiff:<\/td>\n<td>290 km<\/td>\n<\/tr>\n<tr>\n<td>Entfernung von Swansea:<\/td>\n<td>245 km<\/td>\n<\/tr>\n<tr>\n<td>Entfernung von Newport:<\/td>\n<td>270 km<\/td>\n<\/tr>\n<tr>\n<td>Entfernung von Bangor:<\/td>\n<td>50 km<\/td>\n<\/tr>\n<tr>\n<td colspan=\"4\">Guter Golfplatz, welcher f\u00fcr einige seiner L\u00f6cher auf einem spektakul\u00e4ren Felsvorsprung auf einer Halbinsel bekannt ist.<\/td>\n<\/tr>\n<\/tbody>\n<\/table>\n<div class=\"one-third first\" style=\"text-align: center;\"><a class=\"button\" title=\"Sample Packages\" href=\"https:\/\/www.golftravellers.com\/destinations\/wales\/sample-packages-wales\/\" target=\"_blank\" rel=\"noopener\">Beispielpakete<\/a><\/div>\n<div class=\"one-third\" style=\"text-align: center;\"><a class=\"button\" title=\"Get a Quote\" href=\"https:\/\/www.golftravellers.com\/contact-us\/get-a-quote\/\" target=\"_blank\" rel=\"noopener\">Angebot anfordern<\/a><\/div>\n<div class=\"one-third\" style=\"text-align: center;\"><a class=\"button\" title=\"Contact Us\" href=\"https:\/\/www.golftravellers.com\/contact-us\/\" target=\"_blank\" rel=\"noopener\">Kontakt<\/a><\/div>\n","protected":false},"excerpt":{"rendered":"<p>Unsere Wertung: Walisisches Ranking: 11 Architekten: James Braid, J.H. Taylor Baujahr: 1907 Par: 71 Entfernung von Cardiff: 290 km Entfernung von Swansea: 245 km Entfernung von Newport: 270 km Entfernung von Bangor: 50 km Guter Golfplatz, welcher f\u00fcr einige seiner L\u00f6cher auf einem spektakul\u00e4ren Felsvorsprung auf einer Halbinsel bekannt ist. Beispielpakete Angebot anfordern Kontakt<\/p>\n","protected":false},"author":6,"featured_media":0,"parent":22051,"menu_order":0,"comment_status":"open","ping_status":"open","template":"","meta":{"_genesis_hide_title":false,"_genesis_hide_breadcrumbs":false,"_genesis_hide_singular_image":false,"_genesis_hide_footer_widgets":false,"_genesis_custom_body_class":"","_genesis_custom_post_class":"","_genesis_layout":"","footnotes":""},"class_list":{"0":"post-23143","1":"page","2":"type-page","3":"status-publish","5":"entry"},"_links":{"self":[{"href":"https:\/\/www.golftravellers.com\/de\/wp-json\/wp\/v2\/pages\/23143","targetHints":{"allow":["GET"]}}],"collection":[{"href":"https:\/\/www.golftravellers.com\/de\/wp-json\/wp\/v2\/pages"}],"about":[{"href":"https:\/\/www.golftravellers.com\/de\/wp-json\/wp\/v2\/types\/page"}],"author":[{"embeddable":true,"href":"https:\/\/www.golftravellers.com\/de\/wp-json\/wp\/v2\/users\/6"}],"replies":[{"embeddable":true,"href":"https:\/\/www.golftravellers.com\/de\/wp-json\/wp\/v2\/comments?post=23143"}],"version-history":[{"count":6,"href":"https:\/\/www.golftravellers.com\/de\/wp-json\/wp\/v2\/pages\/23143\/revisions"}],"predecessor-version":[{"id":42804,"href":"https:\/\/www.golftravellers.com\/de\/wp-json\/wp\/v2\/pages\/23143\/revisions\/42804"}],"up":[{"embeddable":true,"href":"https:\/\/www.golftravellers.com\/de\/wp-json\/wp\/v2\/pages\/22051"}],"wp:attachment":[{"href":"https:\/\/www.golftravellers.com\/de\/wp-json\/wp\/v2\/media?parent=23143"}],"curies":[{"name":"wp","href":"https:\/\/api.w.org\/{rel}","templated":true}]}}