{"id":23141,"date":"2015-02-21T23:29:44","date_gmt":"2015-02-21T23:29:44","guid":{"rendered":"http:\/\/www.golftravellers.com\/?page_id=23141"},"modified":"2023-12-02T16:03:16","modified_gmt":"2023-12-02T16:03:16","slug":"holyhead","status":"publish","type":"page","link":"https:\/\/www.golftravellers.com\/de\/reiseziele\/wales\/golfplatze-in-wales\/nordwales\/holyhead\/","title":{"rendered":"Holyhead"},"content":{"rendered":"<table border=\"0\">\n<tbody>\n<tr>\n<td>Unsere Wertung:<\/td>\n<td><img loading=\"lazy\" decoding=\"async\" src=\"https:\/\/www.golftravellers.com\/wp-content\/uploads\/2014\/05\/4stars1.png\" alt=\"Golf Travellers 4 star rating golf course\" width=\"118\" height=\"30\" \/><\/td>\n<td colspan=\"2\" rowspan=\"9\" align=\"center\" valign=\"top\" width=\"50%\"><a href=\"https:\/\/www.golftravellers.com\/wp-content\/uploads\/2014\/06\/wales-map.png\"><img loading=\"lazy\" decoding=\"async\" class=\"alignnone wp-image-2745\" src=\"https:\/\/www.golftravellers.com\/wp-content\/uploads\/2014\/06\/wales-map-248x300.png\" alt=\"\" width=\"450\" height=\"543\" srcset=\"https:\/\/www.golftravellers.com\/wp-content\/uploads\/2014\/06\/wales-map-248x300.png 248w, https:\/\/www.golftravellers.com\/wp-content\/uploads\/2014\/06\/wales-map.png 550w\" sizes=\"auto, (max-width: 450px) 100vw, 450px\" \/><\/a><\/td>\n<\/tr>\n<tr>\n<td>Walisisches Ranking:<\/td>\n<td>35<\/td>\n<\/tr>\n<tr>\n<td width=\"30%\">Architekt:<\/td>\n<td width=\"20%\">James Braid<\/td>\n<\/tr>\n<tr>\n<td>Baujahr:<\/td>\n<td>1912<\/td>\n<\/tr>\n<tr>\n<td>Par:<\/td>\n<td>71<\/td>\n<\/tr>\n<tr>\n<td>Entfernung von Cardiff:<\/td>\n<td>340 km<\/td>\n<\/tr>\n<tr>\n<td>Entfernung von Swansea:<\/td>\n<td>350 km<\/td>\n<\/tr>\n<tr>\n<td>Entfernung von Newport:<\/td>\n<td>320 km<\/td>\n<\/tr>\n<tr>\n<td>Entfernung von Bangor:<\/td>\n<td>40 km<\/td>\n<\/tr>\n<tr>\n<td colspan=\"4\">Wunderbarer Golfplatz mit herrlichem Ausblick auf die Snowdonia Berge. Mit seinen erh\u00f6hten Gr\u00fcnen und Abschl\u00e4gen zudem \u00e4u\u00dferst anspruchsvoll.<\/td>\n<\/tr>\n<\/tbody>\n<\/table>\n<div class=\"one-third first\" style=\"text-align: center;\"><a class=\"button\" title=\"Sample Packages\" href=\"https:\/\/www.golftravellers.com\/destinations\/wales\/sample-packages-wales\/\">Beispielpakete<\/a><\/div>\n<div class=\"one-third\" style=\"text-align: center;\"><a class=\"button\" title=\"Get a Quote\" href=\"https:\/\/www.golftravellers.com\/contact-us\/get-a-quote\/\">Angebot anfordern<\/a><\/div>\n<div class=\"one-third\" style=\"text-align: center;\"><a class=\"button\" title=\"Contact Us\" href=\"https:\/\/www.golftravellers.com\/contact-us\/\">Kontakt<\/a><\/div>\n","protected":false},"excerpt":{"rendered":"<p>Unsere Wertung: Walisisches Ranking: 35 Architekt: James Braid Baujahr: 1912 Par: 71 Entfernung von Cardiff: 340 km Entfernung von Swansea: 350 km Entfernung von Newport: 320 km Entfernung von Bangor: 40 km Wunderbarer Golfplatz mit herrlichem Ausblick auf die Snowdonia Berge. Mit seinen erh\u00f6hten Gr\u00fcnen und Abschl\u00e4gen zudem \u00e4u\u00dferst anspruchsvoll. Beispielpakete Angebot anfordern Kontakt<\/p>\n","protected":false},"author":6,"featured_media":0,"parent":22051,"menu_order":0,"comment_status":"open","ping_status":"open","template":"","meta":{"_genesis_hide_title":false,"_genesis_hide_breadcrumbs":false,"_genesis_hide_singular_image":false,"_genesis_hide_footer_widgets":false,"_genesis_custom_body_class":"","_genesis_custom_post_class":"","_genesis_layout":"","footnotes":""},"class_list":{"0":"post-23141","1":"page","2":"type-page","3":"status-publish","5":"entry"},"_links":{"self":[{"href":"https:\/\/www.golftravellers.com\/de\/wp-json\/wp\/v2\/pages\/23141","targetHints":{"allow":["GET"]}}],"collection":[{"href":"https:\/\/www.golftravellers.com\/de\/wp-json\/wp\/v2\/pages"}],"about":[{"href":"https:\/\/www.golftravellers.com\/de\/wp-json\/wp\/v2\/types\/page"}],"author":[{"embeddable":true,"href":"https:\/\/www.golftravellers.com\/de\/wp-json\/wp\/v2\/users\/6"}],"replies":[{"embeddable":true,"href":"https:\/\/www.golftravellers.com\/de\/wp-json\/wp\/v2\/comments?post=23141"}],"version-history":[{"count":7,"href":"https:\/\/www.golftravellers.com\/de\/wp-json\/wp\/v2\/pages\/23141\/revisions"}],"predecessor-version":[{"id":42836,"href":"https:\/\/www.golftravellers.com\/de\/wp-json\/wp\/v2\/pages\/23141\/revisions\/42836"}],"up":[{"embeddable":true,"href":"https:\/\/www.golftravellers.com\/de\/wp-json\/wp\/v2\/pages\/22051"}],"wp:attachment":[{"href":"https:\/\/www.golftravellers.com\/de\/wp-json\/wp\/v2\/media?parent=23141"}],"curies":[{"name":"wp","href":"https:\/\/api.w.org\/{rel}","templated":true}]}}