{"id":22072,"date":"2015-02-17T14:21:37","date_gmt":"2015-02-17T14:21:37","guid":{"rendered":"http:\/\/www.golftravellers.com\/?page_id=22072"},"modified":"2017-12-14T15:19:08","modified_gmt":"2017-12-14T15:19:08","slug":"suedbrasilien","status":"publish","type":"page","link":"https:\/\/www.golftravellers.com\/de\/reiseziele\/brasilien\/golfplatze-in-brasilien\/suedbrasilien\/","title":{"rendered":"S\u00fcdbrasilien"},"content":{"rendered":"<div class=\"two-thirds first\">\n<p>\u00a0<br \/>\n Hier gibt es &#8211; unmittelbar in der Umgebung der ber\u00fchmten St\u00e4dte Porto Alegre, Florian\u00f3polis und Curitiba, um nur einige wenige zu nennen &#8211; eine wahre F\u00fclle an herausragenden Golfpl\u00e4tzen. Iguassu, das direkt an der Grenze zu Argentinien und Paraguay liegt, ist dank seiner spektakul\u00e4ren Wasserf\u00e4lle eine der meistbesuchtesten St\u00e4tten ganz Brasiliens &#8211; samt nahegelegenem Golfplatz, der keine W\u00fcnsche offenl\u00e4sst.<\/p>\n<p>&nbsp;<\/p>\n<p class=\"error\">Basic Google Maps Placemarks (Ortsmarken) Fehler: JavaScript und\/oder CSS Dateien sind niche geladen. Falls Sie do_shortcode() verwenden, m\u00fcssen Sie erst einen Filter zu Ihrem Theme hinzuf\u00fcgen. Schauen Sie in <a href=\"http:\/\/wordpress.org\/extend\/plugins\/basic-google-maps-placemarks\/faq\/\">die FAQ<\/a> f\u00fcr weitere Details.<\/p>\n<\/div>\n<div class=\"one-third\">\n<h2>Golfregionen<\/h2>\n<ul>\n<li><a title=\"Nordbrasilien\" href=\"https:\/\/www.golftravellers.com\/de\/reiseziele\/brasilien\/golfplatze-in-brasilien\/nordbrasilien\/#north\" target=\"_blank\" rel=\"noopener\">Nordbrasilien<\/a><\/li>\n<li><a title=\"Rio de Janeiro Region\" href=\"https:\/\/www.golftravellers.com\/de\/reiseziele\/brasilien\/golfplatze-in-brasilien\/rio-de-janeiro-region\/#riodejaneiro\" target=\"_blank\" rel=\"noopener\">Rio de Janeiro Region<\/a><\/li>\n<li><a title=\"S\u00e3o Paulo Region\" href=\"https:\/\/www.golftravellers.com\/de\/reiseziele\/brasilien\/golfplatze-in-brasilien\/sao-paulo-region\/#saopaulo\" target=\"_blank\" rel=\"noopener\">S\u00e3o Paulo Region<\/a><\/li>\n<li><a title=\"S\u00fcdbrasilien\" href=\"https:\/\/www.golftravellers.com\/de\/reiseziele\/brasilien\/golfplatze-in-brasilien\/suedbrasilien\/#south\" target=\"_blank\" rel=\"noopener\">S\u00fcdbrasilien<\/a><\/li>\n<\/ul>\n<h2>S\u00fcden<\/h2>\n<ul id=\"bgmp_list\" class=\"bgmp_list\"><li id=\"bgmp_list-item-24001\" class=\"bgmp_list-item\">\n\t<h3 class=\"bgmp_list-placemark-title\">\n\t\tAlphaville Graciosa\n\t\t\t\t\t<span class=\"bgmp_view-on-map-container\">\n\t\t\t\t[<a href=\"javascript:;\" data-marker-id=\"24001\" class=\"bgmp_view-on-map\">\n\t\t\t\t\tAuf der Karte anzeigen\t\t\t\t<\/a>]\n\t\t\t<\/span>\n\t\t\t<\/h3>\n\n\t<div class=\"bgmp_list-description\">\n\t\t\t\t<p><a title=\"Alphaville Graciosa\" href=\"https:\/\/www.golftravellers.com\/de\/reiseziele\/brasilien\/golfplatze-in-brasilien\/suedbrasilien\/alphaville-graciosa\/\"><img loading=\"lazy\" decoding=\"async\" class=\"alignnone wp-image-6083 size-full\" src=\"https:\/\/www.golftravellers.com\/wp-content\/uploads\/2014\/07\/Aerial-view-of-the-Alphaville-Graciosa-golf-course-e1410869094784.jpg\" alt=\"Aerial view of the Alphaville Graciosa golf course\" width=\"150\" height=\"90\" \/><\/a><\/p>\n<p><a title=\"Alphaville Graciosa\" href=\"https:\/\/www.golftravellers.com\/de\/reiseziele\/brasilien\/golfplatze-in-brasilien\/suedbrasilien\/alphaville-graciosa\/\">Klicken Sie hier f\u00fcr Bilder und Einzelheiten \u00fcber den Platz<\/a><\/p>\n\t<\/div>\n\n\t<p class=\"bgmp_list-link\">\n\t\t<a href=\"http:\/\/google.com\/maps?q=\">\n\t\t\t\t\t<\/a>\n\t<\/p>\n<\/li>\n<li id=\"bgmp_list-item-24023\" class=\"bgmp_list-item\">\n\t<h3 class=\"bgmp_list-placemark-title\">\n\t\tBel\u00e9m Novo\n\t\t\t\t\t<span class=\"bgmp_view-on-map-container\">\n\t\t\t\t[<a href=\"javascript:;\" data-marker-id=\"24023\" class=\"bgmp_view-on-map\">\n\t\t\t\t\tAuf der Karte anzeigen\t\t\t\t<\/a>]\n\t\t\t<\/span>\n\t\t\t<\/h3>\n\n\t<div class=\"bgmp_list-description\">\n\t\t\t\t<p><a href=\"https:\/\/www.golftravellers.com\/de\/reiseziele\/brasilien\/golfplatze-in-brasilien\/suedbrasilien\/belem-novo\/\"><img loading=\"lazy\" decoding=\"async\" class=\"aligncenter size-full wp-image-6074\" src=\"https:\/\/www.golftravellers.com\/wp-content\/uploads\/2014\/07\/Golfer-playing-on-the-Belem-Novo-golf-course.jpg\" alt=\"Golfer playing on the Belem Novo golf course\" width=\"150\" height=\"101\" \/><\/a><\/p>\n<p><a href=\"https:\/\/www.golftravellers.com\/de\/reiseziele\/brasilien\/golfplatze-in-brasilien\/suedbrasilien\/belem-novo\/\">Klicken Sie hier f\u00fcr Bilder und Einzelheiten \u00fcber den Platz<\/a><\/p>\n\t<\/div>\n\n\t<p class=\"bgmp_list-link\">\n\t\t<a href=\"http:\/\/google.com\/maps?q=\">\n\t\t\t\t\t<\/a>\n\t<\/p>\n<\/li>\n<li id=\"bgmp_list-item-24083\" class=\"bgmp_list-item\">\n\t<h3 class=\"bgmp_list-placemark-title\">\n\t\tCost\u00e3o\n\t\t\t\t\t<span class=\"bgmp_view-on-map-container\">\n\t\t\t\t[<a href=\"javascript:;\" data-marker-id=\"24083\" class=\"bgmp_view-on-map\">\n\t\t\t\t\tAuf der Karte anzeigen\t\t\t\t<\/a>]\n\t\t\t<\/span>\n\t\t\t<\/h3>\n\n\t<div class=\"bgmp_list-description\">\n\t\t\t\t<p><a href=\"https:\/\/www.golftravellers.com\/de\/reiseziele\/brasilien\/golfplatze-in-brasilien\/suedbrasilien\/costao\/\"><img loading=\"lazy\" decoding=\"async\" class=\"aligncenter size-full wp-image-6056\" src=\"https:\/\/www.golftravellers.com\/wp-content\/uploads\/2014\/07\/Golfers-on-a-fairway-playing-at-Costao-Golf-Club-at-Florianopolis.jpg\" alt=\"Golfers on a fairway playing at Costao Golf Club at Florianopolis\" width=\"150\" height=\"100\" \/><\/a><\/p>\n<p><a href=\"https:\/\/www.golftravellers.com\/de\/reiseziele\/brasilien\/golfplatze-in-brasilien\/suedbrasilien\/costao\/\">Klicken Sie hier f\u00fcr Bilder und Einzelheiten \u00fcber den Platz<\/a><\/p>\n\t<\/div>\n\n\t<p class=\"bgmp_list-link\">\n\t\t<a href=\"http:\/\/google.com\/maps?q=\">\n\t\t\t\t\t<\/a>\n\t<\/p>\n<\/li>\n<li id=\"bgmp_list-item-24095\" class=\"bgmp_list-item\">\n\t<h3 class=\"bgmp_list-placemark-title\">\n\t\tCuritibano\n\t\t\t\t\t<span class=\"bgmp_view-on-map-container\">\n\t\t\t\t[<a href=\"javascript:;\" data-marker-id=\"24095\" class=\"bgmp_view-on-map\">\n\t\t\t\t\tAuf der Karte anzeigen\t\t\t\t<\/a>]\n\t\t\t<\/span>\n\t\t\t<\/h3>\n\n\t<div class=\"bgmp_list-description\">\n\t\t\t\t<p><a href=\"https:\/\/www.golftravellers.com\/de\/reiseziele\/brasilien\/golfplatze-in-brasilien\/suedbrasilien\/curitibano\/\"><img loading=\"lazy\" decoding=\"async\" class=\"alignnone wp-image-6047 size-full\" src=\"https:\/\/www.golftravellers.com\/wp-content\/uploads\/2014\/07\/Lovely-hole-on-the-Curitibano-golf-course-e1410869055179.jpg\" alt=\"Lovely hole on the Curitibano golf course\" width=\"150\" height=\"90\" \/><\/a><\/p>\n<p><a href=\"https:\/\/www.golftravellers.com\/de\/reiseziele\/brasilien\/golfplatze-in-brasilien\/suedbrasilien\/curitibano\/\">Klicken Sie hier f\u00fcr Bilder und Einzelheiten \u00fcber den Platz<\/a><\/p>\n\t<\/div>\n\n\t<p class=\"bgmp_list-link\">\n\t\t<a href=\"http:\/\/google.com\/maps?q=\">\n\t\t\t\t\t<\/a>\n\t<\/p>\n<\/li>\n<li id=\"bgmp_list-item-24163\" class=\"bgmp_list-item\">\n\t<h3 class=\"bgmp_list-placemark-title\">\n\t\tGramado\n\t\t\t\t\t<span class=\"bgmp_view-on-map-container\">\n\t\t\t\t[<a href=\"javascript:;\" data-marker-id=\"24163\" class=\"bgmp_view-on-map\">\n\t\t\t\t\tAuf der Karte anzeigen\t\t\t\t<\/a>]\n\t\t\t<\/span>\n\t\t\t<\/h3>\n\n\t<div class=\"bgmp_list-description\">\n\t\t\t\t<p><a href=\"https:\/\/www.golftravellers.com\/de\/reiseziele\/brasilien\/golfplatze-in-brasilien\/suedbrasilien\/gramado\/\"><img loading=\"lazy\" decoding=\"async\" class=\"aligncenter size-full wp-image-6038\" src=\"https:\/\/www.golftravellers.com\/wp-content\/uploads\/2014\/07\/Large-fairway-on-the-Gramado-golf-course.jpg\" alt=\"Large fairway on the Gramado golf course\" width=\"150\" height=\"113\" \/><\/a><\/p>\n<p><a href=\"https:\/\/www.golftravellers.com\/de\/reiseziele\/brasilien\/golfplatze-in-brasilien\/suedbrasilien\/gramado\/\">Klicken Sie hier f\u00fcr Bilder und Einzelheiten \u00fcber den Platz<\/a><\/p>\n\t<\/div>\n\n\t<p class=\"bgmp_list-link\">\n\t\t<a href=\"http:\/\/google.com\/maps?q=\">\n\t\t\t\t\t<\/a>\n\t<\/p>\n<\/li>\n<li id=\"bgmp_list-item-24187\" class=\"bgmp_list-item\">\n\t<h3 class=\"bgmp_list-placemark-title\">\n\t\tIguassu\n\t\t\t\t\t<span class=\"bgmp_view-on-map-container\">\n\t\t\t\t[<a href=\"javascript:;\" data-marker-id=\"24187\" class=\"bgmp_view-on-map\">\n\t\t\t\t\tAuf der Karte anzeigen\t\t\t\t<\/a>]\n\t\t\t<\/span>\n\t\t\t<\/h3>\n\n\t<div class=\"bgmp_list-description\">\n\t\t\t\t<p><a href=\"https:\/\/www.golftravellers.com\/de\/reiseziele\/brasilien\/golfplatze-in-brasilien\/suedbrasilien\/iguassu\/\"><img loading=\"lazy\" decoding=\"async\" class=\"aligncenter size-full wp-image-6029\" src=\"https:\/\/www.golftravellers.com\/wp-content\/uploads\/2014\/07\/Green-and-bunker-on-the-Iguassu-golf-course.jpg\" alt=\"Green and bunker on the Iguassu golf course\" width=\"150\" height=\"111\" \/><\/a><\/p>\n<p><a href=\"https:\/\/www.golftravellers.com\/de\/reiseziele\/brasilien\/golfplatze-in-brasilien\/suedbrasilien\/iguassu\/\">Klicken Sie hier f\u00fcr Bilder und Einzelheiten \u00fcber den Platz<\/a><\/p>\n\t<\/div>\n\n\t<p class=\"bgmp_list-link\">\n\t\t<a href=\"http:\/\/google.com\/maps?q=\">\n\t\t\t\t\t<\/a>\n\t<\/p>\n<\/li>\n<li id=\"bgmp_list-item-24310\" class=\"bgmp_list-item\">\n\t<h3 class=\"bgmp_list-placemark-title\">\n\t\tPorto Alegre\n\t\t\t\t\t<span class=\"bgmp_view-on-map-container\">\n\t\t\t\t[<a href=\"javascript:;\" data-marker-id=\"24310\" class=\"bgmp_view-on-map\">\n\t\t\t\t\tAuf der Karte anzeigen\t\t\t\t<\/a>]\n\t\t\t<\/span>\n\t\t\t<\/h3>\n\n\t<div class=\"bgmp_list-description\">\n\t\t\t\t<p><a href=\"https:\/\/www.golftravellers.com\/de\/reiseziele\/brasilien\/golfplatze-in-brasilien\/suedbrasilien\/porto-alegre\/\"><img loading=\"lazy\" decoding=\"async\" class=\"aligncenter size-full wp-image-6020\" src=\"https:\/\/www.golftravellers.com\/wp-content\/uploads\/2014\/07\/Aerial-view-of-the-Porto-Alegre-golf-course.jpg\" alt=\"Aerial view of the Porto Alegre golf course\" width=\"150\" height=\"100\" \/><\/a><\/p>\n<p><a href=\"https:\/\/www.golftravellers.com\/de\/reiseziele\/brasilien\/golfplatze-in-brasilien\/suedbrasilien\/porto-alegre\/\">Klicken Sie hier f\u00fcr Bilder und Einzelheiten \u00fcber den Platz<\/a><\/p>\n\t<\/div>\n\n\t<p class=\"bgmp_list-link\">\n\t\t<a href=\"http:\/\/google.com\/maps?q=\">\n\t\t\t\t\t<\/a>\n\t<\/p>\n<\/li>\n<\/ul>\n<\/div>\n","protected":false},"excerpt":{"rendered":"<p>\u00a0 Hier gibt es &#8211; unmittelbar in der Umgebung der ber\u00fchmten St\u00e4dte Porto Alegre, Florian\u00f3polis und Curitiba, um nur einige wenige zu nennen &#8211; eine wahre F\u00fclle an herausragenden Golfpl\u00e4tzen. Iguassu, das direkt an der Grenze zu Argentinien und Paraguay liegt, ist dank seiner spektakul\u00e4ren Wasserf\u00e4lle eine der meistbesuchtesten St\u00e4tten ganz Brasiliens &#8211; samt nahegelegenem [&hellip;]<\/p>\n","protected":false},"author":6,"featured_media":31678,"parent":22005,"menu_order":40,"comment_status":"open","ping_status":"closed","template":"","meta":{"_genesis_hide_title":false,"_genesis_hide_breadcrumbs":false,"_genesis_hide_singular_image":false,"_genesis_hide_footer_widgets":false,"_genesis_custom_body_class":"","_genesis_custom_post_class":"","_genesis_layout":"full-width-content","footnotes":""},"class_list":{"0":"post-22072","1":"page","2":"type-page","3":"status-publish","4":"has-post-thumbnail","6":"entry"},"_links":{"self":[{"href":"https:\/\/www.golftravellers.com\/de\/wp-json\/wp\/v2\/pages\/22072","targetHints":{"allow":["GET"]}}],"collection":[{"href":"https:\/\/www.golftravellers.com\/de\/wp-json\/wp\/v2\/pages"}],"about":[{"href":"https:\/\/www.golftravellers.com\/de\/wp-json\/wp\/v2\/types\/page"}],"author":[{"embeddable":true,"href":"https:\/\/www.golftravellers.com\/de\/wp-json\/wp\/v2\/users\/6"}],"replies":[{"embeddable":true,"href":"https:\/\/www.golftravellers.com\/de\/wp-json\/wp\/v2\/comments?post=22072"}],"version-history":[{"count":12,"href":"https:\/\/www.golftravellers.com\/de\/wp-json\/wp\/v2\/pages\/22072\/revisions"}],"predecessor-version":[{"id":40355,"href":"https:\/\/www.golftravellers.com\/de\/wp-json\/wp\/v2\/pages\/22072\/revisions\/40355"}],"up":[{"embeddable":true,"href":"https:\/\/www.golftravellers.com\/de\/wp-json\/wp\/v2\/pages\/22005"}],"wp:featuredmedia":[{"embeddable":true,"href":"https:\/\/www.golftravellers.com\/de\/wp-json\/wp\/v2\/media\/31678"}],"wp:attachment":[{"href":"https:\/\/www.golftravellers.com\/de\/wp-json\/wp\/v2\/media?parent=22072"}],"curies":[{"name":"wp","href":"https:\/\/api.w.org\/{rel}","templated":true}]}}