{"id":22071,"date":"2015-02-17T12:20:48","date_gmt":"2015-02-17T12:20:48","guid":{"rendered":"http:\/\/www.golftravellers.com\/?page_id=22071"},"modified":"2017-12-14T15:15:17","modified_gmt":"2017-12-14T15:15:17","slug":"sao-paulo-region","status":"publish","type":"page","link":"https:\/\/www.golftravellers.com\/de\/reiseziele\/brasilien\/golfplatze-in-brasilien\/sao-paulo-region\/","title":{"rendered":"S\u00e3o Paulo Region"},"content":{"rendered":"<div class=\"two-thirds first\">\n<p>Beste Golfregion Brasiliens, mit Pl\u00e4tzen, die nahezu alle in den Top 10 des Landes zu finden sind. Da sehr viele Fl\u00fcge in S\u00e3o Paulo ankommen bietet sich f\u00fcr Golfer die M\u00f6glichkeit eines 2- bzw. 3-t\u00e4gigen Aufenthalts, um Golf zu spielen und einige der ber\u00fchmten Museen der Stadt zu besichtigen.<\/p>\n<p>&nbsp;<\/p>\n<p class=\"error\">Basic Google Maps Placemarks (Ortsmarken) Fehler: JavaScript und\/oder CSS Dateien sind niche geladen. Falls Sie do_shortcode() verwenden, m\u00fcssen Sie erst einen Filter zu Ihrem Theme hinzuf\u00fcgen. Schauen Sie in <a href=\"http:\/\/wordpress.org\/extend\/plugins\/basic-google-maps-placemarks\/faq\/\">die FAQ<\/a> f\u00fcr weitere Details.<\/p>\n<\/div>\n<div class=\"one-third\">\n<h2>Golfregionen<\/h2>\n<ul>\n<li><a title=\"Nordbrasilien\" href=\"https:\/\/www.golftravellers.com\/de\/reiseziele\/brasilien\/golfplatze-in-brasilien\/nordbrasilien\/#north\" target=\"_blank\" rel=\"noopener\">Nordbrasilien<\/a><\/li>\n<li><a title=\"Rio de Janeiro Region\" href=\"https:\/\/www.golftravellers.com\/de\/reiseziele\/brasilien\/golfplatze-in-brasilien\/rio-de-janeiro-region\/#riodejaneiro\" target=\"_blank\" rel=\"noopener\">Rio de Janeiro Region<\/a><\/li>\n<li><a title=\"S\u00e3o Paulo Region\" href=\"https:\/\/www.golftravellers.com\/de\/reiseziele\/brasilien\/golfplatze-in-brasilien\/sao-paulo-region\/#saopaulo\" target=\"_blank\" rel=\"noopener\">S\u00e3o Paulo Region<\/a><\/li>\n<li><a title=\"S\u00fcdbrasilien\" href=\"https:\/\/www.golftravellers.com\/de\/reiseziele\/brasilien\/golfplatze-in-brasilien\/suedbrasilien\/#south\" target=\"_blank\" rel=\"noopener\">S\u00fcdbrasilien<\/a><\/li>\n<\/ul>\n<h2>S\u00e3o Paulo Region<\/h2>\n<ul id=\"bgmp_list\" class=\"bgmp_list\"><li id=\"bgmp_list-item-24099\" class=\"bgmp_list-item\">\n\t<h3 class=\"bgmp_list-placemark-title\">\n\t\tDamha\n\t\t\t\t\t<span class=\"bgmp_view-on-map-container\">\n\t\t\t\t[<a href=\"javascript:;\" data-marker-id=\"24099\" class=\"bgmp_view-on-map\">\n\t\t\t\t\tAuf der Karte anzeigen\t\t\t\t<\/a>]\n\t\t\t<\/span>\n\t\t\t<\/h3>\n\n\t<div class=\"bgmp_list-description\">\n\t\t\t\t<p><a href=\"https:\/\/www.golftravellers.com\/de\/reiseziele\/brasilien\/golfplatze-in-brasilien\/sao-paulo-region\/damha\/\"><img loading=\"lazy\" decoding=\"async\" class=\"aligncenter size-full wp-image-6128\" src=\"https:\/\/www.golftravellers.com\/wp-content\/uploads\/2014\/07\/Four-tees-on-a-lake-at-the-Damha-golf-course.jpg\" alt=\"Four tees on a lake at the Damha golf course\" width=\"150\" height=\"97\" \/><\/a><\/p>\n<p><a href=\"https:\/\/www.golftravellers.com\/de\/reiseziele\/brasilien\/golfplatze-in-brasilien\/sao-paulo-region\/damha\/\">Klicken Sie hier f\u00fcr Bilder und Einzelheiten \u00fcber den Platz<\/a><\/p>\n\t<\/div>\n\n\t<p class=\"bgmp_list-link\">\n\t\t<a href=\"http:\/\/google.com\/maps?q=\">\n\t\t\t\t\t<\/a>\n\t<\/p>\n<\/li>\n<li id=\"bgmp_list-item-24129\" class=\"bgmp_list-item\">\n\t<h3 class=\"bgmp_list-placemark-title\">\n\t\tFazenda Da Grama\n\t\t\t\t\t<span class=\"bgmp_view-on-map-container\">\n\t\t\t\t[<a href=\"javascript:;\" data-marker-id=\"24129\" class=\"bgmp_view-on-map\">\n\t\t\t\t\tAuf der Karte anzeigen\t\t\t\t<\/a>]\n\t\t\t<\/span>\n\t\t\t<\/h3>\n\n\t<div class=\"bgmp_list-description\">\n\t\t\t\t<p><a href=\"https:\/\/www.golftravellers.com\/de\/reiseziele\/brasilien\/golfplatze-in-brasilien\/sao-paulo-region\/fazenda-da-grama\/\"><img loading=\"lazy\" decoding=\"async\" class=\"aligncenter size-full wp-image-6119\" src=\"https:\/\/www.golftravellers.com\/wp-content\/uploads\/2014\/07\/Clubhouse-of-the-Fazenda-da-Grama-golf-course.jpg\" alt=\"Clubhouse of the Fazenda da Grama golf course\" width=\"150\" height=\"97\" \/><\/a><\/p>\n<p><a href=\"https:\/\/www.golftravellers.com\/de\/reiseziele\/brasilien\/golfplatze-in-brasilien\/sao-paulo-region\/fazenda-da-grama\/\">Klicken Sie hier f\u00fcr Bilder und Einzelheiten \u00fcber den Platz<\/a><\/p>\n\t<\/div>\n\n\t<p class=\"bgmp_list-link\">\n\t\t<a href=\"http:\/\/google.com\/maps?q=\">\n\t\t\t\t\t<\/a>\n\t<\/p>\n<\/li>\n<li id=\"bgmp_list-item-24370\" class=\"bgmp_list-item\">\n\t<h3 class=\"bgmp_list-placemark-title\">\n\t\tQuinta da Baroneza\n\t\t\t\t\t<span class=\"bgmp_view-on-map-container\">\n\t\t\t\t[<a href=\"javascript:;\" data-marker-id=\"24370\" class=\"bgmp_view-on-map\">\n\t\t\t\t\tAuf der Karte anzeigen\t\t\t\t<\/a>]\n\t\t\t<\/span>\n\t\t\t<\/h3>\n\n\t<div class=\"bgmp_list-description\">\n\t\t\t\t<p><a href=\"https:\/\/www.golftravellers.com\/de\/reiseziele\/brasilien\/golfplatze-in-brasilien\/sao-paulo-region\/quinta-da-baroneza\/\"><img loading=\"lazy\" decoding=\"async\" class=\"alignnone wp-image-6110 size-full\" src=\"https:\/\/www.golftravellers.com\/wp-content\/uploads\/2014\/07\/Spectacular-Par-3-with-water-on-the-Quinta-da-Baroneza-golf-course-e1410868250206.jpg\" alt=\"Spectacular Par 3 with water on the Quinta da Baroneza golf course\" width=\"150\" height=\"90\" \/><\/a><\/p>\n<p><a href=\"https:\/\/www.golftravellers.com\/de\/reiseziele\/brasilien\/golfplatze-in-brasilien\/sao-paulo-region\/quinta-da-baroneza\/\">Klicken Sie hier f\u00fcr Bilder und Einzelheiten \u00fcber den Platz<\/a><\/p>\n\t<\/div>\n\n\t<p class=\"bgmp_list-link\">\n\t\t<a href=\"http:\/\/google.com\/maps?q=\">\n\t\t\t\t\t<\/a>\n\t<\/p>\n<\/li>\n<li id=\"bgmp_list-item-24423\" class=\"bgmp_list-item\">\n\t<h3 class=\"bgmp_list-placemark-title\">\n\t\tS\u00e3o Fernando\n\t\t\t\t\t<span class=\"bgmp_view-on-map-container\">\n\t\t\t\t[<a href=\"javascript:;\" data-marker-id=\"24423\" class=\"bgmp_view-on-map\">\n\t\t\t\t\tAuf der Karte anzeigen\t\t\t\t<\/a>]\n\t\t\t<\/span>\n\t\t\t<\/h3>\n\n\t<div class=\"bgmp_list-description\">\n\t\t\t\t<p><a href=\"https:\/\/www.golftravellers.com\/de\/reiseziele\/brasilien\/golfplatze-in-brasilien\/sao-paulo-region\/sao-fernando\/\"><img loading=\"lazy\" decoding=\"async\" class=\"aligncenter size-full wp-image-6101\" src=\"https:\/\/www.golftravellers.com\/wp-content\/uploads\/2014\/07\/Uphill-fairway-at-the-Sao-Fernando-golf-course.jpg\" alt=\"Uphill fairway at the Sao Fernando golf course\" width=\"150\" height=\"101\" \/><\/a><\/p>\n<p><a href=\"https:\/\/www.golftravellers.com\/de\/reiseziele\/brasilien\/golfplatze-in-brasilien\/sao-paulo-region\/sao-fernando\/\">Klicken Sie hier f\u00fcr Bilder und Einzelheiten \u00fcber den Platz<\/a><\/p>\n\t<\/div>\n\n\t<p class=\"bgmp_list-link\">\n\t\t<a href=\"http:\/\/google.com\/maps?q=\">\n\t\t\t\t\t<\/a>\n\t<\/p>\n<\/li>\n<li id=\"bgmp_list-item-24425\" class=\"bgmp_list-item\">\n\t<h3 class=\"bgmp_list-placemark-title\">\n\t\tS\u00e3o Paulo\n\t\t\t\t\t<span class=\"bgmp_view-on-map-container\">\n\t\t\t\t[<a href=\"javascript:;\" data-marker-id=\"24425\" class=\"bgmp_view-on-map\">\n\t\t\t\t\tAuf der Karte anzeigen\t\t\t\t<\/a>]\n\t\t\t<\/span>\n\t\t\t<\/h3>\n\n\t<div class=\"bgmp_list-description\">\n\t\t\t\t<p><a href=\"https:\/\/www.golftravellers.com\/de\/reiseziele\/brasilien\/golfplatze-in-brasilien\/sao-paulo-region\/sao-paulo\/\"><img loading=\"lazy\" decoding=\"async\" class=\"alignnone wp-image-6092 size-full\" src=\"https:\/\/www.golftravellers.com\/wp-content\/uploads\/2014\/07\/Golfers-playing-on-the-Sao-Paulo-golf-course-e1410868324201.jpg\" alt=\"Golfers playing on the Sao Paulo golf course\" width=\"150\" height=\"90\" \/><\/a><\/p>\n<p><a href=\"https:\/\/www.golftravellers.com\/de\/reiseziele\/brasilien\/golfplatze-in-brasilien\/sao-paulo-region\/sao-paulo\/\">Klicken Sie hier f\u00fcr Bilder und Einzelheiten \u00fcber den Platz<\/a><\/p>\n\t<\/div>\n\n\t<p class=\"bgmp_list-link\">\n\t\t<a href=\"http:\/\/google.com\/maps?q=\">\n\t\t\t\t\t<\/a>\n\t<\/p>\n<\/li>\n<\/ul>\n<\/div>\n","protected":false},"excerpt":{"rendered":"<p>Beste Golfregion Brasiliens, mit Pl\u00e4tzen, die nahezu alle in den Top 10 des Landes zu finden sind. Da sehr viele Fl\u00fcge in S\u00e3o Paulo ankommen bietet sich f\u00fcr Golfer die M\u00f6glichkeit eines 2- bzw. 3-t\u00e4gigen Aufenthalts, um Golf zu spielen und einige der ber\u00fchmten Museen der Stadt zu besichtigen. &nbsp; Golfregionen Nordbrasilien Rio de Janeiro [&hellip;]<\/p>\n","protected":false},"author":6,"featured_media":32959,"parent":22005,"menu_order":30,"comment_status":"open","ping_status":"closed","template":"","meta":{"_genesis_hide_title":false,"_genesis_hide_breadcrumbs":false,"_genesis_hide_singular_image":false,"_genesis_hide_footer_widgets":false,"_genesis_custom_body_class":"","_genesis_custom_post_class":"","_genesis_layout":"full-width-content","footnotes":""},"class_list":{"0":"post-22071","1":"page","2":"type-page","3":"status-publish","4":"has-post-thumbnail","6":"entry"},"_links":{"self":[{"href":"https:\/\/www.golftravellers.com\/de\/wp-json\/wp\/v2\/pages\/22071","targetHints":{"allow":["GET"]}}],"collection":[{"href":"https:\/\/www.golftravellers.com\/de\/wp-json\/wp\/v2\/pages"}],"about":[{"href":"https:\/\/www.golftravellers.com\/de\/wp-json\/wp\/v2\/types\/page"}],"author":[{"embeddable":true,"href":"https:\/\/www.golftravellers.com\/de\/wp-json\/wp\/v2\/users\/6"}],"replies":[{"embeddable":true,"href":"https:\/\/www.golftravellers.com\/de\/wp-json\/wp\/v2\/comments?post=22071"}],"version-history":[{"count":10,"href":"https:\/\/www.golftravellers.com\/de\/wp-json\/wp\/v2\/pages\/22071\/revisions"}],"predecessor-version":[{"id":40343,"href":"https:\/\/www.golftravellers.com\/de\/wp-json\/wp\/v2\/pages\/22071\/revisions\/40343"}],"up":[{"embeddable":true,"href":"https:\/\/www.golftravellers.com\/de\/wp-json\/wp\/v2\/pages\/22005"}],"wp:featuredmedia":[{"embeddable":true,"href":"https:\/\/www.golftravellers.com\/de\/wp-json\/wp\/v2\/media\/32959"}],"wp:attachment":[{"href":"https:\/\/www.golftravellers.com\/de\/wp-json\/wp\/v2\/media?parent=22071"}],"curies":[{"name":"wp","href":"https:\/\/api.w.org\/{rel}","templated":true}]}}