{"id":22069,"date":"2015-02-17T12:17:56","date_gmt":"2015-02-17T12:17:56","guid":{"rendered":"http:\/\/www.golftravellers.com\/?page_id=22069"},"modified":"2017-12-14T15:06:12","modified_gmt":"2017-12-14T15:06:12","slug":"nordbrasilien","status":"publish","type":"page","link":"https:\/\/www.golftravellers.com\/de\/reiseziele\/brasilien\/golfplatze-in-brasilien\/nordbrasilien\/","title":{"rendered":"Nordbrasilien"},"content":{"rendered":"<div class=\"two-thirds first\">\n<p>Der Bundesstaat Bahia ist mit einigen der besten Golfpl\u00e4tze ganz Brasiliens (u.a. der Terravista Golf Course sowie der Comandatuba Ocean Course) ein \u00e4u\u00dferst beliebtes Reiseziel. Das bezaubernde St\u00e4dtchen Trancoso eignet sich hervorragend, um seine Energiereserven aufzuladen, w\u00e4hrend das Comandatuba Resort ein absolutes H\u00f6chstma\u00df an Komfort gew\u00e4hrleistet. Die Einwohner Bahias sind sehr freundlich und diese Region ist mit einigen der besten Str\u00e4nde dieses Planeten gesegnet.<\/p>\n<p>&nbsp;<\/p>\n<p class=\"error\">Basic Google Maps Placemarks (Ortsmarken) Fehler: JavaScript und\/oder CSS Dateien sind niche geladen. Falls Sie do_shortcode() verwenden, m\u00fcssen Sie erst einen Filter zu Ihrem Theme hinzuf\u00fcgen. Schauen Sie in <a href=\"http:\/\/wordpress.org\/extend\/plugins\/basic-google-maps-placemarks\/faq\/\">die FAQ<\/a> f\u00fcr weitere Details.<\/p>\n<\/div>\n<div class=\"one-third\">\n<h2>Golfregionen<\/h2>\n<ul>\n<li><a title=\"Nordbrasilien\" href=\"https:\/\/www.golftravellers.com\/de\/reiseziele\/brasilien\/golfplatze-in-brasilien\/nordbrasilien\/#north\" target=\"_blank\" rel=\"noopener\">Nordbrasilien<\/a><\/li>\n<li><a title=\"Rio de Janeiro Region\" href=\"https:\/\/www.golftravellers.com\/de\/reiseziele\/brasilien\/golfplatze-in-brasilien\/rio-de-janeiro-region\/#riodejaneiro\" target=\"_blank\" rel=\"noopener\">Rio de Janeiro Region<\/a><\/li>\n<li><a title=\"S\u00e3o Paulo Region\" href=\"https:\/\/www.golftravellers.com\/de\/reiseziele\/brasilien\/golfplatze-in-brasilien\/sao-paulo-region\/#saopaulo\">S\u00e3o Paulo Region<\/a><\/li>\n<li><a title=\"S\u00fcdbrasilien\" href=\"https:\/\/www.golftravellers.com\/de\/reiseziele\/brasilien\/golfplatze-in-brasilien\/suedbrasilien\/#south\" target=\"_blank\" rel=\"noopener\">S\u00fcdbrasilien<\/a><\/li>\n<\/ul>\n<h2>Norden<\/h2>\n<ul id=\"bgmp_list\" class=\"bgmp_list\"><li id=\"bgmp_list-item-24073\" class=\"bgmp_list-item\">\n\t<h3 class=\"bgmp_list-placemark-title\">\n\t\tComandatuba (Ocean)\n\t\t\t\t\t<span class=\"bgmp_view-on-map-container\">\n\t\t\t\t[<a href=\"javascript:;\" data-marker-id=\"24073\" class=\"bgmp_view-on-map\">\n\t\t\t\t\tAuf der Karte anzeigen\t\t\t\t<\/a>]\n\t\t\t<\/span>\n\t\t\t<\/h3>\n\n\t<div class=\"bgmp_list-description\">\n\t\t\t\t<p><a href=\"https:\/\/www.golftravellers.com\/de\/reiseziele\/brasilien\/golfplatze-in-brasilien\/nordbrasilien\/comandatuba-ocean\/\"><img loading=\"lazy\" decoding=\"async\" class=\"aligncenter wp-image-6209 size-full\" src=\"https:\/\/www.golftravellers.com\/wp-content\/uploads\/2014\/07\/Aerial-view-of-the-Ocean-Golf-Course-at-Comandatuba-e1410863600127.jpg\" alt=\"Aerial view of the Ocean Golf Course at Comandatuba\" width=\"150\" height=\"85\" \/><\/a><\/p>\n<p><a href=\"https:\/\/www.golftravellers.com\/de\/reiseziele\/brasilien\/golfplatze-in-brasilien\/nordbrasilien\/comandatuba-ocean\/\">Klicken Sie hier f\u00fcr Bilder und Einzelheiten \u00fcber den Platz<\/a><\/p>\n\t<\/div>\n\n\t<p class=\"bgmp_list-link\">\n\t\t<a href=\"http:\/\/google.com\/maps?q=\">\n\t\t\t\t\t<\/a>\n\t<\/p>\n<\/li>\n<li id=\"bgmp_list-item-24081\" class=\"bgmp_list-item\">\n\t<h3 class=\"bgmp_list-placemark-title\">\n\t\tCosta do Sau\u00edpe\n\t\t\t\t\t<span class=\"bgmp_view-on-map-container\">\n\t\t\t\t[<a href=\"javascript:;\" data-marker-id=\"24081\" class=\"bgmp_view-on-map\">\n\t\t\t\t\tAuf der Karte anzeigen\t\t\t\t<\/a>]\n\t\t\t<\/span>\n\t\t\t<\/h3>\n\n\t<div class=\"bgmp_list-description\">\n\t\t\t\t<p><a href=\"https:\/\/www.golftravellers.com\/de\/reiseziele\/brasilien\/golfplatze-in-brasilien\/nordbrasilien\/costa-do-sauipe\/\"><img loading=\"lazy\" decoding=\"async\" class=\"aligncenter size-full wp-image-6200\" src=\"https:\/\/www.golftravellers.com\/wp-content\/uploads\/2014\/07\/Green-and-sea-view-on-the-Costa-do-Sauipe-golf-course.jpg\" alt=\"Green and sea view on the Costa do Sauipe golf course\" width=\"150\" height=\"97\" \/><\/a><\/p>\n<p><a href=\"https:\/\/www.golftravellers.com\/de\/reiseziele\/brasilien\/golfplatze-in-brasilien\/nordbrasilien\/costa-do-sauipe\/\">Klicken Sie hier f\u00fcr Bilder und Einzelheiten \u00fcber den Platz<\/a><\/p>\n\t<\/div>\n\n\t<p class=\"bgmp_list-link\">\n\t\t<a href=\"http:\/\/google.com\/maps?q=\">\n\t\t\t\t\t<\/a>\n\t<\/p>\n<\/li>\n<li id=\"bgmp_list-item-24185\" class=\"bgmp_list-item\">\n\t<h3 class=\"bgmp_list-placemark-title\">\n\t\tIberostar (Praia do Forte)\n\t\t\t\t\t<span class=\"bgmp_view-on-map-container\">\n\t\t\t\t[<a href=\"javascript:;\" data-marker-id=\"24185\" class=\"bgmp_view-on-map\">\n\t\t\t\t\tAuf der Karte anzeigen\t\t\t\t<\/a>]\n\t\t\t<\/span>\n\t\t\t<\/h3>\n\n\t<div class=\"bgmp_list-description\">\n\t\t\t\t<p><a title=\"Iberostar (Praia do Forte)\" href=\"https:\/\/www.golftravellers.com\/de\/reiseziele\/brasilien\/golfplatze-in-brasilien\/nordbrasilien\/iberostar-praia-do-forte\/\"><img loading=\"lazy\" decoding=\"async\" class=\"aligncenter wp-image-22897 size-full\" src=\"https:\/\/www.golftravellers.com\/wp-content\/uploads\/2014\/07\/Iberostar-Par3-Hole.jpg\" alt=\"Par 3 hole at the Iberostar Praia do Forte\" width=\"150\" height=\"100\" \/><\/a><\/p>\n<p><a href=\"https:\/\/www.golftravellers.com\/de\/reiseziele\/brasilien\/golfplatze-in-brasilien\/nordbrasilien\/iberostar-praia-do-forte\/\">Klicken Sie hier f\u00fcr Bilder und Einzelheiten \u00fcber den Platz<\/a><\/p>\n\t<\/div>\n\n\t<p class=\"bgmp_list-link\">\n\t\t<a href=\"http:\/\/google.com\/maps?q=\">\n\t\t\t\t\t<\/a>\n\t<\/p>\n<\/li>\n<li id=\"bgmp_list-item-24475\" class=\"bgmp_list-item\">\n\t<h3 class=\"bgmp_list-placemark-title\">\n\t\tTerravista\n\t\t\t\t\t<span class=\"bgmp_view-on-map-container\">\n\t\t\t\t[<a href=\"javascript:;\" data-marker-id=\"24475\" class=\"bgmp_view-on-map\">\n\t\t\t\t\tAuf der Karte anzeigen\t\t\t\t<\/a>]\n\t\t\t<\/span>\n\t\t\t<\/h3>\n\n\t<div class=\"bgmp_list-description\">\n\t\t\t\t<p><a href=\"https:\/\/www.golftravellers.com\/de\/reiseziele\/brasilien\/golfplatze-in-brasilien\/nordbrasilien\/terravista\/\"><img loading=\"lazy\" decoding=\"async\" class=\"aligncenter size-full wp-image-6182\" src=\"https:\/\/www.golftravellers.com\/wp-content\/uploads\/2014\/07\/Golf-hole-sitting-on-the-cliff-overlooking-the-ocean-at-the-Terravista-golf-course.jpg\" alt=\"Golf hole sitting on the cliff overlooking the ocean at the Terravista golf course\" width=\"150\" height=\"109\" \/><\/a><\/p>\n<p><a href=\"https:\/\/www.golftravellers.com\/de\/reiseziele\/brasilien\/golfplatze-in-brasilien\/nordbrasilien\/terravista\/\">Klicken Sie hier f\u00fcr Bilder und Einzelheiten \u00fcber den Platz<\/a><\/p>\n\t<\/div>\n\n\t<p class=\"bgmp_list-link\">\n\t\t<a href=\"http:\/\/google.com\/maps?q=\">\n\t\t\t\t\t<\/a>\n\t<\/p>\n<\/li>\n<\/ul>\n<\/div>\n","protected":false},"excerpt":{"rendered":"<p>Der Bundesstaat Bahia ist mit einigen der besten Golfpl\u00e4tze ganz Brasiliens (u.a. der Terravista Golf Course sowie der Comandatuba Ocean Course) ein \u00e4u\u00dferst beliebtes Reiseziel. Das bezaubernde St\u00e4dtchen Trancoso eignet sich hervorragend, um seine Energiereserven aufzuladen, w\u00e4hrend das Comandatuba Resort ein absolutes H\u00f6chstma\u00df an Komfort gew\u00e4hrleistet. Die Einwohner Bahias sind sehr freundlich und diese Region [&hellip;]<\/p>\n","protected":false},"author":6,"featured_media":31657,"parent":22005,"menu_order":10,"comment_status":"open","ping_status":"closed","template":"","meta":{"_genesis_hide_title":false,"_genesis_hide_breadcrumbs":false,"_genesis_hide_singular_image":false,"_genesis_hide_footer_widgets":false,"_genesis_custom_body_class":"","_genesis_custom_post_class":"","_genesis_layout":"full-width-content","footnotes":""},"class_list":{"0":"post-22069","1":"page","2":"type-page","3":"status-publish","4":"has-post-thumbnail","6":"entry"},"_links":{"self":[{"href":"https:\/\/www.golftravellers.com\/de\/wp-json\/wp\/v2\/pages\/22069","targetHints":{"allow":["GET"]}}],"collection":[{"href":"https:\/\/www.golftravellers.com\/de\/wp-json\/wp\/v2\/pages"}],"about":[{"href":"https:\/\/www.golftravellers.com\/de\/wp-json\/wp\/v2\/types\/page"}],"author":[{"embeddable":true,"href":"https:\/\/www.golftravellers.com\/de\/wp-json\/wp\/v2\/users\/6"}],"replies":[{"embeddable":true,"href":"https:\/\/www.golftravellers.com\/de\/wp-json\/wp\/v2\/comments?post=22069"}],"version-history":[{"count":11,"href":"https:\/\/www.golftravellers.com\/de\/wp-json\/wp\/v2\/pages\/22069\/revisions"}],"predecessor-version":[{"id":40323,"href":"https:\/\/www.golftravellers.com\/de\/wp-json\/wp\/v2\/pages\/22069\/revisions\/40323"}],"up":[{"embeddable":true,"href":"https:\/\/www.golftravellers.com\/de\/wp-json\/wp\/v2\/pages\/22005"}],"wp:featuredmedia":[{"embeddable":true,"href":"https:\/\/www.golftravellers.com\/de\/wp-json\/wp\/v2\/media\/31657"}],"wp:attachment":[{"href":"https:\/\/www.golftravellers.com\/de\/wp-json\/wp\/v2\/media?parent=22069"}],"curies":[{"name":"wp","href":"https:\/\/api.w.org\/{rel}","templated":true}]}}