{"id":22056,"date":"2015-02-23T02:55:16","date_gmt":"2015-02-23T02:55:16","guid":{"rendered":"http:\/\/www.golftravellers.com\/?page_id=22056"},"modified":"2023-12-02T16:59:36","modified_gmt":"2023-12-02T16:59:36","slug":"3-naechte-in-swansea-samt-2-grosartiger-plaetze","status":"publish","type":"page","link":"https:\/\/www.golftravellers.com\/de\/reiseziele\/wales\/beispielpakete-wales\/3-naechte-in-swansea-samt-2-grosartiger-plaetze\/","title":{"rendered":"3 N\u00e4chte in Swansea samt 2 gro\u00dfartiger Pl\u00e4tze"},"content":{"rendered":"<div class=\"one-half first\"><img loading=\"lazy\" decoding=\"async\" class=\"alignnone size-full wp-image-42416\" src=\"https:\/\/www.golftravellers.com\/wp-content\/uploads\/2023\/10\/pennard-golfers-sea.jpg\" alt=\"Golfplatz Pennard in Wales\" width=\"540\" height=\"360\" srcset=\"https:\/\/www.golftravellers.com\/wp-content\/uploads\/2023\/10\/pennard-golfers-sea.jpg 540w, https:\/\/www.golftravellers.com\/wp-content\/uploads\/2023\/10\/pennard-golfers-sea-300x200.jpg 300w\" sizes=\"auto, (max-width: 540px) 100vw, 540px\" \/><\/div>\n<div class=\"one-half\">\n<p><span style=\"font-size: 36pt;\">930\u20ac<\/span><\/p>\n<h4>Im Paketpreis mit inbegriffen:<\/h4>\n<ul style=\"list-style-type: square;\">\n<li>3 \u00dcbernachtungen im 4-Sterne Hotel Morgans in Swansea<\/li>\n<li>2 Green Fees\n<ul style=\"list-style-type: circle;\">\n<li><a title=\"Pennard\" href=\"https:\/\/www.golftravellers.com\/de\/reiseziele\/wales\/golfplatze-in-wales\/suedwales\/pennard\/\" target=\"_blank\" rel=\"noopener\">Pennard<\/a><\/li>\n<li><a title=\"Ashburnham\" href=\"https:\/\/www.golftravellers.com\/de\/reiseziele\/wales\/golfplatze-in-wales\/suedwales\/royal-porthcawl\/\" target=\"_blank\" rel=\"noopener\">Royal Porthcawl<\/a><\/li>\n<\/ul>\n<\/li>\n<li><a title=\"Car rental options\" href=\"https:\/\/www.golftravellers.com\/de\/transportmoeglichkeiten\/\" target=\"_blank\" rel=\"noopener\">1 Mietwagen f\u00fcr 4 Tage<\/a><\/li>\n<\/ul>\n<\/div>\n<div id=\"details\"><\/div>\n<div class=\"one-third first\"><a class=\"button \" title=\"Jetzt Ihre Reise buchen\" href=\"https:\/\/www.golftravellers.com\/de\/kontakt\/jetzt-ihre-golfreise-buchen\/\" target=\"_blank\" rel=\"noopener\">Jetzt buchen<\/a><\/div>\n<div class=\"one-third\"><a class=\"button\" title=\"Ihre Reise maschneidern\" href=\"https:\/\/www.golftravellers.com\/de\/kontakt\/angebot-anpassen\/\" target=\"_blank\" rel=\"noopener\">Anpassen<\/a><\/div>\n<div class=\"one-third\"><a class=\"button\" title=\"Kontaktieren Sie uns\" href=\"https:\/\/www.golftravellers.com\/de\/kontakt\/\" target=\"_blank\" rel=\"noopener\">Kontakt<\/a><\/div>\n<div id=\"details\"><\/div>\n<div class=\"one-half first\">\n<h4>Kostenlose Extras<\/h4>\n<ul>\n<li>Rund um die Uhr Kundenbetreung<\/li>\n<\/ul>\n<\/div>\n<div class=\"one-half\">\n<h4>Buchbare Zusatzleistungen:<\/h4>\n<ul>\n<li>Fl\u00fcge, die wir f\u00fcr Sie buchen k\u00f6nnen<\/li>\n<li>Einzelzimmerzuschlag<\/li>\n<li>Zus\u00e4tzliche \u00dcbernachtungen &amp; Golfpl\u00e4tze<\/li>\n<li>Transport mit Chauffeur<\/li>\n<li>\u00d6rtliche Aktivit\u00e4ten und Sehensw\u00fcrdigkeiten<\/li>\n<li>Mittag- und Abendessen<\/li>\n<li>Reiseversicherung<\/li>\n<\/ul>\n<\/div>\n<h2>Beispielreiseplan:<\/h2>\n<table>\n<tbody>\n<tr>\n<td style=\"width: 25%;\"><strong>Tag 1:<\/strong><\/td>\n<td>Ankunft Cardiff Airport<\/td>\n<td>Morgans Hotel****, Swansea<\/td>\n<td>50 Minuten<\/td>\n<\/tr>\n<tr>\n<td style=\"width: 25%;\"><strong>Tag 2:<\/strong><\/td>\n<td>Pennard<\/td>\n<td>Morgans Hotel****, Swansea<\/td>\n<td>20 Minuten<\/td>\n<\/tr>\n<tr>\n<td style=\"width: 25%;\"><strong>Tag 3:<\/strong><\/td>\n<td>Royal Porthcawl<\/td>\n<td>Morgans Hotel****, Swansea<\/td>\n<td>30 Minuten<\/td>\n<\/tr>\n<tr>\n<td style=\"width: 25%;\"><strong>Tag 4:<\/strong><\/td>\n<td>Abfahrt Cardiff Airport<\/td>\n<td><\/td>\n<td>50 Minuten<\/td>\n<\/tr>\n<\/tbody>\n<\/table>\n<div class=\"terms\"><img loading=\"lazy\" decoding=\"async\" class=\"alignleft wp-image-3871\" src=\"https:\/\/www.golftravellers.com\/wp-content\/uploads\/2014\/06\/ExclamationPoint.png\" alt=\"Black exclamation point within box with black border\" width=\"50\" height=\"50\" \/><\/p>\n<h3>Paketbedingungen:<\/h3>\n<p>&#8211; Alle unsere Angebote innerhalb des Vereinigten K\u00f6nigreiches sind in Pfund Sterling.<\/p>\n<p>&#8211; Preis pro Person. Angebot gilt zwischen dem 1. April und 31. Oktober f\u00fcr mindestens 2 Personen im Doppel-\/Zweibettzimmer mit walisischem Fr\u00fchst\u00fcck. Von November bis M\u00e4rz gelten Sonderpreise<\/p>\n<\/div>\n<div class=\"one-third first\"><a class=\"button \" title=\"Jetzt Ihre Reise buchen\" href=\"https:\/\/www.golftravellers.com\/de\/kontakt\/jetzt-ihre-golfreise-buchen\/\" target=\"_blank\" rel=\"noopener\">Jetzt buchen<\/a><\/div>\n<div class=\"one-third\"><a class=\"button\" title=\"Ihre Reise maschneidern\" href=\"https:\/\/www.golftravellers.com\/de\/kontakt\/angebot-anpassen\/\" target=\"_blank\" rel=\"noopener\">Anpassen<\/a><\/div>\n<div class=\"one-third\"><a class=\"button\" title=\"Kontaktieren Sie uns\" href=\"https:\/\/www.golftravellers.com\/de\/kontakt\/\" target=\"_blank\" rel=\"noopener\">Kontakt<\/a><\/div>\n","protected":false},"excerpt":{"rendered":"<p>930\u20ac Im Paketpreis mit inbegriffen: 3 \u00dcbernachtungen im 4-Sterne Hotel Morgans in Swansea 2 Green Fees Pennard Royal Porthcawl 1 Mietwagen f\u00fcr 4 Tage Jetzt buchen Anpassen Kontakt Kostenlose Extras Rund um die Uhr Kundenbetreung Buchbare Zusatzleistungen: Fl\u00fcge, die wir f\u00fcr Sie buchen k\u00f6nnen Einzelzimmerzuschlag Zus\u00e4tzliche \u00dcbernachtungen &amp; Golfpl\u00e4tze Transport mit Chauffeur \u00d6rtliche Aktivit\u00e4ten und [&hellip;]<\/p>\n","protected":false},"author":6,"featured_media":0,"parent":23196,"menu_order":0,"comment_status":"open","ping_status":"closed","template":"","meta":{"_genesis_hide_title":false,"_genesis_hide_breadcrumbs":false,"_genesis_hide_singular_image":false,"_genesis_hide_footer_widgets":false,"_genesis_custom_body_class":"","_genesis_custom_post_class":"","_genesis_layout":"full-width-content","footnotes":""},"class_list":{"0":"post-22056","1":"page","2":"type-page","3":"status-publish","5":"entry"},"_links":{"self":[{"href":"https:\/\/www.golftravellers.com\/de\/wp-json\/wp\/v2\/pages\/22056","targetHints":{"allow":["GET"]}}],"collection":[{"href":"https:\/\/www.golftravellers.com\/de\/wp-json\/wp\/v2\/pages"}],"about":[{"href":"https:\/\/www.golftravellers.com\/de\/wp-json\/wp\/v2\/types\/page"}],"author":[{"embeddable":true,"href":"https:\/\/www.golftravellers.com\/de\/wp-json\/wp\/v2\/users\/6"}],"replies":[{"embeddable":true,"href":"https:\/\/www.golftravellers.com\/de\/wp-json\/wp\/v2\/comments?post=22056"}],"version-history":[{"count":20,"href":"https:\/\/www.golftravellers.com\/de\/wp-json\/wp\/v2\/pages\/22056\/revisions"}],"predecessor-version":[{"id":42881,"href":"https:\/\/www.golftravellers.com\/de\/wp-json\/wp\/v2\/pages\/22056\/revisions\/42881"}],"up":[{"embeddable":true,"href":"https:\/\/www.golftravellers.com\/de\/wp-json\/wp\/v2\/pages\/23196"}],"wp:attachment":[{"href":"https:\/\/www.golftravellers.com\/de\/wp-json\/wp\/v2\/media?parent=22056"}],"curies":[{"name":"wp","href":"https:\/\/api.w.org\/{rel}","templated":true}]}}