{"id":22055,"date":"2015-02-23T02:55:10","date_gmt":"2015-02-23T02:55:10","guid":{"rendered":"http:\/\/www.golftravellers.com\/?page_id=22055"},"modified":"2023-12-02T17:07:02","modified_gmt":"2023-12-02T17:07:02","slug":"3-naechte-im-5-sterne-celtic-manor-resort","status":"publish","type":"page","link":"https:\/\/www.golftravellers.com\/de\/reiseziele\/wales\/beispielpakete-wales\/3-naechte-im-5-sterne-celtic-manor-resort\/","title":{"rendered":"3 N\u00e4chte im 5-Sterne Celtic Manor Resort"},"content":{"rendered":"<div class=\"one-half first\"><a href=\"https:\/\/www.golftravellers.com\/wp-content\/uploads\/2023\/10\/celticmanor-romanroad-golfcourse-green.jpg\"><img loading=\"lazy\" decoding=\"async\" class=\"alignnone wp-image-42389 size-medium\" src=\"https:\/\/www.golftravellers.com\/wp-content\/uploads\/2023\/10\/celticmanor-romanroad-golfcourse-green-300x200.jpg\" alt=\"Golfplatz Celtic Manor in Wales\" width=\"540\" height=\"360\" srcset=\"https:\/\/www.golftravellers.com\/wp-content\/uploads\/2023\/10\/celticmanor-romanroad-golfcourse-green-300x200.jpg 300w, https:\/\/www.golftravellers.com\/wp-content\/uploads\/2023\/10\/celticmanor-romanroad-golfcourse-green.jpg 540w\" sizes=\"auto, (max-width: 540px) 100vw, 540px\" \/><\/a><\/div>\n<div class=\"one-half\">\n<p><span style=\"font-size: 36pt;\">1390\u20ac<\/span><\/p>\n<h4>Im Paketpreis mit inbegriffen:<\/h4>\n<ul style=\"list-style-type: square;\">\n<li>3\u00a0\u00dcbernachtungen im 5-Sterne Celtic Manor Resort<\/li>\n<li>2 Green Fees\n<ul style=\"list-style-type: circle;\">\n<li><a title=\"Roman Road (Celtic Manor)\" href=\"https:\/\/www.golftravellers.com\/de\/reiseziele\/wales\/golfplatze-in-wales\/suedwales\/royal-porthcawl\/\" target=\"_blank\" rel=\"noopener\">Royal Porthcawl<\/a><\/li>\n<li><a title=\"Montgomerie (Celtic Manor)\" href=\"https:\/\/www.golftravellers.com\/de\/reiseziele\/wales\/golfplatze-in-wales\/suedwales\/twenty-ten-celtic-manor\/\" target=\"_blank\" rel=\"noopener\">Twenty Ten (Ryder Cup Golfplatz)<\/a><\/li>\n<\/ul>\n<\/li>\n<li><a title=\"Transport Options\" href=\"https:\/\/www.golftravellers.com\/de\/transportmoeglichkeiten\/\" target=\"_blank\" rel=\"noopener\">Flughafentransfers mit Chauffeur<\/a><\/li>\n<\/ul>\n<\/div>\n<div style=\"clear: both;\"><\/div>\n<div class=\"one-third first\"><a class=\"button \" title=\"Jetzt Ihre Reise buchen\" href=\"https:\/\/www.golftravellers.com\/de\/kontakt\/jetzt-ihre-golfreise-buchen\/\" target=\"_blank\" rel=\"noopener\">Jetzt buchen<\/a><\/div>\n<div class=\"one-third\"><a class=\"button\" title=\"Ihre Reise maschneidern\" href=\"https:\/\/www.golftravellers.com\/de\/kontakt\/angebot-anpassen\/\" target=\"_blank\" rel=\"noopener\">Anpassen<\/a><\/div>\n<div class=\"one-third\"><a class=\"button\" title=\"Kontaktieren Sie uns\" href=\"https:\/\/www.golftravellers.com\/de\/kontakt\/\" target=\"_blank\" rel=\"noopener\">Kontakt<\/a><\/div>\n<div class=\"one-half first\">\n<h4>Kostenlose Extras<\/h4>\n<ul>\n<li>Rund um die Uhr Kundenbetreung<\/li>\n<\/ul>\n<\/div>\n<div class=\"one-half\">\n<h4>Buchbare Zusatzleistungen:<\/h4>\n<ul>\n<li>Fl\u00fcge, die wir f\u00fcr Sie buchen k\u00f6nnen<\/li>\n<li>Einzelzimmerzuschlag<\/li>\n<li>Zus\u00e4tzliche \u00dcbernachtungen &amp; Golfpl\u00e4tze<\/li>\n<li>\u00d6rtliche Aktivit\u00e4ten und Sehensw\u00fcrdigkeiten<\/li>\n<li>Mittag- und Abendessen<\/li>\n<li>Reiseversicherung<\/li>\n<\/ul>\n<\/div>\n<h2>Beispielreiseplan:<\/h2>\n<table>\n<tbody>\n<tr>\n<td style=\"width: 25%;\"><strong>Tag 1:<\/strong><\/td>\n<td>Ankunft Cardiff Airport<\/td>\n<td>Celtic Manor*****, Newport<\/td>\n<td>50 Minuten<\/td>\n<\/tr>\n<tr>\n<td style=\"width: 25%;\"><strong>Tag 2:<\/strong><\/td>\n<td>Twenty Ten (Ryder Cup)<\/td>\n<td>Celtic Manor*****, Newport<\/td>\n<td>vor Ort im Hotel<\/td>\n<\/tr>\n<tr>\n<td style=\"width: 25%;\"><strong>Tag 3:<\/strong><\/td>\n<td>Royal Porthcawl<\/td>\n<td>Celtic Manor*****, Newport<\/td>\n<td>1h10<\/td>\n<\/tr>\n<tr>\n<td style=\"width: 25%;\"><strong>Tag 4:<\/strong><\/td>\n<td>Abfahrt Cardiff Airport<\/td>\n<td><\/td>\n<td>50 Minuten<\/td>\n<\/tr>\n<\/tbody>\n<\/table>\n<div class=\"terms\"><img loading=\"lazy\" decoding=\"async\" class=\"alignleft wp-image-3871\" src=\"https:\/\/www.golftravellers.com\/wp-content\/uploads\/2014\/06\/ExclamationPoint.png\" alt=\"Black exclamation point within box with black border\" width=\"50\" height=\"50\" \/><\/p>\n<h3>Paketbedingungen:<\/h3>\n<p>&#8211; Alle unsere Angebote innerhalb des Vereinigten K\u00f6nigreiches sind in Pfund Sterling.<\/p>\n<p>&#8211; Preis pro Person. Angebot gilt zwischen dem 1. April und 31. Oktober f\u00fcr mindestens 2 Personen im Doppel-\/Zweibettzimmer mit walisischem Fr\u00fchst\u00fcck. Von November bis M\u00e4rz gelten Sonderpreise<\/p>\n<\/div>\n<div class=\"one-third first\"><a class=\"button \" title=\"Jetzt Ihre Reise buchen\" href=\"https:\/\/www.golftravellers.com\/de\/kontakt\/jetzt-ihre-golfreise-buchen\/\" target=\"_blank\" rel=\"noopener\">Jetzt buchen<\/a><\/div>\n<div class=\"one-third\"><a class=\"button\" title=\"Ihre Reise maschneidern\" href=\"https:\/\/www.golftravellers.com\/de\/kontakt\/angebot-anpassen\/\" target=\"_blank\" rel=\"noopener\">Anpassen<\/a><\/div>\n<div class=\"one-third\"><a class=\"button\" title=\"Kontaktieren Sie uns\" href=\"https:\/\/www.golftravellers.com\/de\/kontakt\/\" target=\"_blank\" rel=\"noopener\">Kontakt<\/a><\/div>\n","protected":false},"excerpt":{"rendered":"<p>1390\u20ac Im Paketpreis mit inbegriffen: 3\u00a0\u00dcbernachtungen im 5-Sterne Celtic Manor Resort 2 Green Fees Royal Porthcawl Twenty Ten (Ryder Cup Golfplatz) Flughafentransfers mit Chauffeur Jetzt buchen Anpassen Kontakt Kostenlose Extras Rund um die Uhr Kundenbetreung Buchbare Zusatzleistungen: Fl\u00fcge, die wir f\u00fcr Sie buchen k\u00f6nnen Einzelzimmerzuschlag Zus\u00e4tzliche \u00dcbernachtungen &amp; Golfpl\u00e4tze \u00d6rtliche Aktivit\u00e4ten und Sehensw\u00fcrdigkeiten Mittag- und [&hellip;]<\/p>\n","protected":false},"author":6,"featured_media":0,"parent":23196,"menu_order":0,"comment_status":"open","ping_status":"closed","template":"","meta":{"_genesis_hide_title":false,"_genesis_hide_breadcrumbs":false,"_genesis_hide_singular_image":false,"_genesis_hide_footer_widgets":false,"_genesis_custom_body_class":"","_genesis_custom_post_class":"","_genesis_layout":"full-width-content","footnotes":""},"class_list":{"0":"post-22055","1":"page","2":"type-page","3":"status-publish","5":"entry"},"_links":{"self":[{"href":"https:\/\/www.golftravellers.com\/de\/wp-json\/wp\/v2\/pages\/22055","targetHints":{"allow":["GET"]}}],"collection":[{"href":"https:\/\/www.golftravellers.com\/de\/wp-json\/wp\/v2\/pages"}],"about":[{"href":"https:\/\/www.golftravellers.com\/de\/wp-json\/wp\/v2\/types\/page"}],"author":[{"embeddable":true,"href":"https:\/\/www.golftravellers.com\/de\/wp-json\/wp\/v2\/users\/6"}],"replies":[{"embeddable":true,"href":"https:\/\/www.golftravellers.com\/de\/wp-json\/wp\/v2\/comments?post=22055"}],"version-history":[{"count":24,"href":"https:\/\/www.golftravellers.com\/de\/wp-json\/wp\/v2\/pages\/22055\/revisions"}],"predecessor-version":[{"id":42892,"href":"https:\/\/www.golftravellers.com\/de\/wp-json\/wp\/v2\/pages\/22055\/revisions\/42892"}],"up":[{"embeddable":true,"href":"https:\/\/www.golftravellers.com\/de\/wp-json\/wp\/v2\/pages\/23196"}],"wp:attachment":[{"href":"https:\/\/www.golftravellers.com\/de\/wp-json\/wp\/v2\/media?parent=22055"}],"curies":[{"name":"wp","href":"https:\/\/api.w.org\/{rel}","templated":true}]}}