{"id":22053,"date":"2015-02-17T12:15:26","date_gmt":"2015-02-17T12:15:26","guid":{"rendered":"http:\/\/www.golftravellers.com\/?page_id=22053"},"modified":"2017-12-14T14:09:16","modified_gmt":"2017-12-14T14:09:16","slug":"suedwales","status":"publish","type":"page","link":"https:\/\/www.golftravellers.com\/de\/reiseziele\/wales\/golfplatze-in-wales\/suedwales\/","title":{"rendered":"S\u00fcdwales"},"content":{"rendered":"<div class=\"two-thirds first\">\n<p>Royal Porthcawl s\u00fcdlich von Swansea ist der beste Platz des Landes und der einzige, der zu den besten 100 Pl\u00e4tzen der Welt z\u00e4hlt. Swansea selbst ist mit gro\u00dfartigen Linkspl\u00e4tzen wie Pennard, Tenby, Ashburnham und Royal Porthcawl ein beliebter Anziehungspunkt. Unmittelbar n\u00f6rdlich von Cardiff liegt zudem der ber\u00fchmte 5-Sterne Celtic Manor Resort mit insgesamt 3 Pl\u00e4tzen einschlie\u00dflich des Twenty Ten, der bereits als Austragungsst\u00e4tte des Ryder Cup gedient hat<\/p>\n<p class=\"error\">Basic Google Maps Placemarks Fehler: JavaScript und\/oder CSS Dateien sind niche geladen. Falls Sie do_shortcode() verwenden, m\u00fcssen Sie erst einen Filter zu Ihrem Theme hinzuf\u00fcgen. Schauen Sie in <a href=\"http:\/\/wordpress.org\/extend\/plugins\/basic-google-maps-placemarks\/faq\/\">die FAQ<\/a> f\u00fcr weitere Details.<\/p>\n<\/div>\n<div class=\"one-third\">\n<h2>Golfregionen<\/h2>\n<ul>\n<li><a title=\"Nordwales\" href=\"https:\/\/www.golftravellers.com\/de\/reiseziele\/wales\/golfplatze-in-wales\/nordwales\/#north\" target=\"_blank\" rel=\"noopener\">Nordwales<\/a><\/li>\n<li><a title=\"S\u00fcdwales\" href=\"https:\/\/www.golftravellers.com\/de\/reiseziele\/wales\/golfplatze-in-wales\/suedwales\/#south\" target=\"_blank\" rel=\"noopener\">S\u00fcdwales<\/a><\/li>\n<\/ul>\n<h2>Golfpl\u00e4tze<\/h2>\n<ul id=\"bgmp_list\" class=\"bgmp_list\"><li id=\"bgmp_list-item-24406\" class=\"bgmp_list-item\">\r\n\t<h3 class=\"bgmp_list-placemark-title\">\r\n\t\tRoyal Porthcawl\t\t\r\n\t\t\t\t\t                                                <span class=\"bgmp_view-on-map-container\">\r\n                                                [<a href=\"javascript:;\" data-marker-id=\"24406\" class=\"bgmp_view-on-map\">\r\n                                                Sehen                                                <\/a>]\r\n<\/span>\r\n\r\n\t\t\t<\/h3>\r\n\t\r\n\t<div class=\"bgmp_list-description\">\r\n\t\t\t\t<p><a href=\"https:\/\/www.golftravellers.com\/de\/reiseziele\/wales\/golfplatze-in-wales\/suedwales\/royal-porthcawl\/\" target=\"_blank\"><img loading=\"lazy\" decoding=\"async\" class=\"aligncenter wp-image-5733 size-full\" src=\"https:\/\/www.golftravellers.com\/wp-content\/uploads\/2014\/07\/Green-and-sea-on-the-Royal-Porthcawl-golf-course.jpg\" alt=\"Green and sea on the Royal Porthcawl golf course\" width=\"150\" height=\"99\" \/><\/a><\/p>\n<p><a title=\"Royal Porthcawl\" href=\"https:\/\/www.golftravellers.com\/de\/reiseziele\/wales\/golfplatze-in-wales\/suedwales\/royal-porthcawl\/\">Klicken Sie hier f\u00fcr Bilder und Einzelheiten \u00fcber den Platz<\/a><\/p>\n\t<\/div>\r\n\t\r\n\t<p class=\"bgmp_list-link\">\r\n\t\t<a href=\"http:\/\/google.com\/maps?q=\">\r\n\t\t\t\t\t<\/a>\r\n\t<\/p>\r\n<\/li>\t<li id=\"bgmp_list-item-24300\" class=\"bgmp_list-item\">\r\n\t<h3 class=\"bgmp_list-placemark-title\">\r\n\t\tPennard\t\t\r\n\t\t\t\t\t                                                <span class=\"bgmp_view-on-map-container\">\r\n                                                [<a href=\"javascript:;\" data-marker-id=\"24300\" class=\"bgmp_view-on-map\">\r\n                                                Sehen                                                <\/a>]\r\n<\/span>\r\n\r\n\t\t\t<\/h3>\r\n\t\r\n\t<div class=\"bgmp_list-description\">\r\n\t\t\t\t<p><a href=\"https:\/\/www.golftravellers.com\/de\/reiseziele\/wales\/golfplatze-in-wales\/suedwales\/pennard\/\" target=\"_blank\"><img loading=\"lazy\" decoding=\"async\" class=\"aligncenter wp-image-5769 size-full\" src=\"https:\/\/www.golftravellers.com\/wp-content\/uploads\/2014\/07\/Spectacular-views-on-Pennard-golf-course.jpg\" alt=\"Spectacular views on Pennard golf course\" width=\"150\" height=\"100\" \/><\/a><\/p>\n<p><a title=\"Pennard\" href=\"https:\/\/www.golftravellers.com\/de\/reiseziele\/wales\/golfplatze-in-wales\/suedwales\/pennard\/\">Klicken Sie hier f\u00fcr Bilder und Einzelheiten \u00fcber den Platz<\/a><\/p>\n\t<\/div>\r\n\t\r\n\t<p class=\"bgmp_list-link\">\r\n\t\t<a href=\"http:\/\/google.com\/maps?q=\">\r\n\t\t\t\t\t<\/a>\r\n\t<\/p>\r\n<\/li>\t<li id=\"bgmp_list-item-24470\" class=\"bgmp_list-item\">\r\n\t<h3 class=\"bgmp_list-placemark-title\">\r\n\t\tTenby\t\t\r\n\t\t\t\t\t                                                <span class=\"bgmp_view-on-map-container\">\r\n                                                [<a href=\"javascript:;\" data-marker-id=\"24470\" class=\"bgmp_view-on-map\">\r\n                                                Sehen                                                <\/a>]\r\n<\/span>\r\n\r\n\t\t\t<\/h3>\r\n\t\r\n\t<div class=\"bgmp_list-description\">\r\n\t\t\t\t<p><a href=\"https:\/\/www.golftravellers.com\/de\/reiseziele\/wales\/golfplatze-in-wales\/suedwales\/tenby\/\"><img loading=\"lazy\" decoding=\"async\" class=\"aligncenter size-full wp-image-5706\" src=\"https:\/\/www.golftravellers.com\/wp-content\/uploads\/2014\/07\/Green-on-Tenby-golf-course.jpg\" alt=\"Green on Tenby golf course\" width=\"150\" height=\"100\" \/><\/a><\/p>\n<p><a title=\"Tenby\" href=\"https:\/\/www.golftravellers.com\/de\/reiseziele\/wales\/golfplatze-in-wales\/suedwales\/tenby\/\">Klicken Sie hier f\u00fcr Bilder und Einzelheiten \u00fcber den Platz<\/a><\/p>\n\t<\/div>\r\n\t\r\n\t<p class=\"bgmp_list-link\">\r\n\t\t<a href=\"http:\/\/google.com\/maps?q=\">\r\n\t\t\t\t\t<\/a>\r\n\t<\/p>\r\n<\/li>\t<li id=\"bgmp_list-item-24007\" class=\"bgmp_list-item\">\r\n\t<h3 class=\"bgmp_list-placemark-title\">\r\n\t\tAshburnham\t\t\r\n\t\t\t\t\t                                                <span class=\"bgmp_view-on-map-container\">\r\n                                                [<a href=\"javascript:;\" data-marker-id=\"24007\" class=\"bgmp_view-on-map\">\r\n                                                Sehen                                                <\/a>]\r\n<\/span>\r\n\r\n\t\t\t<\/h3>\r\n\t\r\n\t<div class=\"bgmp_list-description\">\r\n\t\t\t\t<p><a href=\"https:\/\/www.golftravellers.com\/de\/reiseziele\/wales\/golfplatze-in-wales\/suedwales\/ashburnham\/\"><img loading=\"lazy\" decoding=\"async\" class=\"aligncenter size-full wp-image-5805\" src=\"https:\/\/www.golftravellers.com\/wp-content\/uploads\/2014\/07\/Small-green-on-the-Ashburnham-golf-course.jpg\" alt=\"Small green on the Ashburnham golf course\" width=\"150\" height=\"100\" \/><\/a><\/p>\n<p><a title=\"Ashburnham\" href=\"https:\/\/www.golftravellers.com\/de\/reiseziele\/wales\/golfplatze-in-wales\/suedwales\/ashburnham\/\">Klicken Sie hier f\u00fcr Bilder und Einzelheiten \u00fcber den Platz<\/a><\/p>\n\t<\/div>\r\n\t\r\n\t<p class=\"bgmp_list-link\">\r\n\t\t<a href=\"http:\/\/google.com\/maps?q=\">\r\n\t\t\t\t\t<\/a>\r\n\t<\/p>\r\n<\/li>\t<li id=\"bgmp_list-item-24448\" class=\"bgmp_list-item\">\r\n\t<h3 class=\"bgmp_list-placemark-title\">\r\n\t\tSoutherndown\t\t\r\n\t\t\t\t\t                                                <span class=\"bgmp_view-on-map-container\">\r\n                                                [<a href=\"javascript:;\" data-marker-id=\"24448\" class=\"bgmp_view-on-map\">\r\n                                                Sehen                                                <\/a>]\r\n<\/span>\r\n\r\n\t\t\t<\/h3>\r\n\t\r\n\t<div class=\"bgmp_list-description\">\r\n\t\t\t\t<p><a href=\"https:\/\/www.golftravellers.com\/de\/reiseziele\/wales\/golfplatze-in-wales\/suedwales\/southerndown\/\"><img loading=\"lazy\" decoding=\"async\" class=\"alignnone wp-image-5724 size-full\" src=\"https:\/\/www.golftravellers.com\/wp-content\/uploads\/2014\/07\/Players-on-the-tee-on-Southerndown-golf-course-e1410862592863.jpg\" alt=\"Players on the tee on Southerndown golf course\" width=\"150\" height=\"94\" \/><\/a><\/p>\n<p><a title=\"Southerndown\" href=\"https:\/\/www.golftravellers.com\/de\/reiseziele\/wales\/golfplatze-in-wales\/suedwales\/southerndown\/\">Klicken Sie hier f\u00fcr Bilder und Einzelheiten \u00fcber den Platz<\/a><\/p>\n\t<\/div>\r\n\t\r\n\t<p class=\"bgmp_list-link\">\r\n\t\t<a href=\"http:\/\/google.com\/maps?q=\">\r\n\t\t\t\t\t<\/a>\r\n\t<\/p>\r\n<\/li>\t<li id=\"bgmp_list-item-24069\" class=\"bgmp_list-item\">\r\n\t<h3 class=\"bgmp_list-placemark-title\">\r\n\t\tCeltic Manor (Twenty Ten)\t\t\r\n\t\t\t\t\t                                                <span class=\"bgmp_view-on-map-container\">\r\n                                                [<a href=\"javascript:;\" data-marker-id=\"24069\" class=\"bgmp_view-on-map\">\r\n                                                Sehen                                                <\/a>]\r\n<\/span>\r\n\r\n\t\t\t<\/h3>\r\n\t\r\n\t<div class=\"bgmp_list-description\">\r\n\t\t\t\t<p><a href=\"https:\/\/www.golftravellers.com\/de\/reiseziele\/wales\/golfplatze-in-wales\/suedwales\/twenty-ten-celtic-manor\/\"><img loading=\"lazy\" decoding=\"async\" class=\"alignnone wp-image-5688 size-full\" src=\"https:\/\/www.golftravellers.com\/wp-content\/uploads\/2014\/07\/Spectacular-par-4-on-the-Twenty-Ten-golf-course-at-Celtic-Manor-e1410863401715.jpg\" alt=\"Spectacular par 4 on the Twenty Ten golf course at Celtic Manor\" width=\"150\" height=\"68\" \/><\/a><\/p>\n<p><a title=\"Twenty Ten (Celtic Manor)\" href=\"https:\/\/www.golftravellers.com\/de\/reiseziele\/wales\/golfplatze-in-wales\/suedwales\/twenty-ten-celtic-manor\/\">Klicken Sie hier f\u00fcr Bilder und Einzelheiten \u00fcber den Platz<\/a><\/p>\n\t<\/div>\r\n\t\r\n\t<p class=\"bgmp_list-link\">\r\n\t\t<a href=\"http:\/\/google.com\/maps?q=\">\r\n\t\t\t\t\t<\/a>\r\n\t<\/p>\r\n<\/li>\t<li id=\"bgmp_list-item-24067\" class=\"bgmp_list-item\">\r\n\t<h3 class=\"bgmp_list-placemark-title\">\r\n\t\tCeltic Manor (Roman Road)\t\t\r\n\t\t\t\t\t                                                <span class=\"bgmp_view-on-map-container\">\r\n                                                [<a href=\"javascript:;\" data-marker-id=\"24067\" class=\"bgmp_view-on-map\">\r\n                                                Sehen                                                <\/a>]\r\n<\/span>\r\n\r\n\t\t\t<\/h3>\r\n\t\r\n\t<div class=\"bgmp_list-description\">\r\n\t\t\t\t<p><a href=\"https:\/\/www.golftravellers.com\/de\/reiseziele\/wales\/golfplatze-in-wales\/suedwales\/roman-road-celtic-manor\/\"><img loading=\"lazy\" decoding=\"async\" class=\"aligncenter wp-image-5742 size-full\" src=\"https:\/\/www.golftravellers.com\/wp-content\/uploads\/2014\/07\/Undulated-green-on-the-Roman-Road-course-at-Celtic-Manor-e1410862544490.jpg\" alt=\"Undulated green on the Roman Road course at Celtic Manor\" width=\"150\" height=\"83\" \/><\/a><\/p>\n<p><a title=\"Roman Road (Celtic Manor)\" href=\"https:\/\/www.golftravellers.com\/de\/reiseziele\/wales\/golfplatze-in-wales\/suedwales\/roman-road-celtic-manor\/\">Klicken Sie hier f\u00fcr Bilder und Einzelheiten \u00fcber den Platz<\/a><\/p>\n\t<\/div>\r\n\t\r\n\t<p class=\"bgmp_list-link\">\r\n\t\t<a href=\"http:\/\/google.com\/maps?q=\">\r\n\t\t\t\t\t<\/a>\r\n\t<\/p>\r\n<\/li>\t<li id=\"bgmp_list-item-24065\" class=\"bgmp_list-item\">\r\n\t<h3 class=\"bgmp_list-placemark-title\">\r\n\t\tCeltic Manor (Montgomerie)\t\t\r\n\t\t\t\t\t                                                <span class=\"bgmp_view-on-map-container\">\r\n                                                [<a href=\"javascript:;\" data-marker-id=\"24065\" class=\"bgmp_view-on-map\">\r\n                                                Sehen                                                <\/a>]\r\n<\/span>\r\n\r\n\t\t\t<\/h3>\r\n\t\r\n\t<div class=\"bgmp_list-description\">\r\n\t\t\t\t<p><a title=\"Montgomerie (Celtic Manor)\" href=\"https:\/\/www.golftravellers.com\/de\/reiseziele\/wales\/golfplatze-in-wales\/suedwales\/montgomerie-celtic-manor\/\"><img loading=\"lazy\" decoding=\"async\" class=\"alignnone size-thumbnail wp-image-23010\" src=\"https:\/\/www.golftravellers.com\/wp-content\/uploads\/2014\/07\/celticmanor-montgomerie-150x100.jpg\" alt=\"celticmanor-montgomerie\" width=\"150\" height=\"100\" \/><\/a><\/p>\n<p><a title=\"Montgomerie (Celtic Manor)\" href=\"https:\/\/www.golftravellers.com\/de\/reiseziele\/wales\/golfplatze-in-wales\/suedwales\/montgomerie-celtic-manor\/\">Klicken Sie hier f\u00fcr Bilder und Einzelheiten \u00fcber den Platz<\/a><\/p>\n\t<\/div>\r\n\t\r\n\t<p class=\"bgmp_list-link\">\r\n\t\t<a href=\"http:\/\/google.com\/maps?q=\">\r\n\t\t\t\t\t<\/a>\r\n\t<\/p>\r\n<\/li>\t<li id=\"bgmp_list-item-24242\" class=\"bgmp_list-item\">\r\n\t<h3 class=\"bgmp_list-placemark-title\">\r\n\t\tMachynys Peninsula\t\t\r\n\t\t\t\t\t                                                <span class=\"bgmp_view-on-map-container\">\r\n                                                [<a href=\"javascript:;\" data-marker-id=\"24242\" class=\"bgmp_view-on-map\">\r\n                                                Sehen                                                <\/a>]\r\n<\/span>\r\n\r\n\t\t\t<\/h3>\r\n\t\r\n\t<div class=\"bgmp_list-description\">\r\n\t\t\t\t<p><a href=\"https:\/\/www.golftravellers.com\/de\/reiseziele\/wales\/golfplatze-in-wales\/suedwales\/machynys-peninsula\/\"><img loading=\"lazy\" decoding=\"async\" class=\"aligncenter size-full wp-image-5787\" src=\"https:\/\/www.golftravellers.com\/wp-content\/uploads\/2014\/07\/Large-green-on-the-Machynys-golf-course.jpg\" alt=\"Large green on the Machynys golf course\" width=\"150\" height=\"100\" \/><\/a><\/p>\n<p><a title=\"Machynys Peninsula\" href=\"https:\/\/www.golftravellers.com\/de\/reiseziele\/wales\/golfplatze-in-wales\/suedwales\/machynys-peninsula\/\">Klicken Sie hier f\u00fcr Bilder und Einzelheiten \u00fcber den Platz<\/a><\/p>\n\t<\/div>\r\n\t\r\n\t<p class=\"bgmp_list-link\">\r\n\t\t<a href=\"http:\/\/google.com\/maps?q=\">\r\n\t\t\t\t\t<\/a>\r\n\t<\/p>\r\n<\/li>\t<li id=\"bgmp_list-item-24491\" class=\"bgmp_list-item\">\r\n\t<h3 class=\"bgmp_list-placemark-title\">\r\n\t\tThe Rolls of Monmouth\t\t\r\n\t\t\t\t\t                                                <span class=\"bgmp_view-on-map-container\">\r\n                                                [<a href=\"javascript:;\" data-marker-id=\"24491\" class=\"bgmp_view-on-map\">\r\n                                                Sehen                                                <\/a>]\r\n<\/span>\r\n\r\n\t\t\t<\/h3>\r\n\t\r\n\t<div class=\"bgmp_list-description\">\r\n\t\t\t\t<p>\u00a0<a href=\"https:\/\/www.golftravellers.com\/de\/reiseziele\/wales\/golfplatze-in-wales\/suedwales\/the-rolls-of-monmouth\/\"><img loading=\"lazy\" decoding=\"async\" class=\"alignnone wp-image-5697 size-full\" src=\"https:\/\/www.golftravellers.com\/wp-content\/uploads\/2014\/07\/18th-hole-with-river-at-The-Rolls-of-Monmouth-golf-course-e1410862719809.jpg\" alt=\"18th hole with river at The Rolls of Monmouth golf course\" width=\"150\" height=\"80\" \/><\/a><\/p>\n<p><a title=\"The Rolls of Monmouth\" href=\"https:\/\/www.golftravellers.com\/de\/reiseziele\/wales\/golfplatze-in-wales\/suedwales\/the-rolls-of-monmouth\/\">Klicken Sie hier f\u00fcr Bilder und Einzelheiten \u00fcber den Platz<\/a><\/p>\n\t<\/div>\r\n\t\r\n\t<p class=\"bgmp_list-link\">\r\n\t\t<a href=\"http:\/\/google.com\/maps?q=\">\r\n\t\t\t\t\t<\/a>\r\n\t<\/p>\r\n<\/li>\t<li id=\"bgmp_list-item-24368\" class=\"bgmp_list-item\">\r\n\t<h3 class=\"bgmp_list-placemark-title\">\r\n\t\tPyle and Kenfig\t\t\r\n\t\t\t\t\t                                                <span class=\"bgmp_view-on-map-container\">\r\n                                                [<a href=\"javascript:;\" data-marker-id=\"24368\" class=\"bgmp_view-on-map\">\r\n                                                Sehen                                                <\/a>]\r\n<\/span>\r\n\r\n\t\t\t<\/h3>\r\n\t\r\n\t<div class=\"bgmp_list-description\">\r\n\t\t\t\t<p><a href=\"https:\/\/www.golftravellers.com\/de\/reiseziele\/wales\/golfplatze-in-wales\/suedwales\/pyle-kenfig\/\"><img loading=\"lazy\" decoding=\"async\" class=\"aligncenter size-full wp-image-5760\" src=\"https:\/\/www.golftravellers.com\/wp-content\/uploads\/2014\/07\/Large-green-on-Pyle-and-Kenfig-golf-course.jpg\" alt=\"Large green on Pyle and Kenfig golf course\" width=\"150\" height=\"100\" \/><\/a><\/p>\n<p><a title=\"Pyle &amp; Kenfig\" href=\"https:\/\/www.golftravellers.com\/de\/reiseziele\/wales\/golfplatze-in-wales\/suedwales\/pyle-kenfig\/\">Klicken Sie hier f\u00fcr Bilder und Einzelheiten \u00fcber den Platz<\/a><\/p>\n\t<\/div>\r\n\t\r\n\t<p class=\"bgmp_list-link\">\r\n\t\t<a href=\"http:\/\/google.com\/maps?q=\">\r\n\t\t\t\t\t<\/a>\r\n\t<\/p>\r\n<\/li>\t<li id=\"bgmp_list-item-24462\" class=\"bgmp_list-item\">\r\n\t<h3 class=\"bgmp_list-placemark-title\">\r\n\t\tSt Pierre (Marriott)\t\t\r\n\t\t\t\t\t                                                <span class=\"bgmp_view-on-map-container\">\r\n                                                [<a href=\"javascript:;\" data-marker-id=\"24462\" class=\"bgmp_view-on-map\">\r\n                                                Sehen                                                <\/a>]\r\n<\/span>\r\n\r\n\t\t\t<\/h3>\r\n\t\r\n\t<div class=\"bgmp_list-description\">\r\n\t\t\t\t<p><a href=\"https:\/\/www.golftravellers.com\/de\/reiseziele\/wales\/golfplatze-in-wales\/suedwales\/st-pierre-marriott\/\"><img loading=\"lazy\" decoding=\"async\" class=\"aligncenter size-full wp-image-5715\" src=\"https:\/\/www.golftravellers.com\/wp-content\/uploads\/2014\/07\/Long-green-and-lake-on-the-Marriott-St-Pierre-golf-course.jpg\" alt=\"Long green and lake on the Marriott St Pierre golf course\" width=\"150\" height=\"100\" \/><\/a><\/p>\n<p><a title=\"St Pierre (Marriott)\" href=\"https:\/\/www.golftravellers.com\/de\/reiseziele\/wales\/golfplatze-in-wales\/suedwales\/st-pierre-marriott\/\">Klicken Sie hier f\u00fcr Bilder und Einzelheiten \u00fcber den Platz<\/a><\/p>\n\t<\/div>\r\n\t\r\n\t<p class=\"bgmp_list-link\">\r\n\t\t<a href=\"http:\/\/google.com\/maps?q=\">\r\n\t\t\t\t\t<\/a>\r\n\t<\/p>\r\n<\/li>\t<li id=\"bgmp_list-item-24278\" class=\"bgmp_list-item\">\r\n\t<h3 class=\"bgmp_list-placemark-title\">\r\n\t\tNewport\t\t\r\n\t\t\t\t\t                                                <span class=\"bgmp_view-on-map-container\">\r\n                                                [<a href=\"javascript:;\" data-marker-id=\"24278\" class=\"bgmp_view-on-map\">\r\n                                                Sehen                                                <\/a>]\r\n<\/span>\r\n\r\n\t\t\t<\/h3>\r\n\t\r\n\t<div class=\"bgmp_list-description\">\r\n\t\t\t\t<p><a href=\"https:\/\/www.golftravellers.com\/de\/reiseziele\/wales\/golfplatze-in-wales\/suedwales\/newport\/\"><img loading=\"lazy\" decoding=\"async\" class=\"aligncenter size-full wp-image-5778\" src=\"https:\/\/www.golftravellers.com\/wp-content\/uploads\/2014\/07\/Large-green-on-the-Newport-golf-course.jpg\" alt=\"Large green on the Newport golf course\" width=\"150\" height=\"100\" \/><\/a><\/p>\n<p><a title=\"Newport\" href=\"https:\/\/www.golftravellers.com\/de\/reiseziele\/wales\/golfplatze-in-wales\/suedwales\/newport\/\">Klicken Sie hier f\u00fcr Bilder und Einzelheiten \u00fcber den Platz<\/a><\/p>\n\t<\/div>\r\n\t\r\n\t<p class=\"bgmp_list-link\">\r\n\t\t<a href=\"http:\/\/google.com\/maps?q=\">\r\n\t\t\t\t\t<\/a>\r\n\t<\/p>\r\n<\/li>\t<li id=\"bgmp_list-item-24510\" class=\"bgmp_list-item\">\r\n\t<h3 class=\"bgmp_list-placemark-title\">\r\n\t\tVale (Wales National)\t\t\r\n\t\t\t\t\t                                                <span class=\"bgmp_view-on-map-container\">\r\n                                                [<a href=\"javascript:;\" data-marker-id=\"24510\" class=\"bgmp_view-on-map\">\r\n                                                Sehen                                                <\/a>]\r\n<\/span>\r\n\r\n\t\t\t<\/h3>\r\n\t\r\n\t<div class=\"bgmp_list-description\">\r\n\t\t\t\t<p><a href=\"https:\/\/www.golftravellers.com\/de\/reiseziele\/wales\/golfplatze-in-wales\/suedwales\/vale-wales-national\/\"><img loading=\"lazy\" decoding=\"async\" class=\"aligncenter size-full wp-image-5670\" src=\"https:\/\/www.golftravellers.com\/wp-content\/uploads\/2014\/07\/Par-3-on-the-Wales-National-course-at-the-Vale-resort.jpg\" alt=\"Par 3 on the Wales National course at the Vale resort\" width=\"150\" height=\"100\" \/><\/a><\/p>\n<p><a title=\"Vale (Wales National)\" href=\"https:\/\/www.golftravellers.com\/de\/reiseziele\/wales\/golfplatze-in-wales\/suedwales\/vale-wales-national\/\">Klicken Sie hier f\u00fcr Bilder und Einzelheiten \u00fcber den Platz<\/a><\/p>\n\t<\/div>\r\n\t\r\n\t<p class=\"bgmp_list-link\">\r\n\t\t<a href=\"http:\/\/google.com\/maps?q=\">\r\n\t\t\t\t\t<\/a>\r\n\t<\/p>\r\n<\/li>\t<li id=\"bgmp_list-item-24508\" class=\"bgmp_list-item\">\r\n\t<h3 class=\"bgmp_list-placemark-title\">\r\n\t\tVale (Lake)\t\t\r\n\t\t\t\t\t                                                <span class=\"bgmp_view-on-map-container\">\r\n                                                [<a href=\"javascript:;\" data-marker-id=\"24508\" class=\"bgmp_view-on-map\">\r\n                                                Sehen                                                <\/a>]\r\n<\/span>\r\n\r\n\t\t\t<\/h3>\r\n\t\r\n\t<div class=\"bgmp_list-description\">\r\n\t\t\t\t<p><a href=\"https:\/\/www.golftravellers.com\/de\/reiseziele\/wales\/golfplatze-in-wales\/suedwales\/vale-lake-course\/\"><img loading=\"lazy\" decoding=\"async\" class=\"aligncenter size-full wp-image-5679\" src=\"https:\/\/www.golftravellers.com\/wp-content\/uploads\/2014\/07\/Green-and-lake-on-the-Lake-Course-at-the-Vale-resort.jpg\" alt=\"Green and lake on the Lake Course at the Vale resort\" width=\"150\" height=\"100\" \/><\/a><\/p>\n<p><a title=\"Vale (Lake Course)\" href=\"https:\/\/www.golftravellers.com\/de\/reiseziele\/wales\/golfplatze-in-wales\/suedwales\/vale-lake-course\/\">Klicken Sie hier f\u00fcr Bilder und Einzelheiten \u00fcber den Platz<\/a><\/p>\n\t<\/div>\r\n\t\r\n\t<p class=\"bgmp_list-link\">\r\n\t\t<a href=\"http:\/\/google.com\/maps?q=\">\r\n\t\t\t\t\t<\/a>\r\n\t<\/p>\r\n<\/li>\t<li id=\"bgmp_list-item-24047\" class=\"bgmp_list-item\">\r\n\t<h3 class=\"bgmp_list-placemark-title\">\r\n\t\tCarmarthen\t\t\r\n\t\t\t\t\t                                                <span class=\"bgmp_view-on-map-container\">\r\n                                                [<a href=\"javascript:;\" data-marker-id=\"24047\" class=\"bgmp_view-on-map\">\r\n                                                Sehen                                                <\/a>]\r\n<\/span>\r\n\r\n\t\t\t<\/h3>\r\n\t\r\n\t<div class=\"bgmp_list-description\">\r\n\t\t\t\t<p><a href=\"https:\/\/www.golftravellers.com\/de\/reiseziele\/wales\/golfplatze-in-wales\/suedwales\/carmarthen\/\"><img loading=\"lazy\" decoding=\"async\" class=\"aligncenter size-full wp-image-5796\" src=\"https:\/\/www.golftravellers.com\/wp-content\/uploads\/2014\/07\/Flag-on-the-Carmarthen-golf-course.jpg\" alt=\"Flag on the Carmarthen golf course\" width=\"150\" height=\"100\" \/><\/a><\/p>\n<p><a title=\"Carmarthen\" href=\"https:\/\/www.golftravellers.com\/de\/reiseziele\/wales\/golfplatze-in-wales\/suedwales\/carmarthen\/\">Klicken Sie hier f\u00fcr Bilder und Einzelheiten \u00fcber den Platz<\/a><\/p>\n\t<\/div>\r\n\t\r\n\t<p class=\"bgmp_list-link\">\r\n\t\t<a href=\"http:\/\/google.com\/maps?q=\">\r\n\t\t\t\t\t<\/a>\r\n\t<\/p>\r\n<\/li>\t<\/ul>\n<\/div>\n","protected":false},"excerpt":{"rendered":"<p>Royal Porthcawl s\u00fcdlich von Swansea ist der beste Platz des Landes und der einzige, der zu den besten 100 Pl\u00e4tzen der Welt z\u00e4hlt. Swansea selbst ist mit gro\u00dfartigen Linkspl\u00e4tzen wie Pennard, Tenby, Ashburnham und Royal Porthcawl ein beliebter Anziehungspunkt. Unmittelbar n\u00f6rdlich von Cardiff liegt zudem der ber\u00fchmte 5-Sterne Celtic Manor Resort mit insgesamt 3 Pl\u00e4tzen [&hellip;]<\/p>\n","protected":false},"author":6,"featured_media":32904,"parent":22004,"menu_order":20,"comment_status":"open","ping_status":"closed","template":"","meta":{"_genesis_hide_title":false,"_genesis_hide_breadcrumbs":false,"_genesis_hide_singular_image":false,"_genesis_hide_footer_widgets":false,"_genesis_custom_body_class":"","_genesis_custom_post_class":"","_genesis_layout":"full-width-content","footnotes":""},"class_list":{"0":"post-22053","1":"page","2":"type-page","3":"status-publish","4":"has-post-thumbnail","6":"entry"},"_links":{"self":[{"href":"https:\/\/www.golftravellers.com\/de\/wp-json\/wp\/v2\/pages\/22053","targetHints":{"allow":["GET"]}}],"collection":[{"href":"https:\/\/www.golftravellers.com\/de\/wp-json\/wp\/v2\/pages"}],"about":[{"href":"https:\/\/www.golftravellers.com\/de\/wp-json\/wp\/v2\/types\/page"}],"author":[{"embeddable":true,"href":"https:\/\/www.golftravellers.com\/de\/wp-json\/wp\/v2\/users\/6"}],"replies":[{"embeddable":true,"href":"https:\/\/www.golftravellers.com\/de\/wp-json\/wp\/v2\/comments?post=22053"}],"version-history":[{"count":9,"href":"https:\/\/www.golftravellers.com\/de\/wp-json\/wp\/v2\/pages\/22053\/revisions"}],"predecessor-version":[{"id":40274,"href":"https:\/\/www.golftravellers.com\/de\/wp-json\/wp\/v2\/pages\/22053\/revisions\/40274"}],"up":[{"embeddable":true,"href":"https:\/\/www.golftravellers.com\/de\/wp-json\/wp\/v2\/pages\/22004"}],"wp:featuredmedia":[{"embeddable":true,"href":"https:\/\/www.golftravellers.com\/de\/wp-json\/wp\/v2\/media\/32904"}],"wp:attachment":[{"href":"https:\/\/www.golftravellers.com\/de\/wp-json\/wp\/v2\/media?parent=22053"}],"curies":[{"name":"wp","href":"https:\/\/api.w.org\/{rel}","templated":true}]}}