{"id":22051,"date":"2015-02-17T10:30:33","date_gmt":"2015-02-17T10:30:33","guid":{"rendered":"http:\/\/www.golftravellers.com\/?page_id=22051"},"modified":"2017-10-30T13:47:24","modified_gmt":"2017-10-30T13:47:24","slug":"nordwales","status":"publish","type":"page","link":"https:\/\/www.golftravellers.com\/de\/reiseziele\/wales\/golfplatze-in-wales\/nordwales\/","title":{"rendered":"Nordwales"},"content":{"rendered":"<div class=\"two-thirds first\">\n<p>Die Anreise in diese Region erfolgt entweder \u00fcber Liverpool Airport oder Cardiff Airport. Ballungsraum wundersch\u00f6ner sowie herausragender Golfpl\u00e4tze wie dem Royal St David&#8217;s, das auf dem zweiten Platz gef\u00fchrt wird, Aberdovey (dritter Platz) sowie Nefyn &amp; District, dessen L\u00f6cher z.T. auf einer spektakul\u00e4ren Halbinsel liegen.<\/p>\n<p class=\"error\">Basic Google Maps Placemarks Fehler: JavaScript und\/oder CSS Dateien sind niche geladen. Falls Sie do_shortcode() verwenden, m\u00fcssen Sie erst einen Filter zu Ihrem Theme hinzuf\u00fcgen. Schauen Sie in <a href=\"http:\/\/wordpress.org\/extend\/plugins\/basic-google-maps-placemarks\/faq\/\">die FAQ<\/a> f\u00fcr weitere Details.<\/p>\n<\/div>\n<div class=\"one-third\">\n<h2>Golfregionen<\/h2>\n<ul>\n<li><a title=\"Nordwales\" href=\"https:\/\/www.golftravellers.com\/de\/reiseziele\/wales\/golfplatze-in-wales\/nordwales\/#north\">Nordwales<\/a><\/li>\n<li><a title=\"S\u00fcdwales\" href=\"https:\/\/www.golftravellers.com\/de\/reiseziele\/wales\/golfplatze-in-wales\/suedwales\/#south\">S\u00fcdwales<\/a><\/li>\n<\/ul>\n<h2>Golfpl\u00e4tze<\/h2>\n<ul id=\"bgmp_list\" class=\"bgmp_list\"><li id=\"bgmp_list-item-24410\" class=\"bgmp_list-item\">\r\n\t<h3 class=\"bgmp_list-placemark-title\">\r\n\t\tRoyal St David\u2019s\t\t\r\n\t\t\t\t\t                                                <span class=\"bgmp_view-on-map-container\">\r\n                                                [<a href=\"javascript:;\" data-marker-id=\"24410\" class=\"bgmp_view-on-map\">\r\n                                                Sehen                                                <\/a>]\r\n<\/span>\r\n\r\n\t\t\t<\/h3>\r\n\t\r\n\t<div class=\"bgmp_list-description\">\r\n\t\t\t\t<p><a href=\"https:\/\/www.golftravellers.com\/de\/reiseziele\/wales\/golfplatze-in-wales\/nordwales\/royal-st-davids\/\"><img loading=\"lazy\" decoding=\"async\" class=\"aligncenter size-full wp-image-5823\" src=\"https:\/\/www.golftravellers.com\/wp-content\/uploads\/2014\/07\/Green-surrounded-by-dunes-on-the-Royal-St-David-golf-course.jpg\" alt=\"Green surrounded by dunes on the Royal St David golf course\" width=\"150\" height=\"100\" \/><\/a><\/p>\n<p><a title=\"Royal St David\u2019s\" href=\"https:\/\/www.golftravellers.com\/de\/reiseziele\/wales\/golfplatze-in-wales\/nordwales\/royal-st-davids\/\">Klicken Sie hier f\u00fcr Bilder und Einzelheiten \u00fcber den Platz<\/a><\/p>\n\t<\/div>\r\n\t\r\n\t<p class=\"bgmp_list-link\">\r\n\t\t<a href=\"http:\/\/google.com\/maps?q=\">\r\n\t\t\t\t\t<\/a>\r\n\t<\/p>\r\n<\/li>\t<li id=\"bgmp_list-item-22002\" class=\"bgmp_list-item\">\r\n\t<h3 class=\"bgmp_list-placemark-title\">\r\n\t\tAberdovey\t\t\r\n\t\t\t\t\t                                                <span class=\"bgmp_view-on-map-container\">\r\n                                                [<a href=\"javascript:;\" data-marker-id=\"22002\" class=\"bgmp_view-on-map\">\r\n                                                Sehen                                                <\/a>]\r\n<\/span>\r\n\r\n\t\t\t<\/h3>\r\n\t\r\n\t<div class=\"bgmp_list-description\">\r\n\t\t\t\t<p><a href=\"https:\/\/www.golftravellers.com\/de\/reiseziele\/wales\/golfplatze-in-wales\/nordwales\/aberdovey\/\"><img loading=\"lazy\" decoding=\"async\" class=\"aligncenter size-full wp-image-5913\" src=\"https:\/\/www.golftravellers.com\/wp-content\/uploads\/2014\/07\/Golfers-playing-on-the-Aberdovey-golf-course.jpg\" alt=\"Golfers playing on the Aberdovey golf course\" width=\"150\" height=\"100\" \/><\/a><\/p>\n<p><a title=\"Aberdovey\" href=\"https:\/\/www.golftravellers.com\/de\/reiseziele\/wales\/golfplatze-in-wales\/nordwales\/aberdovey\/\">Klicken Sie hier f\u00fcr Bilder und Einzelheiten \u00fcber den Platz<\/a><\/p>\n\t<\/div>\r\n\t\r\n\t<p class=\"bgmp_list-link\">\r\n\t\t<a href=\"http:\/\/google.com\/maps?q=\">\r\n\t\t\t\t\t<\/a>\r\n\t<\/p>\r\n<\/li>\t<li id=\"bgmp_list-item-24272\" class=\"bgmp_list-item\">\r\n\t<h3 class=\"bgmp_list-placemark-title\">\r\n\t\tNefyn and District\t\t\r\n\t\t\t\t\t                                                <span class=\"bgmp_view-on-map-container\">\r\n                                                [<a href=\"javascript:;\" data-marker-id=\"24272\" class=\"bgmp_view-on-map\">\r\n                                                Sehen                                                <\/a>]\r\n<\/span>\r\n\r\n\t\t\t<\/h3>\r\n\t\r\n\t<div class=\"bgmp_list-description\">\r\n\t\t\t\t<p><a href=\"https:\/\/www.golftravellers.com\/de\/reiseziele\/wales\/golfplatze-in-wales\/nordwales\/nefyn-district\/\"><img loading=\"lazy\" decoding=\"async\" class=\"aligncenter size-full wp-image-5859\" src=\"https:\/\/www.golftravellers.com\/wp-content\/uploads\/2014\/07\/Aerial-view-of-Nefyn-and-District-golf-course.jpg\" alt=\"Aerial view of Nefyn and District golf course\" width=\"150\" height=\"100\" \/><\/a><\/p>\n<p><a title=\"Nefyn &amp; District\" href=\"https:\/\/www.golftravellers.com\/de\/reiseziele\/wales\/golfplatze-in-wales\/nordwales\/nefyn-district\/\">Klicken Sie hier f\u00fcr Bilder und Einzelheiten \u00fcber den Platz<\/a><\/p>\n\t<\/div>\r\n\t\r\n\t<p class=\"bgmp_list-link\">\r\n\t\t<a href=\"http:\/\/google.com\/maps?q=\">\r\n\t\t\t\t\t<\/a>\r\n\t<\/p>\r\n<\/li>\t<li id=\"bgmp_list-item-24077\" class=\"bgmp_list-item\">\r\n\t<h3 class=\"bgmp_list-placemark-title\">\r\n\t\tConwy\t\t\r\n\t\t\t\t\t                                                <span class=\"bgmp_view-on-map-container\">\r\n                                                [<a href=\"javascript:;\" data-marker-id=\"24077\" class=\"bgmp_view-on-map\">\r\n                                                Sehen                                                <\/a>]\r\n<\/span>\r\n\r\n\t\t\t<\/h3>\r\n\t\r\n\t<div class=\"bgmp_list-description\">\r\n\t\t\t\t<p><a href=\"https:\/\/www.golftravellers.com\/de\/reiseziele\/wales\/golfplatze-in-wales\/nordwales\/conwy\/\"><img loading=\"lazy\" decoding=\"async\" class=\"aligncenter size-full wp-image-5886\" src=\"https:\/\/www.golftravellers.com\/wp-content\/uploads\/2014\/07\/Tee-on-Conwy-golf-course.jpg\" alt=\"Tee on Conwy golf course\" width=\"150\" height=\"100\" \/><\/a><\/p>\n<p><a title=\"Conwy\" href=\"https:\/\/www.golftravellers.com\/de\/reiseziele\/wales\/golfplatze-in-wales\/nordwales\/conwy\/\">Klicken Sie hier f\u00fcr Bilder und Einzelheiten \u00fcber den Platz<\/a><\/p>\n\t<\/div>\r\n\t\r\n\t<p class=\"bgmp_list-link\">\r\n\t\t<a href=\"http:\/\/google.com\/maps?q=\">\r\n\t\t\t\t\t<\/a>\r\n\t<\/p>\r\n<\/li>\t<li id=\"bgmp_list-item-24284\" class=\"bgmp_list-item\">\r\n\t<h3 class=\"bgmp_list-placemark-title\">\r\n\t\tNorth Wales\t\t\r\n\t\t\t\t\t                                                <span class=\"bgmp_view-on-map-container\">\r\n                                                [<a href=\"javascript:;\" data-marker-id=\"24284\" class=\"bgmp_view-on-map\">\r\n                                                Sehen                                                <\/a>]\r\n<\/span>\r\n\r\n\t\t\t<\/h3>\r\n\t\r\n\t<div class=\"bgmp_list-description\">\r\n\t\t\t\t<p><a href=\"https:\/\/www.golftravellers.com\/de\/reiseziele\/wales\/golfplatze-in-wales\/nordwales\/north-wales\/\"><img loading=\"lazy\" decoding=\"async\" class=\"alignnone wp-image-5850 size-full\" src=\"https:\/\/www.golftravellers.com\/wp-content\/uploads\/2014\/07\/Undulated-green-on-North-Wales-golf-course-e1411932160271.jpg\" alt=\"Undulated green on North Wales golf course\" width=\"150\" height=\"90\" \/><\/a><\/p>\n<p><a title=\"North Wales\" href=\"https:\/\/www.golftravellers.com\/de\/reiseziele\/wales\/golfplatze-in-wales\/nordwales\/north-wales\/\">Klicken Sie hier f\u00fcr Bilder und Einzelheiten \u00fcber den Platz<\/a><\/p>\n\t<\/div>\r\n\t\r\n\t<p class=\"bgmp_list-link\">\r\n\t\t<a href=\"http:\/\/google.com\/maps?q=\">\r\n\t\t\t\t\t<\/a>\r\n\t<\/p>\r\n<\/li>\t<li id=\"bgmp_list-item-24326\" class=\"bgmp_list-item\">\r\n\t<h3 class=\"bgmp_list-placemark-title\">\r\n\t\tPwllheli\t\t\r\n\t\t\t\t\t                                                <span class=\"bgmp_view-on-map-container\">\r\n                                                [<a href=\"javascript:;\" data-marker-id=\"24326\" class=\"bgmp_view-on-map\">\r\n                                                Sehen                                                <\/a>]\r\n<\/span>\r\n\r\n\t\t\t<\/h3>\r\n\t\r\n\t<div class=\"bgmp_list-description\">\r\n\t\t\t\t<p><a href=\"https:\/\/www.golftravellers.com\/de\/reiseziele\/wales\/golfplatze-in-wales\/nordwales\/pwllheli\/\"><img loading=\"lazy\" decoding=\"async\" class=\"alignnone wp-image-5832 size-full\" src=\"https:\/\/www.golftravellers.com\/wp-content\/uploads\/2014\/07\/Fairway-bunkers-on-Pwllheli-golf-course-e1411932231676.jpg\" alt=\"Fairway bunkers on Pwllheli golf course\" width=\"150\" height=\"86\" \/><\/a><\/p>\n<p><a title=\"Pwllheli\" href=\"https:\/\/www.golftravellers.com\/de\/reiseziele\/wales\/golfplatze-in-wales\/nordwales\/pwllheli\/\">Klicken Sie hier f\u00fcr Bilder und Einzelheiten \u00fcber den Platz<\/a><\/p>\n\t<\/div>\r\n\t\r\n\t<p class=\"bgmp_list-link\">\r\n\t\t<a href=\"http:\/\/google.com\/maps?q=\">\r\n\t\t\t\t\t<\/a>\r\n\t<\/p>\r\n<\/li>\t<li id=\"bgmp_list-item-24304\" class=\"bgmp_list-item\">\r\n\t<h3 class=\"bgmp_list-placemark-title\">\r\n\t\tPorthmadog\t\t\r\n\t\t\t\t\t                                                <span class=\"bgmp_view-on-map-container\">\r\n                                                [<a href=\"javascript:;\" data-marker-id=\"24304\" class=\"bgmp_view-on-map\">\r\n                                                Sehen                                                <\/a>]\r\n<\/span>\r\n\r\n\t\t\t<\/h3>\r\n\t\r\n\t<div class=\"bgmp_list-description\">\r\n\t\t\t\t<p><a href=\"https:\/\/www.golftravellers.com\/de\/reiseziele\/wales\/golfplatze-in-wales\/nordwales\/porthmadog\/\"><img loading=\"lazy\" decoding=\"async\" class=\"aligncenter size-full wp-image-5841\" src=\"https:\/\/www.golftravellers.com\/wp-content\/uploads\/2014\/07\/Green-and-beautiful-scenery-on-Porthmadog-golf-course.jpg\" alt=\"Green and beautiful scenery on Porthmadog golf course\" width=\"150\" height=\"100\" \/><\/a><\/p>\n<p><a title=\"Porthmadog\" href=\"https:\/\/www.golftravellers.com\/de\/reiseziele\/wales\/golfplatze-in-wales\/nordwales\/porthmadog\/\">Klicken Sie hier f\u00fcr Bilder und Einzelheiten \u00fcber den Platz<\/a><\/p>\n\t<\/div>\r\n\t\r\n\t<p class=\"bgmp_list-link\">\r\n\t\t<a href=\"http:\/\/google.com\/maps?q=\">\r\n\t\t\t\t\t<\/a>\r\n\t<\/p>\r\n<\/li>\t<li id=\"bgmp_list-item-24033\" class=\"bgmp_list-item\">\r\n\t<h3 class=\"bgmp_list-placemark-title\">\r\n\t\tBorth and Ynyslas\t\t\r\n\t\t\t\t\t                                                <span class=\"bgmp_view-on-map-container\">\r\n                                                [<a href=\"javascript:;\" data-marker-id=\"24033\" class=\"bgmp_view-on-map\">\r\n                                                Sehen                                                <\/a>]\r\n<\/span>\r\n\r\n\t\t\t<\/h3>\r\n\t\r\n\t<div class=\"bgmp_list-description\">\r\n\t\t\t\t<p><a href=\"https:\/\/www.golftravellers.com\/de\/reiseziele\/wales\/golfplatze-in-wales\/nordwales\/borth-ynyslas\/\"><img loading=\"lazy\" decoding=\"async\" class=\"aligncenter size-full wp-image-5904\" src=\"https:\/\/www.golftravellers.com\/wp-content\/uploads\/2014\/07\/Golfers-putting-on-Borth-and-Ynyslas-golf-course.jpg\" alt=\"Golfers putting on Borth and Ynyslas golf course\" width=\"150\" height=\"100\" \/><\/a><\/p>\n<p><a title=\"Borth &amp; Ynyslas\" href=\"https:\/\/www.golftravellers.com\/de\/reiseziele\/wales\/golfplatze-in-wales\/nordwales\/borth-ynyslas\/\">Klicken Sie hier f\u00fcr Bilder und Einzelheiten \u00fcber den Platz<\/a><\/p>\n\t<\/div>\r\n\t\r\n\t<p class=\"bgmp_list-link\">\r\n\t\t<a href=\"http:\/\/google.com\/maps?q=\">\r\n\t\t\t\t\t<\/a>\r\n\t<\/p>\r\n<\/li>\t<li id=\"bgmp_list-item-24039\" class=\"bgmp_list-item\">\r\n\t<h3 class=\"bgmp_list-placemark-title\">\r\n\t\tBull Bay\t\t\r\n\t\t\t\t\t                                                <span class=\"bgmp_view-on-map-container\">\r\n                                                [<a href=\"javascript:;\" data-marker-id=\"24039\" class=\"bgmp_view-on-map\">\r\n                                                Sehen                                                <\/a>]\r\n<\/span>\r\n\r\n\t\t\t<\/h3>\r\n\t\r\n\t<div class=\"bgmp_list-description\">\r\n\t\t\t\t<p><a href=\"https:\/\/www.golftravellers.com\/de\/reiseziele\/wales\/golfplatze-in-wales\/nordwales\/bull-bay\/\"><img loading=\"lazy\" decoding=\"async\" class=\"aligncenter size-full wp-image-5895\" src=\"https:\/\/www.golftravellers.com\/wp-content\/uploads\/2014\/07\/18th-hole-on-Bull-Bay-golf-course.jpg\" alt=\"18th hole on Bull Bay golf course\" width=\"150\" height=\"101\" \/><\/a><\/p>\n<p><a title=\"Bull Bay\" href=\"https:\/\/www.golftravellers.com\/de\/reiseziele\/wales\/golfplatze-in-wales\/nordwales\/bull-bay\/\">Klicken Sie hier f\u00fcr Bilder und Einzelheiten \u00fcber den Platz<\/a><\/p>\n\t<\/div>\r\n\t\r\n\t<p class=\"bgmp_list-link\">\r\n\t\t<a href=\"http:\/\/google.com\/maps?q=\">\r\n\t\t\t\t\t<\/a>\r\n\t<\/p>\r\n<\/li>\t<li id=\"bgmp_list-item-24226\" class=\"bgmp_list-item\">\r\n\t<h3 class=\"bgmp_list-placemark-title\">\r\n\t\tLlandudno Maesdu\t\t\r\n\t\t\t\t\t                                                <span class=\"bgmp_view-on-map-container\">\r\n                                                [<a href=\"javascript:;\" data-marker-id=\"24226\" class=\"bgmp_view-on-map\">\r\n                                                Sehen                                                <\/a>]\r\n<\/span>\r\n\r\n\t\t\t<\/h3>\r\n\t\r\n\t<div class=\"bgmp_list-description\">\r\n\t\t\t\t<p><a href=\"https:\/\/www.golftravellers.com\/de\/reiseziele\/wales\/golfplatze-in-wales\/nordwales\/llandudno-maesdu\/\"><img loading=\"lazy\" decoding=\"async\" class=\"aligncenter wp-image-5868 size-full\" src=\"https:\/\/www.golftravellers.com\/wp-content\/uploads\/2014\/07\/Par-3-on-Llandudno-Maesdu-golf-course-e1410862404654.jpeg\" alt=\"Par 3 on Llandudno Maesdu golf course\" width=\"150\" height=\"76\" \/><\/a><\/p>\n<p><a title=\"Llandudno Maesdu\" href=\"https:\/\/www.golftravellers.com\/de\/reiseziele\/wales\/golfplatze-in-wales\/nordwales\/llandudno-maesdu\/\">Klicken Sie hier f\u00fcr Bilder und Einzelheiten \u00fcber den Platz<\/a><\/p>\n\t<\/div>\r\n\t\r\n\t<p class=\"bgmp_list-link\">\r\n\t\t<a href=\"http:\/\/google.com\/maps?q=\">\r\n\t\t\t\t\t<\/a>\r\n\t<\/p>\r\n<\/li>\t<li id=\"bgmp_list-item-24181\" class=\"bgmp_list-item\">\r\n\t<h3 class=\"bgmp_list-placemark-title\">\r\n\t\tHolyhead\t\t\r\n\t\t\t\t\t                                                <span class=\"bgmp_view-on-map-container\">\r\n                                                [<a href=\"javascript:;\" data-marker-id=\"24181\" class=\"bgmp_view-on-map\">\r\n                                                Sehen                                                <\/a>]\r\n<\/span>\r\n\r\n\t\t\t<\/h3>\r\n\t\r\n\t<div class=\"bgmp_list-description\">\r\n\t\t\t\t<p><a href=\"https:\/\/www.golftravellers.com\/de\/reiseziele\/wales\/golfplatze-in-wales\/nordwales\/holyhead\/\"><img loading=\"lazy\" decoding=\"async\" class=\"aligncenter size-full wp-image-5877\" src=\"https:\/\/www.golftravellers.com\/wp-content\/uploads\/2014\/07\/Holes-on-Holyhead-golf-course.jpg\" alt=\"Holes on Holyhead golf course\" width=\"150\" height=\"95\" \/><\/a><\/p>\n<p><a title=\"Holyhead\" href=\"https:\/\/www.golftravellers.com\/de\/reiseziele\/wales\/golfplatze-in-wales\/nordwales\/holyhead\/\">Klicken Sie hier f\u00fcr Bilder und Einzelheiten \u00fcber den Platz<\/a><\/p>\n\t<\/div>\r\n\t\r\n\t<p class=\"bgmp_list-link\">\r\n\t\t<a href=\"http:\/\/google.com\/maps?q=\">\r\n\t\t\t\t\t<\/a>\r\n\t<\/p>\r\n<\/li>\t<li id=\"bgmp_list-item-31563\" class=\"bgmp_list-item\">\r\n\t<h3 class=\"bgmp_list-placemark-title\">\r\n\t\tVale of Llangollen\t\t\r\n\t\t\t\t\t                                                <span class=\"bgmp_view-on-map-container\">\r\n                                                [<a href=\"javascript:;\" data-marker-id=\"31563\" class=\"bgmp_view-on-map\">\r\n                                                Sehen                                                <\/a>]\r\n<\/span>\r\n\r\n\t\t\t<\/h3>\r\n\t\r\n\t<div class=\"bgmp_list-description\">\r\n\t\t\t\t<p><a href=\"https:\/\/www.golftravellers.com\/destinations\/wales\/golf-courses-in-wales\/north-region-wales\/vale-of-llangollen\/\"><img loading=\"lazy\" decoding=\"async\" class=\"aligncenter size-full wp-image-31554\" src=\"https:\/\/www.golftravellers.com\/wp-content\/uploads\/2016\/11\/vale-of-llangollen-golf.jpg\" alt=\"Vale of Llangollen Golf\" width=\"150\" height=\"100\" \/><\/a><\/p>\n<p><a href=\"https:\/\/www.golftravellers.com\/destinations\/wales\/golf-courses-in-wales\/north-region-wales\/vale-of-llangollen\/\">Klicken Sie hier f\u00fcr Bilder und Einzelheiten \u00fcber den Platz<\/a><\/p>\n\t<\/div>\r\n\t\r\n\t<p class=\"bgmp_list-link\">\r\n\t\t<a href=\"http:\/\/google.com\/maps?q=\">\r\n\t\t\t\t\t<\/a>\r\n\t<\/p>\r\n<\/li>\t<\/ul>\n<\/div>\n","protected":false},"excerpt":{"rendered":"<p>Die Anreise in diese Region erfolgt entweder \u00fcber Liverpool Airport oder Cardiff Airport. Ballungsraum wundersch\u00f6ner sowie herausragender Golfpl\u00e4tze wie dem Royal St David&#8217;s, das auf dem zweiten Platz gef\u00fchrt wird, Aberdovey (dritter Platz) sowie Nefyn &amp; District, dessen L\u00f6cher z.T. auf einer spektakul\u00e4ren Halbinsel liegen. Golfregionen Nordwales S\u00fcdwales Golfpl\u00e4tze<\/p>\n","protected":false},"author":6,"featured_media":31636,"parent":22004,"menu_order":0,"comment_status":"open","ping_status":"open","template":"","meta":{"_genesis_hide_title":false,"_genesis_hide_breadcrumbs":false,"_genesis_hide_singular_image":false,"_genesis_hide_footer_widgets":false,"_genesis_custom_body_class":"","_genesis_custom_post_class":"","_genesis_layout":"full-width-content","footnotes":""},"class_list":{"0":"post-22051","1":"page","2":"type-page","3":"status-publish","4":"has-post-thumbnail","6":"entry"},"_links":{"self":[{"href":"https:\/\/www.golftravellers.com\/de\/wp-json\/wp\/v2\/pages\/22051","targetHints":{"allow":["GET"]}}],"collection":[{"href":"https:\/\/www.golftravellers.com\/de\/wp-json\/wp\/v2\/pages"}],"about":[{"href":"https:\/\/www.golftravellers.com\/de\/wp-json\/wp\/v2\/types\/page"}],"author":[{"embeddable":true,"href":"https:\/\/www.golftravellers.com\/de\/wp-json\/wp\/v2\/users\/6"}],"replies":[{"embeddable":true,"href":"https:\/\/www.golftravellers.com\/de\/wp-json\/wp\/v2\/comments?post=22051"}],"version-history":[{"count":8,"href":"https:\/\/www.golftravellers.com\/de\/wp-json\/wp\/v2\/pages\/22051\/revisions"}],"predecessor-version":[{"id":39217,"href":"https:\/\/www.golftravellers.com\/de\/wp-json\/wp\/v2\/pages\/22051\/revisions\/39217"}],"up":[{"embeddable":true,"href":"https:\/\/www.golftravellers.com\/de\/wp-json\/wp\/v2\/pages\/22004"}],"wp:featuredmedia":[{"embeddable":true,"href":"https:\/\/www.golftravellers.com\/de\/wp-json\/wp\/v2\/media\/31636"}],"wp:attachment":[{"href":"https:\/\/www.golftravellers.com\/de\/wp-json\/wp\/v2\/media?parent=22051"}],"curies":[{"name":"wp","href":"https:\/\/api.w.org\/{rel}","templated":true}]}}