{"id":22036,"date":"2015-02-23T03:03:12","date_gmt":"2015-02-23T03:03:12","guid":{"rendered":"http:\/\/www.golftravellers.com\/?page_id=22036"},"modified":"2023-12-03T18:12:30","modified_gmt":"2023-12-03T18:12:30","slug":"die-besten-plaetze-des-nordwestens","status":"publish","type":"page","link":"https:\/\/www.golftravellers.com\/de\/reiseziele\/england\/beispielpakete-england\/die-besten-plaetze-des-nordwestens\/","title":{"rendered":"Die besten Pl\u00e4tze des Nordwestens"},"content":{"rendered":"<div class=\"one-half first\"><a href=\"https:\/\/www.golftravellers.com\/wp-content\/uploads\/2023\/10\/sejour-golf-angleterre-royal-liverpool.jpg\"><img loading=\"lazy\" decoding=\"async\" class=\"alignnone wp-image-42190 size-full\" src=\"https:\/\/www.golftravellers.com\/wp-content\/uploads\/2023\/10\/sejour-golf-angleterre-royal-liverpool.jpg\" alt=\"Golfplatz Royal Liverpool in England\" width=\"540\" height=\"360\" srcset=\"https:\/\/www.golftravellers.com\/wp-content\/uploads\/2023\/10\/sejour-golf-angleterre-royal-liverpool.jpg 540w, https:\/\/www.golftravellers.com\/wp-content\/uploads\/2023\/10\/sejour-golf-angleterre-royal-liverpool-300x200.jpg 300w\" sizes=\"auto, (max-width: 540px) 100vw, 540px\" \/><\/a><\/div>\n<div class=\"one-half\">\n<p><span style=\"font-size: 36pt;\">2990\u20ac<\/span><\/p>\n<h4>Im Paketpreis mit inbegriffen:<\/h4>\n<ul style=\"list-style-type: square;\">\n<li>7\u00a0\u00dcbernachtungen im 4-Sterne Formby Hall Resort in Southport<\/li>\n<li>5 Green Fees\n<ul style=\"list-style-type: circle;\">\n<li><a title=\"Royal Birkdale\" href=\"https:\/\/www.golftravellers.com\/de\/reiseziele\/england\/golfplatze-in-england\/norden\/royal-birkdale\/\" target=\"_blank\" rel=\"noopener\">Royal Birkdale<\/a><\/li>\n<li><a title=\"Royal Lytham &amp; St Annes\" href=\"https:\/\/www.golftravellers.com\/de\/reiseziele\/england\/golfplatze-in-england\/norden\/royal-lytham-st-annes\/\" target=\"_blank\" rel=\"noopener\">Royal Lytham &amp; St Annes<\/a><\/li>\n<li><a title=\"Royal Liverpool\" href=\"https:\/\/www.golftravellers.com\/de\/reiseziele\/england\/golfplatze-in-england\/norden\/royal-liverpool\/\" target=\"_blank\" rel=\"noopener\">Royal Liverpool<\/a><\/li>\n<li><a title=\"Formby\" href=\"https:\/\/www.golftravellers.com\/de\/reiseziele\/england\/golfplatze-in-england\/norden\/formby\/\" target=\"_blank\" rel=\"noopener\">Formby<\/a><\/li>\n<li><a title=\"Hillside\" href=\"https:\/\/www.golftravellers.com\/de\/reiseziele\/england\/golfplatze-in-england\/norden\/hillside\/\" target=\"_blank\" rel=\"noopener\">Hillside<\/a><\/li>\n<\/ul>\n<\/li>\n<li><a href=\"https:\/\/www.golftravellers.com\/de\/transportmoeglichkeiten\/\" target=\"_blank\" rel=\"noopener\">1\u00a0Mietwagen f\u00fcr 8 Tage<\/a><\/li>\n<\/ul>\n<\/div>\n<div class=\"one-third first\"><a class=\"button \" title=\"Jetzt Ihre Reise buchen\" href=\"https:\/\/www.golftravellers.com\/de\/kontakt\/jetzt-ihre-golfreise-buchen\/\" target=\"_blank\" rel=\"noopener\">Jetzt buchen<\/a><\/div>\n<div class=\"one-third\"><a class=\"button\" title=\"Ihre Reise maschneidern\" href=\"https:\/\/www.golftravellers.com\/de\/kontakt\/angebot-anpassen\/\" target=\"_blank\" rel=\"noopener\">Anpassen<\/a><\/div>\n<div class=\"one-third\"><a class=\"button\" title=\"Kontaktieren Sie uns\" href=\"https:\/\/www.golftravellers.com\/de\/kontakt\/\" target=\"_blank\" rel=\"noopener\">Kontakt<\/a><\/div>\n<div id=\"details\"><\/div>\n<div class=\"one-half first\">\n<h4>Kostenlose Extras<\/h4>\n<ul>\n<li>Rund um die Uhr Kundenbetreung<\/li>\n<\/ul>\n<\/div>\n<div class=\"one-half\">\n<h4>Buchbare Zusatzleistungen:<\/h4>\n<ul>\n<li>Fl\u00fcge, die wir f\u00fcr Sie buchen k\u00f6nnen<\/li>\n<li>Einzelzimmerzuschlag<\/li>\n<li>Zus\u00e4tzliche \u00dcbernachtungen &amp; Golfpl\u00e4tze<\/li>\n<li>Transport mit Chauffeur<\/li>\n<li>\u00d6rtliche Aktivit\u00e4ten und Sehensw\u00fcrdigkeiten<\/li>\n<li>Mittag- und Abendessen<\/li>\n<li>Reiseversicherung<\/li>\n<\/ul>\n<\/div>\n<h2>Beispielreiseplan:<\/h2>\n<table>\n<tbody>\n<tr>\n<td style=\"width: 25%;\"><strong>Tag 1:<\/strong><\/td>\n<td>Ankunft Liverpool\u00a0Airport<\/td>\n<td>Formby Hall Resort****, Southport<\/td>\n<td>45 Minuten<\/td>\n<\/tr>\n<tr>\n<td style=\"width: 25%;\"><strong>Tag 2:<\/strong><\/td>\n<td>Formby<\/td>\n<td>Formby Hall Resort****, Southport<\/td>\n<td>25 Minuten<\/td>\n<\/tr>\n<tr>\n<td style=\"width: 25%;\"><strong>Tag 3:<\/strong><\/td>\n<td>Royal Liverpool<\/td>\n<td>Formby Hall Resort****, Southport<\/td>\n<td>1h15<\/td>\n<\/tr>\n<tr>\n<td style=\"width: 25%;\"><strong>Tag 4:<\/strong><\/td>\n<td>Hillside<\/td>\n<td>Formby Hall Resort****, Southport<\/td>\n<td>10 Minuten<\/td>\n<\/tr>\n<tr>\n<td style=\"width: 25%;\"><strong>Tag 5:<\/strong><\/td>\n<td>Visit of the region<\/td>\n<td>Formby Hall Resort****, Southport<\/td>\n<td><\/td>\n<\/tr>\n<tr>\n<td style=\"width: 25%;\"><strong>Tag 6:<\/strong><\/td>\n<td>Royal Lytham &amp; St Annes<\/td>\n<td>Formby Hall Resort****, Southport<\/td>\n<td>1 hour<\/td>\n<\/tr>\n<tr>\n<td style=\"width: 25%;\"><strong>Tag 7:<\/strong><\/td>\n<td>Royal Birkdale<\/td>\n<td>Formby Hall Resort****, Southport<\/td>\n<td>10 Minuten<\/td>\n<\/tr>\n<tr>\n<td style=\"width: 25%;\"><strong>Tag 8:<\/strong><\/td>\n<td>Abfahrt Liverpool Airport<\/td>\n<td><\/td>\n<td>45 Minuten<\/td>\n<\/tr>\n<\/tbody>\n<\/table>\n<div class=\"terms\"><img loading=\"lazy\" decoding=\"async\" class=\"alignleft wp-image-3871\" src=\"https:\/\/www.golftravellers.com\/wp-content\/uploads\/2014\/06\/ExclamationPoint.png\" alt=\"Black exclamation point within box with black border\" width=\"50\" height=\"50\" \/><\/p>\n<h3>Paketbedingung:<\/h3>\n<p>&#8211; Alle unsere Angebote innerhalb des Vereinigten K\u00f6nigreiches sind in Pfund Sterling.<\/p>\n<p>&#8211; Preis pro Person. Angebot gilt zwischen dem 1. April und 31. Oktober f\u00fcr mindestens 2 Personen im Doppel-\/Zweibettzimmer mit englischem Fr\u00fchst\u00fcck. Von November bis M\u00e4rz gelten Sonderpreise<\/p>\n<\/div>\n<div class=\"one-third first\"><a class=\"button \" title=\"Jetzt Ihre Reise buchen\" href=\"https:\/\/www.golftravellers.com\/de\/kontakt\/jetzt-ihre-golfreise-buchen\/\" target=\"_blank\" rel=\"noopener\">Jetzt buchen<\/a><\/div>\n<div class=\"one-third\"><a class=\"button\" title=\"Ihre Reise maschneidern\" href=\"https:\/\/www.golftravellers.com\/de\/kontakt\/angebot-anpassen\/\" target=\"_blank\" rel=\"noopener\">Anpassen<\/a><\/div>\n<div class=\"one-third\"><a class=\"button\" title=\"Kontaktieren Sie uns\" href=\"https:\/\/www.golftravellers.com\/de\/kontakt\/\" target=\"_blank\" rel=\"noopener\">Kontakt<\/a><\/div>\n","protected":false},"excerpt":{"rendered":"<p>2990\u20ac Im Paketpreis mit inbegriffen: 7\u00a0\u00dcbernachtungen im 4-Sterne Formby Hall Resort in Southport 5 Green Fees Royal Birkdale Royal Lytham &amp; St Annes Royal Liverpool Formby Hillside 1\u00a0Mietwagen f\u00fcr 8 Tage Jetzt buchen Anpassen Kontakt Kostenlose Extras Rund um die Uhr Kundenbetreung Buchbare Zusatzleistungen: Fl\u00fcge, die wir f\u00fcr Sie buchen k\u00f6nnen Einzelzimmerzuschlag Zus\u00e4tzliche \u00dcbernachtungen &amp; [&hellip;]<\/p>\n","protected":false},"author":6,"featured_media":0,"parent":21074,"menu_order":0,"comment_status":"open","ping_status":"closed","template":"","meta":{"_genesis_hide_title":false,"_genesis_hide_breadcrumbs":false,"_genesis_hide_singular_image":false,"_genesis_hide_footer_widgets":false,"_genesis_custom_body_class":"","_genesis_custom_post_class":"","_genesis_layout":"full-width-content","footnotes":""},"class_list":{"0":"post-22036","1":"page","2":"type-page","3":"status-publish","5":"entry"},"_links":{"self":[{"href":"https:\/\/www.golftravellers.com\/de\/wp-json\/wp\/v2\/pages\/22036","targetHints":{"allow":["GET"]}}],"collection":[{"href":"https:\/\/www.golftravellers.com\/de\/wp-json\/wp\/v2\/pages"}],"about":[{"href":"https:\/\/www.golftravellers.com\/de\/wp-json\/wp\/v2\/types\/page"}],"author":[{"embeddable":true,"href":"https:\/\/www.golftravellers.com\/de\/wp-json\/wp\/v2\/users\/6"}],"replies":[{"embeddable":true,"href":"https:\/\/www.golftravellers.com\/de\/wp-json\/wp\/v2\/comments?post=22036"}],"version-history":[{"count":11,"href":"https:\/\/www.golftravellers.com\/de\/wp-json\/wp\/v2\/pages\/22036\/revisions"}],"predecessor-version":[{"id":42929,"href":"https:\/\/www.golftravellers.com\/de\/wp-json\/wp\/v2\/pages\/22036\/revisions\/42929"}],"up":[{"embeddable":true,"href":"https:\/\/www.golftravellers.com\/de\/wp-json\/wp\/v2\/pages\/21074"}],"wp:attachment":[{"href":"https:\/\/www.golftravellers.com\/de\/wp-json\/wp\/v2\/media?parent=22036"}],"curies":[{"name":"wp","href":"https:\/\/api.w.org\/{rel}","templated":true}]}}