{"id":22005,"date":"2015-02-06T15:14:49","date_gmt":"2015-02-06T15:14:49","guid":{"rendered":"http:\/\/www.golftravellers.com\/?page_id=22005"},"modified":"2017-04-24T16:13:43","modified_gmt":"2017-04-24T15:13:43","slug":"golfplatze-in-brasilien","status":"publish","type":"page","link":"https:\/\/www.golftravellers.com\/de\/reiseziele\/brasilien\/golfplatze-in-brasilien\/","title":{"rendered":"Golfpl\u00e4tze in Brasilien"},"content":{"rendered":"<p>Bitte w\u00e4hlen Sie eine der 4 Regionen auf der Golfkarte Brasiliens, um die Golfpl\u00e4tze anzusehen.<\/p>\n<p><img loading=\"lazy\" decoding=\"async\" class=\"alignnone\" src=\"https:\/\/www.golftravellers.com\/wp-content\/uploads\/2014\/09\/Brazil-Map.png\" alt=\"Landkarte von Brasilien mit Golfregionen\" usemap=\"#brazilmap\" width=\"550\" height=\"550\" \/><\/p>\n<map name=\"brazilmap\">\n<area id=\"northregion\" style=\"outline: none;\" alt=\"Nord Region\" coords=\"264,395,247,396,240,373,215,369,211,342,221,320,217,306,207,302,211,288,186,291,178,258,174,253,162,252,118,227,117,204,104,203,73,221,49,220,48,199,33,206,13,197,4,172,12,153,27,138,46,129,56,132,66,92,52,79,54,68,57,51,87,49,106,64,141,45,120,16,146,22,182,6,192,22,187,40,202,59,223,49,237,42,252,42,279,47,299,15,317,53,321,73,342,80,386,91,394,105,405,106,446,109,473,125,505,139,514,171,517,189,496,214,475,247,459,256,464,282,457,320,439,312,435,321,436,334,429,344,419,365,407,369,385,370,369,372,362,368,359,355,353,338,338,339,332,340,309,334,296,346,293,358,281,370,269,380\" shape=\"poly\" href=\"https:\/\/www.golftravellers.com\/de\/reiseziele\/brasilien\/golfplatze-in-brasilien\/nordbrasilien\/\" data-title=\"Nord Region - Klicken um die Region zu sehen!\" \/>\n<area id=\"riodejanerio\" alt=\"Rio de Janeiro Region\" coords=\"452,318,440,313,434,317,435,328,433,339,426,347,421,355,421,364,407,371,400,372,389,383,398,383,421,382,431,370,435,360,453,333\" shape=\"poly\" href=\"https:\/\/www.golftravellers.com\/de\/reiseziele\/brasilien\/golfplatze-in-brasilien\/rio-de-janeiro-region\/\" data-title=\"Rio de Janerio Region - Klicken um die Region zu sehen!\" \/>\n<area id=\"saopaulo\" alt=\"S\u00e3o Paulo Region\" coords=\"277,377,287,371,293,354,307,340,328,343,346,339,356,356,363,365,363,379,376,378,385,375,391,379,386,388,373,395,352,407,342,414,334,406,328,402,324,388,318,384,307,380,296,379\" shape=\"poly\" href=\"https:\/\/www.golftravellers.com\/de\/reiseziele\/brasilien\/golfplatze-in-brasilien\/sao-paulo-region\/\" data-title=\"S\u00e3o Paulo Region - Klicken um die Region zu sehen!\" \/>\n<area id=\"southregion\" alt=\"S\u00fcd Region\" coords=\"272,544,275,527,240,501,218,489,265,441,259,419,271,380,288,376,317,383,339,412,338,431,338,460,309,500\" shape=\"poly\" href=\"https:\/\/www.golftravellers.com\/de\/reiseziele\/brasilien\/golfplatze-in-brasilien\/suedbrasilien\/\" data-title=\"S\u00fcd Region - Klicken um die Region zu sehen!\" \/> <\/map>\n<\/p>\n\n\n\n\n","protected":false},"excerpt":{"rendered":"<p>Bitte w\u00e4hlen Sie eine der 4 Regionen auf der Golfkarte Brasiliens, um die Golfpl\u00e4tze anzusehen.<\/p>\n","protected":false},"author":10,"featured_media":31650,"parent":16437,"menu_order":0,"comment_status":"open","ping_status":"closed","template":"","meta":{"_genesis_hide_title":false,"_genesis_hide_breadcrumbs":false,"_genesis_hide_singular_image":false,"_genesis_hide_footer_widgets":false,"_genesis_custom_body_class":"","_genesis_custom_post_class":"","_genesis_layout":"content-sidebar","footnotes":""},"class_list":{"0":"post-22005","1":"page","2":"type-page","3":"status-publish","4":"has-post-thumbnail","6":"entry"},"_links":{"self":[{"href":"https:\/\/www.golftravellers.com\/de\/wp-json\/wp\/v2\/pages\/22005","targetHints":{"allow":["GET"]}}],"collection":[{"href":"https:\/\/www.golftravellers.com\/de\/wp-json\/wp\/v2\/pages"}],"about":[{"href":"https:\/\/www.golftravellers.com\/de\/wp-json\/wp\/v2\/types\/page"}],"author":[{"embeddable":true,"href":"https:\/\/www.golftravellers.com\/de\/wp-json\/wp\/v2\/users\/10"}],"replies":[{"embeddable":true,"href":"https:\/\/www.golftravellers.com\/de\/wp-json\/wp\/v2\/comments?post=22005"}],"version-history":[{"count":6,"href":"https:\/\/www.golftravellers.com\/de\/wp-json\/wp\/v2\/pages\/22005\/revisions"}],"predecessor-version":[{"id":37685,"href":"https:\/\/www.golftravellers.com\/de\/wp-json\/wp\/v2\/pages\/22005\/revisions\/37685"}],"up":[{"embeddable":true,"href":"https:\/\/www.golftravellers.com\/de\/wp-json\/wp\/v2\/pages\/16437"}],"wp:featuredmedia":[{"embeddable":true,"href":"https:\/\/www.golftravellers.com\/de\/wp-json\/wp\/v2\/media\/31650"}],"wp:attachment":[{"href":"https:\/\/www.golftravellers.com\/de\/wp-json\/wp\/v2\/media?parent=22005"}],"curies":[{"name":"wp","href":"https:\/\/api.w.org\/{rel}","templated":true}]}}