{"id":21074,"date":"2015-01-20T16:14:56","date_gmt":"2015-01-20T16:14:56","guid":{"rendered":"http:\/\/www.golftravellers.com\/?page_id=21074"},"modified":"2023-12-03T18:20:31","modified_gmt":"2023-12-03T18:20:31","slug":"beispielpakete-england","status":"publish","type":"page","link":"https:\/\/www.golftravellers.com\/de\/reiseziele\/england\/beispielpakete-england\/","title":{"rendered":"Beispielpakete"},"content":{"rendered":"<p>\u00a0<br \/>\n Im Folgenden finden Sie unser umfassendes Angebot, bei dem f\u00fcr jeden etwas dabei ist &#8211; unabh\u00e4ngig des Budgets und der Interessen. Vergessen Sie nicht, dass alle unsere Golfreisen ma\u00dfgeschneidert sind, d.h. Sie k\u00f6nnen jederzeit f\u00fcr die Gestaltung Ihrer pers\u00f6nlichen Traumgolfreise nach England auf uns zukommen.<\/p>\n<table class=\"highlight\">\n<tbody>\n<tr>\n<td class=\"border\">\n<p><a href=\"https:\/\/www.golftravellers.com\/de\/reiseziele\/england\/beispielpakete-england\/die-beatles-golf-tour\/\" target=\"_blank\" rel=\"noopener\"><img loading=\"lazy\" decoding=\"async\" class=\"aligncenter wp-image-15005 size-full\" style=\"border-bottom: thick solid #fff;\" src=\"https:\/\/www.golftravellers.com\/wp-content\/uploads\/2014\/04\/hillside-package-liverpool.jpg\" alt=\"Golfer auf dem Hillside n\u00f6rdlich von Liverpool\" width=\"350\" height=\"208\" srcset=\"https:\/\/www.golftravellers.com\/wp-content\/uploads\/2014\/04\/hillside-package-liverpool.jpg 350w, https:\/\/www.golftravellers.com\/wp-content\/uploads\/2014\/04\/hillside-package-liverpool-300x178.jpg 300w\" sizes=\"auto, (max-width: 350px) 100vw, 350px\" \/><\/a><\/p>\n<p style=\"text-align: center;\"><a href=\"https:\/\/www.golftravellers.com\/de\/reiseziele\/england\/beispielpakete-england\/die-beatles-golf-tour\/\" target=\"_blank\" rel=\"noopener\"><span style=\"font-size: 12pt;\"><strong>The Beatles Golf Tour<\/strong><\/span><\/a><br \/>\n <a href=\"https:\/\/www.golftravellers.com\/de\/reiseziele\/england\/beispielpakete-england\/die-beatles-golf-tour\/\" target=\"_blank\" rel=\"noopener\"><span style=\"font-size: 10pt;\">Hillside, Wallasey<\/span><\/a><br \/>\n <a href=\"https:\/\/www.golftravellers.com\/de\/reiseziele\/england\/beispielpakete-england\/die-beatles-golf-tour\/\" target=\"_blank\" rel=\"noopener\"><strong><span style=\"font-size: 12pt;\">Ab<\/span> <span style=\"font-size: 18pt;\">\u00a3520<\/span><\/strong><\/a><\/p>\n<\/td>\n<td class=\"noborder\" style=\"border-bottom: 0;\">\u00a0<\/td>\n<td class=\"border\">\n<p><a href=\"https:\/\/www.golftravellers.com\/de\/reiseziele\/england\/beispielpakete-england\/2-aeuserst-bekannte-plaetze-im-suedosten\/\" target=\"_blank\" rel=\"noopener\"><img loading=\"lazy\" decoding=\"async\" class=\"aligncenter wp-image-15017 size-full\" style=\"border-bottom: thick solid #fff; margin-bottom: 0px;\" src=\"https:\/\/www.golftravellers.com\/wp-content\/uploads\/2014\/04\/royalstgeorges-package-bunkers.jpg\" alt=\"Luftansicht des Signature Holes auf dem Royal St Geaorge's\" width=\"350\" height=\"208\" srcset=\"https:\/\/www.golftravellers.com\/wp-content\/uploads\/2014\/04\/royalstgeorges-package-bunkers.jpg 350w, https:\/\/www.golftravellers.com\/wp-content\/uploads\/2014\/04\/royalstgeorges-package-bunkers-300x178.jpg 300w\" sizes=\"auto, (max-width: 350px) 100vw, 350px\" \/><\/a><\/p>\n<p style=\"text-align: center;\"><a href=\"https:\/\/www.golftravellers.com\/de\/reiseziele\/england\/beispielpakete-england\/2-aeuserst-bekannte-plaetze-im-suedosten\/\" target=\"_blank\" rel=\"noopener\"><span style=\"font-size: 12pt;\"><strong>2 N\u00e4chte in Kent<\/strong><\/span><\/a><br \/>\n <a href=\"https:\/\/www.golftravellers.com\/de\/reiseziele\/england\/beispielpakete-england\/2-aeuserst-bekannte-plaetze-im-suedosten\/\" target=\"_blank\" rel=\"noopener\"><span style=\"font-size: 10pt;\">Royal St George&#8217;s, Royal Cinque Ports<\/span><\/a><br \/>\n <a href=\"https:\/\/www.golftravellers.com\/de\/reiseziele\/england\/beispielpakete-england\/2-aeuserst-bekannte-plaetze-im-suedosten\/\" target=\"_blank\" rel=\"noopener\"><strong><span style=\"font-size: 12pt;\">Ab <\/span><span style=\"font-size: 18pt;\">\u00a3570<\/span><\/strong><\/a><\/p>\n<\/td>\n<td class=\"noborder\">\u00a0<\/td>\n<td class=\"border\"><a href=\"https:\/\/www.golftravellers.com\/de\/reiseziele\/england\/beispielpakete-england\/der-osten-englands-samt-seiner-besten-plaetze\/\" target=\"_blank\" rel=\"noopener\"><img loading=\"lazy\" decoding=\"async\" class=\"aligncenter wp-image-15027 size-full\" style=\"border-bottom: thick solid #fff;\" src=\"https:\/\/www.golftravellers.com\/wp-content\/uploads\/2014\/04\/royalwestnorfolk-9th-hole.jpg\" alt=\"Signature Hole auf dem Royal West Norfolk\" width=\"350\" height=\"208\" srcset=\"https:\/\/www.golftravellers.com\/wp-content\/uploads\/2014\/04\/royalwestnorfolk-9th-hole.jpg 350w, https:\/\/www.golftravellers.com\/wp-content\/uploads\/2014\/04\/royalwestnorfolk-9th-hole-300x178.jpg 300w\" sizes=\"auto, (max-width: 350px) 100vw, 350px\" \/><\/a><\/p>\n<p style=\"text-align: center;\"><a href=\"https:\/\/www.golftravellers.com\/de\/reiseziele\/england\/beispielpakete-england\/der-osten-englands-samt-seiner-besten-plaetze\/\" target=\"_blank\" rel=\"noopener\"><span style=\"font-size: 12pt;\"><strong>Der Osten und seine besten Pl\u00e4tze<\/strong><\/span><\/a><br \/>\n <a href=\"https:\/\/www.golftravellers.com\/de\/reiseziele\/england\/beispielpakete-england\/der-osten-englands-samt-seiner-besten-plaetze\/\" target=\"_blank\" rel=\"noopener\"><span style=\"font-size: 10pt;\">Royal West Norfolk, Hunstanton, Sheringham<\/span><\/a><br \/>\n <a href=\"https:\/\/www.golftravellers.com\/de\/reiseziele\/england\/beispielpakete-england\/der-osten-englands-samt-seiner-besten-plaetze\/\" target=\"_blank\" rel=\"noopener\"><strong><span style=\"font-size: 12pt;\">Ab <\/span><span style=\"font-size: 18pt;\">\u00a3580<\/span><\/strong><\/a><\/p>\n<\/td>\n<\/tr>\n<\/tbody>\n<\/table>\n<p>&nbsp;<\/p>\n<p>&nbsp;<\/p>\n<table class=\"highlight\">\n<tbody>\n<tr>\n<td class=\"noborder\" style=\"border-bottom: 0;\">\u00a0<\/td>\n<td class=\"border\">\n<p><a href=\"https:\/\/www.golftravellers.com\/de\/reiseziele\/england\/beispielpakete-england\/die-robin-hood-golf-tour\/\" target=\"_blank\" rel=\"noopener\"><img loading=\"lazy\" decoding=\"async\" class=\"aligncenter wp-image-15037 size-full\" style=\"border-bottom: thick solid #fff; margin-bottom: 0px;\" src=\"https:\/\/www.golftravellers.com\/wp-content\/uploads\/2014\/04\/woodhallspa-hotchkin-course.jpg\" alt=\"Sonnenuntergang auf dem Wood Hall Spa Golf Course\" width=\"350\" height=\"208\" srcset=\"https:\/\/www.golftravellers.com\/wp-content\/uploads\/2014\/04\/woodhallspa-hotchkin-course.jpg 350w, https:\/\/www.golftravellers.com\/wp-content\/uploads\/2014\/04\/woodhallspa-hotchkin-course-300x178.jpg 300w\" sizes=\"auto, (max-width: 350px) 100vw, 350px\" \/><\/a><\/p>\n<p style=\"text-align: center;\"><a href=\"https:\/\/www.golftravellers.com\/de\/reiseziele\/england\/beispielpakete-england\/die-robin-hood-golf-tour\/\" target=\"_blank\" rel=\"noopener\"><span style=\"font-size: 12pt;\"><strong>Die Robin Hood Golf Tour<\/strong><\/span><\/a><br \/>\n <a href=\"https:\/\/www.golftravellers.com\/de\/reiseziele\/england\/beispielpakete-england\/die-robin-hood-golf-tour\/\" target=\"_blank\" rel=\"noopener\"><span style=\"font-size: 10pt;\">Woodhall Spa, Notts, Sherwood Forest<\/span><\/a><br \/>\n <a href=\"https:\/\/www.golftravellers.com\/de\/reiseziele\/england\/beispielpakete-england\/die-robin-hood-golf-tour\/\" target=\"_blank\" rel=\"noopener\"><strong><span style=\"font-size: 12pt;\">Ab <\/span><span style=\"font-size: 18pt;\">\u00a3640<\/span><\/strong><\/a><\/p>\n<\/td>\n<td class=\"noborder\" style=\"border-bottom: 0;\">\u00a0<\/td>\n<td class=\"border\">\n<p><a href=\"https:\/\/www.golftravellers.com\/de\/reiseziele\/england\/beispielpakete-england\/5-naechte-in-london-mit-4-grosartigen-plaetzen\/\" target=\"_blank\" rel=\"noopener\"><img loading=\"lazy\" decoding=\"async\" class=\"aligncenter wp-image-15048 size-full\" style=\"border-bottom: thick solid #fff; margin-bottom: 0px;\" src=\"https:\/\/www.golftravellers.com\/wp-content\/uploads\/2014\/04\/addington-london-region.jpg\" alt=\"Weitl\u00e4ufiges Gr\u00fcn auf dem Addington nahe London\" width=\"350\" height=\"208\" srcset=\"https:\/\/www.golftravellers.com\/wp-content\/uploads\/2014\/04\/addington-london-region.jpg 350w, https:\/\/www.golftravellers.com\/wp-content\/uploads\/2014\/04\/addington-london-region-300x178.jpg 300w\" sizes=\"auto, (max-width: 350px) 100vw, 350px\" \/><\/a><\/p>\n<p style=\"text-align: center;\"><a href=\"https:\/\/www.golftravellers.com\/de\/reiseziele\/england\/beispielpakete-england\/5-naechte-in-london-mit-4-grosartigen-plaetzen\/\" target=\"_blank\" rel=\"noopener\"><span style=\"font-size: 12pt;\"><strong>5 N\u00e4chte in der Umgebung von London<\/strong><\/span><\/a><br \/>\n <a href=\"https:\/\/www.golftravellers.com\/de\/reiseziele\/england\/beispielpakete-england\/5-naechte-in-london-mit-4-grosartigen-plaetzen\/\" target=\"_blank\" rel=\"noopener\"><span style=\"font-size: 10pt;\">Addington, Woking, Worplesdon, West Hill<\/span><\/a><br \/>\n <a href=\"https:\/\/www.golftravellers.com\/de\/reiseziele\/england\/beispielpakete-england\/5-naechte-in-london-mit-4-grosartigen-plaetzen\/\" target=\"_blank\" rel=\"noopener\"><strong><span style=\"font-size: 12pt;\">Ab <\/span><span style=\"font-size: 18pt;\">\u00a3795<\/span><\/strong><\/a><\/p>\n<\/td>\n<td class=\"noborder\">\u00a0<\/td>\n<td class=\"border\"><a href=\"https:\/\/www.golftravellers.com\/de\/reiseziele\/england\/beispielpakete-england\/4-naechte-westlich-von-london-einschlieslich-3-renommierter-plaetze\/\" target=\"_blank\" rel=\"noopener\"><img loading=\"lazy\" decoding=\"async\" class=\"aligncenter wp-image-15066 size-full\" style=\"border-bottom: thick solid #fff;\" src=\"https:\/\/www.golftravellers.com\/wp-content\/uploads\/2014\/04\/sunningdale-newcourse-package1.jpg\" alt=\"Langes Loch auf dem New Course bei Sunningdale\" width=\"350\" height=\"208\" srcset=\"https:\/\/www.golftravellers.com\/wp-content\/uploads\/2014\/04\/sunningdale-newcourse-package1.jpg 350w, https:\/\/www.golftravellers.com\/wp-content\/uploads\/2014\/04\/sunningdale-newcourse-package1-300x178.jpg 300w\" sizes=\"auto, (max-width: 350px) 100vw, 350px\" \/><\/a><\/p>\n<p style=\"text-align: center;\"><a href=\"https:\/\/www.golftravellers.com\/de\/reiseziele\/england\/beispielpakete-england\/4-naechte-westlich-von-london-einschlieslich-3-renommierter-plaetze\/\" target=\"_blank\" rel=\"noopener\"><span style=\"font-size: 12pt;\"><strong>Ber\u00fchmte Pl\u00e4tze in London<\/strong><\/span><\/a><br \/>\n <a href=\"https:\/\/www.golftravellers.com\/de\/reiseziele\/england\/beispielpakete-england\/4-naechte-westlich-von-london-einschlieslich-3-renommierter-plaetze\/\" target=\"_blank\" rel=\"noopener\"><span style=\"font-size: 10pt;\">Sunningdale &#8218;New&#8216;, St George&#8217;s Hill, Hankley C.<\/span><\/a><br \/>\n <a href=\"https:\/\/www.golftravellers.com\/de\/reiseziele\/england\/beispielpakete-england\/4-naechte-westlich-von-london-einschlieslich-3-renommierter-plaetze\/\" target=\"_blank\" rel=\"noopener\"><strong><span style=\"font-size: 12pt;\">Ab <\/span><span style=\"font-size: 18pt;\">\u00a3850<\/span><\/strong><\/a><\/p>\n<\/td>\n<\/tr>\n<\/tbody>\n<\/table>\n<p>&nbsp;<\/p>\n<p>&nbsp;<\/p>\n<table class=\"highlight\">\n<tbody>\n<tr>\n<td class=\"border\">\n<p><a href=\"https:\/\/www.golftravellers.com\/de\/reiseziele\/england\/beispielpakete-england\/drei-bekannte-plaetze-noerdlich-von-liverpool\/\" target=\"_blank\" rel=\"noopener\"><img loading=\"lazy\" decoding=\"async\" class=\"aligncenter wp-image-15086 size-full\" style=\"border-bottom: thick solid #fff;\" src=\"https:\/\/www.golftravellers.com\/wp-content\/uploads\/2014\/04\/royalbirkdale-par3-package.jpg\" alt=\"Beeindruckendes Loch in den D\u00fcnen auf dem Royal Birkdale\" width=\"350\" height=\"208\" srcset=\"https:\/\/www.golftravellers.com\/wp-content\/uploads\/2014\/04\/royalbirkdale-par3-package.jpg 350w, https:\/\/www.golftravellers.com\/wp-content\/uploads\/2014\/04\/royalbirkdale-par3-package-300x178.jpg 300w\" sizes=\"auto, (max-width: 350px) 100vw, 350px\" \/><\/a><\/p>\n<p style=\"text-align: center;\"><a href=\"https:\/\/www.golftravellers.com\/de\/reiseziele\/england\/beispielpakete-england\/drei-bekannte-plaetze-noerdlich-von-liverpool\/\" target=\"_blank\" rel=\"noopener\"><span style=\"font-size: 12pt;\"><strong>Ber\u00fchmte Golfpl\u00e4tze in Liverpool<\/strong><\/span><\/a><br \/>\n <a href=\"https:\/\/www.golftravellers.com\/de\/reiseziele\/england\/beispielpakete-england\/drei-bekannte-plaetze-noerdlich-von-liverpool\/\" target=\"_blank\" rel=\"noopener\"> <span style=\"font-size: 10pt;\">Royal Birkdale, Hillside, Formby<\/span><\/a><br \/>\n <a href=\"https:\/\/www.golftravellers.com\/de\/reiseziele\/england\/beispielpakete-england\/drei-bekannte-plaetze-noerdlich-von-liverpool\/\" target=\"_blank\" rel=\"noopener\"> <strong><span style=\"font-size: 12pt;\">From<\/span> <span style=\"font-size: 18pt;\">\u00a3890<\/span><\/strong><\/a><\/p>\n<\/td>\n<td class=\"noborder\" style=\"border-bottom: 0;\">\u00a0<\/td>\n<td class=\"border\">\n<p><a href=\"https:\/\/www.golftravellers.com\/de\/reiseziele\/england\/beispielpakete-england\/36-loecher-auf-dem-sunningdale-und-36-loecher-auf-dem-walton-heath\/\" target=\"_blank\" rel=\"noopener\"><img loading=\"lazy\" decoding=\"async\" class=\"aligncenter wp-image-15096 size-full\" style=\"border-bottom: thick solid #fff; margin-bottom: 0px;\" src=\"https:\/\/www.golftravellers.com\/wp-content\/uploads\/2014\/04\/waltonheath-newcourse-green-bunkers.jpg\" alt=\"Gro\u00dfe Gr\u00fcnbunker auf dem New Course bei Walton Heath\" width=\"350\" height=\"208\" srcset=\"https:\/\/www.golftravellers.com\/wp-content\/uploads\/2014\/04\/waltonheath-newcourse-green-bunkers.jpg 350w, https:\/\/www.golftravellers.com\/wp-content\/uploads\/2014\/04\/waltonheath-newcourse-green-bunkers-300x178.jpg 300w\" sizes=\"auto, (max-width: 350px) 100vw, 350px\" \/><\/a><\/p>\n<p style=\"text-align: center;\"><a href=\"https:\/\/www.golftravellers.com\/de\/reiseziele\/england\/beispielpakete-england\/36-loecher-auf-dem-sunningdale-und-36-loecher-auf-dem-walton-heath\/\" target=\"_blank\" rel=\"noopener\"><span style=\"font-size: 12pt;\"><strong>Die <\/strong><\/span><span style=\"font-size: 12pt;\"><strong>36 <\/strong><\/span><span style=\"font-size: 12pt;\"><strong>besten L\u00f6cher in England<\/strong><\/span><\/a><br \/>\n <a href=\"https:\/\/www.golftravellers.com\/de\/reiseziele\/england\/beispielpakete-england\/36-loecher-auf-dem-sunningdale-und-36-loecher-auf-dem-walton-heath\/\" target=\"_blank\" rel=\"noopener\"> <span style=\"font-size: 10pt;\">Sunningdale, Walton Heath<\/span><\/a><br \/>\n <a href=\"https:\/\/www.golftravellers.com\/de\/reiseziele\/england\/beispielpakete-england\/36-loecher-auf-dem-sunningdale-und-36-loecher-auf-dem-walton-heath\/\" target=\"_blank\" rel=\"noopener\"> <strong><span style=\"font-size: 12pt;\">From <\/span><span style=\"font-size: 18pt;\">\u00a3910<\/span><\/strong><\/a><\/p>\n<\/td>\n<td class=\"noborder\">\u00a0<\/td>\n<td class=\"border\"><a href=\"https:\/\/www.golftravellers.com\/de\/reiseziele\/england\/beispielpakete-england\/der-sudwesten-samt-seiner-besten-platze\/\" target=\"_blank\" rel=\"noopener\"><img loading=\"lazy\" decoding=\"async\" class=\"aligncenter wp-image-15106 size-full\" style=\"border-bottom: thick solid #fff;\" src=\"https:\/\/www.golftravellers.com\/wp-content\/uploads\/2014\/04\/stenodoc-churchcourse-elevated-green.jpg\" alt=\"Par 3 Loch bei St Enodoc auf dem Church Course\" width=\"350\" height=\"208\" srcset=\"https:\/\/www.golftravellers.com\/wp-content\/uploads\/2014\/04\/stenodoc-churchcourse-elevated-green.jpg 350w, https:\/\/www.golftravellers.com\/wp-content\/uploads\/2014\/04\/stenodoc-churchcourse-elevated-green-300x178.jpg 300w\" sizes=\"auto, (max-width: 350px) 100vw, 350px\" \/><\/a><\/p>\n<p style=\"text-align: center;\"><a href=\"https:\/\/www.golftravellers.com\/de\/reiseziele\/england\/beispielpakete-england\/der-sudwesten-samt-seiner-besten-platze\/\" target=\"_blank\" rel=\"noopener\"><span style=\"font-size: 12pt;\"><strong>Die besten Pl\u00e4tze des S\u00fcdwestens<\/strong><\/span><\/a><br \/>\n <a href=\"https:\/\/www.golftravellers.com\/de\/reiseziele\/england\/beispielpakete-england\/der-sudwesten-samt-seiner-besten-platze\/\" target=\"_blank\" rel=\"noopener\"> <span style=\"font-size: 10pt;\">Royal ND, Saunton, St Enodoc, Trevose, Burnham<\/span><\/a><br \/>\n <a href=\"https:\/\/www.golftravellers.com\/de\/reiseziele\/england\/beispielpakete-england\/der-sudwesten-samt-seiner-besten-platze\/\" target=\"_blank\" rel=\"noopener\"> <strong><span style=\"font-size: 12pt;\">Ab <\/span><span style=\"font-size: 18pt;\">\u00a3990<\/span><\/strong><\/a><\/p>\n<\/td>\n<\/tr>\n<\/tbody>\n<\/table>\n<p>&nbsp;<\/p>\n<p>&nbsp;<\/p>\n<table class=\"highlight\">\n<tbody>\n<tr>\n<td class=\"border\">\n<p><a href=\"https:\/\/www.golftravellers.com\/de\/reiseziele\/england\/beispielpakete-england\/der-suedosten-und-seine-besten-plaetze\/\" target=\"_blank\" rel=\"noopener\"><img loading=\"lazy\" decoding=\"async\" class=\"aligncenter wp-image-15118 size-full\" style=\"border-bottom: thick solid #fff;\" src=\"https:\/\/www.golftravellers.com\/wp-content\/uploads\/2014\/04\/royalcinqueports-hole.jpg\" alt=\"Loch am Meer auf dem Royal Cinque Ports\" width=\"350\" height=\"208\" srcset=\"https:\/\/www.golftravellers.com\/wp-content\/uploads\/2014\/04\/royalcinqueports-hole.jpg 350w, https:\/\/www.golftravellers.com\/wp-content\/uploads\/2014\/04\/royalcinqueports-hole-300x178.jpg 300w\" sizes=\"auto, (max-width: 350px) 100vw, 350px\" \/><\/a><\/p>\n<p style=\"text-align: center;\"><a href=\"https:\/\/www.golftravellers.com\/de\/reiseziele\/england\/beispielpakete-england\/der-suedosten-und-seine-besten-plaetze\/\" target=\"_blank\" rel=\"noopener\"><span style=\"font-size: 12pt;\"><strong>Die besten Pl\u00e4tze des S\u00fcdostens<\/strong><\/span><\/a><br \/>\n <a href=\"https:\/\/www.golftravellers.com\/de\/reiseziele\/england\/beispielpakete-england\/der-suedosten-und-seine-besten-plaetze\/\" target=\"_blank\" rel=\"noopener\"> <span style=\"font-size: 10pt;\">Royal SG, Royal CP, West S, Chart H, Royal AF<\/span><\/a><br \/>\n <a href=\"https:\/\/www.golftravellers.com\/de\/reiseziele\/england\/beispielpakete-england\/der-suedosten-und-seine-besten-plaetze\/\" target=\"_blank\" rel=\"noopener\"> <strong><span style=\"font-size: 12pt;\">Ab<\/span> <span style=\"font-size: 18pt;\">\u00a31190<\/span><\/strong><\/a><\/p>\n<\/td>\n<td class=\"noborder\" style=\"border-bottom: 0;\">\u00a0<\/td>\n<td class=\"border\">\n<p><a href=\"https:\/\/www.golftravellers.com\/de\/reiseziele\/england\/beispielpakete-england\/die-london-golf-tour\/\" target=\"_blank\" rel=\"noopener\"><img loading=\"lazy\" decoding=\"async\" class=\"aligncenter wp-image-15128 size-full\" style=\"border-bottom: thick solid #fff; margin-bottom: 0px;\" src=\"https:\/\/www.golftravellers.com\/wp-content\/uploads\/2014\/04\/waltonheath-oldcourse-large-green.jpg\" alt=\"Gr\u00fcn und Ginster auf dem Old Course bei Walton Heath\" width=\"350\" height=\"208\" srcset=\"https:\/\/www.golftravellers.com\/wp-content\/uploads\/2014\/04\/waltonheath-oldcourse-large-green.jpg 350w, https:\/\/www.golftravellers.com\/wp-content\/uploads\/2014\/04\/waltonheath-oldcourse-large-green-300x178.jpg 300w\" sizes=\"auto, (max-width: 350px) 100vw, 350px\" \/><\/a><\/p>\n<p style=\"text-align: center;\"><a href=\"https:\/\/www.golftravellers.com\/de\/reiseziele\/england\/beispielpakete-england\/die-london-golf-tour\/\" target=\"_blank\" rel=\"noopener\"><span style=\"font-size: 12pt;\"><strong>Die London Golf Tour<\/strong><\/span><\/a><br \/>\n <a href=\"https:\/\/www.golftravellers.com\/de\/reiseziele\/england\/beispielpakete-england\/die-london-golf-tour\/\" target=\"_blank\" rel=\"noopener\"> <span style=\"font-size: 10pt;\">Sunningdale, Walton H, St George&#8217;s Hill, Berkshire<\/span><\/a><br \/>\n <a href=\"https:\/\/www.golftravellers.com\/de\/reiseziele\/england\/beispielpakete-england\/die-london-golf-tour\/\" target=\"_blank\" rel=\"noopener\"> <strong><span style=\"font-size: 12pt;\">Ab <\/span><span style=\"font-size: 18pt;\">\u00a31290<\/span><\/strong><\/a><\/p>\n<\/td>\n<td class=\"noborder\">\u00a0<\/td>\n<td class=\"border\"><a href=\"https:\/\/www.golftravellers.com\/de\/reiseziele\/england\/beispielpakete-england\/die-besten-plaetze-des-nordwestens\/\" target=\"_blank\" rel=\"noopener\"><img loading=\"lazy\" decoding=\"async\" class=\"aligncenter wp-image-15138 size-full\" style=\"border-bottom: thick solid #fff;\" src=\"https:\/\/www.golftravellers.com\/wp-content\/uploads\/2014\/04\/royallythamandstannes-clubhouse.jpg\" alt=\"18. Gr\u00fcn samt Clubhaus auf dem Royal Lytham and St Annes\" width=\"350\" height=\"208\" srcset=\"https:\/\/www.golftravellers.com\/wp-content\/uploads\/2014\/04\/royallythamandstannes-clubhouse.jpg 350w, https:\/\/www.golftravellers.com\/wp-content\/uploads\/2014\/04\/royallythamandstannes-clubhouse-300x178.jpg 300w\" sizes=\"auto, (max-width: 350px) 100vw, 350px\" \/><\/a><\/p>\n<p style=\"text-align: center;\"><a href=\"https:\/\/www.golftravellers.com\/de\/reiseziele\/england\/beispielpakete-england\/die-besten-plaetze-des-nordwestens\/\" target=\"_blank\" rel=\"noopener\"><span style=\"font-size: 12pt;\"><strong>Die besten Pl\u00e4tze des Nordwestens<\/strong><\/span><\/a><br \/>\n <a href=\"https:\/\/www.golftravellers.com\/de\/reiseziele\/england\/beispielpakete-england\/die-besten-plaetze-des-nordwestens\/\" target=\"_blank\" rel=\"noopener\"> <span style=\"font-size: 10pt;\">Royal B, Royal LST, Royal L, Hillside, Formby<\/span><\/a><br \/>\n <a href=\"https:\/\/www.golftravellers.com\/de\/reiseziele\/england\/beispielpakete-england\/die-besten-plaetze-des-nordwestens\/\" target=\"_blank\" rel=\"noopener\"> <strong><span style=\"font-size: 12pt;\">Ab <\/span><span style=\"font-size: 18pt;\">\u00a31525<\/span><\/strong><\/a><\/p>\n<\/td>\n<\/tr>\n<\/tbody>\n<\/table>\n<p>&nbsp;<\/p>\n<p>&nbsp;<\/p>\n","protected":false},"excerpt":{"rendered":"<p>\u00a0 Im Folgenden finden Sie unser umfassendes Angebot, bei dem f\u00fcr jeden etwas dabei ist &#8211; unabh\u00e4ngig des Budgets und der Interessen. Vergessen Sie nicht, dass alle unsere Golfreisen ma\u00dfgeschneidert sind, d.h. Sie k\u00f6nnen jederzeit f\u00fcr die Gestaltung Ihrer pers\u00f6nlichen Traumgolfreise nach England auf uns zukommen. The Beatles Golf Tour Hillside, Wallasey Ab \u00a3520 \u00a0 [&hellip;]<\/p>\n","protected":false},"author":10,"featured_media":31757,"parent":16434,"menu_order":20,"comment_status":"open","ping_status":"closed","template":"","meta":{"_genesis_hide_title":false,"_genesis_hide_breadcrumbs":false,"_genesis_hide_singular_image":false,"_genesis_hide_footer_widgets":false,"_genesis_custom_body_class":"","_genesis_custom_post_class":"","_genesis_layout":"","footnotes":""},"class_list":{"0":"post-21074","1":"page","2":"type-page","3":"status-publish","4":"has-post-thumbnail","6":"entry"},"_links":{"self":[{"href":"https:\/\/www.golftravellers.com\/de\/wp-json\/wp\/v2\/pages\/21074","targetHints":{"allow":["GET"]}}],"collection":[{"href":"https:\/\/www.golftravellers.com\/de\/wp-json\/wp\/v2\/pages"}],"about":[{"href":"https:\/\/www.golftravellers.com\/de\/wp-json\/wp\/v2\/types\/page"}],"author":[{"embeddable":true,"href":"https:\/\/www.golftravellers.com\/de\/wp-json\/wp\/v2\/users\/10"}],"replies":[{"embeddable":true,"href":"https:\/\/www.golftravellers.com\/de\/wp-json\/wp\/v2\/comments?post=21074"}],"version-history":[{"count":15,"href":"https:\/\/www.golftravellers.com\/de\/wp-json\/wp\/v2\/pages\/21074\/revisions"}],"predecessor-version":[{"id":40239,"href":"https:\/\/www.golftravellers.com\/de\/wp-json\/wp\/v2\/pages\/21074\/revisions\/40239"}],"up":[{"embeddable":true,"href":"https:\/\/www.golftravellers.com\/de\/wp-json\/wp\/v2\/pages\/16434"}],"wp:featuredmedia":[{"embeddable":true,"href":"https:\/\/www.golftravellers.com\/de\/wp-json\/wp\/v2\/media\/31757"}],"wp:attachment":[{"href":"https:\/\/www.golftravellers.com\/de\/wp-json\/wp\/v2\/media?parent=21074"}],"curies":[{"name":"wp","href":"https:\/\/api.w.org\/{rel}","templated":true}]}}