{"id":21066,"date":"2015-01-22T10:48:34","date_gmt":"2015-01-22T10:48:34","guid":{"rendered":"http:\/\/www.golftravellers.com\/?page_id=21066"},"modified":"2017-12-14T11:58:44","modified_gmt":"2017-12-14T11:58:44","slug":"midlands","status":"publish","type":"page","link":"https:\/\/www.golftravellers.com\/de\/reiseziele\/england\/golfplatze-in-england\/midlands\/","title":{"rendered":"Midlands"},"content":{"rendered":"<div class=\"two-thirds first\">\n<p>\u00a0<br \/>\n Die f\u00fcr ihre malerische Landschaft bekannten Midlands verf\u00fcgen \u00fcber einige der besten Inlandpl\u00e4tze ganz Englands. So diente der Belfry nahe Birmingham bereits mehrfach als Austragungsort des Ryder Cups und die Heimat Robin Hoods, in der Nottingham liegt, hat drei herausragende Pl\u00e4tze zu bieten: Notts, Sherwood Forest sowie Woodhall Spa. Nebst diesen verf\u00fcgt diese Region auch \u00fcber ausgezeichnete Links-Pl\u00e4tze, so u.a. Royal West Norfolk und Hunstanton.<\/p>\n<p>&nbsp;<\/p>\n<p class=\"error\">Basic Google Maps Placemarks (Ortsmarken) Fehler: JavaScript und\/oder CSS Dateien sind niche geladen. Falls Sie do_shortcode() verwenden, m\u00fcssen Sie erst einen Filter zu Ihrem Theme hinzuf\u00fcgen. Schauen Sie in <a href=\"http:\/\/wordpress.org\/extend\/plugins\/basic-google-maps-placemarks\/faq\/\">die FAQ<\/a> f\u00fcr weitere Details.<\/p>\n<\/div>\n<div class=\"one-third\">\n<h2>Golfregionen<\/h2>\n<ul>\n<li><a title=\"London Region\" href=\"https:\/\/www.golftravellers.com\/de\/reiseziele\/england\/golfplatze-in-england\/london-und-umgebung\/#london\" target=\"_blank\" rel=\"noopener\">London und Umgebung<\/a><\/li>\n<li><a title=\"Midlands Region\" href=\"https:\/\/www.golftravellers.com\/de\/reiseziele\/england\/golfplatze-in-england\/midlands\/#midlands\" target=\"_blank\" rel=\"noopener\">Midlands<\/a><\/li>\n<li><a title=\"Nord Region\" href=\"https:\/\/www.golftravellers.com\/de\/reiseziele\/england\/golfplatze-in-england\/norden\/#north\" target=\"_blank\" rel=\"noopener\">Norden<\/a><\/li>\n<li><a title=\"S\u00fcdost Region\" href=\"https:\/\/www.golftravellers.com\/de\/reiseziele\/england\/golfplatze-in-england\/suedosten\/#southeast\" target=\"_blank\" rel=\"noopener\">S\u00fcdosten<\/a><\/li>\n<li><a title=\"S\u00fcdwest Region\" href=\"https:\/\/www.golftravellers.com\/de\/reiseziele\/england\/golfplatze-in-england\/suedwesten\/#southwest\" target=\"_blank\" rel=\"noopener\">S\u00fcdwesten<\/a><\/li>\n<\/ul>\n<h2>Golfpl\u00e4tze<\/h2>\n<ul id=\"bgmp_list\" class=\"bgmp_list\"><li id=\"bgmp_list-item-31547\" class=\"bgmp_list-item\">\n\t<h3 class=\"bgmp_list-placemark-title\">\n\t\tAldeburgh\n\t\t\t\t\t<span class=\"bgmp_view-on-map-container\">\n\t\t\t\t[<a href=\"javascript:;\" data-marker-id=\"31547\" class=\"bgmp_view-on-map\">\n\t\t\t\t\tAuf der Karte anzeigen\t\t\t\t<\/a>]\n\t\t\t<\/span>\n\t\t\t<\/h3>\n\n\t<div class=\"bgmp_list-description\">\n\t\t\t\t<p><a href=\"https:\/\/www.golftravellers.com\/destinations\/england\/golf-courses-in-england\/midlands-region\/aldeburgh-championship-course\/\"><img loading=\"lazy\" decoding=\"async\" class=\"aligncenter size-full wp-image-31540\" src=\"https:\/\/www.golftravellers.com\/wp-content\/uploads\/2016\/11\/aldeburgh-golf.jpg\" alt=\"Aldeburgh Golf\" width=\"150\" height=\"100\" \/><\/a><\/p>\n<p><a href=\"https:\/\/www.golftravellers.com\/destinations\/england\/golf-courses-in-england\/midlands-region\/aldeburgh-championship-course\/\">Klicken Sie hier f\u00fcr Bilder und Einzelheiten \u00fcber den Platz<\/a><\/p>\n\t<\/div>\n\n\t<p class=\"bgmp_list-link\">\n\t\t<a href=\"http:\/\/google.com\/maps?q=\">\n\t\t\t\t\t<\/a>\n\t<\/p>\n<\/li>\n<li id=\"bgmp_list-item-24021\" class=\"bgmp_list-item\">\n\t<h3 class=\"bgmp_list-placemark-title\">\n\t\tBeau Desert\n\t\t\t\t\t<span class=\"bgmp_view-on-map-container\">\n\t\t\t\t[<a href=\"javascript:;\" data-marker-id=\"24021\" class=\"bgmp_view-on-map\">\n\t\t\t\t\tAuf der Karte anzeigen\t\t\t\t<\/a>]\n\t\t\t<\/span>\n\t\t\t<\/h3>\n\n\t<div class=\"bgmp_list-description\">\n\t\t\t\t<p><a href=\"https:\/\/www.golftravellers.com\/de\/reiseziele\/england\/golfplatze-in-england\/midlands\/beau-desert\/\"><img loading=\"lazy\" decoding=\"async\" class=\"aligncenter size-full wp-image-6751\" src=\"https:\/\/www.golftravellers.com\/wp-content\/uploads\/2014\/07\/Tee-on-the-Beau-Desert-golf-course.jpg\" alt=\"Tee on the Beau Desert golf course\" width=\"150\" height=\"100\" \/><\/a><\/p>\n<p><a title=\"Beau Desert\" href=\"https:\/\/www.golftravellers.com\/de\/reiseziele\/england\/golfplatze-in-england\/midlands\/beau-desert\/\">Klicken Sie hier f\u00fcr Bilder und Einzelheiten \u00fcber den Platz<\/a><\/p>\n\t<\/div>\n\n\t<p class=\"bgmp_list-link\">\n\t\t<a href=\"http:\/\/google.com\/maps?q=\">\n\t\t\t\t\t<\/a>\n\t<\/p>\n<\/li>\n<li id=\"bgmp_list-item-24025\" class=\"bgmp_list-item\">\n\t<h3 class=\"bgmp_list-placemark-title\">\n\t\tBelfry (Brabazon)\n\t\t\t\t\t<span class=\"bgmp_view-on-map-container\">\n\t\t\t\t[<a href=\"javascript:;\" data-marker-id=\"24025\" class=\"bgmp_view-on-map\">\n\t\t\t\t\tAuf der Karte anzeigen\t\t\t\t<\/a>]\n\t\t\t<\/span>\n\t\t\t<\/h3>\n\n\t<div class=\"bgmp_list-description\">\n\t\t\t\t<p><a href=\"https:\/\/www.golftravellers.com\/de\/reiseziele\/england\/golfplatze-in-england\/midlands\/belfry-brabazon\/\"><img loading=\"lazy\" decoding=\"async\" class=\"aligncenter size-full wp-image-6742\" src=\"https:\/\/www.golftravellers.com\/wp-content\/uploads\/2014\/07\/10th-hole-of-the-Brabazon-course-at-the-Belfry.jpg\" alt=\"10th hole of the Brabazon course at the Belfry\" width=\"150\" height=\"100\" \/><\/a><\/p>\n<p><a title=\"Belfry (Brabazon)\" href=\"https:\/\/www.golftravellers.com\/de\/reiseziele\/england\/golfplatze-in-england\/midlands\/belfry-brabazon\/\">Klicken Sie hier f\u00fcr Bilder und Einzelheiten \u00fcber den Platz<\/a><\/p>\n\t<\/div>\n\n\t<p class=\"bgmp_list-link\">\n\t\t<a href=\"http:\/\/google.com\/maps?q=\">\n\t\t\t\t\t<\/a>\n\t<\/p>\n<\/li>\n<li id=\"bgmp_list-item-24133\" class=\"bgmp_list-item\">\n\t<h3 class=\"bgmp_list-placemark-title\">\n\t\tForest of Arden (Marriott)\n\t\t\t\t\t<span class=\"bgmp_view-on-map-container\">\n\t\t\t\t[<a href=\"javascript:;\" data-marker-id=\"24133\" class=\"bgmp_view-on-map\">\n\t\t\t\t\tAuf der Karte anzeigen\t\t\t\t<\/a>]\n\t\t\t<\/span>\n\t\t\t<\/h3>\n\n\t<div class=\"bgmp_list-description\">\n\t\t\t\t<p><a href=\"https:\/\/www.golftravellers.com\/de\/reiseziele\/england\/golfplatze-in-england\/midlands\/forest-of-arden-marriott\/\"><img loading=\"lazy\" decoding=\"async\" class=\"aligncenter size-full wp-image-6733\" src=\"https:\/\/www.golftravellers.com\/wp-content\/uploads\/2014\/07\/Golfers-playing-at-Marriott-Forest-of-Arden-golf-course.jpg\" alt=\"Golfers playing at Marriott Forest of Arden golf course\" width=\"150\" height=\"100\" \/><\/a><\/p>\n<p><a title=\"Forest of Arden (Marriott)\" href=\"https:\/\/www.golftravellers.com\/de\/reiseziele\/england\/golfplatze-in-england\/midlands\/forest-of-arden-marriott\/\">Klicken Sie hier f\u00fcr Bilder und Einzelheiten \u00fcber den Platz<\/a><\/p>\n\t<\/div>\n\n\t<p class=\"bgmp_list-link\">\n\t\t<a href=\"http:\/\/google.com\/maps?q=\">\n\t\t\t\t\t<\/a>\n\t<\/p>\n<\/li>\n<li id=\"bgmp_list-item-24183\" class=\"bgmp_list-item\">\n\t<h3 class=\"bgmp_list-placemark-title\">\n\t\tHunstanton\n\t\t\t\t\t<span class=\"bgmp_view-on-map-container\">\n\t\t\t\t[<a href=\"javascript:;\" data-marker-id=\"24183\" class=\"bgmp_view-on-map\">\n\t\t\t\t\tAuf der Karte anzeigen\t\t\t\t<\/a>]\n\t\t\t<\/span>\n\t\t\t<\/h3>\n\n\t<div class=\"bgmp_list-description\">\n\t\t\t\t<p><a href=\"https:\/\/www.golftravellers.com\/de\/reiseziele\/england\/golfplatze-in-england\/midlands\/hunstanton\/\"><img loading=\"lazy\" decoding=\"async\" class=\"aligncenter size-full wp-image-6724\" src=\"https:\/\/www.golftravellers.com\/wp-content\/uploads\/2014\/07\/Par-3-on-the-Hunstanton-golf-course.jpg\" alt=\"Par 3 on the Hunstanton golf course\" width=\"150\" height=\"100\" \/><\/a><\/p>\n<p><a title=\"Hunstanton\" href=\"https:\/\/www.golftravellers.com\/de\/reiseziele\/england\/golfplatze-in-england\/midlands\/hunstanton\/\">Klicken Sie hier f\u00fcr Bilder und Einzelheiten \u00fcber den Platz<\/a><\/p>\n\t<\/div>\n\n\t<p class=\"bgmp_list-link\">\n\t\t<a href=\"http:\/\/google.com\/maps?q=\">\n\t\t\t\t\t<\/a>\n\t<\/p>\n<\/li>\n<li id=\"bgmp_list-item-24189\" class=\"bgmp_list-item\">\n\t<h3 class=\"bgmp_list-placemark-title\">\n\t\tIpswich\n\t\t\t\t\t<span class=\"bgmp_view-on-map-container\">\n\t\t\t\t[<a href=\"javascript:;\" data-marker-id=\"24189\" class=\"bgmp_view-on-map\">\n\t\t\t\t\tAuf der Karte anzeigen\t\t\t\t<\/a>]\n\t\t\t<\/span>\n\t\t\t<\/h3>\n\n\t<div class=\"bgmp_list-description\">\n\t\t\t\t<p><a href=\"https:\/\/www.golftravellers.com\/de\/reiseziele\/england\/golfplatze-in-england\/midlands\/ipswich\/\"><img loading=\"lazy\" decoding=\"async\" class=\"aligncenter size-full wp-image-6715\" src=\"https:\/\/www.golftravellers.com\/wp-content\/uploads\/2014\/07\/Elevated-green-at-Ipswich-golf-course.jpg\" alt=\"Elevated green at Ipswich golf course\" width=\"150\" height=\"104\" \/><\/a><\/p>\n<p><a title=\"Ipswich\" href=\"https:\/\/www.golftravellers.com\/de\/reiseziele\/england\/golfplatze-in-england\/midlands\/ipswich\/\">Klicken Sie hier f\u00fcr Bilder und Einzelheiten \u00fcber den Platz<\/a><\/p>\n\t<\/div>\n\n\t<p class=\"bgmp_list-link\">\n\t\t<a href=\"http:\/\/google.com\/maps?q=\">\n\t\t\t\t\t<\/a>\n\t<\/p>\n<\/li>\n<li id=\"bgmp_list-item-24222\" class=\"bgmp_list-item\">\n\t<h3 class=\"bgmp_list-placemark-title\">\n\t\tLittle Aston\n\t\t\t\t\t<span class=\"bgmp_view-on-map-container\">\n\t\t\t\t[<a href=\"javascript:;\" data-marker-id=\"24222\" class=\"bgmp_view-on-map\">\n\t\t\t\t\tAuf der Karte anzeigen\t\t\t\t<\/a>]\n\t\t\t<\/span>\n\t\t\t<\/h3>\n\n\t<div class=\"bgmp_list-description\">\n\t\t\t\t<p><a href=\"https:\/\/www.golftravellers.com\/de\/reiseziele\/england\/golfplatze-in-england\/midlands\/little-aston\/\"><img loading=\"lazy\" decoding=\"async\" class=\"aligncenter size-full wp-image-6706\" src=\"https:\/\/www.golftravellers.com\/wp-content\/uploads\/2014\/07\/Clubhouse-at-Little-Aston-golf-course.jpg\" alt=\"Clubhouse at Little Aston golf course\" width=\"150\" height=\"110\" \/><\/a><\/p>\n<p><a title=\"Little Aston\" href=\"https:\/\/www.golftravellers.com\/de\/reiseziele\/england\/golfplatze-in-england\/midlands\/little-aston\/\">Klicken Sie hier f\u00fcr Bilder und Einzelheiten \u00fcber den Platz<\/a><\/p>\n\t<\/div>\n\n\t<p class=\"bgmp_list-link\">\n\t\t<a href=\"http:\/\/google.com\/maps?q=\">\n\t\t\t\t\t<\/a>\n\t<\/p>\n<\/li>\n<li id=\"bgmp_list-item-24286\" class=\"bgmp_list-item\">\n\t<h3 class=\"bgmp_list-placemark-title\">\n\t\tNotts (Hollinwell)\n\t\t\t\t\t<span class=\"bgmp_view-on-map-container\">\n\t\t\t\t[<a href=\"javascript:;\" data-marker-id=\"24286\" class=\"bgmp_view-on-map\">\n\t\t\t\t\tAuf der Karte anzeigen\t\t\t\t<\/a>]\n\t\t\t<\/span>\n\t\t\t<\/h3>\n\n\t<div class=\"bgmp_list-description\">\n\t\t\t\t<p><a href=\"https:\/\/www.golftravellers.com\/de\/reiseziele\/england\/golfplatze-in-england\/midlands\/notts-hollinwell\/\"><img loading=\"lazy\" decoding=\"async\" class=\"aligncenter size-full wp-image-6697\" src=\"https:\/\/www.golftravellers.com\/wp-content\/uploads\/2014\/07\/18th-hole-at-Notts-golf-course.jpg\" alt=\"18th hole at Notts golf course\" width=\"150\" height=\"100\" \/><\/a><\/p>\n<p><a title=\"Notts (Hollinwell)\" href=\"https:\/\/www.golftravellers.com\/de\/reiseziele\/england\/golfplatze-in-england\/midlands\/notts-hollinwell\/\">Klicken Sie hier f\u00fcr Bilder und Einzelheiten \u00fcber den Platz<\/a><\/p>\n\t<\/div>\n\n\t<p class=\"bgmp_list-link\">\n\t\t<a href=\"http:\/\/google.com\/maps?q=\">\n\t\t\t\t\t<\/a>\n\t<\/p>\n<\/li>\n<li id=\"bgmp_list-item-24416\" class=\"bgmp_list-item\">\n\t<h3 class=\"bgmp_list-placemark-title\">\n\t\tRoyal West Norfolk\n\t\t\t\t\t<span class=\"bgmp_view-on-map-container\">\n\t\t\t\t[<a href=\"javascript:;\" data-marker-id=\"24416\" class=\"bgmp_view-on-map\">\n\t\t\t\t\tAuf der Karte anzeigen\t\t\t\t<\/a>]\n\t\t\t<\/span>\n\t\t\t<\/h3>\n\n\t<div class=\"bgmp_list-description\">\n\t\t\t\t<p><a href=\"https:\/\/www.golftravellers.com\/de\/reiseziele\/england\/golfplatze-in-england\/midlands\/royal-west-norfolk\/\"><img loading=\"lazy\" decoding=\"async\" class=\"aligncenter size-full wp-image-6687\" src=\"https:\/\/www.golftravellers.com\/wp-content\/uploads\/2014\/07\/Green-and-sea-at-the-Royal-West-Norfolk-golf-course.jpg\" alt=\"Green and sea at the Royal West Norfolk golf course\" width=\"150\" height=\"100\" \/><\/a><\/p>\n<p><a title=\"Royal West Norfolk\" href=\"https:\/\/www.golftravellers.com\/de\/reiseziele\/england\/golfplatze-in-england\/midlands\/royal-west-norfolk\/\">Klicken Sie hier f\u00fcr Bilder und Einzelheiten \u00fcber den Platz<\/a><\/p>\n\t<\/div>\n\n\t<p class=\"bgmp_list-link\">\n\t\t<a href=\"http:\/\/google.com\/maps?q=\">\n\t\t\t\t\t<\/a>\n\t<\/p>\n<\/li>\n<li id=\"bgmp_list-item-24435\" class=\"bgmp_list-item\">\n\t<h3 class=\"bgmp_list-placemark-title\">\n\t\tSheringham\n\t\t\t\t\t<span class=\"bgmp_view-on-map-container\">\n\t\t\t\t[<a href=\"javascript:;\" data-marker-id=\"24435\" class=\"bgmp_view-on-map\">\n\t\t\t\t\tAuf der Karte anzeigen\t\t\t\t<\/a>]\n\t\t\t<\/span>\n\t\t\t<\/h3>\n\n\t<div class=\"bgmp_list-description\">\n\t\t\t\t<p><a title=\"Sheringham\" href=\"https:\/\/www.golftravellers.com\/de\/reiseziele\/england\/golfplatze-in-england\/midlands\/sheringham\/\"><img loading=\"lazy\" decoding=\"async\" class=\"aligncenter wp-image-17218 size-full\" src=\"https:\/\/www.golftravellers.com\/wp-content\/uploads\/2014\/11\/sheringham-5th-fairway.jpg\" alt=\"5th fairway at Sheringham golf course\" width=\"150\" height=\"100\" \/><\/a><\/p>\n<p><a title=\"Sheringham\" href=\"https:\/\/www.golftravellers.com\/de\/reiseziele\/england\/golfplatze-in-england\/midlands\/sheringham\/\">Klicken Sie hier f\u00fcr Bilder und Einzelheiten \u00fcber den Platz<\/a><\/p>\n\t<\/div>\n\n\t<p class=\"bgmp_list-link\">\n\t\t<a href=\"http:\/\/google.com\/maps?q=\">\n\t\t\t\t\t<\/a>\n\t<\/p>\n<\/li>\n<li id=\"bgmp_list-item-24438\" class=\"bgmp_list-item\">\n\t<h3 class=\"bgmp_list-placemark-title\">\n\t\tSherwood Forest\n\t\t\t\t\t<span class=\"bgmp_view-on-map-container\">\n\t\t\t\t[<a href=\"javascript:;\" data-marker-id=\"24438\" class=\"bgmp_view-on-map\">\n\t\t\t\t\tAuf der Karte anzeigen\t\t\t\t<\/a>]\n\t\t\t<\/span>\n\t\t\t<\/h3>\n\n\t<div class=\"bgmp_list-description\">\n\t\t\t\t<p><a href=\"https:\/\/www.golftravellers.com\/de\/reiseziele\/england\/golfplatze-in-england\/midlands\/sherwood-forest\/\"><img loading=\"lazy\" decoding=\"async\" class=\"aligncenter size-full wp-image-6678\" src=\"https:\/\/www.golftravellers.com\/wp-content\/uploads\/2014\/07\/Back-of-the-green-on-the-Sherwood-Forest-golf-course.jpg\" alt=\"Back of the green on the Sherwood Forest golf course\" width=\"150\" height=\"89\" \/><\/a><\/p>\n<p><a title=\"Sherwood Forest\" href=\"https:\/\/www.golftravellers.com\/de\/reiseziele\/england\/golfplatze-in-england\/midlands\/sherwood-forest\/\">Klicken Sie hier f\u00fcr Bilder und Einzelheiten \u00fcber den Platz<\/a><\/p>\n\t<\/div>\n\n\t<p class=\"bgmp_list-link\">\n\t\t<a href=\"http:\/\/google.com\/maps?q=\">\n\t\t\t\t\t<\/a>\n\t<\/p>\n<\/li>\n<li id=\"bgmp_list-item-24540\" class=\"bgmp_list-item\">\n\t<h3 class=\"bgmp_list-placemark-title\">\n\t\tWoodhall Spa (Hotchkin)\n\t\t\t\t\t<span class=\"bgmp_view-on-map-container\">\n\t\t\t\t[<a href=\"javascript:;\" data-marker-id=\"24540\" class=\"bgmp_view-on-map\">\n\t\t\t\t\tAuf der Karte anzeigen\t\t\t\t<\/a>]\n\t\t\t<\/span>\n\t\t\t<\/h3>\n\n\t<div class=\"bgmp_list-description\">\n\t\t\t\t<p><a href=\"https:\/\/www.golftravellers.com\/de\/reiseziele\/england\/golfplatze-in-england\/midlands\/woodhall-spa-hotchkin\/\"><img loading=\"lazy\" decoding=\"async\" class=\"aligncenter size-full wp-image-6669\" src=\"https:\/\/www.golftravellers.com\/wp-content\/uploads\/2014\/07\/Well-guarded-green-on-the-Hotchkin-golf-course-at-Woodhall-Spa-golf-club.jpg\" alt=\"Well guarded green on the Hotchkin golf course at Woodhall Spa golf club\" width=\"150\" height=\"100\" \/><\/a><\/p>\n<p><a title=\"Woodhall Spa (Hotchkin)\" href=\"https:\/\/www.golftravellers.com\/de\/reiseziele\/england\/golfplatze-in-england\/midlands\/woodhall-spa-hotchkin\/\">Klicken Sie hier f\u00fcr Bilder und Einzelheiten \u00fcber den Platz<\/a><\/p>\n\t<\/div>\n\n\t<p class=\"bgmp_list-link\">\n\t\t<a href=\"http:\/\/google.com\/maps?q=\">\n\t\t\t\t\t<\/a>\n\t<\/p>\n<\/li>\n<\/ul>\n<\/div>\n","protected":false},"excerpt":{"rendered":"<p>\u00a0 Die f\u00fcr ihre malerische Landschaft bekannten Midlands verf\u00fcgen \u00fcber einige der besten Inlandpl\u00e4tze ganz Englands. So diente der Belfry nahe Birmingham bereits mehrfach als Austragungsort des Ryder Cups und die Heimat Robin Hoods, in der Nottingham liegt, hat drei herausragende Pl\u00e4tze zu bieten: Notts, Sherwood Forest sowie Woodhall Spa. Nebst diesen verf\u00fcgt diese Region [&hellip;]<\/p>\n","protected":false},"author":10,"featured_media":31600,"parent":21062,"menu_order":20,"comment_status":"open","ping_status":"closed","template":"","meta":{"_genesis_hide_title":false,"_genesis_hide_breadcrumbs":false,"_genesis_hide_singular_image":false,"_genesis_hide_footer_widgets":false,"_genesis_custom_body_class":"","_genesis_custom_post_class":"","_genesis_layout":"full-width-content","footnotes":""},"class_list":{"0":"post-21066","1":"page","2":"type-page","3":"status-publish","4":"has-post-thumbnail","6":"entry"},"_links":{"self":[{"href":"https:\/\/www.golftravellers.com\/de\/wp-json\/wp\/v2\/pages\/21066","targetHints":{"allow":["GET"]}}],"collection":[{"href":"https:\/\/www.golftravellers.com\/de\/wp-json\/wp\/v2\/pages"}],"about":[{"href":"https:\/\/www.golftravellers.com\/de\/wp-json\/wp\/v2\/types\/page"}],"author":[{"embeddable":true,"href":"https:\/\/www.golftravellers.com\/de\/wp-json\/wp\/v2\/users\/10"}],"replies":[{"embeddable":true,"href":"https:\/\/www.golftravellers.com\/de\/wp-json\/wp\/v2\/comments?post=21066"}],"version-history":[{"count":10,"href":"https:\/\/www.golftravellers.com\/de\/wp-json\/wp\/v2\/pages\/21066\/revisions"}],"predecessor-version":[{"id":40233,"href":"https:\/\/www.golftravellers.com\/de\/wp-json\/wp\/v2\/pages\/21066\/revisions\/40233"}],"up":[{"embeddable":true,"href":"https:\/\/www.golftravellers.com\/de\/wp-json\/wp\/v2\/pages\/21062"}],"wp:featuredmedia":[{"embeddable":true,"href":"https:\/\/www.golftravellers.com\/de\/wp-json\/wp\/v2\/media\/31600"}],"wp:attachment":[{"href":"https:\/\/www.golftravellers.com\/de\/wp-json\/wp\/v2\/media?parent=21066"}],"curies":[{"name":"wp","href":"https:\/\/api.w.org\/{rel}","templated":true}]}}