{"id":21062,"date":"2015-01-17T11:31:53","date_gmt":"2015-01-17T11:31:53","guid":{"rendered":"http:\/\/www.golftravellers.com\/?page_id=21062"},"modified":"2017-04-24T15:57:36","modified_gmt":"2017-04-24T14:57:36","slug":"golfplatze-in-england","status":"publish","type":"page","link":"https:\/\/www.golftravellers.com\/de\/reiseziele\/england\/golfplatze-in-england\/","title":{"rendered":"Golfpl\u00e4tze in England"},"content":{"rendered":"<p>Bitte w\u00e4hlen Sie eine der Regionen auf der Golfkarte Englands, um die Golfpl\u00e4tze anzusehen.<\/p>\n<p><img loading=\"lazy\" decoding=\"async\" class=\"noborder alignnone\" src=\"https:\/\/www.golftravellers.com\/wp-content\/uploads\/2014\/09\/England-Map1.png\" alt=\"Landkarte von England mit Golfregionen\" usemap=\"#englandmap\" width=\"550\" height=\"685\" \/><\/p>\n<map name=\"englandmap\">\n<area id=\"northregion\" style=\"outline: none;\" alt=\"North Region\" coords=\"277,2,301,25,310,74,321,102,339,141,380,158,409,198,402,211,427,253,413,257,399,244,384,248,374,245,368,249,350,274,332,295,325,288,310,291,292,276,282,276,275,285,282,293,283,306,273,311,260,319,247,336,237,336,225,328,212,314,196,284,209,277,200,266,212,241,207,227,213,214,213,191,197,201,171,155,186,111,212,90,267,46,259,27\" shape=\"poly\" href=\"https:\/\/www.golftravellers.com\/de\/reiseziele\/england\/golfplatze-in-england\/norden\/\" data-title=\"Nord Region - Klicken um die Region zu sehen!\" \/>\n<area id=\"midlands\" style=\"outline: none;\" alt=\"Midlands Region\" coords=\"212,338,225,345,232,336,249,338,272,312,283,307,276,286,292,276,304,291,323,290,331,298,348,280,367,255,377,251,398,248,431,275,446,314,423,339,446,353,460,331,515,335,545,363,545,395,538,430,520,450,516,464,494,496,483,500,457,509,445,511,440,489,426,489,417,481,408,481,404,477,385,479,367,488,363,492,351,489,345,491,338,488,336,475,329,475,326,484,302,485,290,490,278,485,271,489,261,499,258,517,244,517,228,509,236,486,231,468,207,458,199,437,209,418,194,399,202,384,205,356,201,345\" shape=\"poly\" href=\"https:\/\/www.golftravellers.com\/de\/reiseziele\/england\/golfplatze-in-england\/midlands\/\" data-title=\"Midlands Region - Klicken um die Region zu sehen!\" \/>\n<area id=\"london\" style=\"outline: none;\" alt=\"London Region\" coords=\"346,491,360,492,370,487,383,481,400,478,423,483,439,491,442,507,433,519,428,532,429,546,416,549,391,556,380,556,369,543,348,527,343,504\" shape=\"poly\" href=\"https:\/\/www.golftravellers.com\/de\/reiseziele\/england\/golfplatze-in-england\/london-und-umgebung\/\" data-title=\"London Region - Klicken um die Region zu sehen!\" \/>\n<area id=\"southwest\" style=\"outline: none;\" alt=\"South West Region\" coords=\"4,671,21,667,39,680,50,672,56,658,71,652,85,643,114,643,145,657,155,656,167,638,168,618,178,608,217,598,245,614,282,614,289,600,294,568,313,577,308,540,314,539,320,523,345,526,347,495,332,476,328,474,324,485,306,486,284,483,266,495,259,516,229,512,214,523,206,544,162,538,125,541,110,565,97,560,93,586,17,652,2,661\" shape=\"poly\" href=\"https:\/\/www.golftravellers.com\/de\/reiseziele\/england\/golfplatze-in-england\/suedwesten\/\" data-title=\"S\u00fcdwest Region - Klicken um die Region zu sehen!\" \/>\n<area id=\"southeast\" style=\"outline: none;\" alt=\"South East Region\" coords=\"289,599,310,600,339,616,348,604,369,595,448,594,499,573,530,542,532,517,494,518,477,510,461,510,449,512,437,517,432,547,411,549,377,559,351,526,327,522,317,525,318,537,305,541,311,574,293,566,291,566\" shape=\"poly\" href=\"https:\/\/www.golftravellers.com\/de\/reiseziele\/england\/golfplatze-in-england\/suedosten\/\" data-title=\"S\u00fcdost Region - Klicken um die Region zu sehen!\" \/> <\/map>\n<\/p>\n\n\n\n\n\n","protected":false},"excerpt":{"rendered":"<p>Bitte w\u00e4hlen Sie eine der Regionen auf der Golfkarte Englands, um die Golfpl\u00e4tze anzusehen.<\/p>\n","protected":false},"author":10,"featured_media":32844,"parent":16434,"menu_order":0,"comment_status":"open","ping_status":"closed","template":"","meta":{"_genesis_hide_title":false,"_genesis_hide_breadcrumbs":false,"_genesis_hide_singular_image":false,"_genesis_hide_footer_widgets":false,"_genesis_custom_body_class":"","_genesis_custom_post_class":"","_genesis_layout":"content-sidebar","footnotes":""},"class_list":{"0":"post-21062","1":"page","2":"type-page","3":"status-publish","4":"has-post-thumbnail","6":"entry"},"_links":{"self":[{"href":"https:\/\/www.golftravellers.com\/de\/wp-json\/wp\/v2\/pages\/21062","targetHints":{"allow":["GET"]}}],"collection":[{"href":"https:\/\/www.golftravellers.com\/de\/wp-json\/wp\/v2\/pages"}],"about":[{"href":"https:\/\/www.golftravellers.com\/de\/wp-json\/wp\/v2\/types\/page"}],"author":[{"embeddable":true,"href":"https:\/\/www.golftravellers.com\/de\/wp-json\/wp\/v2\/users\/10"}],"replies":[{"embeddable":true,"href":"https:\/\/www.golftravellers.com\/de\/wp-json\/wp\/v2\/comments?post=21062"}],"version-history":[{"count":6,"href":"https:\/\/www.golftravellers.com\/de\/wp-json\/wp\/v2\/pages\/21062\/revisions"}],"predecessor-version":[{"id":37534,"href":"https:\/\/www.golftravellers.com\/de\/wp-json\/wp\/v2\/pages\/21062\/revisions\/37534"}],"up":[{"embeddable":true,"href":"https:\/\/www.golftravellers.com\/de\/wp-json\/wp\/v2\/pages\/16434"}],"wp:featuredmedia":[{"embeddable":true,"href":"https:\/\/www.golftravellers.com\/de\/wp-json\/wp\/v2\/media\/32844"}],"wp:attachment":[{"href":"https:\/\/www.golftravellers.com\/de\/wp-json\/wp\/v2\/media?parent=21062"}],"curies":[{"name":"wp","href":"https:\/\/api.w.org\/{rel}","templated":true}]}}