{"id":20984,"date":"2015-01-20T14:06:09","date_gmt":"2015-01-20T14:06:09","guid":{"rendered":"http:\/\/www.golftravellers.com\/?page_id=20984"},"modified":"2022-11-30T13:27:25","modified_gmt":"2022-11-30T13:27:25","slug":"die-besten-plaetze-des-suedwestens","status":"publish","type":"page","link":"https:\/\/www.golftravellers.com\/de\/reiseziele\/irland\/beispielpakete-irland\/die-besten-plaetze-des-suedwestens\/","title":{"rendered":"Die besten Pl\u00e4tze des S\u00fcdwestens"},"content":{"rendered":"<div class=\"one-half first\">\u00a0<\/div>\n<div class=\"one-half\">\n<p><span style=\"font-size: 36pt;\">2430\u20ac<\/span><\/p>\n<h4>Im Paketpreis mit inbegriffen:<\/h4>\n<ul style=\"list-style-type: square;\">\n<li>6 \u00dcbernachtungen im luxuri\u00f6sen 4-Sterne Brook Manor Lodge G\u00e4stehaus<\/li>\n<li>5 Green Fees\n<ul style=\"list-style-type: circle;\">\n<li><a title=\"Ballybunion (Old)\" href=\"https:\/\/www.golftravellers.com\/de\/reiseziele\/irland\/golfplatze-in-irland\/suedwesten\/ballybunion-old\/\" target=\"_blank\" rel=\"noopener\">Ballybunion &#8218;Old&#8216;<\/a><\/li>\n<li><a title=\"Waterville\" href=\"https:\/\/www.golftravellers.com\/de\/reiseziele\/irland\/golfplatze-in-irland\/suedwesten\/waterville\/\" target=\"_blank\" rel=\"noopener\">Waterville<\/a><\/li>\n<li><a title=\"Tralee\" href=\"https:\/\/www.golftravellers.com\/de\/reiseziele\/irland\/golfplatze-in-irland\/suedwesten\/tralee\/\" target=\"_blank\" rel=\"noopener\">Tralee<\/a><\/li>\n<li><a href=\"https:\/\/www.golftravellers.com\/de\/reiseziele\/irland\/golfplatze-in-irland\/suedwesten\/trump-international-golf-links-doonbeg\/\" target=\"_blank\" rel=\"noopener\">Doonbeg &#8218;Trump&#8216;\u00a0<\/a><\/li>\n<li><a title=\"Dooks\" href=\"https:\/\/www.golftravellers.com\/de\/reiseziele\/irland\/golfplatze-in-irland\/suedwesten\/dooks\/\" target=\"_blank\" rel=\"noopener\">Dooks<\/a><\/li>\n<\/ul>\n<\/li>\n<li><a href=\"https:\/\/www.golftravellers.com\/de\/transportmoeglichkeiten\/\" target=\"_blank\" rel=\"noopener\">1 Mietwagen f\u00fcr 7 Tage<\/a><\/li>\n<\/ul>\n<\/div>\n<p>&nbsp;<\/p>\n<div class=\"one-third first\"><a class=\"button \" title=\"Jetzt Ihre Reise buchen\" href=\"https:\/\/www.golftravellers.com\/de\/kontakt\/jetzt-ihre-golfreise-buchen\/\">Jetzt buchen<\/a><\/div>\n<div class=\"one-third\"><a class=\"button\" title=\"Ihre Reise maschneidern\" href=\"https:\/\/www.golftravellers.com\/de\/kontakt\/angebot-anpassen\/\">Anpassen<\/a><\/div>\n<div class=\"one-third\"><a class=\"button\" title=\"Kontaktieren Sie uns\" href=\"https:\/\/www.golftravellers.com\/de\/kontakt\/\">Kontakt<\/a><\/div>\n<p>&nbsp;<\/p>\n<div class=\"one-half first\">\n<h4>Kostenlose Extras<\/h4>\n<ul>\n<li>Rund um die Uhr Kundenbetreuung<\/li>\n<\/ul>\n<\/div>\n<div class=\"one-half\">\n<h4>Buchbare Zusatzleistungen:<\/h4>\n<ul>\n<li>Fl\u00fcge, die wir f\u00fcr Sie buchen k\u00f6nnen<\/li>\n<li>Einzelzimmerzuschlag<\/li>\n<li>Zus\u00e4tzliche \u00dcbernachtungen &amp; Golfpl\u00e4tze<\/li>\n<li>Upgrade auf ein 4- bzw. 5-Sterne Hotel<\/li>\n<li>Transport mit Chauffeur<\/li>\n<li>\u00d6rtliche Aktivit\u00e4ten und Sehensw\u00fcrdigkeiten<\/li>\n<li>Mittag- und Abendessen<\/li>\n<li>Reiseversicherung<\/li>\n<\/ul>\n<\/div>\n<h2>Beispielreiseplan:<\/h2>\n<table>\n<tbody>\n<tr>\n<td style=\"width: 25%;\"><strong>Tag 1:<\/strong><\/td>\n<td>Ankunft Cork Airport<\/td>\n<td>Brook Manor Lodge****, Tralee<\/td>\n<td>1h45<\/td>\n<\/tr>\n<tr>\n<td style=\"width: 25%;\"><strong>Tag\u00a02:<\/strong><\/td>\n<td>Dooks<\/td>\n<td>Brook Manor Lodge****, Tralee<\/td>\n<td>30 Minuten<\/td>\n<\/tr>\n<tr>\n<td style=\"width: 25%;\"><strong>Tag\u00a03:<\/strong><\/td>\n<td>Waterville<\/td>\n<td>Brook Manor Lodge****, Tralee<\/td>\n<td>1h15<\/td>\n<\/tr>\n<tr>\n<td style=\"width: 25%;\"><strong>Tag\u00a04:<\/strong><\/td>\n<td>Doonbeg<\/td>\n<td>Brook Manor Lodge****, Tralee<\/td>\n<td>1h45<\/td>\n<\/tr>\n<tr>\n<td style=\"width: 25%;\"><strong>Tag\u00a05:<\/strong><\/td>\n<td>Erkunden der Region<\/td>\n<td>Brook Manor Lodge****, Tralee<\/td>\n<td>&nbsp;<\/td>\n<\/tr>\n<tr>\n<td style=\"width: 25%;\"><strong>Tag\u00a06:<\/strong><\/td>\n<td>Tralee<\/td>\n<td>Brook Manor Lodge****, Tralee<\/td>\n<td>10 Minuten<\/td>\n<\/tr>\n<tr>\n<td style=\"width: 25%;\"><strong>Tag\u00a07:<\/strong><\/td>\n<td>Ballybunion &#8218;Old&#8216;<\/td>\n<td>Brook Manor Lodge****, Tralee<\/td>\n<td>45 Minuten<\/td>\n<\/tr>\n<tr>\n<td style=\"width: 25%;\">\u00a0<\/td>\n<td>Abfahrt Cork Airport<\/td>\n<td>&nbsp;<\/td>\n<td>1h45<\/td>\n<\/tr>\n<\/tbody>\n<\/table>\n<div class=\"terms\"><img loading=\"lazy\" decoding=\"async\" class=\"alignleft wp-image-3871\" src=\"https:\/\/www.golftravellers.com\/wp-content\/uploads\/2014\/06\/ExclamationPoint.png\" alt=\"Black exclamation point within box with black border\" width=\"50\" height=\"50\" \/><\/p>\n<h3>Paketbedingung:<\/h3>\n<p>&nbsp;<\/p>\n<p>&#8211; Alle unsere Angebote innerhalb Irlands gelten in Euro.<\/p>\n<p>&#8211; Angebot gilt zwischen dem 1. April und 31. Oktober f\u00fcr mindestens 2 Personen im Doppel-\/Zweibettzimmer mit irischem Fr\u00fchst\u00fcck. Von November bis M\u00e4rz gelten Sonderpreise.<\/p>\n<\/div>\n<p>&nbsp;<\/p>\n<div class=\"one-third first\"><a class=\"button \" title=\"Jetzt Ihre Reise buchen\" href=\"https:\/\/www.golftravellers.com\/de\/kontakt\/jetzt-ihre-golfreise-buchen\/\">Jetzt buchen<\/a><\/div>\n<div class=\"one-third\"><a class=\"button\" title=\"Ihre Reise maschneidern\" href=\"https:\/\/www.golftravellers.com\/de\/kontakt\/angebot-anpassen\/\">Anpassen<\/a><\/div>\n<div class=\"one-third\"><a class=\"button\" title=\"Kontaktieren Sie uns\" href=\"https:\/\/www.golftravellers.com\/de\/kontakt\/\">Kontakt<\/a><\/div>\n","protected":false},"excerpt":{"rendered":"<p>\u00a0 2430\u20ac Im Paketpreis mit inbegriffen: 6 \u00dcbernachtungen im luxuri\u00f6sen 4-Sterne Brook Manor Lodge G\u00e4stehaus 5 Green Fees Ballybunion &#8218;Old&#8216; Waterville Tralee Doonbeg &#8218;Trump&#8216;\u00a0 Dooks 1 Mietwagen f\u00fcr 7 Tage &nbsp; Jetzt buchen Anpassen Kontakt &nbsp; Kostenlose Extras Rund um die Uhr Kundenbetreuung Buchbare Zusatzleistungen: Fl\u00fcge, die wir f\u00fcr Sie buchen k\u00f6nnen Einzelzimmerzuschlag Zus\u00e4tzliche \u00dcbernachtungen [&hellip;]<\/p>\n","protected":false},"author":6,"featured_media":0,"parent":20267,"menu_order":0,"comment_status":"open","ping_status":"closed","template":"","meta":{"_genesis_hide_title":false,"_genesis_hide_breadcrumbs":false,"_genesis_hide_singular_image":false,"_genesis_hide_footer_widgets":false,"_genesis_custom_body_class":"","_genesis_custom_post_class":"","_genesis_layout":"full-width-content","footnotes":""},"class_list":{"0":"post-20984","1":"page","2":"type-page","3":"status-publish","5":"entry"},"_links":{"self":[{"href":"https:\/\/www.golftravellers.com\/de\/wp-json\/wp\/v2\/pages\/20984","targetHints":{"allow":["GET"]}}],"collection":[{"href":"https:\/\/www.golftravellers.com\/de\/wp-json\/wp\/v2\/pages"}],"about":[{"href":"https:\/\/www.golftravellers.com\/de\/wp-json\/wp\/v2\/types\/page"}],"author":[{"embeddable":true,"href":"https:\/\/www.golftravellers.com\/de\/wp-json\/wp\/v2\/users\/6"}],"replies":[{"embeddable":true,"href":"https:\/\/www.golftravellers.com\/de\/wp-json\/wp\/v2\/comments?post=20984"}],"version-history":[{"count":8,"href":"https:\/\/www.golftravellers.com\/de\/wp-json\/wp\/v2\/pages\/20984\/revisions"}],"predecessor-version":[{"id":42041,"href":"https:\/\/www.golftravellers.com\/de\/wp-json\/wp\/v2\/pages\/20984\/revisions\/42041"}],"up":[{"embeddable":true,"href":"https:\/\/www.golftravellers.com\/de\/wp-json\/wp\/v2\/pages\/20267"}],"wp:attachment":[{"href":"https:\/\/www.golftravellers.com\/de\/wp-json\/wp\/v2\/media?parent=20984"}],"curies":[{"name":"wp","href":"https:\/\/api.w.org\/{rel}","templated":true}]}}