{"id":20976,"date":"2015-01-20T10:02:55","date_gmt":"2015-01-20T10:02:55","guid":{"rendered":"http:\/\/www.golftravellers.com\/?page_id=20976"},"modified":"2022-11-30T13:04:57","modified_gmt":"2022-11-30T13:04:57","slug":"entdecken-sie-3-beruehmte-plaetze-in-dublin","status":"publish","type":"page","link":"https:\/\/www.golftravellers.com\/de\/reiseziele\/irland\/beispielpakete-irland\/entdecken-sie-3-beruehmte-plaetze-in-dublin\/","title":{"rendered":"Entdecken Sie 3 ber\u00fchmte Pl\u00e4tze in Dublin"},"content":{"rendered":"<div class=\"one-half first\">\u00a0<\/div>\n<div class=\"one-half\">\n<p><span style=\"font-size: 36pt;\">1350\u20ac<\/span><\/p>\n<h4>Im Paketpreis mit inbegriffen:<\/h4>\n<ul style=\"list-style-type: square;\">\n<li>3 \u00dcbernachtungen im 4-Sterne Skylon Hotel in Dublin<\/li>\n<li>3 Green Fees\n<ul style=\"list-style-type: circle;\">\n<li><a title=\"Portmarnock\" href=\"https:\/\/www.golftravellers.com\/de\/reiseziele\/irland\/golfplatze-in-irland\/dublin\/portmarnock\/\" target=\"_blank\" rel=\"noopener\">Portmarnock<\/a><\/li>\n<li><a title=\"County Louth\" href=\"https:\/\/www.golftravellers.com\/de\/reiseziele\/irland\/golfplatze-in-irland\/dublin\/county-louth\/\" target=\"_blank\" rel=\"noopener\">County Louth<\/a><\/li>\n<li><a title=\"The Island\" href=\"https:\/\/www.golftravellers.com\/de\/reiseziele\/irland\/golfplatze-in-irland\/dublin\/the-island\/\" target=\"_blank\" rel=\"noopener\">The Island<\/a><\/li>\n<\/ul>\n<\/li>\n<li><a href=\"https:\/\/www.golftravellers.com\/de\/transportmoeglichkeiten\/\" target=\"_blank\" rel=\"noopener\">1 Mietwagen f\u00fcr 4 Tage<\/a><\/li>\n<\/ul>\n<\/div>\n<p>&nbsp;<\/p>\n<div class=\"one-third first\"><a class=\"button \" title=\"Jetzt Ihre Reise buchen\" href=\"https:\/\/www.golftravellers.com\/de\/kontakt\/jetzt-ihre-golfreise-buchen\/\">Jetzt buchen<\/a><\/div>\n<div class=\"one-third\"><a class=\"button\" title=\"Ihre Reise maschneidern\" href=\"https:\/\/www.golftravellers.com\/de\/kontakt\/angebot-anpassen\/\">Anpassen<\/a><\/div>\n<div class=\"one-third\"><a class=\"button\" title=\"Kontaktieren Sie uns\" href=\"https:\/\/www.golftravellers.com\/de\/kontakt\/\">Kontakt<\/a><\/div>\n<p>&nbsp;<\/p>\n<div class=\"one-half first\">\n<h4>Kostenlose Extras<\/h4>\n<ul>\n<li>Rund um die Uhr Kundenbetreuung<\/li>\n<\/ul>\n<\/div>\n<div class=\"one-half\">\n<h4>Buchbare Zusatzleistungen:<\/h4>\n<ul>\n<li>Fl\u00fcge, die wir f\u00fcr Sie buchen k\u00f6nnen<\/li>\n<li>Einzelzimmerzuschlag<\/li>\n<li>Zus\u00e4tzliche \u00dcbernachtungen &amp; Golfpl\u00e4tze<\/li>\n<li>Transport mit Chauffeur<\/li>\n<li>\u00d6rtliche Aktivit\u00e4ten und Sehensw\u00fcrdigkeiten<\/li>\n<li>Mittag- und Abendessen<\/li>\n<li>Reiseversicherung<\/li>\n<\/ul>\n<\/div>\n<h2>Beispielreiseplan:<\/h2>\n<table>\n<tbody>\n<tr>\n<td style=\"width: 25%;\"><strong>Tag 1:<\/strong><\/td>\n<td>Ankunft Dublin\u00a0Airport<\/td>\n<td>Skylon Hotel****, Dublin<\/td>\n<td>20 Minuten<\/td>\n<\/tr>\n<tr>\n<td style=\"width: 25%;\"><strong>Tag\u00a02:<\/strong><\/td>\n<td>The Island<\/td>\n<td>Skylon Hotel****, Dublin<\/td>\n<td>30 Minuten<\/td>\n<\/tr>\n<tr>\n<td style=\"width: 25%;\"><strong>Tag\u00a03:<\/strong><\/td>\n<td>County Louth<\/td>\n<td>Skylon Hotel****, Dublin<\/td>\n<td>50 Minuten<\/td>\n<\/tr>\n<tr>\n<td style=\"width: 25%;\"><strong>Tag\u00a04:<\/strong><\/td>\n<td>Portmarnock<br \/>\nAbfahrt Dublin Airport<\/td>\n<td>&nbsp;<\/td>\n<td>25 Minuten<br \/>\n25 Minuten<\/td>\n<\/tr>\n<\/tbody>\n<\/table>\n<div class=\"terms\"><img loading=\"lazy\" decoding=\"async\" class=\"alignleft wp-image-3871\" src=\"https:\/\/www.golftravellers.com\/wp-content\/uploads\/2014\/06\/ExclamationPoint.png\" alt=\"Black exclamation point within box with black border\" width=\"50\" height=\"50\" \/><\/p>\n<h3>Paketbedingungen:<\/h3>\n<p><\/p>\n<p>&#8211; Alle unsere Angebote innerhalb Irland gelten in Euro.<\/p>\n<p>&#8211; Angebot gilt zwischen dem 1. April und 31. Oktober f\u00fcr mindestens 2 Personen im Doppel-\/Zweibettzimmer mit irischem Fr\u00fchst\u00fcck. F\u00fcr Reisen im Mai, Juni oder September gelten geringf\u00fcgige Preisaufschl\u00e4ge.<\/p>\n<\/div>\n<p>&nbsp;<\/p>\n<div class=\"one-third first\"><a class=\"button \" title=\"Jetzt Ihre Reise buchen\" href=\"https:\/\/www.golftravellers.com\/de\/kontakt\/jetzt-ihre-golfreise-buchen\/\">Jetzt buchen<\/a><\/div>\n<div class=\"one-third\"><a class=\"button\" title=\"Ihre Reise maschneidern\" href=\"https:\/\/www.golftravellers.com\/de\/kontakt\/angebot-anpassen\/\">Anpassen<\/a><\/div>\n<div class=\"one-third\"><a class=\"button\" title=\"Kontaktieren Sie uns\" href=\"https:\/\/www.golftravellers.com\/de\/kontakt\/\">Kontakt<\/a><\/div>\n","protected":false},"excerpt":{"rendered":"<p>\u00a0 1350\u20ac Im Paketpreis mit inbegriffen: 3 \u00dcbernachtungen im 4-Sterne Skylon Hotel in Dublin 3 Green Fees Portmarnock County Louth The Island 1 Mietwagen f\u00fcr 4 Tage &nbsp; Jetzt buchen Anpassen Kontakt &nbsp; Kostenlose Extras Rund um die Uhr Kundenbetreuung Buchbare Zusatzleistungen: Fl\u00fcge, die wir f\u00fcr Sie buchen k\u00f6nnen Einzelzimmerzuschlag Zus\u00e4tzliche \u00dcbernachtungen &amp; Golfpl\u00e4tze Transport [&hellip;]<\/p>\n","protected":false},"author":6,"featured_media":0,"parent":20267,"menu_order":0,"comment_status":"open","ping_status":"closed","template":"","meta":{"_genesis_hide_title":false,"_genesis_hide_breadcrumbs":false,"_genesis_hide_singular_image":false,"_genesis_hide_footer_widgets":false,"_genesis_custom_body_class":"","_genesis_custom_post_class":"","_genesis_layout":"full-width-content","footnotes":""},"class_list":{"0":"post-20976","1":"page","2":"type-page","3":"status-publish","5":"entry"},"_links":{"self":[{"href":"https:\/\/www.golftravellers.com\/de\/wp-json\/wp\/v2\/pages\/20976","targetHints":{"allow":["GET"]}}],"collection":[{"href":"https:\/\/www.golftravellers.com\/de\/wp-json\/wp\/v2\/pages"}],"about":[{"href":"https:\/\/www.golftravellers.com\/de\/wp-json\/wp\/v2\/types\/page"}],"author":[{"embeddable":true,"href":"https:\/\/www.golftravellers.com\/de\/wp-json\/wp\/v2\/users\/6"}],"replies":[{"embeddable":true,"href":"https:\/\/www.golftravellers.com\/de\/wp-json\/wp\/v2\/comments?post=20976"}],"version-history":[{"count":10,"href":"https:\/\/www.golftravellers.com\/de\/wp-json\/wp\/v2\/pages\/20976\/revisions"}],"predecessor-version":[{"id":42034,"href":"https:\/\/www.golftravellers.com\/de\/wp-json\/wp\/v2\/pages\/20976\/revisions\/42034"}],"up":[{"embeddable":true,"href":"https:\/\/www.golftravellers.com\/de\/wp-json\/wp\/v2\/pages\/20267"}],"wp:attachment":[{"href":"https:\/\/www.golftravellers.com\/de\/wp-json\/wp\/v2\/media?parent=20976"}],"curies":[{"name":"wp","href":"https:\/\/api.w.org\/{rel}","templated":true}]}}