{"id":20970,"date":"2015-01-20T08:22:21","date_gmt":"2015-01-20T08:22:21","guid":{"rendered":"http:\/\/www.golftravellers.com\/?page_id=20970"},"modified":"2022-11-30T15:19:24","modified_gmt":"2022-11-30T15:19:24","slug":"entdecken-sie-irland-in-15-tagen","status":"publish","type":"page","link":"https:\/\/www.golftravellers.com\/de\/reiseziele\/irland\/beispielpakete-irland\/entdecken-sie-irland-in-15-tagen\/","title":{"rendered":"Entdecken Sie Irland in 15 Tagen"},"content":{"rendered":"<div class=\"one-half first\">\u00a0<\/div>\n<div class=\"one-half\">\n<p><span style=\"font-size: 36pt;\">2430\u20ac<br \/>\n<\/span><\/p>\n<h4>Im Paketpreis mit inbegriffen:<\/h4>\n<ul style=\"list-style-type: square;\">\n<li>3\u00a0\u00dcbernachtungen in einem 4-Sterne Bed &amp; Breakfast in Dublin<\/li>\n<li>2\u00a0\u00dcbernachtungen in einem 4-Sterne Bed &amp; Breakfast in\u00a0Cork<\/li>\n<li>4\u00a0\u00dcbernachtungen in einem 4-Sterne Bed &amp; Breakfast in\u00a0Killarney<\/li>\n<li>3\u00a0\u00dcbernachtungen in einem 4-Sterne Bed &amp; Breakfast in\u00a0Clifden<\/li>\n<li>2\u00a0\u00dcbernachtungen in einem 4-Sterne Bed &amp; Breakfast in\u00a0Sligo<\/li>\n<li>5 Green Fees\n<ul style=\"list-style-type: circle;\">\n<li><a href=\"https:\/\/www.golftravellers.com\/de\/reiseziele\/irland\/golfplatze-in-irland\/dublin\/portmarnock-links\/\">Portmarnock Links<\/a><\/li>\n<li><a href=\"https:\/\/www.golftravellers.com\/de\/reiseziele\/irland\/golfplatze-in-irland\/dublin\/killeen-castle\/\">Killen Castle<\/a><\/li>\n<li><a href=\"https:\/\/www.golftravellers.com\/de\/reiseziele\/irland\/golfplatze-in-irland\/suedwesten\/killarney-killeen\/\">Killarney Killeen<\/a><\/li>\n<li><a href=\"https:\/\/www.golftravellers.com\/de\/reiseziele\/irland\/golfplatze-in-irland\/nordwesten\/connemara\/\">Connemara<\/a><\/li>\n<li><a href=\"https:\/\/www.golftravellers.com\/de\/reiseziele\/irland\/golfplatze-in-irland\/nordwesten\/enniscrone\/\">Enniscrone<\/a><\/li>\n<\/ul>\n<\/li>\n<li><a href=\"https:\/\/www.golftravellers.com\/de\/transportmoeglichkeiten\/\">1 Mietwagen f\u00fcr 15 Tage<\/a><\/li>\n<\/ul>\n<\/div>\n<div style=\"clear: both;\">\u00a0<\/div>\n<div class=\"one-third first\"><a class=\"button \" title=\"Jetzt Ihre Reise buchen\" href=\"https:\/\/www.golftravellers.com\/de\/kontakt\/jetzt-ihre-golfreise-buchen\/\">Jetzt buchen<\/a><\/div>\n<div class=\"one-third\"><a class=\"button\" title=\"Ihre Reise maschneidern\" href=\"https:\/\/www.golftravellers.com\/de\/kontakt\/angebot-anpassen\/\">Anpassen<\/a><\/div>\n<div class=\"one-third\"><a class=\"button\" title=\"Kontaktieren Sie uns\" href=\"https:\/\/www.golftravellers.com\/de\/kontakt\/\">Kontakt<\/a><\/div>\n<div id=\"details\">\u00a0<\/div>\n<div>\u00a0<\/div>\n<div class=\"one-half first\">\n<h4>Kostenlose Extras<\/h4>\n<ul>\n<li>Rund um die Uhr Kundenbetreuung<\/li>\n<\/ul>\n<\/div>\n<div class=\"one-half\">\n<h4>Buchbare Zusatzleistungen:<\/h4>\n<ul>\n<li>Fl\u00fcge, die wir f\u00fcr Sie buchen k\u00f6nnen<\/li>\n<li>Einzelzimmerzuschlag<\/li>\n<li>Zus\u00e4tzliche \u00dcbernachtungen &amp; Golfpl\u00e4tze<\/li>\n<li>Hotelupgrade (3, 4 oder 5 Sterne)<\/li>\n<li>Transport mit Chauffeur<\/li>\n<li>\u00d6rtliche Aktivit\u00e4ten und Sehensw\u00fcrdigkeiten<\/li>\n<li>Mittag- und Abendessen<\/li>\n<li>Reiseversicherung<\/li>\n<\/ul>\n<\/div>\n<h2>Beispielreiseplan:<\/h2>\n<table style=\"height: 360px; width: 583px;\">\n<tbody>\n<tr style=\"height: 24px;\">\n<td style=\"width: 136.906px; height: 24px;\"><strong>Tag 1:<\/strong><\/td>\n<td style=\"height: 24px; width: 159.156px;\">Ankunft Dublin Airport<\/td>\n<td style=\"height: 24px; width: 185.234px;\">Bed &amp; Breakfast, Dublin<\/td>\n<td style=\"height: 24px; width: 73.7031px;\">20 Minuten<\/td>\n<\/tr>\n<tr style=\"height: 24px;\">\n<td style=\"width: 136.906px; height: 24px;\"><strong>Tag\u00a02:<\/strong><\/td>\n<td style=\"height: 24px; width: 159.156px;\">Portmarnock Links<\/td>\n<td style=\"height: 24px; width: 185.234px;\">Bed &amp; Breakfast, Dublin<\/td>\n<td style=\"height: 24px; width: 73.7031px;\">15 Minuten<\/td>\n<\/tr>\n<tr style=\"height: 24px;\">\n<td style=\"width: 136.906px; height: 24px;\"><strong>Tag\u00a03:<\/strong><\/td>\n<td style=\"height: 24px; width: 159.156px;\">Killeen Castle<\/td>\n<td style=\"height: 24px; width: 185.234px;\">Bed &amp; Breakfast, Dublin<\/td>\n<td style=\"height: 24px; width: 73.7031px;\">30 Minuten<\/td>\n<\/tr>\n<tr style=\"height: 24px;\">\n<td style=\"width: 136.906px; height: 24px;\"><strong>Tag\u00a04:<\/strong><\/td>\n<td style=\"height: 24px; width: 159.156px;\">Anreise nach Cork<\/td>\n<td style=\"height: 24px; width: 185.234px;\">Bed &amp; Breakfast, Cork<\/td>\n<td style=\"height: 24px; width: 73.7031px;\">3h30<\/td>\n<\/tr>\n<tr style=\"height: 24px;\">\n<td style=\"width: 136.906px; height: 24px;\"><strong>Tag\u00a05:<\/strong><\/td>\n<td style=\"height: 24px; width: 159.156px;\">Erkunden der Region<\/td>\n<td style=\"height: 24px; width: 185.234px;\">Bed &amp; Breakfast, Cork<\/td>\n<td style=\"height: 24px; width: 73.7031px;\">\u00a0<\/td>\n<\/tr>\n<tr style=\"height: 24px;\">\n<td style=\"width: 136.906px; height: 24px;\"><strong>Tag\u00a06:<\/strong><\/td>\n<td style=\"height: 24px; width: 159.156px;\">Anreise nach Killarney<\/td>\n<td style=\"height: 24px; width: 185.234px;\">Bed &amp; Breakfast, Killarney<\/td>\n<td style=\"height: 24px; width: 73.7031px;\">1h15<\/td>\n<\/tr>\n<tr style=\"height: 24px;\">\n<td style=\"width: 136.906px; height: 24px;\"><strong>Tag\u00a07:<\/strong><\/td>\n<td style=\"height: 24px; width: 159.156px;\">Erkunden der Region<\/td>\n<td style=\"height: 24px; width: 185.234px;\">Bed &amp; Breakfast, Killarney<\/td>\n<td style=\"height: 24px; width: 73.7031px;\">\u00a0<\/td>\n<\/tr>\n<tr style=\"height: 24px;\">\n<td style=\"width: 136.906px; height: 24px;\"><strong>Tag\u00a08:<\/strong><\/td>\n<td style=\"height: 24px; width: 159.156px;\">Killarney\u00a0<\/td>\n<td style=\"height: 24px; width: 185.234px;\">Bed &amp; Breakfast, Killarney<\/td>\n<td style=\"height: 24px; width: 73.7031px;\">5 Minuten<\/td>\n<\/tr>\n<tr style=\"height: 24px;\">\n<td style=\"width: 136.906px; height: 24px;\"><strong>Tag\u00a09:<\/strong><\/td>\n<td style=\"height: 24px; width: 159.156px;\">Erkunden der Region<\/td>\n<td style=\"height: 24px; width: 185.234px;\">Bed &amp; Breakfast, Killarney<\/td>\n<td style=\"height: 24px; width: 73.7031px;\">\u00a0<\/td>\n<\/tr>\n<tr style=\"height: 24px;\">\n<td style=\"width: 136.906px; height: 24px;\"><strong>Tag\u00a010:<\/strong><\/td>\n<td style=\"height: 24px; width: 159.156px;\">Anreise nach Clifden<\/td>\n<td style=\"height: 24px; width: 185.234px;\">Bed &amp; Breakfast, Clifden<\/td>\n<td style=\"height: 24px; width: 73.7031px;\">4 Stunden<\/td>\n<\/tr>\n<tr style=\"height: 24px;\">\n<td style=\"width: 136.906px; height: 24px;\"><strong>Tag\u00a011:<\/strong><\/td>\n<td style=\"height: 24px; width: 159.156px;\">Erkunden der Region<\/td>\n<td style=\"height: 24px; width: 185.234px;\">Bed &amp; Breakfast, Clifden<\/td>\n<td style=\"height: 24px; width: 73.7031px;\">\u00a0<\/td>\n<\/tr>\n<tr style=\"height: 24px;\">\n<td style=\"width: 136.906px; height: 24px;\"><strong>Tag\u00a012:<\/strong><\/td>\n<td style=\"height: 24px; width: 159.156px;\">Connemara<\/td>\n<td style=\"height: 24px; width: 185.234px;\">Bed &amp; Breakfast, Clifden<\/td>\n<td style=\"height: 24px; width: 73.7031px;\">15 Minuten<\/td>\n<\/tr>\n<tr style=\"height: 24px;\">\n<td style=\"width: 136.906px; height: 24px;\"><strong>Tag\u00a013:<\/strong><\/td>\n<td style=\"height: 24px; width: 159.156px;\">Anreise nach Sligo<\/td>\n<td style=\"height: 24px; width: 185.234px;\">Bed &amp; Breakfast, Sligo<\/td>\n<td style=\"height: 24px; width: 73.7031px;\">2h15<\/td>\n<\/tr>\n<tr style=\"height: 24px;\">\n<td style=\"width: 136.906px; height: 24px;\"><strong>Tag\u00a014:<\/strong><\/td>\n<td style=\"height: 24px; width: 159.156px;\">Enniscrone<\/td>\n<td style=\"height: 24px; width: 185.234px;\">Bed &amp; Breakfast, Sligo<\/td>\n<td style=\"height: 24px; width: 73.7031px;\">40 Minuten<\/td>\n<\/tr>\n<tr style=\"height: 24px;\">\n<td style=\"width: 136.906px; height: 24px;\"><strong>Tag\u00a015:<\/strong><\/td>\n<td style=\"height: 24px; width: 159.156px;\">Abfahrt Dublin Airport<\/td>\n<td style=\"height: 24px; width: 185.234px;\">\u00a0<\/td>\n<td style=\"height: 24px; width: 73.7031px;\">2h30<\/td>\n<\/tr>\n<\/tbody>\n<\/table>\n<div class=\"terms\"><img loading=\"lazy\" decoding=\"async\" class=\"alignleft wp-image-3871\" src=\"https:\/\/www.golftravellers.com\/wp-content\/uploads\/2014\/06\/ExclamationPoint.png\" alt=\"Black exclamation point within box with black border\" width=\"50\" height=\"50\" \/><\/p>\n<h3>Paketbedingungen:<\/h3>\n<p>&nbsp;<\/p>\n<p>&#8211; Preis ist pro Person. Preisanpassung f\u00fcr Nicht-golfer ist auf Anfrage erh\u00e4ltlich.<\/p>\n<p>&#8211; Alle unsere Angebote innerhalb Irlands gelten in Euro.<\/p>\n<p>&#8211; Angebot gilt zwischen dem 1. April und 31. Oktober f\u00fcr mindestens 2 Personen im Doppel-\/Zweibettzimmer mit irischem Fr\u00fchst\u00fcck. Von November bis M\u00e4rz gelten Sonderpreise.<\/p>\n<\/div>\n<p>&nbsp;<\/p>\n<div class=\"one-third first\"><a class=\"button \" title=\"Jetzt Ihre Reise buchen\" href=\"https:\/\/www.golftravellers.com\/de\/kontakt\/jetzt-ihre-golfreise-buchen\/\">Jetzt buchen<\/a><\/div>\n<div class=\"one-third\"><a class=\"button\" title=\"Ihre Reise maschneidern\" href=\"https:\/\/www.golftravellers.com\/de\/kontakt\/angebot-anpassen\/\">Anpassen<\/a><\/div>\n<div class=\"one-third\"><a class=\"button\" title=\"Kontaktieren Sie uns\" href=\"https:\/\/www.golftravellers.com\/de\/kontakt\/\">Kontakt<\/a><\/div>\n","protected":false},"excerpt":{"rendered":"<p>\u00a0 2430\u20ac Im Paketpreis mit inbegriffen: 3\u00a0\u00dcbernachtungen in einem 4-Sterne Bed &amp; Breakfast in Dublin 2\u00a0\u00dcbernachtungen in einem 4-Sterne Bed &amp; Breakfast in\u00a0Cork 4\u00a0\u00dcbernachtungen in einem 4-Sterne Bed &amp; Breakfast in\u00a0Killarney 3\u00a0\u00dcbernachtungen in einem 4-Sterne Bed &amp; Breakfast in\u00a0Clifden 2\u00a0\u00dcbernachtungen in einem 4-Sterne Bed &amp; Breakfast in\u00a0Sligo 5 Green Fees Portmarnock Links Killen Castle Killarney [&hellip;]<\/p>\n","protected":false},"author":6,"featured_media":0,"parent":20267,"menu_order":0,"comment_status":"open","ping_status":"closed","template":"","meta":{"_genesis_hide_title":false,"_genesis_hide_breadcrumbs":false,"_genesis_hide_singular_image":false,"_genesis_hide_footer_widgets":false,"_genesis_custom_body_class":"","_genesis_custom_post_class":"","_genesis_layout":"full-width-content","footnotes":""},"class_list":{"0":"post-20970","1":"page","2":"type-page","3":"status-publish","5":"entry"},"_links":{"self":[{"href":"https:\/\/www.golftravellers.com\/de\/wp-json\/wp\/v2\/pages\/20970","targetHints":{"allow":["GET"]}}],"collection":[{"href":"https:\/\/www.golftravellers.com\/de\/wp-json\/wp\/v2\/pages"}],"about":[{"href":"https:\/\/www.golftravellers.com\/de\/wp-json\/wp\/v2\/types\/page"}],"author":[{"embeddable":true,"href":"https:\/\/www.golftravellers.com\/de\/wp-json\/wp\/v2\/users\/6"}],"replies":[{"embeddable":true,"href":"https:\/\/www.golftravellers.com\/de\/wp-json\/wp\/v2\/comments?post=20970"}],"version-history":[{"count":13,"href":"https:\/\/www.golftravellers.com\/de\/wp-json\/wp\/v2\/pages\/20970\/revisions"}],"predecessor-version":[{"id":42042,"href":"https:\/\/www.golftravellers.com\/de\/wp-json\/wp\/v2\/pages\/20970\/revisions\/42042"}],"up":[{"embeddable":true,"href":"https:\/\/www.golftravellers.com\/de\/wp-json\/wp\/v2\/pages\/20267"}],"wp:attachment":[{"href":"https:\/\/www.golftravellers.com\/de\/wp-json\/wp\/v2\/media?parent=20970"}],"curies":[{"name":"wp","href":"https:\/\/api.w.org\/{rel}","templated":true}]}}