{"id":20968,"date":"2015-01-20T08:12:20","date_gmt":"2015-01-20T08:12:20","guid":{"rendered":"http:\/\/www.golftravellers.com\/?page_id=20968"},"modified":"2022-11-30T13:13:25","modified_gmt":"2022-11-30T13:13:25","slug":"die-besten-plaetze-der-connemara-region-und-des-nordwestens","status":"publish","type":"page","link":"https:\/\/www.golftravellers.com\/de\/reiseziele\/irland\/beispielpakete-irland\/die-besten-plaetze-der-connemara-region-und-des-nordwestens\/","title":{"rendered":"Die besten Pl\u00e4tze der Connemara Region und des Nordwestens"},"content":{"rendered":"<div class=\"one-half first\">\u00a0<\/div>\n<div class=\"one-half\">\n<p><span style=\"font-size: 36pt;\">1660\u20ac<\/span><\/p>\n<h4>Im Paketpreis mit inbegriffen:<\/h4>\n<ul style=\"list-style-type: square;\">\n<li>3\u00a0\u00dcbernachtungen in einem 4-Sterne Bed &amp; Breakfast in the Connemara Region<\/li>\n<li>4\u00a0\u00dcbernachtungen in einem 4-Sterne Bed &amp; Breakfast in Sligo<\/li>\n<li>4 Green Fees\n<ul style=\"list-style-type: circle;\">\n<li><a title=\"Connemara\" href=\"https:\/\/www.golftravellers.com\/de\/reiseziele\/irland\/golfplatze-in-irland\/nordwesten\/connemara\/\" target=\"_blank\" rel=\"noopener\">Connemara<\/a><\/li>\n<li><a href=\"https:\/\/www.golftravellers.com\/de\/reiseziele\/irland\/golfplatze-in-irland\/nordwesten\/donegal\/\">Donegal<\/a><\/li>\n<li><a title=\"County Sligo\" href=\"https:\/\/www.golftravellers.com\/de\/reiseziele\/irland\/golfplatze-in-irland\/nordwesten\/county-sligo\/\" target=\"_blank\" rel=\"noopener\">County Sligo<\/a><\/li>\n<li><a title=\"Enniscrone\" href=\"https:\/\/www.golftravellers.com\/de\/reiseziele\/irland\/golfplatze-in-irland\/nordwesten\/enniscrone\/\" target=\"_blank\" rel=\"noopener\">Enniscrone<\/a><\/li>\n<\/ul>\n<\/li>\n<li><a href=\"https:\/\/www.golftravellers.com\/de\/transportmoeglichkeiten\/\" target=\"_blank\" rel=\"noopener\">1 Mietwagen f\u00fcr 8 Tage<\/a><\/li>\n<\/ul>\n<\/div>\n<p>&nbsp;<\/p>\n<div class=\"one-third first\"><a class=\"button \" title=\"Jetzt Ihre Reise buchen\" href=\"https:\/\/www.golftravellers.com\/de\/kontakt\/jetzt-ihre-golfreise-buchen\/\">Jetzt buchen<\/a><\/div>\n<div class=\"one-third\"><a class=\"button\" title=\"Ihre Reise maschneidern\" href=\"https:\/\/www.golftravellers.com\/de\/kontakt\/angebot-anpassen\/\">Anpassen<\/a><\/div>\n<div class=\"one-third\"><a class=\"button\" title=\"Kontaktieren Sie uns\" href=\"https:\/\/www.golftravellers.com\/de\/kontakt\/\">Kontakt<\/a><\/div>\n<p>&nbsp;<\/p>\n<div class=\"one-half first\">\n<h4>Kostenlose Extras<\/h4>\n<ul>\n<li>Rund um die Uhr Kundenbetreuung<\/li>\n<\/ul>\n<\/div>\n<div class=\"one-half\">\n<h4>Buchbare Zusatzleistungen:<\/h4>\n<ul>\n<li>Fl\u00fcge, die wir f\u00fcr Sie buchen k\u00f6nnen<\/li>\n<li>Einzelzimmerzuschlag<\/li>\n<li>Zus\u00e4tzliche \u00dcbernachtungen &amp; Golfpl\u00e4tze<\/li>\n<li>Hotelupgrade (3, 4 oder 5 Sterne)<\/li>\n<li>Transport mit Chauffeur<\/li>\n<li>\u00d6rtliche Aktivit\u00e4ten und Sehensw\u00fcrdigkeiten<\/li>\n<li>Mittag- und Abendessen<\/li>\n<li>Reiseversicherung<\/li>\n<\/ul>\n<\/div>\n<h2>Beispielreiseplan:<\/h2>\n<table>\n<tbody>\n<tr>\n<td style=\"width: 25%;\"><strong>Tag 1:<\/strong><\/td>\n<td>Ankunft Dublin\u00a0Airport<\/td>\n<td>Bed &amp; Breakfast, Connemara<\/td>\n<td>3 Stunden<\/td>\n<\/tr>\n<tr>\n<td style=\"width: 25%;\"><strong>Tag\u00a02:<\/strong><\/td>\n<td>Connemara<\/td>\n<td>Bed &amp; Breakfast, Connemara<\/td>\n<td>$5 Minuten<\/td>\n<\/tr>\n<tr>\n<td style=\"width: 25%;\"><strong>Tag\u00a03:<\/strong><\/td>\n<td>Erkunden der Region<\/td>\n<td>Bed &amp; Breakfast, Connemara<\/td>\n<td>&nbsp;<\/td>\n<\/tr>\n<tr>\n<td style=\"width: 25%;\"><strong>Tag\u00a04:<\/strong><\/td>\n<td>Enniscrone<\/td>\n<td>Bed &amp; Breakfast,\u00a0Sligo<\/td>\n<td>2h15<br \/>\n45 Minuten<\/td>\n<\/tr>\n<tr>\n<td style=\"width: 25%;\"><strong>Tag\u00a05:<\/strong><\/td>\n<td>Erkunden der Region<\/td>\n<td>Bed &amp; Breakfast,\u00a0Sligo<\/td>\n<td>&nbsp;<\/td>\n<\/tr>\n<tr>\n<td style=\"width: 25%;\"><strong>Tag\u00a06:<\/strong><\/td>\n<td>Donegal<\/td>\n<td>Bed &amp; Breakfast,\u00a0Sligo<\/td>\n<td>45 Minuten<\/td>\n<\/tr>\n<tr>\n<td style=\"width: 25%;\"><strong>Tag\u00a07:<\/strong><\/td>\n<td>County Sligo<\/td>\n<td>Bed &amp; Breakfast, Sligo<\/td>\n<td>15 Minuten<\/td>\n<\/tr>\n<tr>\n<td style=\"width: 25%;\"><strong>Tag\u00a08:<\/strong><\/td>\n<td>Abfahrt Dublin Airport<\/td>\n<td>&nbsp;<\/td>\n<td>2h30<\/td>\n<\/tr>\n<\/tbody>\n<\/table>\n<div class=\"terms\"><img loading=\"lazy\" decoding=\"async\" class=\"alignleft wp-image-3871\" src=\"https:\/\/www.golftravellers.com\/wp-content\/uploads\/2014\/06\/ExclamationPoint.png\" alt=\"Black exclamation point within box with black border\" width=\"50\" height=\"50\" \/><\/p>\n<h3>Paketbedingungen:<\/h3>\n<p><\/p>\n<p>&#8211; Alle unsere Angebote innerhalb Irland gelten in Euro.<\/p>\n<p>&#8211; Angebot gilt zwischen dem 1. April und 31. Oktober f\u00fcr mindestens 2 Personen im Doppel-\/Zweibettzimmer mit irischem Fr\u00fchst\u00fcck. Von November bis M\u00e4rz gelten Sonderpreise.<\/p>\n<\/div>\n<p>&nbsp;<\/p>\n<div class=\"one-third first\"><a class=\"button \" title=\"Jetzt Ihre Reise buchen\" href=\"https:\/\/www.golftravellers.com\/de\/kontakt\/jetzt-ihre-golfreise-buchen\/\">Jetzt buchen<\/a><\/div>\n<div class=\"one-third\"><a class=\"button\" title=\"Ihre Reise maschneidern\" href=\"https:\/\/www.golftravellers.com\/de\/kontakt\/angebot-anpassen\/\">Anpassen<\/a><\/div>\n<div class=\"one-third\"><a class=\"button\" title=\"Kontaktieren Sie uns\" href=\"https:\/\/www.golftravellers.com\/de\/kontakt\/\">Kontakt<\/a><\/div>\n","protected":false},"excerpt":{"rendered":"<p>\u00a0 1660\u20ac Im Paketpreis mit inbegriffen: 3\u00a0\u00dcbernachtungen in einem 4-Sterne Bed &amp; Breakfast in the Connemara Region 4\u00a0\u00dcbernachtungen in einem 4-Sterne Bed &amp; Breakfast in Sligo 4 Green Fees Connemara Donegal County Sligo Enniscrone 1 Mietwagen f\u00fcr 8 Tage &nbsp; Jetzt buchen Anpassen Kontakt &nbsp; Kostenlose Extras Rund um die Uhr Kundenbetreuung Buchbare Zusatzleistungen: Fl\u00fcge, [&hellip;]<\/p>\n","protected":false},"author":6,"featured_media":0,"parent":20267,"menu_order":0,"comment_status":"open","ping_status":"closed","template":"","meta":{"_genesis_hide_title":false,"_genesis_hide_breadcrumbs":false,"_genesis_hide_singular_image":false,"_genesis_hide_footer_widgets":false,"_genesis_custom_body_class":"","_genesis_custom_post_class":"","_genesis_layout":"full-width-content","footnotes":""},"class_list":{"0":"post-20968","1":"page","2":"type-page","3":"status-publish","5":"entry"},"_links":{"self":[{"href":"https:\/\/www.golftravellers.com\/de\/wp-json\/wp\/v2\/pages\/20968","targetHints":{"allow":["GET"]}}],"collection":[{"href":"https:\/\/www.golftravellers.com\/de\/wp-json\/wp\/v2\/pages"}],"about":[{"href":"https:\/\/www.golftravellers.com\/de\/wp-json\/wp\/v2\/types\/page"}],"author":[{"embeddable":true,"href":"https:\/\/www.golftravellers.com\/de\/wp-json\/wp\/v2\/users\/6"}],"replies":[{"embeddable":true,"href":"https:\/\/www.golftravellers.com\/de\/wp-json\/wp\/v2\/comments?post=20968"}],"version-history":[{"count":9,"href":"https:\/\/www.golftravellers.com\/de\/wp-json\/wp\/v2\/pages\/20968\/revisions"}],"predecessor-version":[{"id":42036,"href":"https:\/\/www.golftravellers.com\/de\/wp-json\/wp\/v2\/pages\/20968\/revisions\/42036"}],"up":[{"embeddable":true,"href":"https:\/\/www.golftravellers.com\/de\/wp-json\/wp\/v2\/pages\/20267"}],"wp:attachment":[{"href":"https:\/\/www.golftravellers.com\/de\/wp-json\/wp\/v2\/media?parent=20968"}],"curies":[{"name":"wp","href":"https:\/\/api.w.org\/{rel}","templated":true}]}}