{"id":20966,"date":"2015-01-20T08:05:00","date_gmt":"2015-01-20T08:05:00","guid":{"rendered":"http:\/\/www.golftravellers.com\/?page_id=20966"},"modified":"2022-11-30T13:15:23","modified_gmt":"2022-11-30T13:15:23","slug":"7-uebernachtungen-im-suedwesten","status":"publish","type":"page","link":"https:\/\/www.golftravellers.com\/de\/reiseziele\/irland\/beispielpakete-irland\/7-uebernachtungen-im-suedwesten\/","title":{"rendered":"7 \u00dcbernachtungen im S\u00fcdwesten"},"content":{"rendered":"<div class=\"one-half first\">\u00a0<\/div>\n<div class=\"one-half\">\n<p><span style=\"font-size: 36pt;\">1530\u20ac<\/span><\/p>\n<h4>Im Paketpreis mit inbegriffen:<\/h4>\n<ul style=\"list-style-type: square;\">\n<li>2\u00a0\u00dcbernachtungen in einem 4-Sterne Bed &amp; Breakfast in\u00a0Cork<\/li>\n<li>5\u00a0\u00dcbernachtungen in einem 4-Sterne Bed &amp; Breakfast in\u00a0Killarney<\/li>\n<li>4 Green Fees\n<ul style=\"list-style-type: circle;\">\n<li><a title=\"Fota Island\" href=\"https:\/\/www.golftravellers.com\/de\/reiseziele\/irland\/golfplatze-in-irland\/suedwesten\/fota-island\/\" target=\"_blank\" rel=\"noopener\">Fota Island<\/a><\/li>\n<li><a title=\"Ballybunion (Cashen)\" href=\"https:\/\/www.golftravellers.com\/de\/reiseziele\/irland\/golfplatze-in-irland\/suedwesten\/ballybunion-cashen\/\" target=\"_blank\" rel=\"noopener\">Ballybunion &#8218;Cashen&#8216;<\/a><\/li>\n<li><a title=\"Dooks\" href=\"https:\/\/www.golftravellers.com\/de\/reiseziele\/irland\/golfplatze-in-irland\/suedwesten\/dooks\/\" target=\"_blank\" rel=\"noopener\">Dooks<\/a><\/li>\n<li><a href=\"https:\/\/www.golftravellers.com\/de\/reiseziele\/irland\/golfplatze-in-irland\/suedwesten\/ring-of-kerry\/\">Dingle<\/a><\/li>\n<\/ul>\n<\/li>\n<li><a href=\"https:\/\/www.golftravellers.com\/de\/transportmoeglichkeiten\/\" target=\"_blank\" rel=\"noopener\">1 Mietwagen f\u00fcr 8 Tage<\/a><\/li>\n<\/ul>\n<\/div>\n<p>&nbsp;<\/p>\n<div class=\"one-third first\"><a class=\"button \" title=\"Jetzt Ihre Reise buchen\" href=\"https:\/\/www.golftravellers.com\/de\/kontakt\/jetzt-ihre-golfreise-buchen\/\">Jetzt buchen<\/a><\/div>\n<div class=\"one-third\"><a class=\"button\" title=\"Ihre Reise maschneidern\" href=\"https:\/\/www.golftravellers.com\/de\/kontakt\/angebot-anpassen\/\">Anpassen<\/a><\/div>\n<div class=\"one-third\"><a class=\"button\" title=\"Kontaktieren Sie uns\" href=\"https:\/\/www.golftravellers.com\/de\/kontakt\/\">Kontakt<\/a><\/div>\n<p>&nbsp;<\/p>\n<div class=\"one-half first\">\n<h4>Kostenlose Extras<\/h4>\n<ul>\n<li>Rund um die Uhr Kundenbetreuung<\/li>\n<\/ul>\n<\/div>\n<div class=\"one-half\">\n<h4>Buchbare Zusatzleistungen:<\/h4>\n<ul>\n<li>Fl\u00fcge, die wir f\u00fcr Sie buchen k\u00f6nnen<\/li>\n<li>Einzelzimmerzuschlag<\/li>\n<li>Zus\u00e4tzliche \u00dcbernachtungen &amp; Golfpl\u00e4tze<\/li>\n<li>Hotelupgrade (3, 4 oder 5 Sterne)<\/li>\n<li>Transport mit Chauffeur<\/li>\n<li>\u00d6rtliche Aktivit\u00e4ten und Sehensw\u00fcrdigkeiten<\/li>\n<li>Mittag- und Abendessen<\/li>\n<li>Reiseversicherung<\/li>\n<\/ul>\n<\/div>\n<h2>Beispielreiseplan:<\/h2>\n<table>\n<tbody>\n<tr>\n<td style=\"width: 25%;\"><strong>Tag 1:<\/strong><\/td>\n<td>Ankunft Cork Airport<\/td>\n<td>Bed &amp; Breakfast, Cork<\/td>\n<td>20 Minuten<\/td>\n<\/tr>\n<tr>\n<td style=\"width: 25%;\"><strong>Tag 2:<\/strong><\/td>\n<td>Fota Island<\/td>\n<td>Bed &amp; Breakfast, Cork<\/td>\n<td>15 Minuten<\/td>\n<\/tr>\n<tr>\n<td style=\"width: 25%;\"><strong>Tag 3:<\/strong><\/td>\n<td>Anreise nach Killarney<\/td>\n<td>Bed &amp; Breakfast, Killarney<\/td>\n<td>1h15<\/td>\n<\/tr>\n<tr>\n<td style=\"width: 25%;\"><strong>Tag 4:<\/strong><\/td>\n<td>Dingle<\/td>\n<td>Bed &amp; Breakfast,\u00a0Killarney<\/td>\n<td>55 Minuten<\/td>\n<\/tr>\n<tr>\n<td style=\"width: 25%;\"><strong>Tag 5:<\/strong><\/td>\n<td>Erkunden der Region<\/td>\n<td>Bed &amp; Breakfast,\u00a0Killarney<\/td>\n<td>&nbsp;<\/td>\n<\/tr>\n<tr>\n<td style=\"width: 25%;\"><strong>Tag 6:<\/strong><\/td>\n<td>Ballybunion &#8218;Cashen&#8216;<\/td>\n<td>Bed &amp; Breakfast,\u00a0Killarney<\/td>\n<td>1 Stunde<\/td>\n<\/tr>\n<tr>\n<td style=\"width: 25%;\"><strong>Tag 7:<\/strong><\/td>\n<td>Dooks<\/td>\n<td>Bed &amp; Breakfast, Killarney<\/td>\n<td>30 Minuten<\/td>\n<\/tr>\n<tr>\n<td style=\"width: 25%;\"><strong>Tag 8:<\/strong><\/td>\n<td>Abfahrt Cork Airport<\/td>\n<td>&nbsp;<\/td>\n<td>1h15<\/td>\n<\/tr>\n<\/tbody>\n<\/table>\n<div class=\"terms\"><img loading=\"lazy\" decoding=\"async\" class=\"alignleft wp-image-3871\" src=\"https:\/\/www.golftravellers.com\/wp-content\/uploads\/2014\/06\/ExclamationPoint.png\" alt=\"Black exclamation point within box with black border\" width=\"50\" height=\"50\" \/><\/p>\n<h3>Paketbedingung:<\/h3>\n<p>&nbsp;<\/p>\n<p>&#8211; Alle unsere Angebote innerhalb Irlands gelten in Euro.<\/p>\n<p>&#8211; Angebot gilt zwischen dem 1. April und 31. Oktober f\u00fcr mindestens 2 Personen im Doppel-\/Zweibettzimmer mit irischem Fr\u00fchst\u00fcck. Von November bis M\u00e4rz gelten Sonderpreise.<\/p>\n<\/div>\n<p>&nbsp;<\/p>\n<div class=\"one-third first\"><a class=\"button \" title=\"Jetzt Ihre Reise buchen\" href=\"https:\/\/www.golftravellers.com\/de\/kontakt\/jetzt-ihre-golfreise-buchen\/\">Jetzt buchen<\/a><\/div>\n<div class=\"one-third\"><a class=\"button\" title=\"Ihre Reise maschneidern\" href=\"https:\/\/www.golftravellers.com\/de\/kontakt\/angebot-anpassen\/\">Anpassen<\/a><\/div>\n<div class=\"one-third\"><a class=\"button\" title=\"Kontaktieren Sie uns\" href=\"https:\/\/www.golftravellers.com\/de\/kontakt\/\">Kontakt<\/a><\/div>\n","protected":false},"excerpt":{"rendered":"<p>\u00a0 1530\u20ac Im Paketpreis mit inbegriffen: 2\u00a0\u00dcbernachtungen in einem 4-Sterne Bed &amp; Breakfast in\u00a0Cork 5\u00a0\u00dcbernachtungen in einem 4-Sterne Bed &amp; Breakfast in\u00a0Killarney 4 Green Fees Fota Island Ballybunion &#8218;Cashen&#8216; Dooks Dingle 1 Mietwagen f\u00fcr 8 Tage &nbsp; Jetzt buchen Anpassen Kontakt &nbsp; Kostenlose Extras Rund um die Uhr Kundenbetreuung Buchbare Zusatzleistungen: Fl\u00fcge, die wir f\u00fcr [&hellip;]<\/p>\n","protected":false},"author":6,"featured_media":0,"parent":20267,"menu_order":0,"comment_status":"open","ping_status":"closed","template":"","meta":{"_genesis_hide_title":false,"_genesis_hide_breadcrumbs":false,"_genesis_hide_singular_image":false,"_genesis_hide_footer_widgets":false,"_genesis_custom_body_class":"","_genesis_custom_post_class":"","_genesis_layout":"full-width-content","footnotes":""},"class_list":{"0":"post-20966","1":"page","2":"type-page","3":"status-publish","5":"entry"},"_links":{"self":[{"href":"https:\/\/www.golftravellers.com\/de\/wp-json\/wp\/v2\/pages\/20966","targetHints":{"allow":["GET"]}}],"collection":[{"href":"https:\/\/www.golftravellers.com\/de\/wp-json\/wp\/v2\/pages"}],"about":[{"href":"https:\/\/www.golftravellers.com\/de\/wp-json\/wp\/v2\/types\/page"}],"author":[{"embeddable":true,"href":"https:\/\/www.golftravellers.com\/de\/wp-json\/wp\/v2\/users\/6"}],"replies":[{"embeddable":true,"href":"https:\/\/www.golftravellers.com\/de\/wp-json\/wp\/v2\/comments?post=20966"}],"version-history":[{"count":8,"href":"https:\/\/www.golftravellers.com\/de\/wp-json\/wp\/v2\/pages\/20966\/revisions"}],"predecessor-version":[{"id":21241,"href":"https:\/\/www.golftravellers.com\/de\/wp-json\/wp\/v2\/pages\/20966\/revisions\/21241"}],"up":[{"embeddable":true,"href":"https:\/\/www.golftravellers.com\/de\/wp-json\/wp\/v2\/pages\/20267"}],"wp:attachment":[{"href":"https:\/\/www.golftravellers.com\/de\/wp-json\/wp\/v2\/media?parent=20966"}],"curies":[{"name":"wp","href":"https:\/\/api.w.org\/{rel}","templated":true}]}}