{"id":20962,"date":"2015-01-19T15:06:11","date_gmt":"2015-01-19T15:06:11","guid":{"rendered":"http:\/\/www.golftravellers.com\/?page_id=20962"},"modified":"2022-11-30T15:22:44","modified_gmt":"2022-11-30T15:22:44","slug":"5-sterne-dublin-und-suedwesten","status":"publish","type":"page","link":"https:\/\/www.golftravellers.com\/de\/reiseziele\/irland\/beispielpakete-irland\/5-sterne-dublin-und-suedwesten\/","title":{"rendered":"5 Sterne Dublin &#038; S\u00fcdwesten"},"content":{"rendered":"<div class=\"one-half first\">\u00a0<\/div>\n<div class=\"one-half\">\n<h2>April und Oktober: 2590\u20ac<br \/>\nVon Mai bis September: 2790\u20ac<\/h2>\n<h4>Im Paketpreis mit inbegriffen:<\/h4>\n<ul style=\"list-style-type: square;\">\n<li>3 \u00dcbernachtungen im 5-Sterne The K Club in Dublin Region<\/li>\n<li>4\u00a0\u00dcbernachtungen im 5-Sterne Trump International Doonbeg\u00a0<\/li>\n<li>4 Green Fees\n<ul>\n<li><a title=\"Portmarnock\" href=\"https:\/\/www.golftravellers.com\/de\/reiseziele\/irland\/golfplatze-in-irland\/dublin\/portmarnock\/\">Portmarnock<\/a><\/li>\n<li><a title=\"The European Club\" href=\"https:\/\/www.golftravellers.com\/de\/reiseziele\/irland\/golfplatze-in-irland\/dublin\/the-european-club\/\">The European Club<\/a><\/li>\n<li><a title=\"Trump International Golf Links (Doonbeg)\" href=\"https:\/\/www.golftravellers.com\/de\/reiseziele\/irland\/golfplatze-in-irland\/suedwesten\/trump-international-golf-links-doonbeg\/\">Doonbeg (Trump International)<\/a><\/li>\n<li><a title=\"Lahinch (Old Course)\" href=\"https:\/\/www.golftravellers.com\/de\/reiseziele\/irland\/golfplatze-in-irland\/suedwesten\/lahinch-old-course\/\">Lahinch<\/a><\/li>\n<\/ul>\n<\/li>\n<li><a href=\"https:\/\/www.golftravellers.com\/de\/transportmoeglichkeiten\/\">1 Mietwagen f\u00fcr 8 Tage<\/a><\/li>\n<\/ul>\n<\/div>\n<div class=\"one-third first\"><a class=\"button \" title=\"Jetzt Ihre Reise buchen\" href=\"https:\/\/www.golftravellers.com\/de\/kontakt\/jetzt-ihre-golfreise-buchen\/\">Jetzt buchen<\/a><\/div>\n<div class=\"one-third\"><a class=\"button\" title=\"Ihre Reise maschneidern\" href=\"https:\/\/www.golftravellers.com\/de\/kontakt\/angebot-anpassen\/\">Anpassen<\/a><\/div>\n<div class=\"one-third\"><a class=\"button\" title=\"Kontaktieren Sie uns\" href=\"https:\/\/www.golftravellers.com\/de\/kontakt\/\">Kontakt<\/a><\/div>\n<p>&nbsp;<\/p>\n<div class=\"one-half first\">\n<h4>Kostenlose Extras<\/h4>\n<ul>\n<li>Rund um die Uhr Kundenbetreuung<\/li>\n<\/ul>\n<\/div>\n<div class=\"one-half\">\n<h4>Buchbare Zusatzleistungen:<\/h4>\n<ul>\n<li>Fl\u00fcge, die wir f\u00fcr Sie buchen k\u00f6nnen<\/li>\n<li>Einzelzimmerzuschlag<\/li>\n<li>Zus\u00e4tzliche \u00dcbernachtungen &amp; Golfpl\u00e4tze<\/li>\n<li>\u00d6rtliche Aktivit\u00e4ten und Sehensw\u00fcrdigkeiten<\/li>\n<li>Mittag- und Abendessen<\/li>\n<li>Reiseversicherung<\/li>\n<\/ul>\n<\/div>\n<h2>Beispielreiseplan:<\/h2>\n<table>\n<tbody>\n<tr>\n<td style=\"width: 25%;\"><strong>Day 1:<\/strong><\/td>\n<td>Ankunft Dublin Airport<\/td>\n<td>The K Club\u00a0*****, Dublin<\/td>\n<td>30 Minuten<\/td>\n<\/tr>\n<tr>\n<td style=\"width: 25%;\"><strong>Day 2:<\/strong><\/td>\n<td>Portmarnock GC<\/td>\n<td>The K Club\u00a0*****, Dublin<\/td>\n<td>30 Minuten<\/td>\n<\/tr>\n<tr>\n<td style=\"width: 25%;\"><strong>Day 3:<\/strong><\/td>\n<td>The European Club<\/td>\n<td>The K Club\u00a0*****, Dublin<\/td>\n<td>1h10<\/td>\n<\/tr>\n<tr>\n<td style=\"width: 25%;\"><strong>Day 4:<\/strong><\/td>\n<td>&nbsp;<\/td>\n<td>Trump Doonbeg*****, Doonbeg<\/td>\n<td>3 Stunden<\/td>\n<\/tr>\n<tr>\n<td style=\"width: 25%;\"><strong>Day 5:<\/strong><\/td>\n<td>Doonbeg<\/td>\n<td>Trump Doonbeg*****, Doonbeg<\/td>\n<td>Beim Hotel<\/td>\n<\/tr>\n<tr>\n<td style=\"width: 25%;\"><strong>Day 6:<\/strong><\/td>\n<td>Lahinch<\/td>\n<td>Trump Doonbeg*****, Doonbeg<\/td>\n<td>30 Minuten<\/td>\n<\/tr>\n<tr>\n<td style=\"width: 25%;\"><strong>Day 7:<\/strong><\/td>\n<td>&nbsp;<\/td>\n<td>Trump Doonbeg*****, Doonbeg<\/td>\n<td>3 Stunden<\/td>\n<\/tr>\n<tr>\n<td style=\"width: 25%;\"><strong>Day 8:<\/strong><\/td>\n<td>Abfahrt Dublin Airport<\/td>\n<td>&nbsp;<\/td>\n<td>&nbsp;<\/td>\n<\/tr>\n<\/tbody>\n<\/table>\n<div class=\"terms\"><img loading=\"lazy\" decoding=\"async\" class=\"alignleft wp-image-3871\" src=\"https:\/\/www.golftravellers.com\/wp-content\/uploads\/2014\/06\/ExclamationPoint.png\" alt=\"Black exclamation point within box with black border\" width=\"50\" height=\"50\" \/><\/p>\n<h3>Paketbedingungen:<\/h3>\n<p>&nbsp;<\/p>\n<p>&#8211; Alle unsere Angebote innerhalb Irlands gelten in Euro.<\/p>\n<p>&#8211; Angebot gilt zwischen dem 1. Mai und 31. September f\u00fcr mindestens 2 Personen im Doppel-\/Zweibettzimmer mit irischem Fr\u00fchst\u00fcck. F\u00fcr April und Oktober sowie von November bis M\u00e4rz gelten Sonderpreise.<\/p>\n<\/div>\n<p>&nbsp;<\/p>\n<div class=\"one-third first\"><a class=\"button \" title=\"Jetzt Ihre Reise buchen\" href=\"https:\/\/www.golftravellers.com\/de\/kontakt\/jetzt-ihre-golfreise-buchen\/\">Jetzt buchen<\/a><\/div>\n<div class=\"one-third\"><a class=\"button\" title=\"Ihre Reise maschneidern\" href=\"https:\/\/www.golftravellers.com\/de\/kontakt\/angebot-anpassen\/\">Anpassen<\/a><\/div>\n<div class=\"one-third\"><a class=\"button\" title=\"Kontaktieren Sie uns\" href=\"https:\/\/www.golftravellers.com\/de\/kontakt\/\">Kontakt<\/a><\/div>\n","protected":false},"excerpt":{"rendered":"<p>\u00a0 April und Oktober: 2590\u20ac Von Mai bis September: 2790\u20ac Im Paketpreis mit inbegriffen: 3 \u00dcbernachtungen im 5-Sterne The K Club in Dublin Region 4\u00a0\u00dcbernachtungen im 5-Sterne Trump International Doonbeg\u00a0 4 Green Fees Portmarnock The European Club Doonbeg (Trump International) Lahinch 1 Mietwagen f\u00fcr 8 Tage Jetzt buchen Anpassen Kontakt &nbsp; Kostenlose Extras Rund um [&hellip;]<\/p>\n","protected":false},"author":6,"featured_media":0,"parent":20267,"menu_order":0,"comment_status":"open","ping_status":"open","template":"","meta":{"_genesis_hide_title":false,"_genesis_hide_breadcrumbs":false,"_genesis_hide_singular_image":false,"_genesis_hide_footer_widgets":false,"_genesis_custom_body_class":"","_genesis_custom_post_class":"","_genesis_layout":"","footnotes":""},"class_list":{"0":"post-20962","1":"page","2":"type-page","3":"status-publish","5":"entry"},"_links":{"self":[{"href":"https:\/\/www.golftravellers.com\/de\/wp-json\/wp\/v2\/pages\/20962","targetHints":{"allow":["GET"]}}],"collection":[{"href":"https:\/\/www.golftravellers.com\/de\/wp-json\/wp\/v2\/pages"}],"about":[{"href":"https:\/\/www.golftravellers.com\/de\/wp-json\/wp\/v2\/types\/page"}],"author":[{"embeddable":true,"href":"https:\/\/www.golftravellers.com\/de\/wp-json\/wp\/v2\/users\/6"}],"replies":[{"embeddable":true,"href":"https:\/\/www.golftravellers.com\/de\/wp-json\/wp\/v2\/comments?post=20962"}],"version-history":[{"count":7,"href":"https:\/\/www.golftravellers.com\/de\/wp-json\/wp\/v2\/pages\/20962\/revisions"}],"predecessor-version":[{"id":42043,"href":"https:\/\/www.golftravellers.com\/de\/wp-json\/wp\/v2\/pages\/20962\/revisions\/42043"}],"up":[{"embeddable":true,"href":"https:\/\/www.golftravellers.com\/de\/wp-json\/wp\/v2\/pages\/20267"}],"wp:attachment":[{"href":"https:\/\/www.golftravellers.com\/de\/wp-json\/wp\/v2\/media?parent=20962"}],"curies":[{"name":"wp","href":"https:\/\/api.w.org\/{rel}","templated":true}]}}