{"id":20276,"date":"2015-01-07T01:53:59","date_gmt":"2015-01-07T01:53:59","guid":{"rendered":"http:\/\/www.golftravellers.com\/?page_id=20276"},"modified":"2016-11-21T18:07:32","modified_gmt":"2016-11-21T18:07:32","slug":"nordirland","status":"publish","type":"page","link":"https:\/\/www.golftravellers.com\/de\/reiseziele\/irland\/golfplatze-in-irland\/nordirland\/","title":{"rendered":"Nordirland"},"content":{"rendered":"<div class=\"two-thirds first\">\n<p>\u00a0<br \/>\n Diese Region erfreut sich in den letzten Jahren vor allem dank zweier herausragender Anlagen &#8211; dem Championship-Platz am Royal County Down sowie Dunluce am Royal Portrush, die beide zu den besten 20 Pl\u00e4tzen der Welt z\u00e4hlen &#8211; unter Golfern einer wachsenden Beliebtheit. In der Umgebung von Portrush finden sich auch weitere hervorragende Links-Pl\u00e4tze wie z.B. Portstewart und Castlerock. Besonders erw\u00e4hnenswert ist ebenfalls der bildh\u00fcbsche, durch Nick Faldo entworfene Inland-Platz namens Lough Erne. Hier trifft man nicht selten auf ber\u00fchmte Champions wie Rory McIlroy, Graeme McDowell und Darren Clarke h\u00f6chstpers\u00f6nlich.<\/p>\n<p class=\"error\">Basic Google Maps Placemarks Fehler: JavaScript und\/oder CSS Dateien sind niche geladen. Falls Sie do_shortcode() verwenden, m\u00fcssen Sie erst einen Filter zu Ihrem Theme hinzuf\u00fcgen. Schauen Sie in <a href=\"http:\/\/wordpress.org\/extend\/plugins\/basic-google-maps-placemarks\/faq\/\">die FAQ<\/a> f\u00fcr weitere Details.<\/p>\n<\/div>\n<div class=\"one-third\">\n<h2>Golfregionen<\/h2>\n<ul>\n<li><a title=\"Dublin und Eastern Region\" href=\"https:\/\/www.golftravellers.com\/de\/reiseziele\/irland\/golfplatze-in-irland\/dublin\/#dublin\">Dublin<\/a><\/li>\n<li><a title=\"S\u00fcdwesten Region\" href=\"https:\/\/www.golftravellers.com\/de\/reiseziele\/irland\/golfplatze-in-irland\/suedwesten\/#southwest\">S\u00fcdwesten<\/a><\/li>\n<li><a title=\"Nordwesten Region\" href=\"https:\/\/www.golftravellers.com\/de\/reiseziele\/irland\/golfplatze-in-irland\/nordwesten\/#northwest\">Nordwesten<\/a><\/li>\n<li><a title=\"Nordirland Region\" href=\"https:\/\/www.golftravellers.com\/de\/reiseziele\/irland\/golfplatze-in-irland\/nordirland\/#northernireland\">Nordirland<\/a><\/li>\n<\/ul>\n<p>&nbsp;<\/p>\n<h2>Golfpl\u00e4tze<\/h2>\n<ul id=\"bgmp_list\" class=\"bgmp_list\"><li id=\"bgmp_list-item-24389\" class=\"bgmp_list-item\">\r\n\t<h3 class=\"bgmp_list-placemark-title\">\r\n\t\tRoyal County Down\t\t\r\n\t\t\t\t\t                                                <span class=\"bgmp_view-on-map-container\">\r\n                                                [<a href=\"javascript:;\" data-marker-id=\"24389\" class=\"bgmp_view-on-map\">\r\n                                                Sehen                                                <\/a>]\r\n<\/span>\r\n\r\n\t\t\t<\/h3>\r\n\t\r\n\t<div class=\"bgmp_list-description\">\r\n\t\t\t\t<p><a href=\"https:\/\/www.golftravellers.com\/de\/reiseziele\/irland\/golfplatze-in-irland\/nordirland\/royal-county-down\/\"><img loading=\"lazy\" decoding=\"async\" class=\"aligncenter size-full wp-image-5360\" src=\"https:\/\/www.golftravellers.com\/wp-content\/uploads\/2014\/07\/Mountains-of-the-Royal-County-Down-golf-course.jpg\" alt=\"Mountains of the Royal County Down golf course\" width=\"150\" height=\"100\" \/><\/a><\/p>\n<p><a title=\"Royal County Down\" href=\"https:\/\/www.golftravellers.com\/de\/reiseziele\/irland\/golfplatze-in-irland\/nordirland\/royal-county-down\/\">Klicken Sie hier f\u00fcr Bilder und Einzelheiten \u00fcber den Platz<\/a><\/p>\n\t<\/div>\r\n\t\r\n\t<p class=\"bgmp_list-link\">\r\n\t\t<a href=\"http:\/\/google.com\/maps?q=\">\r\n\t\t\t\t\t<\/a>\r\n\t<\/p>\r\n<\/li>\t<li id=\"bgmp_list-item-24408\" class=\"bgmp_list-item\">\r\n\t<h3 class=\"bgmp_list-placemark-title\">\r\n\t\tRoyal Portrush (Dunluce)\t\t\r\n\t\t\t\t\t                                                <span class=\"bgmp_view-on-map-container\">\r\n                                                [<a href=\"javascript:;\" data-marker-id=\"24408\" class=\"bgmp_view-on-map\">\r\n                                                Sehen                                                <\/a>]\r\n<\/span>\r\n\r\n\t\t\t<\/h3>\r\n\t\r\n\t<div class=\"bgmp_list-description\">\r\n\t\t\t\t<p><a href=\"https:\/\/www.golftravellers.com\/de\/reiseziele\/irland\/golfplatze-in-irland\/nordirland\/royal-portrush-dunluce\/\"><img loading=\"lazy\" decoding=\"async\" class=\"aligncenter size-full wp-image-5351\" src=\"https:\/\/www.golftravellers.com\/wp-content\/uploads\/2014\/07\/Aerial-View-of-the-Dunluce-golf-course.jpg\" alt=\"Aerial View of the Dunluce golf course\" width=\"150\" height=\"100\" \/><\/a><\/p>\n<p><a title=\"Royal Portrush (Dunluce)\" href=\"https:\/\/www.golftravellers.com\/de\/reiseziele\/irland\/golfplatze-in-irland\/nordirland\/royal-portrush-dunluce\/\">Klicken Sie hier f\u00fcr Bilder und Einzelheiten \u00fcber den Platz<\/a><\/p>\n\t<\/div>\r\n\t\r\n\t<p class=\"bgmp_list-link\">\r\n\t\t<a href=\"http:\/\/google.com\/maps?q=\">\r\n\t\t\t\t\t<\/a>\r\n\t<\/p>\r\n<\/li>\t<li id=\"bgmp_list-item-24314\" class=\"bgmp_list-item\">\r\n\t<h3 class=\"bgmp_list-placemark-title\">\r\n\t\tPortstewart (Strand)\t\t\r\n\t\t\t\t\t                                                <span class=\"bgmp_view-on-map-container\">\r\n                                                [<a href=\"javascript:;\" data-marker-id=\"24314\" class=\"bgmp_view-on-map\">\r\n                                                Sehen                                                <\/a>]\r\n<\/span>\r\n\r\n\t\t\t<\/h3>\r\n\t\r\n\t<div class=\"bgmp_list-description\">\r\n\t\t\t\t<p><a href=\"https:\/\/www.golftravellers.com\/de\/reiseziele\/irland\/golfplatze-in-irland\/nordirland\/portstewart-strand\/\"><img loading=\"lazy\" decoding=\"async\" class=\"aligncenter size-full wp-image-5378\" src=\"https:\/\/www.golftravellers.com\/wp-content\/uploads\/2014\/07\/Aerial-view-of-the-Strand-course-at-Portstewart.jpg\" alt=\"Aerial view of the Strand course at Portstewart\" width=\"150\" height=\"116\" \/><\/a><\/p>\n<p><a title=\"Portstewart (Strand)\" href=\"https:\/\/www.golftravellers.com\/de\/reiseziele\/irland\/golfplatze-in-irland\/nordirland\/portstewart-strand\/\">Klicken Sie hier f\u00fcr Bilder und Einzelheiten \u00fcber den Platz<\/a><\/p>\n\t<\/div>\r\n\t\r\n\t<p class=\"bgmp_list-link\">\r\n\t\t<a href=\"http:\/\/google.com\/maps?q=\">\r\n\t\t\t\t\t<\/a>\r\n\t<\/p>\r\n<\/li>\t<li id=\"bgmp_list-item-24063\" class=\"bgmp_list-item\">\r\n\t<h3 class=\"bgmp_list-placemark-title\">\r\n\t\tCastlerock (Mussenden)\t\t\r\n\t\t\t\t\t                                                <span class=\"bgmp_view-on-map-container\">\r\n                                                [<a href=\"javascript:;\" data-marker-id=\"24063\" class=\"bgmp_view-on-map\">\r\n                                                Sehen                                                <\/a>]\r\n<\/span>\r\n\r\n\t\t\t<\/h3>\r\n\t\r\n\t<div class=\"bgmp_list-description\">\r\n\t\t\t\t<p><a href=\"https:\/\/www.golftravellers.com\/de\/reiseziele\/irland\/golfplatze-in-irland\/nordirland\/castlerock-mussenden\/\"><img loading=\"lazy\" decoding=\"async\" class=\"aligncenter size-full wp-image-5396\" src=\"https:\/\/www.golftravellers.com\/wp-content\/uploads\/2014\/07\/Dunes-of-the-Castlerock-golfcourse.jpg\" alt=\"Dunes of the Castlerock golf course\" width=\"150\" height=\"100\" \/><\/a><\/p>\n<p><a title=\"Castlerock (Mussenden)\" href=\"https:\/\/www.golftravellers.com\/de\/reiseziele\/irland\/golfplatze-in-irland\/nordirland\/castlerock-mussenden\/\">Klicken Sie hier f\u00fcr Bilder und Einzelheiten \u00fcber den Platz<\/a><\/p>\n\t<\/div>\r\n\t\r\n\t<p class=\"bgmp_list-link\">\r\n\t\t<a href=\"http:\/\/google.com\/maps?q=\">\r\n\t\t\t\t\t<\/a>\r\n\t<\/p>\r\n<\/li>\t<li id=\"bgmp_list-item-24230\" class=\"bgmp_list-item\">\r\n\t<h3 class=\"bgmp_list-placemark-title\">\r\n\t\tLough Erne\t\t\r\n\t\t\t\t\t                                                <span class=\"bgmp_view-on-map-container\">\r\n                                                [<a href=\"javascript:;\" data-marker-id=\"24230\" class=\"bgmp_view-on-map\">\r\n                                                Sehen                                                <\/a>]\r\n<\/span>\r\n\r\n\t\t\t<\/h3>\r\n\t\r\n\t<div class=\"bgmp_list-description\">\r\n\t\t\t\t<p><a href=\"https:\/\/www.golftravellers.com\/de\/reiseziele\/irland\/golfplatze-in-irland\/nordirland\/lough-erne\/\"><img loading=\"lazy\" decoding=\"async\" class=\"aligncenter size-full wp-image-5387\" src=\"https:\/\/www.golftravellers.com\/wp-content\/uploads\/2014\/07\/Aerial-view-of-the-Lough-Erne-golf-course.jpg\" alt=\"Aerial view of the Lough Erne golf course\" width=\"150\" height=\"100\" \/><\/a><\/p>\n<p><a title=\"Lough Erne\" href=\"https:\/\/www.golftravellers.com\/de\/reiseziele\/irland\/golfplatze-in-irland\/nordirland\/lough-erne\/\">Klicken Sie hier f\u00fcr Bilder und Einzelheiten \u00fcber den Platz<\/a><\/p>\n\t<\/div>\r\n\t\r\n\t<p class=\"bgmp_list-link\">\r\n\t\t<a href=\"http:\/\/google.com\/maps?q=\">\r\n\t\t\t\t\t<\/a>\r\n\t<\/p>\r\n<\/li>\t<li id=\"bgmp_list-item-24005\" class=\"bgmp_list-item\">\r\n\t<h3 class=\"bgmp_list-placemark-title\">\r\n\t\tArdglass\t\t\r\n\t\t\t\t\t                                                <span class=\"bgmp_view-on-map-container\">\r\n                                                [<a href=\"javascript:;\" data-marker-id=\"24005\" class=\"bgmp_view-on-map\">\r\n                                                Sehen                                                <\/a>]\r\n<\/span>\r\n\r\n\t\t\t<\/h3>\r\n\t\r\n\t<div class=\"bgmp_list-description\">\r\n\t\t\t\t<p><a href=\"https:\/\/www.golftravellers.com\/de\/reiseziele\/irland\/golfplatze-in-irland\/nordirland\/ardglass\/\"><img loading=\"lazy\" decoding=\"async\" class=\"aligncenter size-full wp-image-5414\" src=\"https:\/\/www.golftravellers.com\/wp-content\/uploads\/2014\/07\/Seaside-Hole-on-the-Ardglass-golf-course.jpg\" alt=\"Seaside Hole on the Ardglass golf course\" width=\"150\" height=\"100\" \/><\/a><\/p>\n<p><a title=\"Ardglass\" href=\"https:\/\/www.golftravellers.com\/de\/reiseziele\/irland\/golfplatze-in-irland\/nordirland\/ardglass\/\">Klicken Sie hier f\u00fcr Bilder und Einzelheiten \u00fcber den Platz<\/a><\/p>\n\t<\/div>\r\n\t\r\n\t<p class=\"bgmp_list-link\">\r\n\t\t<a href=\"http:\/\/google.com\/maps?q=\">\r\n\t\t\t\t\t<\/a>\r\n\t<\/p>\r\n<\/li>\t<li id=\"bgmp_list-item-24383\" class=\"bgmp_list-item\">\r\n\t<h3 class=\"bgmp_list-placemark-title\">\r\n\t\tRoyal Belfast\t\t\r\n\t\t\t\t\t                                                <span class=\"bgmp_view-on-map-container\">\r\n                                                [<a href=\"javascript:;\" data-marker-id=\"24383\" class=\"bgmp_view-on-map\">\r\n                                                Sehen                                                <\/a>]\r\n<\/span>\r\n\r\n\t\t\t<\/h3>\r\n\t\r\n\t<div class=\"bgmp_list-description\">\r\n\t\t\t\t<p><a href=\"https:\/\/www.golftravellers.com\/de\/reiseziele\/irland\/golfplatze-in-irland\/nordirland\/royal-belfast\/\"><img loading=\"lazy\" decoding=\"async\" class=\"aligncenter size-full wp-image-5369\" src=\"https:\/\/www.golftravellers.com\/wp-content\/uploads\/2014\/07\/Green-of-the-Royal-Belfast-golf-course.jpg\" alt=\"Green of the Royal Belfast golf course\" width=\"150\" height=\"113\" \/><\/a><\/p>\n<p><a href=\"https:\/\/www.golftravellers.com\/de\/reiseziele\/irland\/golfplatze-in-irland\/nordirland\/royal-belfast\/\">Klicken Sie hier f\u00fcr Bilder und Einzelheiten \u00fcber den Platz<\/a><\/p>\n\t<\/div>\r\n\t\r\n\t<p class=\"bgmp_list-link\">\r\n\t\t<a href=\"http:\/\/google.com\/maps?q=\">\r\n\t\t\t\t\t<\/a>\r\n\t<\/p>\r\n<\/li>\t<li id=\"bgmp_list-item-24017\" class=\"bgmp_list-item\">\r\n\t<h3 class=\"bgmp_list-placemark-title\">\r\n\t\tBangor\t\t\r\n\t\t\t\t\t                                                <span class=\"bgmp_view-on-map-container\">\r\n                                                [<a href=\"javascript:;\" data-marker-id=\"24017\" class=\"bgmp_view-on-map\">\r\n                                                Sehen                                                <\/a>]\r\n<\/span>\r\n\r\n\t\t\t<\/h3>\r\n\t\r\n\t<div class=\"bgmp_list-description\">\r\n\t\t\t\t<p><a href=\"https:\/\/www.golftravellers.com\/de\/reiseziele\/irland\/golfplatze-in-irland\/nordirland\/bangor\/\"><img loading=\"lazy\" decoding=\"async\" class=\"aligncenter size-full wp-image-5405\" src=\"https:\/\/www.golftravellers.com\/wp-content\/uploads\/2014\/07\/Fairway-of-the-Bangor-golf-course.jpg\" alt=\"Fairway of the Bangor golf course\" width=\"150\" height=\"100\" \/><\/a><\/p>\n<p><a title=\"Bangor\" href=\"https:\/\/www.golftravellers.com\/de\/reiseziele\/irland\/golfplatze-in-irland\/nordirland\/bangor\/\">Klicken Sie hier f\u00fcr Bilder und Einzelheiten \u00fcber den Platz<\/a><\/p>\n\t<\/div>\r\n\t\r\n\t<p class=\"bgmp_list-link\">\r\n\t\t<a href=\"http:\/\/google.com\/maps?q=\">\r\n\t\t\t\t\t<\/a>\r\n\t<\/p>\r\n<\/li>\t<\/ul>\n<\/div>\n","protected":false},"excerpt":{"rendered":"<p>\u00a0 Diese Region erfreut sich in den letzten Jahren vor allem dank zweier herausragender Anlagen &#8211; dem Championship-Platz am Royal County Down sowie Dunluce am Royal Portrush, die beide zu den besten 20 Pl\u00e4tzen der Welt z\u00e4hlen &#8211; unter Golfern einer wachsenden Beliebtheit. In der Umgebung von Portrush finden sich auch weitere hervorragende Links-Pl\u00e4tze wie [&hellip;]<\/p>\n","protected":false},"author":10,"featured_media":31805,"parent":20269,"menu_order":0,"comment_status":"open","ping_status":"open","template":"","meta":{"_genesis_hide_title":false,"_genesis_hide_breadcrumbs":false,"_genesis_hide_singular_image":false,"_genesis_hide_footer_widgets":false,"_genesis_custom_body_class":"","_genesis_custom_post_class":"","_genesis_layout":"full-width-content","footnotes":""},"class_list":{"0":"post-20276","1":"page","2":"type-page","3":"status-publish","4":"has-post-thumbnail","6":"entry"},"_links":{"self":[{"href":"https:\/\/www.golftravellers.com\/de\/wp-json\/wp\/v2\/pages\/20276","targetHints":{"allow":["GET"]}}],"collection":[{"href":"https:\/\/www.golftravellers.com\/de\/wp-json\/wp\/v2\/pages"}],"about":[{"href":"https:\/\/www.golftravellers.com\/de\/wp-json\/wp\/v2\/types\/page"}],"author":[{"embeddable":true,"href":"https:\/\/www.golftravellers.com\/de\/wp-json\/wp\/v2\/users\/10"}],"replies":[{"embeddable":true,"href":"https:\/\/www.golftravellers.com\/de\/wp-json\/wp\/v2\/comments?post=20276"}],"version-history":[{"count":11,"href":"https:\/\/www.golftravellers.com\/de\/wp-json\/wp\/v2\/pages\/20276\/revisions"}],"predecessor-version":[{"id":31811,"href":"https:\/\/www.golftravellers.com\/de\/wp-json\/wp\/v2\/pages\/20276\/revisions\/31811"}],"up":[{"embeddable":true,"href":"https:\/\/www.golftravellers.com\/de\/wp-json\/wp\/v2\/pages\/20269"}],"wp:featuredmedia":[{"embeddable":true,"href":"https:\/\/www.golftravellers.com\/de\/wp-json\/wp\/v2\/media\/31805"}],"wp:attachment":[{"href":"https:\/\/www.golftravellers.com\/de\/wp-json\/wp\/v2\/media?parent=20276"}],"curies":[{"name":"wp","href":"https:\/\/api.w.org\/{rel}","templated":true}]}}