{"id":20274,"date":"2015-01-06T21:56:19","date_gmt":"2015-01-06T21:56:19","guid":{"rendered":"http:\/\/www.golftravellers.com\/?page_id=20274"},"modified":"2016-11-21T18:04:56","modified_gmt":"2016-11-21T18:04:56","slug":"nordwesten","status":"publish","type":"page","link":"https:\/\/www.golftravellers.com\/de\/reiseziele\/irland\/golfplatze-in-irland\/nordwesten\/","title":{"rendered":"Nordwesten"},"content":{"rendered":"<div class=\"two-thirds first\">\n<p>\u00a0<br \/>\nGro\u00dfartige Region mit Galway und Sligo als gr\u00f6\u00dften St\u00e4dten und der wunderbaren Region Connemara. Die Hauptgolfpl\u00e4tze in diesem Gebiet &#8211; Carne, Connemara und Enniscrone, um nur einige Beispile zu nennen &#8211; liegen an entlegenen Pl\u00e4tzen.<\/p>\n<p>&nbsp;<\/p>\n<p class=\"error\">Basic Google Maps Placemarks (Ortsmarken) Fehler: JavaScript und\/oder CSS Dateien sind niche geladen. Falls Sie do_shortcode() verwenden, m\u00fcssen Sie erst einen Filter zu Ihrem Theme hinzuf\u00fcgen. Schauen Sie in <a href=\"http:\/\/wordpress.org\/extend\/plugins\/basic-google-maps-placemarks\/faq\/\">die FAQ<\/a> f\u00fcr weitere Details.<\/p>\n<\/div>\n<div class=\"one-third\">\n<h2>Golfregionen<\/h2>\n<ul>\n<li><a title=\"Dublin und Eastern Region\" href=\"https:\/\/www.golftravellers.com\/de\/reiseziele\/irland\/golfplatze-in-irland\/dublin\/#dublin\">Dublin<\/a><\/li>\n<li><a title=\"S\u00fcdwesten Region\" href=\"https:\/\/www.golftravellers.com\/de\/reiseziele\/irland\/golfplatze-in-irland\/suedwesten\/#southwest\">S\u00fcdwesten<\/a><\/li>\n<li><a title=\"Nordwesten Region\" href=\"https:\/\/www.golftravellers.com\/de\/reiseziele\/irland\/golfplatze-in-irland\/nordwesten\/#northwest\">Nordwesten<\/a><\/li>\n<li><a title=\"Nordirland Region\" href=\"https:\/\/www.golftravellers.com\/de\/reiseziele\/irland\/golfplatze-in-irland\/nordirland\/#northernireland\">Nordirland<\/a><\/li>\n<\/ul>\n<p>&nbsp;<\/p>\n<h2>Golfpl\u00e4tze<\/h2>\n<ul id=\"bgmp_list\" class=\"bgmp_list\"><li id=\"bgmp_list-item-24013\" class=\"bgmp_list-item\">\n\t<h3 class=\"bgmp_list-placemark-title\">\n\t\tBallyliffin (Glashedy)\n\t\t\t\t\t<span class=\"bgmp_view-on-map-container\">\n\t\t\t\t[<a href=\"javascript:;\" data-marker-id=\"24013\" class=\"bgmp_view-on-map\">\n\t\t\t\t\tAuf der Karte anzeigen\t\t\t\t<\/a>]\n\t\t\t<\/span>\n\t\t\t<\/h3>\n\n\t<div class=\"bgmp_list-description\">\n\t\t\t\t<p><a href=\"https:\/\/www.golftravellers.com\/de\/reiseziele\/irland\/golfplatze-in-irland\/nordwesten\/ballyliffin-glashedy-links\/\"><img loading=\"lazy\" decoding=\"async\" class=\"aligncenter size-full wp-image-5212\" src=\"https:\/\/www.golftravellers.com\/wp-content\/uploads\/2014\/07\/Long-hole-on-the-Glashedy-Golf-course-at-Ballyliffin.jpg\" alt=\"Long hole on the Glashedy Golf course at Ballyliffin\" width=\"150\" height=\"100\" \/><\/a><\/p>\n<p><a title=\"Ballyliffin (Glashedy Links)\" href=\"https:\/\/www.golftravellers.com\/de\/reiseziele\/irland\/golfplatze-in-irland\/nordwesten\/ballyliffin-glashedy-links\/\">Klicken Sie hier f\u00fcr Bilder und Einzelheiten \u00fcber den Platz<\/a><\/p>\n\t<\/div>\n\n\t<p class=\"bgmp_list-link\">\n\t\t<a href=\"http:\/\/google.com\/maps?q=\">\n\t\t\t\t\t<\/a>\n\t<\/p>\n<\/li>\n<li id=\"bgmp_list-item-24015\" class=\"bgmp_list-item\">\n\t<h3 class=\"bgmp_list-placemark-title\">\n\t\tBallyliffin (Old Links)\n\t\t\t\t\t<span class=\"bgmp_view-on-map-container\">\n\t\t\t\t[<a href=\"javascript:;\" data-marker-id=\"24015\" class=\"bgmp_view-on-map\">\n\t\t\t\t\tAuf der Karte anzeigen\t\t\t\t<\/a>]\n\t\t\t<\/span>\n\t\t\t<\/h3>\n\n\t<div class=\"bgmp_list-description\">\n\t\t\t\t<p><a href=\"https:\/\/www.golftravellers.com\/de\/reiseziele\/irland\/golfplatze-in-irland\/nordwesten\/ballyliffin-old-links\/\"><img loading=\"lazy\" decoding=\"async\" class=\"aligncenter size-full wp-image-5203\" src=\"https:\/\/www.golftravellers.com\/wp-content\/uploads\/2014\/07\/Elevated-green-of-the-Old-Course-at-the-Ballyliffin-Club.jpg\" alt=\"Elevated green of the Old Course at the Ballyliffin Club\" width=\"150\" height=\"120\" \/><\/a><\/p>\n<p><a title=\"Ballyliffin (Old Links)\" href=\"https:\/\/www.golftravellers.com\/de\/reiseziele\/irland\/golfplatze-in-irland\/nordwesten\/ballyliffin-old-links\/\">Klicken Sie hier f\u00fcr Bilder und Einzelheiten \u00fcber den Platz<\/a><\/p>\n\t<\/div>\n\n\t<p class=\"bgmp_list-link\">\n\t\t<a href=\"http:\/\/google.com\/maps?q=\">\n\t\t\t\t\t<\/a>\n\t<\/p>\n<\/li>\n<li id=\"bgmp_list-item-24049\" class=\"bgmp_list-item\">\n\t<h3 class=\"bgmp_list-placemark-title\">\n\t\tCarne\n\t\t\t\t\t<span class=\"bgmp_view-on-map-container\">\n\t\t\t\t[<a href=\"javascript:;\" data-marker-id=\"24049\" class=\"bgmp_view-on-map\">\n\t\t\t\t\tAuf der Karte anzeigen\t\t\t\t<\/a>]\n\t\t\t<\/span>\n\t\t\t<\/h3>\n\n\t<div class=\"bgmp_list-description\">\n\t\t\t\t<p><a href=\"https:\/\/www.golftravellers.com\/de\/reiseziele\/irland\/golfplatze-in-irland\/nordwesten\/carne\/\"><img loading=\"lazy\" decoding=\"async\" class=\"aligncenter size-full wp-image-5194\" src=\"https:\/\/www.golftravellers.com\/wp-content\/uploads\/2014\/07\/Sunset-at-the-Carne-Golf-Links.jpg\" alt=\"Sunset at the Carne Golf Links\" width=\"150\" height=\"120\" \/><\/a><\/p>\n<p><a title=\"Carne\" href=\"https:\/\/www.golftravellers.com\/de\/reiseziele\/irland\/golfplatze-in-irland\/nordwesten\/carne\/\">Klicken Sie hier f\u00fcr Bilder und Einzelheiten \u00fcber den Platz<\/a><\/p>\n\t<\/div>\n\n\t<p class=\"bgmp_list-link\">\n\t\t<a href=\"http:\/\/google.com\/maps?q=\">\n\t\t\t\t\t<\/a>\n\t<\/p>\n<\/li>\n<li id=\"bgmp_list-item-24075\" class=\"bgmp_list-item\">\n\t<h3 class=\"bgmp_list-placemark-title\">\n\t\tConnemara\n\t\t\t\t\t<span class=\"bgmp_view-on-map-container\">\n\t\t\t\t[<a href=\"javascript:;\" data-marker-id=\"24075\" class=\"bgmp_view-on-map\">\n\t\t\t\t\tAuf der Karte anzeigen\t\t\t\t<\/a>]\n\t\t\t<\/span>\n\t\t\t<\/h3>\n\n\t<div class=\"bgmp_list-description\">\n\t\t\t\t<p><a href=\"https:\/\/www.golftravellers.com\/de\/reiseziele\/irland\/golfplatze-in-irland\/nordwesten\/connemara\/\"><img loading=\"lazy\" decoding=\"async\" class=\"aligncenter size-full wp-image-5185\" src=\"https:\/\/www.golftravellers.com\/wp-content\/uploads\/2014\/07\/Connemara-Golf-Course.jpg\" alt=\"Connemara Golf Course\" width=\"150\" height=\"100\" \/><\/a><\/p>\n<p><a title=\"Connemara\" href=\"https:\/\/www.golftravellers.com\/de\/reiseziele\/irland\/golfplatze-in-irland\/nordwesten\/connemara\/\">Klicken Sie hier f\u00fcr Bilder und Einzelheiten \u00fcber den Platz<\/a><\/p>\n\t<\/div>\n\n\t<p class=\"bgmp_list-link\">\n\t\t<a href=\"http:\/\/google.com\/maps?q=\">\n\t\t\t\t\t<\/a>\n\t<\/p>\n<\/li>\n<li id=\"bgmp_list-item-24087\" class=\"bgmp_list-item\">\n\t<h3 class=\"bgmp_list-placemark-title\">\n\t\tCounty Sligo (Championship)\n\t\t\t\t\t<span class=\"bgmp_view-on-map-container\">\n\t\t\t\t[<a href=\"javascript:;\" data-marker-id=\"24087\" class=\"bgmp_view-on-map\">\n\t\t\t\t\tAuf der Karte anzeigen\t\t\t\t<\/a>]\n\t\t\t<\/span>\n\t\t\t<\/h3>\n\n\t<div class=\"bgmp_list-description\">\n\t\t\t\t<p><a href=\"https:\/\/www.golftravellers.com\/de\/reiseziele\/irland\/golfplatze-in-irland\/nordwesten\/county-sligo\/\"><img loading=\"lazy\" decoding=\"async\" class=\"aligncenter size-full wp-image-5176\" src=\"https:\/\/www.golftravellers.com\/wp-content\/uploads\/2014\/07\/Aerial-view-from-the-Rosses-Point-golf-course-at-County-Sligo.jpg\" alt=\"Aerial view from the Rosses Point golf course at County Sligo\" width=\"150\" height=\"119\" \/><\/a><\/p>\n<p><a title=\"County Sligo\" href=\"https:\/\/www.golftravellers.com\/de\/reiseziele\/irland\/golfplatze-in-irland\/nordwesten\/county-sligo\/\">Klicken Sie hier f\u00fcr Bilder und Einzelheiten \u00fcber den Platz<\/a><\/p>\n\t<\/div>\n\n\t<p class=\"bgmp_list-link\">\n\t\t<a href=\"http:\/\/google.com\/maps?q=\">\n\t\t\t\t\t<\/a>\n\t<\/p>\n<\/li>\n<li id=\"bgmp_list-item-24105\" class=\"bgmp_list-item\">\n\t<h3 class=\"bgmp_list-placemark-title\">\n\t\tDonegal\n\t\t\t\t\t<span class=\"bgmp_view-on-map-container\">\n\t\t\t\t[<a href=\"javascript:;\" data-marker-id=\"24105\" class=\"bgmp_view-on-map\">\n\t\t\t\t\tAuf der Karte anzeigen\t\t\t\t<\/a>]\n\t\t\t<\/span>\n\t\t\t<\/h3>\n\n\t<div class=\"bgmp_list-description\">\n\t\t\t\t<p><a href=\"https:\/\/www.golftravellers.com\/de\/reiseziele\/irland\/golfplatze-in-irland\/nordwesten\/donegal\/\"><img loading=\"lazy\" decoding=\"async\" class=\"aligncenter size-full wp-image-5167\" src=\"https:\/\/www.golftravellers.com\/wp-content\/uploads\/2014\/07\/Aerial-view-of-the-Donegal-golf-course.jpg\" alt=\"Aerial view of the Donegal golf course\" width=\"150\" height=\"113\" \/><\/a><\/p>\n<p><a title=\"Donegal\" href=\"https:\/\/www.golftravellers.com\/de\/reiseziele\/irland\/golfplatze-in-irland\/nordwesten\/donegal\/\">Klicken Sie hier f\u00fcr Bilder und Einzelheiten \u00fcber den Platz<\/a><\/p>\n\t<\/div>\n\n\t<p class=\"bgmp_list-link\">\n\t\t<a href=\"http:\/\/google.com\/maps?q=\">\n\t\t\t\t\t<\/a>\n\t<\/p>\n<\/li>\n<li id=\"bgmp_list-item-24127\" class=\"bgmp_list-item\">\n\t<h3 class=\"bgmp_list-placemark-title\">\n\t\tEnniscrone (Dunes)\n\t\t\t\t\t<span class=\"bgmp_view-on-map-container\">\n\t\t\t\t[<a href=\"javascript:;\" data-marker-id=\"24127\" class=\"bgmp_view-on-map\">\n\t\t\t\t\tAuf der Karte anzeigen\t\t\t\t<\/a>]\n\t\t\t<\/span>\n\t\t\t<\/h3>\n\n\t<div class=\"bgmp_list-description\">\n\t\t\t\t<p><a href=\"https:\/\/www.golftravellers.com\/de\/reiseziele\/irland\/golfplatze-in-irland\/nordwesten\/enniscrone\/\"><img loading=\"lazy\" decoding=\"async\" class=\"alignnone wp-image-9108 size-full\" src=\"https:\/\/www.golftravellers.com\/wp-content\/uploads\/2014\/09\/Dog-leg-left-on-the-Enniscrone-golf-course.jpg\" alt=\"Dog leg left on the Enniscrone golf course\" width=\"150\" height=\"109\" \/><\/a>\u00a0<\/p>\n<p><a title=\"Enniscrone\" href=\"https:\/\/www.golftravellers.com\/de\/reiseziele\/irland\/golfplatze-in-irland\/nordwesten\/enniscrone\/\">Klicken Sie hier f\u00fcr Bilder und Einzelheiten \u00fcber den Platz<\/a><\/p>\n\t<\/div>\n\n\t<p class=\"bgmp_list-link\">\n\t\t<a href=\"http:\/\/google.com\/maps?q=\">\n\t\t\t\t\t<\/a>\n\t<\/p>\n<\/li>\n<li id=\"bgmp_list-item-24145\" class=\"bgmp_list-item\">\n\t<h3 class=\"bgmp_list-placemark-title\">\n\t\tGalway Bay\n\t\t\t\t\t<span class=\"bgmp_view-on-map-container\">\n\t\t\t\t[<a href=\"javascript:;\" data-marker-id=\"24145\" class=\"bgmp_view-on-map\">\n\t\t\t\t\tAuf der Karte anzeigen\t\t\t\t<\/a>]\n\t\t\t<\/span>\n\t\t\t<\/h3>\n\n\t<div class=\"bgmp_list-description\">\n\t\t\t\t<p><a title=\"Galway Bay\" href=\"https:\/\/www.golftravellers.com\/de\/reiseziele\/irland\/golfplatze-in-irland\/nordwesten\/galway-bay\/\"><img loading=\"lazy\" decoding=\"async\" class=\"aligncenter wp-image-20878 size-full\" src=\"https:\/\/www.golftravellers.com\/wp-content\/uploads\/2015\/01\/galway-bay-16-green.jpg\" alt=\"Galway Bay Golf 16th Green\" width=\"150\" height=\"100\" \/><\/a><\/p>\n<p><a title=\"Galway Bay\" href=\"https:\/\/www.golftravellers.com\/de\/reiseziele\/irland\/golfplatze-in-irland\/nordwesten\/galway-bay\/\">Klicken Sie hier f\u00fcr Bilder und Einzelheiten \u00fcber den Platz<\/a><\/p>\n\t<\/div>\n\n\t<p class=\"bgmp_list-link\">\n\t\t<a href=\"http:\/\/google.com\/maps?q=\">\n\t\t\t\t\t<\/a>\n\t<\/p>\n<\/li>\n<li id=\"bgmp_list-item-24270\" class=\"bgmp_list-item\">\n\t<h3 class=\"bgmp_list-placemark-title\">\n\t\tNarin and Portnoo\n\t\t\t\t\t<span class=\"bgmp_view-on-map-container\">\n\t\t\t\t[<a href=\"javascript:;\" data-marker-id=\"24270\" class=\"bgmp_view-on-map\">\n\t\t\t\t\tAuf der Karte anzeigen\t\t\t\t<\/a>]\n\t\t\t<\/span>\n\t\t\t<\/h3>\n\n\t<div class=\"bgmp_list-description\">\n\t\t\t\t<p><a href=\"https:\/\/www.golftravellers.com\/de\/reiseziele\/irland\/golfplatze-in-irland\/nordwesten\/narin-portnoo\/\"><img loading=\"lazy\" decoding=\"async\" class=\"aligncenter size-full wp-image-5158\" src=\"https:\/\/www.golftravellers.com\/wp-content\/uploads\/2014\/07\/Dunes-of-the-Narin-and-Portnoo-golf-course.jpg\" alt=\"Dunes of the Narin and Portnoo golf course\" width=\"150\" height=\"113\" \/><\/a><\/p>\n<p><a title=\"Narin &amp; Portnoo\" href=\"https:\/\/www.golftravellers.com\/de\/reiseziele\/irland\/golfplatze-in-irland\/nordwesten\/narin-portnoo\/\">Klicken Sie hier f\u00fcr Bilder und Einzelheiten \u00fcber den Platz<\/a><\/p>\n\t<\/div>\n\n\t<p class=\"bgmp_list-link\">\n\t\t<a href=\"http:\/\/google.com\/maps?q=\">\n\t\t\t\t\t<\/a>\n\t<\/p>\n<\/li>\n<li id=\"bgmp_list-item-24312\" class=\"bgmp_list-item\">\n\t<h3 class=\"bgmp_list-placemark-title\">\n\t\tPortsalon\n\t\t\t\t\t<span class=\"bgmp_view-on-map-container\">\n\t\t\t\t[<a href=\"javascript:;\" data-marker-id=\"24312\" class=\"bgmp_view-on-map\">\n\t\t\t\t\tAuf der Karte anzeigen\t\t\t\t<\/a>]\n\t\t\t<\/span>\n\t\t\t<\/h3>\n\n\t<div class=\"bgmp_list-description\">\n\t\t\t\t<p><a href=\"https:\/\/www.golftravellers.com\/de\/reiseziele\/irland\/golfplatze-in-irland\/nordwesten\/portsalon\/\"><img loading=\"lazy\" decoding=\"async\" class=\"aligncenter size-full wp-image-5149\" src=\"https:\/\/www.golftravellers.com\/wp-content\/uploads\/2014\/07\/Beach-of-the-Portsalon-golf-course.jpg\" alt=\"Beach of the Portsalon golf course\" width=\"150\" height=\"113\" \/><\/a><\/p>\n<p><a title=\"Portsalon\" href=\"https:\/\/www.golftravellers.com\/de\/reiseziele\/irland\/golfplatze-in-irland\/nordwesten\/portsalon\/\">Klicken Sie hier f\u00fcr Bilder und Einzelheiten \u00fcber den Platz<\/a><\/p>\n\t<\/div>\n\n\t<p class=\"bgmp_list-link\">\n\t\t<a href=\"http:\/\/google.com\/maps?q=\">\n\t\t\t\t\t<\/a>\n\t<\/p>\n<\/li>\n<li id=\"bgmp_list-item-24374\" class=\"bgmp_list-item\">\n\t<h3 class=\"bgmp_list-placemark-title\">\n\t\tRosapenna (Sandy Hills)\n\t\t\t\t\t<span class=\"bgmp_view-on-map-container\">\n\t\t\t\t[<a href=\"javascript:;\" data-marker-id=\"24374\" class=\"bgmp_view-on-map\">\n\t\t\t\t\tAuf der Karte anzeigen\t\t\t\t<\/a>]\n\t\t\t<\/span>\n\t\t\t<\/h3>\n\n\t<div class=\"bgmp_list-description\">\n\t\t\t\t<p><a href=\"https:\/\/www.golftravellers.com\/de\/reiseziele\/irland\/golfplatze-in-irland\/nordwesten\/rosapenna-sandy-hills\/\"><img loading=\"lazy\" decoding=\"async\" class=\"aligncenter size-full wp-image-5140\" src=\"https:\/\/www.golftravellers.com\/wp-content\/uploads\/2014\/07\/Aerial-view-of-the-Sandy-Hills-golf-course-at-Rosapenna.jpg\" alt=\"Aerial view of the Sandy Hills golf course at Rosapenna\" width=\"150\" height=\"100\" \/><\/a><\/p>\n<p><a title=\"Rosapenna (Sandy Hills)\" href=\"https:\/\/www.golftravellers.com\/de\/reiseziele\/irland\/golfplatze-in-irland\/nordwesten\/rosapenna-sandy-hills\/\">Klicken Sie hier f\u00fcr Bilder und Einzelheiten \u00fcber den Platz<\/a><\/p>\n\t<\/div>\n\n\t<p class=\"bgmp_list-link\">\n\t\t<a href=\"http:\/\/google.com\/maps?q=\">\n\t\t\t\t\t<\/a>\n\t<\/p>\n<\/li>\n<li id=\"bgmp_list-item-24446\" class=\"bgmp_list-item\">\n\t<h3 class=\"bgmp_list-placemark-title\">\n\t\tSlieve Russell\n\t\t\t\t\t<span class=\"bgmp_view-on-map-container\">\n\t\t\t\t[<a href=\"javascript:;\" data-marker-id=\"24446\" class=\"bgmp_view-on-map\">\n\t\t\t\t\tAuf der Karte anzeigen\t\t\t\t<\/a>]\n\t\t\t<\/span>\n\t\t\t<\/h3>\n\n\t<div class=\"bgmp_list-description\">\n\t\t\t\t<p><a href=\"https:\/\/www.golftravellers.com\/de\/reiseziele\/irland\/golfplatze-in-irland\/nordwesten\/slieve-russell\/\"><img loading=\"lazy\" decoding=\"async\" class=\"aligncenter size-full wp-image-5131\" src=\"https:\/\/www.golftravellers.com\/wp-content\/uploads\/2014\/07\/Lake-of-the-Slieve-Russell-course.jpg\" alt=\"Lake of the Slieve Russell course\" width=\"150\" height=\"113\" \/><\/a><\/p>\n<p><a title=\"Slieve Russell\" href=\"https:\/\/www.golftravellers.com\/de\/reiseziele\/irland\/golfplatze-in-irland\/nordwesten\/slieve-russell\/\">Klicken Sie hier f\u00fcr Bilder und Einzelheiten \u00fcber den Platz<\/a><\/p>\n\t<\/div>\n\n\t<p class=\"bgmp_list-link\">\n\t\t<a href=\"http:\/\/google.com\/maps?q=\">\n\t\t\t\t\t<\/a>\n\t<\/p>\n<\/li>\n<li id=\"bgmp_list-item-24530\" class=\"bgmp_list-item\">\n\t<h3 class=\"bgmp_list-placemark-title\">\n\t\tWestport\n\t\t\t\t\t<span class=\"bgmp_view-on-map-container\">\n\t\t\t\t[<a href=\"javascript:;\" data-marker-id=\"24530\" class=\"bgmp_view-on-map\">\n\t\t\t\t\tAuf der Karte anzeigen\t\t\t\t<\/a>]\n\t\t\t<\/span>\n\t\t\t<\/h3>\n\n\t<div class=\"bgmp_list-description\">\n\t\t\t\t<p><a href=\"https:\/\/www.golftravellers.com\/de\/reiseziele\/irland\/golfplatze-in-irland\/nordwesten\/westport\/\"><img loading=\"lazy\" decoding=\"async\" class=\"aligncenter size-full wp-image-5122\" src=\"https:\/\/www.golftravellers.com\/wp-content\/uploads\/2014\/07\/Par-3-of-the-Wesport-course.jpg\" alt=\"Par 3 of the Wesport-course\" width=\"150\" height=\"100\" \/><\/a><\/p>\n<p><a title=\"Westport\" href=\"https:\/\/www.golftravellers.com\/de\/reiseziele\/irland\/golfplatze-in-irland\/nordwesten\/westport\/\">Klicken Sie hier f\u00fcr Bilder und Einzelheiten \u00fcber den Platz<\/a><\/p>\n\t<\/div>\n\n\t<p class=\"bgmp_list-link\">\n\t\t<a href=\"http:\/\/google.com\/maps?q=\">\n\t\t\t\t\t<\/a>\n\t<\/p>\n<\/li>\n<\/ul>\n<\/div>\n","protected":false},"excerpt":{"rendered":"<p>\u00a0 Gro\u00dfartige Region mit Galway und Sligo als gr\u00f6\u00dften St\u00e4dten und der wunderbaren Region Connemara. Die Hauptgolfpl\u00e4tze in diesem Gebiet &#8211; Carne, Connemara und Enniscrone, um nur einige Beispile zu nennen &#8211; liegen an entlegenen Pl\u00e4tzen. &nbsp; Golfregionen Dublin S\u00fcdwesten Nordwesten Nordirland &nbsp; Golfpl\u00e4tze<\/p>\n","protected":false},"author":10,"featured_media":31798,"parent":20269,"menu_order":0,"comment_status":"open","ping_status":"open","template":"","meta":{"_genesis_hide_title":false,"_genesis_hide_breadcrumbs":false,"_genesis_hide_singular_image":false,"_genesis_hide_footer_widgets":false,"_genesis_custom_body_class":"","_genesis_custom_post_class":"","_genesis_layout":"full-width-content","footnotes":""},"class_list":{"0":"post-20274","1":"page","2":"type-page","3":"status-publish","4":"has-post-thumbnail","6":"entry"},"_links":{"self":[{"href":"https:\/\/www.golftravellers.com\/de\/wp-json\/wp\/v2\/pages\/20274","targetHints":{"allow":["GET"]}}],"collection":[{"href":"https:\/\/www.golftravellers.com\/de\/wp-json\/wp\/v2\/pages"}],"about":[{"href":"https:\/\/www.golftravellers.com\/de\/wp-json\/wp\/v2\/types\/page"}],"author":[{"embeddable":true,"href":"https:\/\/www.golftravellers.com\/de\/wp-json\/wp\/v2\/users\/10"}],"replies":[{"embeddable":true,"href":"https:\/\/www.golftravellers.com\/de\/wp-json\/wp\/v2\/comments?post=20274"}],"version-history":[{"count":7,"href":"https:\/\/www.golftravellers.com\/de\/wp-json\/wp\/v2\/pages\/20274\/revisions"}],"predecessor-version":[{"id":31804,"href":"https:\/\/www.golftravellers.com\/de\/wp-json\/wp\/v2\/pages\/20274\/revisions\/31804"}],"up":[{"embeddable":true,"href":"https:\/\/www.golftravellers.com\/de\/wp-json\/wp\/v2\/pages\/20269"}],"wp:featuredmedia":[{"embeddable":true,"href":"https:\/\/www.golftravellers.com\/de\/wp-json\/wp\/v2\/media\/31798"}],"wp:attachment":[{"href":"https:\/\/www.golftravellers.com\/de\/wp-json\/wp\/v2\/media?parent=20274"}],"curies":[{"name":"wp","href":"https:\/\/api.w.org\/{rel}","templated":true}]}}