{"id":20272,"date":"2015-01-06T20:52:55","date_gmt":"2015-01-06T20:52:55","guid":{"rendered":"http:\/\/www.golftravellers.com\/?page_id=20272"},"modified":"2016-11-21T17:56:09","modified_gmt":"2016-11-21T17:56:09","slug":"dublin","status":"publish","type":"page","link":"https:\/\/www.golftravellers.com\/de\/reiseziele\/irland\/golfplatze-in-irland\/dublin\/","title":{"rendered":"Dublin"},"content":{"rendered":"<div class=\"two-thirds first\">\n<p>\u00a0<br \/>\n Mit seiner Vielzahl an Inland- und Links-Golfpl\u00e4tzen die beliebteste Region. Zudem dank vieler Direktfl\u00fcge einfach zu erreichen. Dublin selbst ist eine dynamische und offenherzige Stadt.<\/p>\n<p>&nbsp;<\/p>\n<p>&nbsp;<\/p>\n<p class=\"error\">Basic Google Maps Placemarks (Ortsmarken) Fehler: JavaScript und\/oder CSS Dateien sind niche geladen. Falls Sie do_shortcode() verwenden, m\u00fcssen Sie erst einen Filter zu Ihrem Theme hinzuf\u00fcgen. Schauen Sie in <a href=\"http:\/\/wordpress.org\/extend\/plugins\/basic-google-maps-placemarks\/faq\/\">die FAQ<\/a> f\u00fcr weitere Details.<\/p>\n<\/div>\n<div class=\"one-third\">\n<h2>Golfregionen<\/h2>\n<ul>\n<li><a title=\"Dublin und Eastern Region\" href=\"https:\/\/www.golftravellers.com\/de\/reiseziele\/irland\/golfplatze-in-irland\/dublin\/#dublin\">Dublin<\/a><\/li>\n<li><a title=\"S\u00fcdwesten Region\" href=\"https:\/\/www.golftravellers.com\/de\/reiseziele\/irland\/golfplatze-in-irland\/suedwesten\/#southwest\">S\u00fcdwesten<\/a><\/li>\n<li><a title=\"Nordwesten Region\" href=\"https:\/\/www.golftravellers.com\/de\/reiseziele\/irland\/golfplatze-in-irland\/nordwesten\/#northwest\">Nordwesten<\/a><\/li>\n<li><a title=\"Nordirland Region\" href=\"https:\/\/www.golftravellers.com\/de\/reiseziele\/irland\/golfplatze-in-irland\/nordirland\/#northernireland\">Nordirland<\/a><\/li>\n<\/ul>\n<h2>Golfpl\u00e4tze<\/h2>\n<ul id=\"bgmp_list\" class=\"bgmp_list\"><li id=\"bgmp_list-item-24055\" class=\"bgmp_list-item\">\n\t<h3 class=\"bgmp_list-placemark-title\">\n\t\tCarton House (Montgomerie)\n\t\t\t\t\t<span class=\"bgmp_view-on-map-container\">\n\t\t\t\t[<a href=\"javascript:;\" data-marker-id=\"24055\" class=\"bgmp_view-on-map\">\n\t\t\t\t\tAuf der Karte anzeigen\t\t\t\t<\/a>]\n\t\t\t<\/span>\n\t\t\t<\/h3>\n\n\t<div class=\"bgmp_list-description\">\n\t\t\t\t<p><a title=\"Montgomerie \u2018Carton House\u2019\" href=\"https:\/\/www.golftravellers.com\/de\/reiseziele\/irland\/golfplatze-in-irland\/dublin\/montgomerie-carton-house\/\"><img loading=\"lazy\" decoding=\"async\" class=\"alignnone wp-image-21370 size-thumbnail\" src=\"https:\/\/www.golftravellers.com\/wp-content\/uploads\/2014\/07\/Montgomerie-CartonHouse-golf-e1423210545921-150x100.jpg\" alt=\"Montgomerie-CartonHouse-golf\" width=\"150\" height=\"100\" \/><\/a><\/p>\n<p><a title=\"Montgomerie \u2018Carton House\u2019\" href=\"https:\/\/www.golftravellers.com\/de\/reiseziele\/irland\/golfplatze-in-irland\/dublin\/montgomerie-carton-house\/\">Klicken Sie hier f\u00fcr Bilder und Einzelheiten \u00fcber den Platz<\/a><\/p>\n\t<\/div>\n\n\t<p class=\"bgmp_list-link\">\n\t\t<a href=\"http:\/\/google.com\/maps?q=\">\n\t\t\t\t\t<\/a>\n\t<\/p>\n<\/li>\n<li id=\"bgmp_list-item-24057\" class=\"bgmp_list-item\">\n\t<h3 class=\"bgmp_list-placemark-title\">\n\t\tCarton House (O\u2019Meara)\n\t\t\t\t\t<span class=\"bgmp_view-on-map-container\">\n\t\t\t\t[<a href=\"javascript:;\" data-marker-id=\"24057\" class=\"bgmp_view-on-map\">\n\t\t\t\t\tAuf der Karte anzeigen\t\t\t\t<\/a>]\n\t\t\t<\/span>\n\t\t\t<\/h3>\n\n\t<div class=\"bgmp_list-description\">\n\t\t\t\t<p><a href=\"https:\/\/www.golftravellers.com\/de\/reiseziele\/irland\/golfplatze-in-irland\/dublin\/omeara-carton-house\/\"><img loading=\"lazy\" decoding=\"async\" class=\"aligncenter size-full wp-image-4954\" src=\"https:\/\/www.golftravellers.com\/wp-content\/uploads\/2014\/07\/OMeara-Carton-House.jpg\" alt=\"O'Meara Carton House\" width=\"150\" height=\"98\" \/><\/a><\/p>\n<p><a title=\"O\u2019Meara \u2018Carton House\u2019\" href=\"https:\/\/www.golftravellers.com\/de\/reiseziele\/irland\/golfplatze-in-irland\/dublin\/omeara-carton-house\/\">Klicken Sie hier f\u00fcr Bilder und Einzelheiten \u00fcber den Platz<\/a><\/p>\n\t<\/div>\n\n\t<p class=\"bgmp_list-link\">\n\t\t<a href=\"http:\/\/google.com\/maps?q=\">\n\t\t\t\t\t<\/a>\n\t<\/p>\n<\/li>\n<li id=\"bgmp_list-item-24085\" class=\"bgmp_list-item\">\n\t<h3 class=\"bgmp_list-placemark-title\">\n\t\tCounty Louth\n\t\t\t\t\t<span class=\"bgmp_view-on-map-container\">\n\t\t\t\t[<a href=\"javascript:;\" data-marker-id=\"24085\" class=\"bgmp_view-on-map\">\n\t\t\t\t\tAuf der Karte anzeigen\t\t\t\t<\/a>]\n\t\t\t<\/span>\n\t\t\t<\/h3>\n\n\t<div class=\"bgmp_list-description\">\n\t\t\t\t<p><a href=\"https:\/\/www.golftravellers.com\/de\/reiseziele\/irland\/golfplatze-in-irland\/dublin\/county-louth\/\"><img loading=\"lazy\" decoding=\"async\" class=\"aligncenter size-full wp-image-5017\" src=\"https:\/\/www.golftravellers.com\/wp-content\/uploads\/2014\/07\/Elevated-Green-at-Baltray-at-County-Louth.jpg\" alt=\"Elevated Green at Baltray at County Louth\" width=\"150\" height=\"105\" \/><\/a><\/p>\n<p><a title=\"County Louth\" href=\"https:\/\/www.golftravellers.com\/de\/reiseziele\/irland\/golfplatze-in-irland\/dublin\/county-louth\/\">Klicken Sie hier f\u00fcr Bilder und Einzelheiten \u00fcber den Platz<\/a><\/p>\n\t<\/div>\n\n\t<p class=\"bgmp_list-link\">\n\t\t<a href=\"http:\/\/google.com\/maps?q=\">\n\t\t\t\t\t<\/a>\n\t<\/p>\n<\/li>\n<li id=\"bgmp_list-item-24113\" class=\"bgmp_list-item\">\n\t<h3 class=\"bgmp_list-placemark-title\">\n\t\tDruids Glen\n\t\t\t\t\t<span class=\"bgmp_view-on-map-container\">\n\t\t\t\t[<a href=\"javascript:;\" data-marker-id=\"24113\" class=\"bgmp_view-on-map\">\n\t\t\t\t\tAuf der Karte anzeigen\t\t\t\t<\/a>]\n\t\t\t<\/span>\n\t\t\t<\/h3>\n\n\t<div class=\"bgmp_list-description\">\n\t\t\t\t<p><a href=\"https:\/\/www.golftravellers.com\/de\/reiseziele\/irland\/golfplatze-in-irland\/dublin\/druids-glen\/\"><img loading=\"lazy\" decoding=\"async\" class=\"aligncenter size-full wp-image-5008\" src=\"https:\/\/www.golftravellers.com\/wp-content\/uploads\/2014\/07\/Par3-Druids-Glen-Golf-Course.jpg\" alt=\"Par 3 Druids Glen Golf Course\" width=\"150\" height=\"94\" \/><\/a><\/p>\n<p><a title=\"Druids Glen\" href=\"https:\/\/www.golftravellers.com\/de\/reiseziele\/irland\/golfplatze-in-irland\/dublin\/druids-glen\/\">Klicken Sie hier f\u00fcr Bilder und Einzelheiten \u00fcber den Platz<\/a><\/p>\n\t<\/div>\n\n\t<p class=\"bgmp_list-link\">\n\t\t<a href=\"http:\/\/google.com\/maps?q=\">\n\t\t\t\t\t<\/a>\n\t<\/p>\n<\/li>\n<li id=\"bgmp_list-item-24115\" class=\"bgmp_list-item\">\n\t<h3 class=\"bgmp_list-placemark-title\">\n\t\tDruids Heath\n\t\t\t\t\t<span class=\"bgmp_view-on-map-container\">\n\t\t\t\t[<a href=\"javascript:;\" data-marker-id=\"24115\" class=\"bgmp_view-on-map\">\n\t\t\t\t\tAuf der Karte anzeigen\t\t\t\t<\/a>]\n\t\t\t<\/span>\n\t\t\t<\/h3>\n\n\t<div class=\"bgmp_list-description\">\n\t\t\t\t<p><a href=\"https:\/\/www.golftravellers.com\/de\/reiseziele\/irland\/golfplatze-in-irland\/dublin\/druids-heath\/\"><img loading=\"lazy\" decoding=\"async\" class=\"aligncenter size-full wp-image-4999\" src=\"https:\/\/www.golftravellers.com\/wp-content\/uploads\/2014\/07\/Golfers-on-the-elevated-green-at-Druids-Heath-Golf-Course.jpg\" alt=\"Golfers on the elevated green at Druids Heath Golf Course\" width=\"150\" height=\"89\" \/><\/a><\/p>\n<p><a title=\"Druids Heath\" href=\"https:\/\/www.golftravellers.com\/de\/reiseziele\/irland\/golfplatze-in-irland\/dublin\/druids-heath\/\">Klicken Sie hier f\u00fcr Bilder und Einzelheiten \u00fcber den Platz<\/a><\/p>\n\t<\/div>\n\n\t<p class=\"bgmp_list-link\">\n\t\t<a href=\"http:\/\/google.com\/maps?q=\">\n\t\t\t\t\t<\/a>\n\t<\/p>\n<\/li>\n<li id=\"bgmp_list-item-24173\" class=\"bgmp_list-item\">\n\t<h3 class=\"bgmp_list-placemark-title\">\n\t\tHeadfort New\n\t\t\t\t\t<span class=\"bgmp_view-on-map-container\">\n\t\t\t\t[<a href=\"javascript:;\" data-marker-id=\"24173\" class=\"bgmp_view-on-map\">\n\t\t\t\t\tAuf der Karte anzeigen\t\t\t\t<\/a>]\n\t\t\t<\/span>\n\t\t\t<\/h3>\n\n\t<div class=\"bgmp_list-description\">\n\t\t\t\t<p><a href=\"https:\/\/www.golftravellers.com\/de\/reiseziele\/irland\/golfplatze-in-irland\/dublin\/headfort-new\/\"><img loading=\"lazy\" decoding=\"async\" class=\"aligncenter size-full wp-image-5048\" src=\"https:\/\/www.golftravellers.com\/wp-content\/uploads\/2014\/07\/Par-4-at-Headfort-New.jpg\" alt=\"Par 4 at Headfort New\" width=\"150\" height=\"103\" \/><\/a><\/p>\n<p><a title=\"Headfort New\" href=\"https:\/\/www.golftravellers.com\/de\/reiseziele\/irland\/golfplatze-in-irland\/dublin\/headfort-new\/\">Klicken Sie hier f\u00fcr Bilder und Einzelheiten \u00fcber den Platz<\/a><\/p>\n\t<\/div>\n\n\t<p class=\"bgmp_list-link\">\n\t\t<a href=\"http:\/\/google.com\/maps?q=\">\n\t\t\t\t\t<\/a>\n\t<\/p>\n<\/li>\n<li id=\"bgmp_list-item-24175\" class=\"bgmp_list-item\">\n\t<h3 class=\"bgmp_list-placemark-title\">\n\t\tHeritage\n\t\t\t\t\t<span class=\"bgmp_view-on-map-container\">\n\t\t\t\t[<a href=\"javascript:;\" data-marker-id=\"24175\" class=\"bgmp_view-on-map\">\n\t\t\t\t\tAuf der Karte anzeigen\t\t\t\t<\/a>]\n\t\t\t<\/span>\n\t\t\t<\/h3>\n\n\t<div class=\"bgmp_list-description\">\n\t\t\t\t<p><a href=\"https:\/\/www.golftravellers.com\/de\/reiseziele\/irland\/golfplatze-in-irland\/dublin\/heritage\/\"><img loading=\"lazy\" decoding=\"async\" class=\"aligncenter size-full wp-image-4990\" src=\"https:\/\/www.golftravellers.com\/wp-content\/uploads\/2014\/07\/Undulated-Green-at-The-Heritage.jpg\" alt=\"Undulated Green at The-Heritage\" width=\"150\" height=\"100\" \/><\/a><\/p>\n<p><a title=\"Heritage\" href=\"https:\/\/www.golftravellers.com\/de\/reiseziele\/irland\/golfplatze-in-irland\/dublin\/heritage\/\">Klicken Sie hier f\u00fcr Bilder und Einzelheiten \u00fcber den Platz<\/a><\/p>\n\t<\/div>\n\n\t<p class=\"bgmp_list-link\">\n\t\t<a href=\"http:\/\/google.com\/maps?q=\">\n\t\t\t\t\t<\/a>\n\t<\/p>\n<\/li>\n<li id=\"bgmp_list-item-24197\" class=\"bgmp_list-item\">\n\t<h3 class=\"bgmp_list-placemark-title\">\n\t\tK Club (Palmer Ryder Cup)\n\t\t\t\t\t<span class=\"bgmp_view-on-map-container\">\n\t\t\t\t[<a href=\"javascript:;\" data-marker-id=\"24197\" class=\"bgmp_view-on-map\">\n\t\t\t\t\tAuf der Karte anzeigen\t\t\t\t<\/a>]\n\t\t\t<\/span>\n\t\t\t<\/h3>\n\n\t<div class=\"bgmp_list-description\">\n\t\t\t\t<p><a href=\"https:\/\/www.golftravellers.com\/de\/reiseziele\/irland\/golfplatze-in-irland\/dublin\/palmer-ryder-cup-k-club\/\"><img loading=\"lazy\" decoding=\"async\" class=\"aligncenter size-full wp-image-4945\" src=\"https:\/\/www.golftravellers.com\/wp-content\/uploads\/2014\/07\/Lake-and-forest-on-the-Palmer-Ryder-Cup-course-at-the-K-Club.jpg\" alt=\"Lake and forest on the Palmer Ryder Cup course at the K Club\" width=\"150\" height=\"100\" \/><\/a><\/p>\n<p><a title=\"Palmer Ryder Cup (K Club)\" href=\"https:\/\/www.golftravellers.com\/de\/reiseziele\/irland\/golfplatze-in-irland\/dublin\/palmer-ryder-cup-k-club\/\">Klicken Sie hier f\u00fcr Bilder und Einzelheiten \u00fcber den Platz<\/a><\/p>\n\t<\/div>\n\n\t<p class=\"bgmp_list-link\">\n\t\t<a href=\"http:\/\/google.com\/maps?q=\">\n\t\t\t\t\t<\/a>\n\t<\/p>\n<\/li>\n<li id=\"bgmp_list-item-24199\" class=\"bgmp_list-item\">\n\t<h3 class=\"bgmp_list-placemark-title\">\n\t\tK Club (Smurfit)\n\t\t\t\t\t<span class=\"bgmp_view-on-map-container\">\n\t\t\t\t[<a href=\"javascript:;\" data-marker-id=\"24199\" class=\"bgmp_view-on-map\">\n\t\t\t\t\tAuf der Karte anzeigen\t\t\t\t<\/a>]\n\t\t\t<\/span>\n\t\t\t<\/h3>\n\n\t<div class=\"bgmp_list-description\">\n\t\t\t\t<p><a href=\"https:\/\/www.golftravellers.com\/de\/reiseziele\/irland\/golfplatze-in-irland\/dublin\/smurfit-k-club\/\"><img loading=\"lazy\" decoding=\"async\" class=\"aligncenter size-full wp-image-4873\" src=\"https:\/\/www.golftravellers.com\/wp-content\/uploads\/2014\/07\/18th-hole-of-the-Smurfit-Course-at-the-K-Club.jpg\" alt=\"18th hole of the Smurfit Course at the K Club\" width=\"150\" height=\"105\" \/><\/a><\/p>\n<p><a title=\"Smurfit (K Club\u2019)\" href=\"https:\/\/www.golftravellers.com\/de\/reiseziele\/irland\/golfplatze-in-irland\/dublin\/smurfit-k-club\/\">Klicken Sie hier f\u00fcr Bilder und Einzelheiten \u00fcber den Platz<\/a><\/p>\n\t<\/div>\n\n\t<p class=\"bgmp_list-link\">\n\t\t<a href=\"http:\/\/google.com\/maps?q=\">\n\t\t\t\t\t<\/a>\n\t<\/p>\n<\/li>\n<li id=\"bgmp_list-item-24203\" class=\"bgmp_list-item\">\n\t<h3 class=\"bgmp_list-placemark-title\">\n\t\tKilleen Castle\n\t\t\t\t\t<span class=\"bgmp_view-on-map-container\">\n\t\t\t\t[<a href=\"javascript:;\" data-marker-id=\"24203\" class=\"bgmp_view-on-map\">\n\t\t\t\t\tAuf der Karte anzeigen\t\t\t\t<\/a>]\n\t\t\t<\/span>\n\t\t\t<\/h3>\n\n\t<div class=\"bgmp_list-description\">\n\t\t\t\t<p><a href=\"https:\/\/www.golftravellers.com\/de\/reiseziele\/irland\/golfplatze-in-irland\/dublin\/killeen-castle\/\"><img loading=\"lazy\" decoding=\"async\" class=\"aligncenter wp-image-5071 size-full\" src=\"https:\/\/www.golftravellers.com\/wp-content\/uploads\/2014\/07\/18th-hole-at-Killeen-Castle.jpg\" alt=\"18th hole at Killeen Castle\" width=\"150\" height=\"100\" \/><\/a><\/p>\n<p><a title=\"Killeen Castle\" href=\"https:\/\/www.golftravellers.com\/de\/reiseziele\/irland\/golfplatze-in-irland\/dublin\/killeen-castle\/\">Klicken Sie hier f\u00fcr Bilder und Einzelheiten \u00fcber den Platz<\/a><\/p>\n\t<\/div>\n\n\t<p class=\"bgmp_list-link\">\n\t\t<a href=\"http:\/\/google.com\/maps?q=\">\n\t\t\t\t\t<\/a>\n\t<\/p>\n<\/li>\n<li id=\"bgmp_list-item-24256\" class=\"bgmp_list-item\">\n\t<h3 class=\"bgmp_list-placemark-title\">\n\t\tMount Juliet\n\t\t\t\t\t<span class=\"bgmp_view-on-map-container\">\n\t\t\t\t[<a href=\"javascript:;\" data-marker-id=\"24256\" class=\"bgmp_view-on-map\">\n\t\t\t\t\tAuf der Karte anzeigen\t\t\t\t<\/a>]\n\t\t\t<\/span>\n\t\t\t<\/h3>\n\n\t<div class=\"bgmp_list-description\">\n\t\t\t\t<p><a href=\"https:\/\/www.golftravellers.com\/de\/reiseziele\/irland\/golfplatze-in-irland\/dublin\/mount-juliet\/\"><img loading=\"lazy\" decoding=\"async\" class=\"aligncenter size-full wp-image-4972\" src=\"https:\/\/www.golftravellers.com\/wp-content\/uploads\/2014\/07\/Par3-at-Mount-Juliet-golf-course.jpg\" alt=\"Par 3 at Mount Juliet golf course\" width=\"150\" height=\"106\" \/><\/a><\/p>\n<p><a title=\"Mount Juliet\" href=\"https:\/\/www.golftravellers.com\/de\/reiseziele\/irland\/golfplatze-in-irland\/dublin\/mount-juliet\/\">Klicken Sie hier f\u00fcr Bilder und Einzelheiten \u00fcber den Platz<\/a><\/p>\n\t<\/div>\n\n\t<p class=\"bgmp_list-link\">\n\t\t<a href=\"http:\/\/google.com\/maps?q=\">\n\t\t\t\t\t<\/a>\n\t<\/p>\n<\/li>\n<li id=\"bgmp_list-item-24258\" class=\"bgmp_list-item\">\n\t<h3 class=\"bgmp_list-placemark-title\">\n\t\tMount Wolseley\n\t\t\t\t\t<span class=\"bgmp_view-on-map-container\">\n\t\t\t\t[<a href=\"javascript:;\" data-marker-id=\"24258\" class=\"bgmp_view-on-map\">\n\t\t\t\t\tAuf der Karte anzeigen\t\t\t\t<\/a>]\n\t\t\t<\/span>\n\t\t\t<\/h3>\n\n\t<div class=\"bgmp_list-description\">\n\t\t\t\t<p><a href=\"https:\/\/www.golftravellers.com\/de\/reiseziele\/irland\/golfplatze-in-irland\/dublin\/mount-wolseley\/\"><img loading=\"lazy\" decoding=\"async\" class=\"aligncenter size-full wp-image-4963\" src=\"https:\/\/www.golftravellers.com\/wp-content\/uploads\/2014\/07\/Mount-Wolseley-sunset.jpg\" alt=\"Mount Wolseley sunset\" width=\"150\" height=\"100\" \/><\/a><\/p>\n<p><a title=\"Mount Wolseley\" href=\"https:\/\/www.golftravellers.com\/de\/reiseziele\/irland\/golfplatze-in-irland\/dublin\/mount-wolseley\/\">Klicken Sie hier f\u00fcr Bilder und Einzelheiten \u00fcber den Platz<\/a><\/p>\n\t<\/div>\n\n\t<p class=\"bgmp_list-link\">\n\t\t<a href=\"http:\/\/google.com\/maps?q=\">\n\t\t\t\t\t<\/a>\n\t<\/p>\n<\/li>\n<li id=\"bgmp_list-item-24294\" class=\"bgmp_list-item\">\n\t<h3 class=\"bgmp_list-placemark-title\">\n\t\tPalmerstown House\n\t\t\t\t\t<span class=\"bgmp_view-on-map-container\">\n\t\t\t\t[<a href=\"javascript:;\" data-marker-id=\"24294\" class=\"bgmp_view-on-map\">\n\t\t\t\t\tAuf der Karte anzeigen\t\t\t\t<\/a>]\n\t\t\t<\/span>\n\t\t\t<\/h3>\n\n\t<div class=\"bgmp_list-description\">\n\t\t\t\t<p><a href=\"https:\/\/www.golftravellers.com\/de\/reiseziele\/irland\/golfplatze-in-irland\/dublin\/palmerstown-house\/\"><img loading=\"lazy\" decoding=\"async\" class=\"aligncenter size-full wp-image-4936\" src=\"https:\/\/www.golftravellers.com\/wp-content\/uploads\/2014\/07\/Large-green-at-Palmerstown-House-golf-course.jpg\" alt=\"Large green at Palmerstown House golf course\" width=\"150\" height=\"102\" \/><\/a><\/p>\n<p><a title=\"Palmerstown House\" href=\"https:\/\/www.golftravellers.com\/de\/reiseziele\/irland\/golfplatze-in-irland\/dublin\/palmerstown-house\/\">Klicken Sie hier f\u00fcr Bilder und Einzelheiten \u00fcber den Platz<\/a><\/p>\n\t<\/div>\n\n\t<p class=\"bgmp_list-link\">\n\t\t<a href=\"http:\/\/google.com\/maps?q=\">\n\t\t\t\t\t<\/a>\n\t<\/p>\n<\/li>\n<li id=\"bgmp_list-item-24306\" class=\"bgmp_list-item\">\n\t<h3 class=\"bgmp_list-placemark-title\">\n\t\tPortmarnock\n\t\t\t\t\t<span class=\"bgmp_view-on-map-container\">\n\t\t\t\t[<a href=\"javascript:;\" data-marker-id=\"24306\" class=\"bgmp_view-on-map\">\n\t\t\t\t\tAuf der Karte anzeigen\t\t\t\t<\/a>]\n\t\t\t<\/span>\n\t\t\t<\/h3>\n\n\t<div class=\"bgmp_list-description\">\n\t\t\t\t<p><a href=\"https:\/\/www.golftravellers.com\/de\/reiseziele\/irland\/golfplatze-in-irland\/dublin\/portmarnock\/\"><img loading=\"lazy\" decoding=\"async\" class=\"aligncenter size-full wp-image-4927\" src=\"https:\/\/www.golftravellers.com\/wp-content\/uploads\/2014\/07\/Long-hole-at-Portmarnock.jpg\" alt=\"Long hole at Portmarnock\" width=\"150\" height=\"108\" \/><\/a><\/p>\n<p><a title=\"Portmarnock\" href=\"https:\/\/www.golftravellers.com\/de\/reiseziele\/irland\/golfplatze-in-irland\/dublin\/portmarnock\/\">Klicken Sie hier f\u00fcr Bilder und Einzelheiten \u00fcber den Platz<\/a><\/p>\n\t<\/div>\n\n\t<p class=\"bgmp_list-link\">\n\t\t<a href=\"http:\/\/google.com\/maps?q=\">\n\t\t\t\t\t<\/a>\n\t<\/p>\n<\/li>\n<li id=\"bgmp_list-item-24308\" class=\"bgmp_list-item\">\n\t<h3 class=\"bgmp_list-placemark-title\">\n\t\tPortmarnock Links\n\t\t\t\t\t<span class=\"bgmp_view-on-map-container\">\n\t\t\t\t[<a href=\"javascript:;\" data-marker-id=\"24308\" class=\"bgmp_view-on-map\">\n\t\t\t\t\tAuf der Karte anzeigen\t\t\t\t<\/a>]\n\t\t\t<\/span>\n\t\t\t<\/h3>\n\n\t<div class=\"bgmp_list-description\">\n\t\t\t\t<p><a href=\"https:\/\/www.golftravellers.com\/de\/reiseziele\/irland\/golfplatze-in-irland\/dublin\/portmarnock-links\/\"><img loading=\"lazy\" decoding=\"async\" class=\"aligncenter size-full wp-image-4918\" src=\"https:\/\/www.golftravellers.com\/wp-content\/uploads\/2014\/07\/Portmarnock-hotel.jpg\" alt=\"Portmarnock hotel\" width=\"150\" height=\"116\" \/><\/a><\/p>\n<p><a title=\"Portmarnock Links\" href=\"https:\/\/www.golftravellers.com\/de\/reiseziele\/irland\/golfplatze-in-irland\/dublin\/portmarnock-links\/\">Klicken Sie hier f\u00fcr Bilder und Einzelheiten \u00fcber den Platz<\/a><\/p>\n\t<\/div>\n\n\t<p class=\"bgmp_list-link\">\n\t\t<a href=\"http:\/\/google.com\/maps?q=\">\n\t\t\t\t\t<\/a>\n\t<\/p>\n<\/li>\n<li id=\"bgmp_list-item-24393\" class=\"bgmp_list-item\">\n\t<h3 class=\"bgmp_list-placemark-title\">\n\t\tRoyal Dublin\n\t\t\t\t\t<span class=\"bgmp_view-on-map-container\">\n\t\t\t\t[<a href=\"javascript:;\" data-marker-id=\"24393\" class=\"bgmp_view-on-map\">\n\t\t\t\t\tAuf der Karte anzeigen\t\t\t\t<\/a>]\n\t\t\t<\/span>\n\t\t\t<\/h3>\n\n\t<div class=\"bgmp_list-description\">\n\t\t\t\t<p><a href=\"https:\/\/www.golftravellers.com\/de\/reiseziele\/irland\/golfplatze-in-irland\/dublin\/royal-dublin\/\"><img loading=\"lazy\" decoding=\"async\" class=\"aligncenter size-full wp-image-4891\" src=\"https:\/\/www.golftravellers.com\/wp-content\/uploads\/2014\/07\/12th-green-at-Royal-Dublin-Golf-Course.jpg\" alt=\"12th green at Royal Dublin Golf Course\" width=\"150\" height=\"86\" \/><\/a><\/p>\n<p><a title=\"Royal Dublin\" href=\"https:\/\/www.golftravellers.com\/de\/reiseziele\/irland\/golfplatze-in-irland\/dublin\/royal-dublin\/\">Klicken Sie hier f\u00fcr Bilder und Einzelheiten \u00fcber den Platz<\/a><\/p>\n\t<\/div>\n\n\t<p class=\"bgmp_list-link\">\n\t\t<a href=\"http:\/\/google.com\/maps?q=\">\n\t\t\t\t\t<\/a>\n\t<\/p>\n<\/li>\n<li id=\"bgmp_list-item-24433\" class=\"bgmp_list-item\">\n\t<h3 class=\"bgmp_list-placemark-title\">\n\t\tSeapoint\n\t\t\t\t\t<span class=\"bgmp_view-on-map-container\">\n\t\t\t\t[<a href=\"javascript:;\" data-marker-id=\"24433\" class=\"bgmp_view-on-map\">\n\t\t\t\t\tAuf der Karte anzeigen\t\t\t\t<\/a>]\n\t\t\t<\/span>\n\t\t\t<\/h3>\n\n\t<div class=\"bgmp_list-description\">\n\t\t\t\t<p><a href=\"https:\/\/www.golftravellers.com\/de\/reiseziele\/irland\/golfplatze-in-irland\/dublin\/seapoint\/\"><img loading=\"lazy\" decoding=\"async\" class=\"aligncenter size-full wp-image-4882\" src=\"https:\/\/www.golftravellers.com\/wp-content\/uploads\/2014\/07\/Dunes-at-Seapoint-golf-course.jpg\" alt=\"Dunes at Seapoint golf course\" width=\"150\" height=\"100\" \/><\/a><\/p>\n<p><a title=\"Seapoint\" href=\"https:\/\/www.golftravellers.com\/de\/reiseziele\/irland\/golfplatze-in-irland\/dublin\/seapoint\/\">Klicken Sie hier f\u00fcr Bilder und Einzelheiten \u00fcber den Platz<\/a><\/p>\n\t<\/div>\n\n\t<p class=\"bgmp_list-link\">\n\t\t<a href=\"http:\/\/google.com\/maps?q=\">\n\t\t\t\t\t<\/a>\n\t<\/p>\n<\/li>\n<li id=\"bgmp_list-item-24483\" class=\"bgmp_list-item\">\n\t<h3 class=\"bgmp_list-placemark-title\">\n\t\tThe European Club\n\t\t\t\t\t<span class=\"bgmp_view-on-map-container\">\n\t\t\t\t[<a href=\"javascript:;\" data-marker-id=\"24483\" class=\"bgmp_view-on-map\">\n\t\t\t\t\tAuf der Karte anzeigen\t\t\t\t<\/a>]\n\t\t\t<\/span>\n\t\t\t<\/h3>\n\n\t<div class=\"bgmp_list-description\">\n\t\t\t\t<p><a href=\"https:\/\/www.golftravellers.com\/de\/reiseziele\/irland\/golfplatze-in-irland\/dublin\/the-european-club\/\"><img loading=\"lazy\" decoding=\"async\" class=\"aligncenter size-full wp-image-4864\" src=\"https:\/\/www.golftravellers.com\/wp-content\/uploads\/2014\/07\/Seaside-at-The-European-Club-Golf-Course.jpg\" alt=\"Seaside at The European Club Golf Course\" width=\"150\" height=\"113\" \/><\/a><\/p>\n<p><a title=\"The European Club\" href=\"https:\/\/www.golftravellers.com\/de\/reiseziele\/irland\/golfplatze-in-irland\/dublin\/the-european-club\/\">Klicken Sie hier f\u00fcr Bilder und Einzelheiten \u00fcber den Platz<\/a><\/p>\n\t<\/div>\n\n\t<p class=\"bgmp_list-link\">\n\t\t<a href=\"http:\/\/google.com\/maps?q=\">\n\t\t\t\t\t<\/a>\n\t<\/p>\n<\/li>\n<li id=\"bgmp_list-item-24489\" class=\"bgmp_list-item\">\n\t<h3 class=\"bgmp_list-placemark-title\">\n\t\tThe Island\n\t\t\t\t\t<span class=\"bgmp_view-on-map-container\">\n\t\t\t\t[<a href=\"javascript:;\" data-marker-id=\"24489\" class=\"bgmp_view-on-map\">\n\t\t\t\t\tAuf der Karte anzeigen\t\t\t\t<\/a>]\n\t\t\t<\/span>\n\t\t\t<\/h3>\n\n\t<div class=\"bgmp_list-description\">\n\t\t\t\t<p><a href=\"https:\/\/www.golftravellers.com\/de\/reiseziele\/irland\/golfplatze-in-irland\/dublin\/the-island\/\"><img loading=\"lazy\" decoding=\"async\" class=\"aligncenter size-full wp-image-4855\" src=\"https:\/\/www.golftravellers.com\/wp-content\/uploads\/2014\/07\/1st-hole-at-The-Island-golf-course.jpg\" alt=\"1st hole at The Island golf course\" width=\"150\" height=\"113\" \/><\/a><\/p>\n<p><a title=\"The Island\" href=\"https:\/\/www.golftravellers.com\/de\/reiseziele\/irland\/golfplatze-in-irland\/dublin\/the-island\/\">Klicken Sie hier f\u00fcr Bilder und Einzelheiten \u00fcber den Platz<\/a><\/p>\n\t<\/div>\n\n\t<p class=\"bgmp_list-link\">\n\t\t<a href=\"http:\/\/google.com\/maps?q=\">\n\t\t\t\t\t<\/a>\n\t<\/p>\n<\/li>\n<\/ul>\n<\/div>\n","protected":false},"excerpt":{"rendered":"<p>\u00a0 Mit seiner Vielzahl an Inland- und Links-Golfpl\u00e4tzen die beliebteste Region. Zudem dank vieler Direktfl\u00fcge einfach zu erreichen. Dublin selbst ist eine dynamische und offenherzige Stadt. &nbsp; &nbsp; Golfregionen Dublin S\u00fcdwesten Nordwesten Nordirland Golfpl\u00e4tze<\/p>\n","protected":false},"author":10,"featured_media":31784,"parent":20269,"menu_order":0,"comment_status":"open","ping_status":"open","template":"","meta":{"_genesis_hide_title":false,"_genesis_hide_breadcrumbs":false,"_genesis_hide_singular_image":false,"_genesis_hide_footer_widgets":false,"_genesis_custom_body_class":"","_genesis_custom_post_class":"","_genesis_layout":"full-width-content","footnotes":""},"class_list":{"0":"post-20272","1":"page","2":"type-page","3":"status-publish","4":"has-post-thumbnail","6":"entry"},"_links":{"self":[{"href":"https:\/\/www.golftravellers.com\/de\/wp-json\/wp\/v2\/pages\/20272","targetHints":{"allow":["GET"]}}],"collection":[{"href":"https:\/\/www.golftravellers.com\/de\/wp-json\/wp\/v2\/pages"}],"about":[{"href":"https:\/\/www.golftravellers.com\/de\/wp-json\/wp\/v2\/types\/page"}],"author":[{"embeddable":true,"href":"https:\/\/www.golftravellers.com\/de\/wp-json\/wp\/v2\/users\/10"}],"replies":[{"embeddable":true,"href":"https:\/\/www.golftravellers.com\/de\/wp-json\/wp\/v2\/comments?post=20272"}],"version-history":[{"count":9,"href":"https:\/\/www.golftravellers.com\/de\/wp-json\/wp\/v2\/pages\/20272\/revisions"}],"predecessor-version":[{"id":31790,"href":"https:\/\/www.golftravellers.com\/de\/wp-json\/wp\/v2\/pages\/20272\/revisions\/31790"}],"up":[{"embeddable":true,"href":"https:\/\/www.golftravellers.com\/de\/wp-json\/wp\/v2\/pages\/20269"}],"wp:featuredmedia":[{"embeddable":true,"href":"https:\/\/www.golftravellers.com\/de\/wp-json\/wp\/v2\/media\/31784"}],"wp:attachment":[{"href":"https:\/\/www.golftravellers.com\/de\/wp-json\/wp\/v2\/media?parent=20272"}],"curies":[{"name":"wp","href":"https:\/\/api.w.org\/{rel}","templated":true}]}}