{"id":20027,"date":"2015-01-05T03:15:53","date_gmt":"2015-01-05T03:15:53","guid":{"rendered":"http:\/\/www.golftravellers.com\/?page_id=20027"},"modified":"2015-01-05T03:15:53","modified_gmt":"2015-01-05T03:15:53","slug":"geschichte-des-golfspiels","status":"publish","type":"page","link":"https:\/\/www.golftravellers.com\/de\/reiseziele\/schottland\/geschichte-des-golfspiels\/","title":{"rendered":"Geschichte des Golfspiels"},"content":{"rendered":"<div id=\"_mcePaste\">Die Urspr\u00fcnge des Spiels liegen bereits mehr als 600 Jahre zur\u00fcck. B\u00fccher und Bilder belegen, dass bereits Holl\u00e4nder, Franzosen und Belgier ein dem Golf \u00e4hnliches Spiel entwickelt hatten, bei dem ein mit Federn gef\u00fcllter Ball mit Holzst\u00f6cken getroffen werden musste.<\/p>\n<p>Es gilt als gesichert, dass das Golfspiel wie wir es in seiner heutigen Form kennen, am Anfang des 15. Jahrunderts von Schotten entwickelt und anschlie\u00dfend perfektioniert wurde.<\/p>\n<p>Zur damaligen Zeit nahm die Popularit\u00e4t des Spiels solche Ausma\u00dfe an, dass Soldaten sogar ihre Bogenschie\u00df\u00fcbungen zugunsten dieses Sports vernachl\u00e4ssigten. Angesichts dessen ist es wenig \u00fcberraschend, dass das schottische Parlament das Spiel 1457 gesetzlich verbot. Doch auch dies konnte dem Siegeszug des Golf keinen Einhalt gebieten, da die schottische Bev\u00f6lkerung einfach auf Pl\u00e4tze neben dem Meer auswich, wodurch die heutigen Links-Pl\u00e4tze ins Leben gerufen wurden. Golf wurde schlie\u00dflich im 16. Jahrhundert unter K\u00f6nig James IV von Schottland wieder voll salonf\u00e4hig gemacht.<\/p>\n<p>In Gro\u00dfbritannien etablierte sich das Spiel im Laufe des 17. Jahrhunderts, als mit James VI von Schottland (dem sp\u00e4teren James I von England) ein Anh\u00e4nger des Spiels an die Macht kam.<\/p>\n<p>Der ber\u00fchmteste Golfplatz der Welt, der sogenannte \u201eOld Course\u201c in St Andrews, wird seit dem 16. Jahrhundert genutzt und der Royal and Ancient Golf Club von St Andrews (der Dachverband) wurde 1754 ins Leben gerufen.<\/p>\n<p>Im 19. Jahrhundert fand mit der Umstellung von den jahrhundertelang genutzten federgef\u00fcllten B\u00e4llen auf Guttapercha-B\u00e4lle (ebenfalls unter dem Namen Guttin-B\u00e4lle bekannt) eine Revolution im Golfsport statt. <\/p>\n<p>Mit der Er\u00f6ffnung der ersten Eisenbahlinie nach St Andrews im Jahre 1852 erlebte die Stadt eine wahre Flut an golfbegeisterten Besuchern.<\/p>\n<p>Tom Morris und sein Sohn Young Tom Morris, die beide mehrere Open Championship f\u00fcr sich entscheiden konnten, halfen bei der Weiterentwicklung des Spiels. Old Tom gewann die Open in 1861, 1862, 1864 und 1867, w\u00e4hrend sein Sohn Young Tom Morris sich die begehrte Troph\u00e4e 1868, 1869, 1870 sowie 1872 sichern konnte. Bis heute stellt diese Familie mit Old Tom Morris den \u00e4ltesten und mit Young Tom Morris den j\u00fcngsten Gewinner der British Open.<\/p>\n<p>1860 wurden bei Prestwick in Schottland die ersten British Open ausgetragen, die sowohl Profis als auch Amateuren offenstanden.<\/p>\n<p>Auf seinen weltweiten Durchbruch musste der Golfsport allerdings bis ins 19. Jahrhundert warten, als die ersten Golfclubs in Indien, Irland, Frankreich, Australien, im S\u00fcden Afrikas und in Amerika (mit dem ber\u00fchmten schottischen Architekten Donald Ross als Bauherrn) er\u00f6ffnet wurden.<\/p>\n<p>Heutzutage trifft man in Schottland auf nahezu 600 Golfpl\u00e4tze und die meisten Links-Pl\u00e4tze weltweit.<\/p><\/div>\n","protected":false},"excerpt":{"rendered":"<p>Die Urspr\u00fcnge des Spiels liegen bereits mehr als 600 Jahre zur\u00fcck. B\u00fccher und Bilder belegen, dass bereits Holl\u00e4nder, Franzosen und Belgier ein dem Golf \u00e4hnliches Spiel entwickelt hatten, bei dem ein mit Federn gef\u00fcllter Ball mit Holzst\u00f6cken getroffen werden musste. Es gilt als gesichert, dass das Golfspiel wie wir es in seiner heutigen Form kennen, [&hellip;]<\/p>\n","protected":false},"author":10,"featured_media":9055,"parent":16656,"menu_order":1,"comment_status":"open","ping_status":"closed","template":"","meta":{"_genesis_hide_title":false,"_genesis_hide_breadcrumbs":false,"_genesis_hide_singular_image":false,"_genesis_hide_footer_widgets":false,"_genesis_custom_body_class":"","_genesis_custom_post_class":"","_genesis_layout":"","footnotes":""},"class_list":{"0":"post-20027","1":"page","2":"type-page","3":"status-publish","4":"has-post-thumbnail","6":"entry"},"_links":{"self":[{"href":"https:\/\/www.golftravellers.com\/de\/wp-json\/wp\/v2\/pages\/20027","targetHints":{"allow":["GET"]}}],"collection":[{"href":"https:\/\/www.golftravellers.com\/de\/wp-json\/wp\/v2\/pages"}],"about":[{"href":"https:\/\/www.golftravellers.com\/de\/wp-json\/wp\/v2\/types\/page"}],"author":[{"embeddable":true,"href":"https:\/\/www.golftravellers.com\/de\/wp-json\/wp\/v2\/users\/10"}],"replies":[{"embeddable":true,"href":"https:\/\/www.golftravellers.com\/de\/wp-json\/wp\/v2\/comments?post=20027"}],"version-history":[{"count":4,"href":"https:\/\/www.golftravellers.com\/de\/wp-json\/wp\/v2\/pages\/20027\/revisions"}],"predecessor-version":[{"id":43004,"href":"https:\/\/www.golftravellers.com\/de\/wp-json\/wp\/v2\/pages\/20027\/revisions\/43004"}],"up":[{"embeddable":true,"href":"https:\/\/www.golftravellers.com\/de\/wp-json\/wp\/v2\/pages\/16656"}],"wp:featuredmedia":[{"embeddable":true,"href":"https:\/\/www.golftravellers.com\/de\/wp-json\/wp\/v2\/media\/9055"}],"wp:attachment":[{"href":"https:\/\/www.golftravellers.com\/de\/wp-json\/wp\/v2\/media?parent=20027"}],"curies":[{"name":"wp","href":"https:\/\/api.w.org\/{rel}","templated":true}]}}