{"id":17141,"date":"2014-04-04T08:36:16","date_gmt":"2014-04-04T07:36:16","guid":{"rendered":"http:\/\/www.golftravellers.com\/golf-wettbewerbe\/corporate\/"},"modified":"2014-11-27T07:13:18","modified_gmt":"2014-11-27T07:13:18","slug":"firmengolf","status":"publish","type":"page","link":"https:\/\/www.golftravellers.com\/de\/golf-wettbewerbe\/firmengolf\/","title":{"rendered":"Firmengolf"},"content":{"rendered":"<p>Nebst unserer Erfahrung im Organisieren von Golfreisen gestalten wir ebenfalls Golfpausen f\u00fcr Firmen und Unternehmen mit Liebe zum Detail. Wir arbeiten mit mehreren Niderlassungen in ganz Gro\u00dfbritannien sowie Irland zusammen, um f\u00fcr Sie den perfekten Golfurlaub und unvergessliche Events auf die Beine zu stellen.<\/p>\n<p>Diese L\u00e4nder eignen sich hervorragend zum Golfspielen, verf\u00fcgen aber auch \u00fcber eine ausgezeichnete Infrastruktur, um Konferenzen und Tagungen aufzunehmen &#8211; einschlie\u00dflich modernster R\u00e4umlichkeiten sowie einem weit gef\u00e4cherten Angebot an Freizeit- sowie Teambuilding-Aktivit\u00e4ten.<\/p>\n<p>Unternehmen jeglicher Gr\u00f6\u00dfe suchen oft nach M\u00f6glichkeiten, ihre leistungsst\u00e4rksten Besch\u00e4ftigten zu belohnen oder Kunden in einzigartigen R\u00e4umlichkeiten zu umsorgen. Hierbei ist Golf nie fehl am Platz &#8211; es wird die Events Ihres Unternhemens stets herausragen lassen.<\/p>\n<p>Alle Tagungsst\u00e4tten, mit denen wir zusammenarbeiten, sind auf dem neusten audiovisuellen\u00a0 Technikstand und verf\u00fcgen \u00fcber weltweit nutzbare Fernmeldeeinrichtungen. Um den reibungslosen Verlauf Ihres Events sowohl in der Planungs- als auch in der Ausf\u00fchrungsphase zu gew\u00e4hrleisten werden Ihnen professionelle Event- und Konferenzplaner zur Seite stehen.<\/p>\n<p>Einige Tagungst\u00e4tten, mit denen wir zusammenarbeiten, sind: Fairmont St Andrews (Schottland), Gleneagles (Schottland), Turnberry (Schottland), K Club (Irland) sowie das Portmarnock Hotel (Irland).<\/p>\n<p>Kontaktieren Sie uns bitte f\u00fcr mehr Informationen.<\/p>\n<div class=\"one-third first\" style=\"text-align: center;\"><a class=\"button\" href=\"https:\/\/www.golftravellers.com\/de\/kontakt\/\">Kontakt<\/a><\/div>\n<div class=\"one-third\" style=\"text-align: center;\"><a class=\"button\" href=\"https:\/\/www.golftravellers.com\/contact-us\/call-back-request\/\">R\u00fcckrufwunsch<\/a><\/div>\n<div class=\"one-third\" style=\"text-align: center;\"><a class=\"button\" href=\"https:\/\/www.golftravellers.com\/contact-us\/get-a-quote\/\">Angebot anfordern<\/a><\/div>\n","protected":false},"excerpt":{"rendered":"<p>Nebst unserer Erfahrung im Organisieren von Golfreisen gestalten wir ebenfalls Golfpausen f\u00fcr Firmen und Unternehmen mit Liebe zum Detail. Wir arbeiten mit mehreren Niderlassungen in ganz Gro\u00dfbritannien sowie Irland zusammen, um f\u00fcr Sie den perfekten Golfurlaub und unvergessliche Events auf die Beine zu stellen. Diese L\u00e4nder eignen sich hervorragend zum Golfspielen, verf\u00fcgen aber auch \u00fcber [&hellip;]<\/p>\n","protected":false},"author":10,"featured_media":13193,"parent":16617,"menu_order":30,"comment_status":"open","ping_status":"closed","template":"","meta":{"_genesis_hide_title":false,"_genesis_hide_breadcrumbs":false,"_genesis_hide_singular_image":false,"_genesis_hide_footer_widgets":false,"_genesis_custom_body_class":"","_genesis_custom_post_class":"","_genesis_layout":"","footnotes":""},"class_list":{"0":"post-17141","1":"page","2":"type-page","3":"status-publish","4":"has-post-thumbnail","6":"entry"},"_links":{"self":[{"href":"https:\/\/www.golftravellers.com\/de\/wp-json\/wp\/v2\/pages\/17141","targetHints":{"allow":["GET"]}}],"collection":[{"href":"https:\/\/www.golftravellers.com\/de\/wp-json\/wp\/v2\/pages"}],"about":[{"href":"https:\/\/www.golftravellers.com\/de\/wp-json\/wp\/v2\/types\/page"}],"author":[{"embeddable":true,"href":"https:\/\/www.golftravellers.com\/de\/wp-json\/wp\/v2\/users\/10"}],"replies":[{"embeddable":true,"href":"https:\/\/www.golftravellers.com\/de\/wp-json\/wp\/v2\/comments?post=17141"}],"version-history":[{"count":10,"href":"https:\/\/www.golftravellers.com\/de\/wp-json\/wp\/v2\/pages\/17141\/revisions"}],"predecessor-version":[{"id":17400,"href":"https:\/\/www.golftravellers.com\/de\/wp-json\/wp\/v2\/pages\/17141\/revisions\/17400"}],"up":[{"embeddable":true,"href":"https:\/\/www.golftravellers.com\/de\/wp-json\/wp\/v2\/pages\/16617"}],"wp:featuredmedia":[{"embeddable":true,"href":"https:\/\/www.golftravellers.com\/de\/wp-json\/wp\/v2\/media\/13193"}],"wp:attachment":[{"href":"https:\/\/www.golftravellers.com\/de\/wp-json\/wp\/v2\/media?parent=17141"}],"curies":[{"name":"wp","href":"https:\/\/api.w.org\/{rel}","templated":true}]}}