{"id":17056,"date":"2014-04-28T15:10:05","date_gmt":"2014-04-28T14:10:05","guid":{"rendered":"http:\/\/www.golftravellers.com\/reiseziele\/schottland\/golfplaetze-in-schottland\/north-east-region-scotland\/"},"modified":"2016-11-22T14:41:52","modified_gmt":"2016-11-22T14:41:52","slug":"nordosten","status":"publish","type":"page","link":"https:\/\/www.golftravellers.com\/de\/reiseziele\/schottland\/golfplaetze-in-schottland\/nordosten\/","title":{"rendered":"Nordosten"},"content":{"rendered":"<div class=\"two-thirds first\">\n<p>\u00a0<br \/>\n Ehemals eine der weniger besuchten Regionen Schottlands, hat Donald Trump vor kurzem ein wahres Meisterwerk n\u00f6rdlich von Aberdeen geschaffen &#8211; eine gro\u00dfartige Erg\u00e4nzung zu den bereits bestehenden 2 ber\u00fchmten Golfpl\u00e4tzen Royal Aberdeen und Cruden Bay. Ein gro\u00dfer Vorteil dieses Gebiets ist, dass es viele Direktfl\u00fcge nach Aberdeen, der \u00d6lhauptstadt Europas, gibt.<\/p>\n<p>&nbsp;<\/p>\n<p class=\"error\">Basic Google Maps Placemarks (Ortsmarken) Fehler: JavaScript und\/oder CSS Dateien sind niche geladen. Falls Sie do_shortcode() verwenden, m\u00fcssen Sie erst einen Filter zu Ihrem Theme hinzuf\u00fcgen. Schauen Sie in <a href=\"http:\/\/wordpress.org\/extend\/plugins\/basic-google-maps-placemarks\/faq\/\">die FAQ<\/a> f\u00fcr weitere Details.<\/p>\n<\/div>\n<div class=\"one-third\">\n<h2>Golfregionen<\/h2>\n<ul>\n<li><a title=\"St Andrews Region\" href=\"https:\/\/www.golftravellers.com\/de\/reiseziele\/schottland\/golfplaetze-in-schottland\/st-andrews\/\">St Andrews<\/a><\/li>\n<li><a title=\"Highlands Region\" href=\"https:\/\/www.golftravellers.com\/de\/reiseziele\/schottland\/golfplaetze-in-schottland\/highlands-region\/\">Highlands<\/a><\/li>\n<li><a title=\"S\u00fcdwest-Region\" href=\"https:\/\/www.golftravellers.com\/de\/reiseziele\/schottland\/golfplaetze-in-schottland\/suedwest\/\">S\u00fcdwest<\/a><\/li>\n<li><a title=\"S\u00fcdost-Region\" href=\"https:\/\/www.golftravellers.com\/de\/reiseziele\/schottland\/golfplaetze-in-schottland\/suedost\/\">S\u00fcdost<\/a><\/li>\n<li><a title=\"Zentralregion\" href=\"https:\/\/www.golftravellers.com\/de\/reiseziele\/schottland\/golfplaetze-in-schottland\/zentralregion\/\">Zentral<\/a><\/li>\n<li><a title=\"Nordost-Region\" href=\"https:\/\/www.golftravellers.com\/de\/reiseziele\/schottland\/golfplaetze-in-schottland\/nordosten\/\">Nordost<\/a><\/li>\n<\/ul>\n<h2 id=\"northeast\">Golfpl\u00e4tze<\/h2>\n<ul id=\"bgmp_list\" class=\"bgmp_list\"><li id=\"bgmp_list-item-24093\" class=\"bgmp_list-item\">\n\t<h3 class=\"bgmp_list-placemark-title\">\n\t\tCruden Bay\n\t\t\t\t\t<span class=\"bgmp_view-on-map-container\">\n\t\t\t\t[<a href=\"javascript:;\" data-marker-id=\"24093\" class=\"bgmp_view-on-map\">\n\t\t\t\t\tAuf der Karte anzeigen\t\t\t\t<\/a>]\n\t\t\t<\/span>\n\t\t\t<\/h3>\n\n\t<div class=\"bgmp_list-description\">\n\t\t\t\t<p><a href=\"https:\/\/www.golftravellers.com\/destinations\/scotland\/golf-courses-in-scotland\/north-east-region-scotland\/cruden-bay\/\"><img loading=\"lazy\" decoding=\"async\" class=\"aligncenter size-full wp-image-3613\" src=\"https:\/\/www.golftravellers.com\/wp-content\/uploads\/2014\/06\/Golfers-at-Cruden-Bay-golf-course1.jpg\" alt=\"Golfers at Cruden Bay golf course\" width=\"150\" height=\"113\" \/><\/a><\/p>\n<p><a title=\"Cruden Bay\" href=\"https:\/\/www.golftravellers.com\/de\/reiseziele\/schottland\/golfplaetze-in-schottland\/nordosten\/cruden-bay\/\">Klicken Sie hier f\u00fcr Bilder und Einzelheiten \u00fcber den Platz<\/a><\/p>\n\t<\/div>\n\n\t<p class=\"bgmp_list-link\">\n\t\t<a href=\"http:\/\/google.com\/maps?q=\">\n\t\t\t\t\t<\/a>\n\t<\/p>\n<\/li>\n<li id=\"bgmp_list-item-24143\" class=\"bgmp_list-item\">\n\t<h3 class=\"bgmp_list-placemark-title\">\n\t\tFraserburgh\n\t\t\t\t\t<span class=\"bgmp_view-on-map-container\">\n\t\t\t\t[<a href=\"javascript:;\" data-marker-id=\"24143\" class=\"bgmp_view-on-map\">\n\t\t\t\t\tAuf der Karte anzeigen\t\t\t\t<\/a>]\n\t\t\t<\/span>\n\t\t\t<\/h3>\n\n\t<div class=\"bgmp_list-description\">\n\t\t\t\t<p><a href=\"https:\/\/www.golftravellers.com\/de\/reiseziele\/schottland\/golfplaetze-in-schottland\/nordosten\/fraserburgh\/\"><img loading=\"lazy\" decoding=\"async\" class=\"aligncenter wp-image-3640 size-full\" src=\"https:\/\/www.golftravellers.com\/wp-content\/uploads\/2014\/06\/Golfers-at-Fraserburgh-golf-course1.jpg\" alt=\"Golfers at Fraserburgh golf course\" width=\"150\" height=\"96\" \/><\/a><\/p>\n<p><a title=\"Fraserburgh\" href=\"https:\/\/www.golftravellers.com\/de\/reiseziele\/schottland\/golfplaetze-in-schottland\/nordosten\/fraserburgh\/\">Klicken Sie hier f\u00fcr Bilder und Einzelheiten \u00fcber den Platz<\/a><\/p>\n\t<\/div>\n\n\t<p class=\"bgmp_list-link\">\n\t\t<a href=\"http:\/\/google.com\/maps?q=\">\n\t\t\t\t\t<\/a>\n\t<\/p>\n<\/li>\n<li id=\"bgmp_list-item-24246\" class=\"bgmp_list-item\">\n\t<h3 class=\"bgmp_list-placemark-title\">\n\t\tMontrose (Medal)\n\t\t\t\t\t<span class=\"bgmp_view-on-map-container\">\n\t\t\t\t[<a href=\"javascript:;\" data-marker-id=\"24246\" class=\"bgmp_view-on-map\">\n\t\t\t\t\tAuf der Karte anzeigen\t\t\t\t<\/a>]\n\t\t\t<\/span>\n\t\t\t<\/h3>\n\n\t<div class=\"bgmp_list-description\">\n\t\t\t\t<p><a href=\"https:\/\/www.golftravellers.com\/de\/reiseziele\/schottland\/golfplaetze-in-schottland\/nordosten\/montrose\/\"><img loading=\"lazy\" decoding=\"async\" class=\"aligncenter size-full wp-image-3622\" src=\"https:\/\/www.golftravellers.com\/wp-content\/uploads\/2014\/06\/2nd-hole-Montrose-Medal-golf-course1.jpg\" alt=\"2nd hole Montrose Medal golf course\" width=\"150\" height=\"100\" \/><\/a><\/p>\n<p><a title=\"Montrose\" href=\"https:\/\/www.golftravellers.com\/de\/reiseziele\/schottland\/golfplaetze-in-schottland\/nordosten\/montrose\/\">Klicken Sie hier f\u00fcr Bilder und Einzelheiten \u00fcber den Platz<\/a><\/p>\n\t<\/div>\n\n\t<p class=\"bgmp_list-link\">\n\t\t<a href=\"http:\/\/google.com\/maps?q=\">\n\t\t\t\t\t<\/a>\n\t<\/p>\n<\/li>\n<li id=\"bgmp_list-item-24262\" class=\"bgmp_list-item\">\n\t<h3 class=\"bgmp_list-placemark-title\">\n\t\tMurcar\n\t\t\t\t\t<span class=\"bgmp_view-on-map-container\">\n\t\t\t\t[<a href=\"javascript:;\" data-marker-id=\"24262\" class=\"bgmp_view-on-map\">\n\t\t\t\t\tAuf der Karte anzeigen\t\t\t\t<\/a>]\n\t\t\t<\/span>\n\t\t\t<\/h3>\n\n\t<div class=\"bgmp_list-description\">\n\t\t\t\t<p><a href=\"https:\/\/www.golftravellers.com\/destinations\/scotland\/golf-courses-in-scotland\/north-east-region-scotland\/murcar\/\"><img loading=\"lazy\" decoding=\"async\" class=\"aligncenter size-full wp-image-3631\" src=\"https:\/\/www.golftravellers.com\/wp-content\/uploads\/2014\/06\/Murcar-golf-links-green1.jpg\" alt=\"Murcar golf links green\" width=\"150\" height=\"113\" \/><\/a><\/p>\n<p><a title=\"Murcar\" href=\"https:\/\/www.golftravellers.com\/de\/reiseziele\/schottland\/golfplaetze-in-schottland\/nordosten\/murcar\/\">Klicken Sie hier f\u00fcr Bilder und Einzelheiten \u00fcber den Platz<\/a><\/p>\n\t<\/div>\n\n\t<p class=\"bgmp_list-link\">\n\t\t<a href=\"http:\/\/google.com\/maps?q=\">\n\t\t\t\t\t<\/a>\n\t<\/p>\n<\/li>\n<li id=\"bgmp_list-item-24379\" class=\"bgmp_list-item\">\n\t<h3 class=\"bgmp_list-placemark-title\">\n\t\tRoyal Aberdeen\n\t\t\t\t\t<span class=\"bgmp_view-on-map-container\">\n\t\t\t\t[<a href=\"javascript:;\" data-marker-id=\"24379\" class=\"bgmp_view-on-map\">\n\t\t\t\t\tAuf der Karte anzeigen\t\t\t\t<\/a>]\n\t\t\t<\/span>\n\t\t\t<\/h3>\n\n\t<div class=\"bgmp_list-description\">\n\t\t\t\t<p><a href=\"https:\/\/www.golftravellers.com\/de\/reiseziele\/schottland\/golfplaetze-in-schottland\/nordosten\/royal-aberdeen\/\"><img loading=\"lazy\" decoding=\"async\" class=\"aligncenter size-full wp-image-3670\" src=\"https:\/\/www.golftravellers.com\/wp-content\/uploads\/2014\/06\/Sea-view-Balgownie-Golf-course-at-Royal-Aberdeen3.jpg\" alt=\"Sea view Balgownie Golf course at Royal Aberdeen\" width=\"150\" height=\"113\" \/><\/a><\/p>\n<p><a title=\"Royal Aberdeen\" href=\"https:\/\/www.golftravellers.com\/de\/reiseziele\/schottland\/golfplaetze-in-schottland\/nordosten\/royal-aberdeen\/\">Klicken Sie hier f\u00fcr Bilder und Einzelheiten \u00fcber den Platz<\/a><\/p>\n\t<\/div>\n\n\t<p class=\"bgmp_list-link\">\n\t\t<a href=\"http:\/\/google.com\/maps?q=\">\n\t\t\t\t\t<\/a>\n\t<\/p>\n<\/li>\n<li id=\"bgmp_list-item-24501\" class=\"bgmp_list-item\">\n\t<h3 class=\"bgmp_list-placemark-title\">\n\t\tTrump International Golf Links\n\t\t\t\t\t<span class=\"bgmp_view-on-map-container\">\n\t\t\t\t[<a href=\"javascript:;\" data-marker-id=\"24501\" class=\"bgmp_view-on-map\">\n\t\t\t\t\tAuf der Karte anzeigen\t\t\t\t<\/a>]\n\t\t\t<\/span>\n\t\t\t<\/h3>\n\n\t<div class=\"bgmp_list-description\">\n\t\t\t\t<p><a href=\"https:\/\/www.golftravellers.com\/de\/reiseziele\/schottland\/golfplaetze-in-schottland\/nordosten\/trump-international-golf-links-scotland\/\"><img loading=\"lazy\" decoding=\"async\" class=\"alignnone size-thumbnail wp-image-21943\" src=\"https:\/\/www.golftravellers.com\/wp-content\/uploads\/2014\/06\/TrumpInternationalGolfLinksScotland-6th-hole-150x100.jpg\" alt=\"TrumpInternationalGolfLinksScotland-6th-hole\" width=\"150\" height=\"100\" \/><\/a><\/p>\n<p><a href=\"https:\/\/www.golftravellers.com\/de\/reiseziele\/schottland\/golfplaetze-in-schottland\/nordosten\/trump-international-golf-links-scotland\/\">Klicken Sie hier f\u00fcr Bilder und Einzelheiten \u00fcber den Platz<\/a><\/p>\n\t<\/div>\n\n\t<p class=\"bgmp_list-link\">\n\t\t<a href=\"http:\/\/google.com\/maps?q=\">\n\t\t\t\t\t<\/a>\n\t<\/p>\n<\/li>\n<\/ul>\n<\/div>\n","protected":false},"excerpt":{"rendered":"<p>\u00a0 Ehemals eine der weniger besuchten Regionen Schottlands, hat Donald Trump vor kurzem ein wahres Meisterwerk n\u00f6rdlich von Aberdeen geschaffen &#8211; eine gro\u00dfartige Erg\u00e4nzung zu den bereits bestehenden 2 ber\u00fchmten Golfpl\u00e4tzen Royal Aberdeen und Cruden Bay. Ein gro\u00dfer Vorteil dieses Gebiets ist, dass es viele Direktfl\u00fcge nach Aberdeen, der \u00d6lhauptstadt Europas, gibt. &nbsp; Golfregionen St [&hellip;]<\/p>\n","protected":false},"author":10,"featured_media":31851,"parent":17021,"menu_order":40,"comment_status":"open","ping_status":"closed","template":"","meta":{"_genesis_hide_title":false,"_genesis_hide_breadcrumbs":false,"_genesis_hide_singular_image":false,"_genesis_hide_footer_widgets":false,"_genesis_custom_body_class":"","_genesis_custom_post_class":"","_genesis_layout":"full-width-content","footnotes":""},"class_list":{"0":"post-17056","1":"page","2":"type-page","3":"status-publish","4":"has-post-thumbnail","6":"entry"},"_links":{"self":[{"href":"https:\/\/www.golftravellers.com\/de\/wp-json\/wp\/v2\/pages\/17056","targetHints":{"allow":["GET"]}}],"collection":[{"href":"https:\/\/www.golftravellers.com\/de\/wp-json\/wp\/v2\/pages"}],"about":[{"href":"https:\/\/www.golftravellers.com\/de\/wp-json\/wp\/v2\/types\/page"}],"author":[{"embeddable":true,"href":"https:\/\/www.golftravellers.com\/de\/wp-json\/wp\/v2\/users\/10"}],"replies":[{"embeddable":true,"href":"https:\/\/www.golftravellers.com\/de\/wp-json\/wp\/v2\/comments?post=17056"}],"version-history":[{"count":11,"href":"https:\/\/www.golftravellers.com\/de\/wp-json\/wp\/v2\/pages\/17056\/revisions"}],"predecessor-version":[{"id":31506,"href":"https:\/\/www.golftravellers.com\/de\/wp-json\/wp\/v2\/pages\/17056\/revisions\/31506"}],"up":[{"embeddable":true,"href":"https:\/\/www.golftravellers.com\/de\/wp-json\/wp\/v2\/pages\/17021"}],"wp:featuredmedia":[{"embeddable":true,"href":"https:\/\/www.golftravellers.com\/de\/wp-json\/wp\/v2\/media\/31851"}],"wp:attachment":[{"href":"https:\/\/www.golftravellers.com\/de\/wp-json\/wp\/v2\/media?parent=17056"}],"curies":[{"name":"wp","href":"https:\/\/api.w.org\/{rel}","templated":true}]}}