{"id":17052,"date":"2014-04-04T08:27:06","date_gmt":"2014-04-04T07:27:06","guid":{"rendered":"http:\/\/www.golftravellers.com\/reiseziele\/schottland\/golfplaetze-in-schottland\/highlands-region-scotland\/"},"modified":"2016-11-22T13:08:30","modified_gmt":"2016-11-22T13:08:30","slug":"highlands-region","status":"publish","type":"page","link":"https:\/\/www.golftravellers.com\/de\/reiseziele\/schottland\/golfplaetze-in-schottland\/highlands-region\/","title":{"rendered":"Highlands"},"content":{"rendered":"<div class=\"two-thirds first\">\n<p>\u00a0<br \/>\n Die sch\u00f6nste und gr\u00f6\u00dfte Golfregion Schottlands mit seiner Hauptstadt Inverness hat eine Vielzahl an Inland- sowie Links-Pl\u00e4tzen samt atemberaubender Landschaften zu bieten. Die Cairngorms sind der gr\u00f6\u00dfte Nationalpark Gro\u00dfbritanniens mit wunderbaren Pl\u00e4tzen wie Spey Valley und Boat of Garten. Die dortigen Links-Pl\u00e4tze Royal Dornoch, Nairn und Castle Stuart geh\u00f6ren zu den besten der Welt.<\/p>\n<p>&nbsp;<\/p>\n<p class=\"error\">Basic Google Maps Placemarks (Ortsmarken) Fehler: JavaScript und\/oder CSS Dateien sind niche geladen. Falls Sie do_shortcode() verwenden, m\u00fcssen Sie erst einen Filter zu Ihrem Theme hinzuf\u00fcgen. Schauen Sie in <a href=\"http:\/\/wordpress.org\/extend\/plugins\/basic-google-maps-placemarks\/faq\/\">die FAQ<\/a> f\u00fcr weitere Details.<\/p>\n<\/div>\n<div class=\"one-third\">\n<h2>Golfregionen<\/h2>\n<ul>\n<li><a title=\"St Andrews Region\" href=\"https:\/\/www.golftravellers.com\/de\/reiseziele\/schottland\/golfplaetze-in-schottland\/st-andrews\/\">St Andrews<\/a><\/li>\n<li><a title=\"Highlands Region\" href=\"https:\/\/www.golftravellers.com\/de\/reiseziele\/schottland\/golfplaetze-in-schottland\/highlands-region\/\">Highlands<\/a><\/li>\n<li><a title=\"S\u00fcdwest-Region\" href=\"https:\/\/www.golftravellers.com\/de\/reiseziele\/schottland\/golfplaetze-in-schottland\/suedwest\/\">S\u00fcdwest<\/a><\/li>\n<li><a title=\"S\u00fcdost-Region\" href=\"https:\/\/www.golftravellers.com\/de\/reiseziele\/schottland\/golfplaetze-in-schottland\/suedost\/\">S\u00fcdost<\/a><\/li>\n<li><a title=\"Zentralregion\" href=\"https:\/\/www.golftravellers.com\/de\/reiseziele\/schottland\/golfplaetze-in-schottland\/zentralregion\/\">Zentral<\/a><\/li>\n<li><a title=\"Nordost-Region\" href=\"https:\/\/www.golftravellers.com\/de\/reiseziele\/schottland\/golfplaetze-in-schottland\/nordosten\/\">Nordost<\/a><\/li>\n<\/ul>\n<h2 id=\"highlands\">Golfpl\u00e4tze<\/h2>\n<ul id=\"bgmp_list\" class=\"bgmp_list\"><li id=\"bgmp_list-item-24031\" class=\"bgmp_list-item\">\n\t<h3 class=\"bgmp_list-placemark-title\">\n\t\tBoat of Garten\n\t\t\t\t\t<span class=\"bgmp_view-on-map-container\">\n\t\t\t\t[<a href=\"javascript:;\" data-marker-id=\"24031\" class=\"bgmp_view-on-map\">\n\t\t\t\t\tAuf der Karte anzeigen\t\t\t\t<\/a>]\n\t\t\t<\/span>\n\t\t\t<\/h3>\n\n\t<div class=\"bgmp_list-description\">\n\t\t\t\t<p><a href=\"https:\/\/www.golftravellers.com\/de\/reiseziele\/schottland\/golfplaetze-in-schottland\/highlands-region\/boat-of-garten\/\"><img loading=\"lazy\" decoding=\"async\" class=\"aligncenter wp-image-19726 size-full\" src=\"https:\/\/www.golftravellers.com\/wp-content\/uploads\/2014\/12\/BoatOfGarten-CairngormsMountains.jpg\" alt=\"Mountain on the Boat of Garten Golf Course\" width=\"150\" height=\"100\" \/><\/a><\/p>\n<p><a title=\"Boat of Garten\" href=\"https:\/\/www.golftravellers.com\/de\/reiseziele\/schottland\/golfplaetze-in-schottland\/highlands-region\/boat-of-garten\/\">Klicken Sie hier f\u00fcr Bilder und Einzelheiten \u00fcber den Platz<\/a><\/p>\n\t<\/div>\n\n\t<p class=\"bgmp_list-link\">\n\t\t<a href=\"http:\/\/google.com\/maps?q=\">\n\t\t\t\t\t<\/a>\n\t<\/p>\n<\/li>\n<li id=\"bgmp_list-item-24037\" class=\"bgmp_list-item\">\n\t<h3 class=\"bgmp_list-placemark-title\">\n\t\tBrora\n\t\t\t\t\t<span class=\"bgmp_view-on-map-container\">\n\t\t\t\t[<a href=\"javascript:;\" data-marker-id=\"24037\" class=\"bgmp_view-on-map\">\n\t\t\t\t\tAuf der Karte anzeigen\t\t\t\t<\/a>]\n\t\t\t<\/span>\n\t\t\t<\/h3>\n\n\t<div class=\"bgmp_list-description\">\n\t\t\t\t<p><a title=\"Brora\" href=\"https:\/\/www.golftravellers.com\/de\/reiseziele\/schottland\/golfplaetze-in-schottland\/highlands-region\/brora\/\"><img loading=\"lazy\" decoding=\"async\" class=\"aligncenter wp-image-19738 size-full\" src=\"https:\/\/www.golftravellers.com\/wp-content\/uploads\/2014\/12\/Brora-Par3-SeaView.jpg\" alt=\"Sea view on Brora Golf Course\" width=\"150\" height=\"100\" \/><\/a><\/p>\n<p><a title=\"Brora\" href=\"https:\/\/www.golftravellers.com\/de\/reiseziele\/schottland\/golfplaetze-in-schottland\/highlands-region\/brora\/\">Klicken Sie hier f\u00fcr Bilder und Einzelheiten \u00fcber den Platz<\/a><\/p>\n\t<\/div>\n\n\t<p class=\"bgmp_list-link\">\n\t\t<a href=\"http:\/\/google.com\/maps?q=\">\n\t\t\t\t\t<\/a>\n\t<\/p>\n<\/li>\n<li id=\"bgmp_list-item-24061\" class=\"bgmp_list-item\">\n\t<h3 class=\"bgmp_list-placemark-title\">\n\t\tCastle Stuart\n\t\t\t\t\t<span class=\"bgmp_view-on-map-container\">\n\t\t\t\t[<a href=\"javascript:;\" data-marker-id=\"24061\" class=\"bgmp_view-on-map\">\n\t\t\t\t\tAuf der Karte anzeigen\t\t\t\t<\/a>]\n\t\t\t<\/span>\n\t\t\t<\/h3>\n\n\t<div class=\"bgmp_list-description\">\n\t\t\t\t<p><a href=\"https:\/\/www.golftravellers.com\/de\/reiseziele\/schottland\/golfplaetze-in-schottland\/highlands-region\/castle-stuart\/\"><img loading=\"lazy\" decoding=\"async\" class=\"aligncenter size-full wp-image-3372\" src=\"https:\/\/www.golftravellers.com\/wp-content\/uploads\/2014\/06\/2nd-hole-Castle-Stuart-Golf-Links.jpg\" alt=\"2nd hole at Castle Stuart Golf Links\" width=\"150\" height=\"100\" \/><\/a><\/p>\n<p><a title=\"Castle Stuart\" href=\"https:\/\/www.golftravellers.com\/de\/reiseziele\/schottland\/golfplaetze-in-schottland\/highlands-region\/castle-stuart\/\">Klicken Sie hier f\u00fcr Bilder und Einzelheiten \u00fcber den Platz<\/a><\/p>\n\t<\/div>\n\n\t<p class=\"bgmp_list-link\">\n\t\t<a href=\"http:\/\/google.com\/maps?q=\">\n\t\t\t\t\t<\/a>\n\t<\/p>\n<\/li>\n<li id=\"bgmp_list-item-24139\" class=\"bgmp_list-item\">\n\t<h3 class=\"bgmp_list-placemark-title\">\n\t\tFortrose and Rosemarkie\n\t\t\t\t\t<span class=\"bgmp_view-on-map-container\">\n\t\t\t\t[<a href=\"javascript:;\" data-marker-id=\"24139\" class=\"bgmp_view-on-map\">\n\t\t\t\t\tAuf der Karte anzeigen\t\t\t\t<\/a>]\n\t\t\t<\/span>\n\t\t\t<\/h3>\n\n\t<div class=\"bgmp_list-description\">\n\t\t\t\t<p><a href=\"https:\/\/www.golftravellers.com\/de\/reiseziele\/schottland\/golfplaetze-in-schottland\/highlands-region\/fortrose-rosemarkie\/\"><img loading=\"lazy\" decoding=\"async\" class=\"aligncenter size-full wp-image-3450\" src=\"https:\/\/www.golftravellers.com\/wp-content\/uploads\/2014\/06\/Lighthouse-Fortrose-and-Rosemarkie-golf-course.jpg\" alt=\"Lighthouse Fortrose and Rosemarkie golf course\" width=\"150\" height=\"95\" \/><\/a><\/p>\n<p><a title=\"Fortrose &amp; Rosemarkie\" href=\"https:\/\/www.golftravellers.com\/de\/reiseziele\/schottland\/golfplaetze-in-schottland\/highlands-region\/fortrose-rosemarkie\/\">Klicken Sie hier f\u00fcr Bilder und Einzelheiten \u00fcber den Platz<\/a><\/p>\n\t<\/div>\n\n\t<p class=\"bgmp_list-link\">\n\t\t<a href=\"http:\/\/google.com\/maps?q=\">\n\t\t\t\t\t<\/a>\n\t<\/p>\n<\/li>\n<li id=\"bgmp_list-item-24159\" class=\"bgmp_list-item\">\n\t<h3 class=\"bgmp_list-placemark-title\">\n\t\tGolspie\n\t\t\t\t\t<span class=\"bgmp_view-on-map-container\">\n\t\t\t\t[<a href=\"javascript:;\" data-marker-id=\"24159\" class=\"bgmp_view-on-map\">\n\t\t\t\t\tAuf der Karte anzeigen\t\t\t\t<\/a>]\n\t\t\t<\/span>\n\t\t\t<\/h3>\n\n\t<div class=\"bgmp_list-description\">\n\t\t\t\t<p><a href=\"https:\/\/www.golftravellers.com\/de\/reiseziele\/schottland\/golfplaetze-in-schottland\/highlands-region\/golspie\/\"><img loading=\"lazy\" decoding=\"async\" class=\"aligncenter size-full wp-image-3490\" src=\"https:\/\/www.golftravellers.com\/wp-content\/uploads\/2014\/06\/Par-4-Golspie-golf-course.jpg\" alt=\"Par 4 Golspie golf course\" width=\"150\" height=\"113\" \/><\/a><\/p>\n<p><a title=\"Golspie\" href=\"https:\/\/www.golftravellers.com\/de\/reiseziele\/schottland\/golfplaetze-in-schottland\/highlands-region\/golspie\/\">Klicken Sie hier f\u00fcr Bilder und Einzelheiten \u00fcber den Platz<\/a><\/p>\n\t<\/div>\n\n\t<p class=\"bgmp_list-link\">\n\t\t<a href=\"http:\/\/google.com\/maps?q=\">\n\t\t\t\t\t<\/a>\n\t<\/p>\n<\/li>\n<li id=\"bgmp_list-item-24212\" class=\"bgmp_list-item\">\n\t<h3 class=\"bgmp_list-placemark-title\">\n\t\tKingussie\n\t\t\t\t\t<span class=\"bgmp_view-on-map-container\">\n\t\t\t\t[<a href=\"javascript:;\" data-marker-id=\"24212\" class=\"bgmp_view-on-map\">\n\t\t\t\t\tAuf der Karte anzeigen\t\t\t\t<\/a>]\n\t\t\t<\/span>\n\t\t\t<\/h3>\n\n\t<div class=\"bgmp_list-description\">\n\t\t\t\t<p><a href=\"https:\/\/www.golftravellers.com\/de\/reiseziele\/schottland\/golfplaetze-in-schottland\/highlands-region\/kingussie\/\"><img loading=\"lazy\" decoding=\"async\" class=\"aligncenter wp-image-3518 size-full\" src=\"https:\/\/www.golftravellers.com\/wp-content\/uploads\/2014\/06\/Par-3-Kingussie-Golf-Course2.jpg\" alt=\"Par 3 Kingussie Golf Course\" width=\"150\" height=\"113\" \/><\/a><\/p>\n<p><a title=\"Kingussie\" href=\"https:\/\/www.golftravellers.com\/de\/reiseziele\/schottland\/golfplaetze-in-schottland\/highlands-region\/kingussie\/\">Klicken Sie hier f\u00fcr Bilder und Einzelheiten \u00fcber den Platz<\/a><\/p>\n\t<\/div>\n\n\t<p class=\"bgmp_list-link\">\n\t\t<a href=\"http:\/\/google.com\/maps?q=\">\n\t\t\t\t\t<\/a>\n\t<\/p>\n<\/li>\n<li id=\"bgmp_list-item-24250\" class=\"bgmp_list-item\">\n\t<h3 class=\"bgmp_list-placemark-title\">\n\t\tMoray (Old)\n\t\t\t\t\t<span class=\"bgmp_view-on-map-container\">\n\t\t\t\t[<a href=\"javascript:;\" data-marker-id=\"24250\" class=\"bgmp_view-on-map\">\n\t\t\t\t\tAuf der Karte anzeigen\t\t\t\t<\/a>]\n\t\t\t<\/span>\n\t\t\t<\/h3>\n\n\t<div class=\"bgmp_list-description\">\n\t\t\t\t<p><a href=\"https:\/\/www.golftravellers.com\/de\/reiseziele\/schottland\/golfplaetze-in-schottland\/highlands-region\/moray-old\/\"><img loading=\"lazy\" decoding=\"async\" class=\"aligncenter size-full wp-image-3438\" src=\"https:\/\/www.golftravellers.com\/wp-content\/uploads\/2014\/06\/1st-hole-at-Moray-Old-Course.jpg\" alt=\"1st hole at Moray Old Course\" width=\"150\" height=\"85\" \/><\/a><\/p>\n<p><a title=\"Moray Old\" href=\"https:\/\/www.golftravellers.com\/de\/reiseziele\/schottland\/golfplaetze-in-schottland\/highlands-region\/moray-old\/\">Klicken Sie hier f\u00fcr Bilder und Einzelheiten \u00fcber den Platz<\/a><\/p>\n\t<\/div>\n\n\t<p class=\"bgmp_list-link\">\n\t\t<a href=\"http:\/\/google.com\/maps?q=\">\n\t\t\t\t\t<\/a>\n\t<\/p>\n<\/li>\n<li id=\"bgmp_list-item-24266\" class=\"bgmp_list-item\">\n\t<h3 class=\"bgmp_list-placemark-title\">\n\t\tNairn\n\t\t\t\t\t<span class=\"bgmp_view-on-map-container\">\n\t\t\t\t[<a href=\"javascript:;\" data-marker-id=\"24266\" class=\"bgmp_view-on-map\">\n\t\t\t\t\tAuf der Karte anzeigen\t\t\t\t<\/a>]\n\t\t\t<\/span>\n\t\t\t<\/h3>\n\n\t<div class=\"bgmp_list-description\">\n\t\t\t\t<p><a href=\"https:\/\/www.golftravellers.com\/de\/reiseziele\/schottland\/golfplaetze-in-schottland\/highlands-region\/nairn\/\"><img loading=\"lazy\" decoding=\"async\" class=\"aligncenter size-full wp-image-3337\" src=\"https:\/\/www.golftravellers.com\/wp-content\/uploads\/2014\/06\/2nd-hole-Nairn-Golf-Course.jpg\" alt=\"The 2nd hole at Nairn Golf Course at sunset\" width=\"150\" height=\"102\" \/><\/a><\/p>\n<p><a title=\"Nairn\" href=\"https:\/\/www.golftravellers.com\/de\/reiseziele\/schottland\/golfplaetze-in-schottland\/highlands-region\/nairn\/\">Klicken Sie hier f\u00fcr Bilder und Einzelheiten \u00fcber den Platz<\/a><\/p>\n\t<\/div>\n\n\t<p class=\"bgmp_list-link\">\n\t\t<a href=\"http:\/\/google.com\/maps?q=\">\n\t\t\t\t\t<\/a>\n\t<\/p>\n<\/li>\n<li id=\"bgmp_list-item-24391\" class=\"bgmp_list-item\">\n\t<h3 class=\"bgmp_list-placemark-title\">\n\t\tRoyal Dornoch (Championship)\n\t\t\t\t\t<span class=\"bgmp_view-on-map-container\">\n\t\t\t\t[<a href=\"javascript:;\" data-marker-id=\"24391\" class=\"bgmp_view-on-map\">\n\t\t\t\t\tAuf der Karte anzeigen\t\t\t\t<\/a>]\n\t\t\t<\/span>\n\t\t\t<\/h3>\n\n\t<div class=\"bgmp_list-description\">\n\t\t\t\t<p><a href=\"https:\/\/www.golftravellers.com\/de\/reiseziele\/schottland\/golfplaetze-in-schottland\/highlands-region\/royal-dornoch\/\"><img loading=\"lazy\" decoding=\"async\" class=\"aligncenter wp-image-20485\" src=\"https:\/\/www.golftravellers.com\/wp-content\/uploads\/2015\/01\/Aerial-view-Royal-Dornoch-Course.jpg\" alt=\"Aerial view Royal Dornoch Course\" width=\"150\" height=\"120\" \/><\/a><\/p>\n<p><a title=\"Royal Dornoch\" href=\"https:\/\/www.golftravellers.com\/de\/reiseziele\/schottland\/golfplaetze-in-schottland\/highlands-region\/royal-dornoch\/\">Klicken Sie hier f\u00fcr Bilder und Einzelheiten \u00fcber den Platz<\/a><\/p>\n\t<\/div>\n\n\t<p class=\"bgmp_list-link\">\n\t\t<a href=\"http:\/\/google.com\/maps?q=\">\n\t\t\t\t\t<\/a>\n\t<\/p>\n<\/li>\n<li id=\"bgmp_list-item-24444\" class=\"bgmp_list-item\">\n\t<h3 class=\"bgmp_list-placemark-title\">\n\t\tSkibo Castle\n\t\t\t\t\t<span class=\"bgmp_view-on-map-container\">\n\t\t\t\t[<a href=\"javascript:;\" data-marker-id=\"24444\" class=\"bgmp_view-on-map\">\n\t\t\t\t\tAuf der Karte anzeigen\t\t\t\t<\/a>]\n\t\t\t<\/span>\n\t\t\t<\/h3>\n\n\t<div class=\"bgmp_list-description\">\n\t\t\t\t<p><a href=\"https:\/\/www.golftravellers.com\/destinations\/scotland\/golf-courses-in-scotland\/highlands-region-scotland\/skibo-castle\/\"><img loading=\"lazy\" decoding=\"async\" class=\"aligncenter wp-image-3394 size-full\" src=\"https:\/\/www.golftravellers.com\/wp-content\/uploads\/2014\/06\/Elevated-green-Skibo-Castle-Golf-Course.jpg\" alt=\"Elevated green at Skibo Castle Golf Course\" width=\"150\" height=\"100\" \/><\/a><\/p>\n<p><a title=\"Skibo Castle\" href=\"https:\/\/www.golftravellers.com\/de\/reiseziele\/schottland\/golfplaetze-in-schottland\/highlands-region\/skibo-castle\/\">Klicken Sie hier f\u00fcr Bilder und Einzelheiten \u00fcber den Platz<\/a><\/p>\n\t<\/div>\n\n\t<p class=\"bgmp_list-link\">\n\t\t<a href=\"http:\/\/google.com\/maps?q=\">\n\t\t\t\t\t<\/a>\n\t<\/p>\n<\/li>\n<li id=\"bgmp_list-item-24452\" class=\"bgmp_list-item\">\n\t<h3 class=\"bgmp_list-placemark-title\">\n\t\tSpey Valley\n\t\t\t\t\t<span class=\"bgmp_view-on-map-container\">\n\t\t\t\t[<a href=\"javascript:;\" data-marker-id=\"24452\" class=\"bgmp_view-on-map\">\n\t\t\t\t\tAuf der Karte anzeigen\t\t\t\t<\/a>]\n\t\t\t<\/span>\n\t\t\t<\/h3>\n\n\t<div class=\"bgmp_list-description\">\n\t\t\t\t<p><a href=\"https:\/\/www.golftravellers.com\/de\/reiseziele\/schottland\/golfplaetze-in-schottland\/highlands-region\/spey-valley\/\"><img loading=\"lazy\" decoding=\"async\" class=\"aligncenter size-full wp-image-3360\" src=\"https:\/\/www.golftravellers.com\/wp-content\/uploads\/2014\/06\/6th-green-at-Spey-Valley-Golf-Course1.jpg\" alt=\"6th Green at Spey Valley Golf Course\" width=\"150\" height=\"113\" \/><\/a><\/p>\n<p><a title=\"Spey Valley\" href=\"https:\/\/www.golftravellers.com\/de\/reiseziele\/schottland\/golfplaetze-in-schottland\/highlands-region\/spey-valley\/\">Klicken Sie hier f\u00fcr Bilder und Einzelheiten \u00fcber den Platz<\/a><\/p>\n\t<\/div>\n\n\t<p class=\"bgmp_list-link\">\n\t\t<a href=\"http:\/\/google.com\/maps?q=\">\n\t\t\t\t\t<\/a>\n\t<\/p>\n<\/li>\n<li id=\"bgmp_list-item-24468\" class=\"bgmp_list-item\">\n\t<h3 class=\"bgmp_list-placemark-title\">\n\t\tTain\n\t\t\t\t\t<span class=\"bgmp_view-on-map-container\">\n\t\t\t\t[<a href=\"javascript:;\" data-marker-id=\"24468\" class=\"bgmp_view-on-map\">\n\t\t\t\t\tAuf der Karte anzeigen\t\t\t\t<\/a>]\n\t\t\t<\/span>\n\t\t\t<\/h3>\n\n\t<div class=\"bgmp_list-description\">\n\t\t\t\t<p><a href=\"https:\/\/www.golftravellers.com\/de\/reiseziele\/schottland\/golfplaetze-in-schottland\/highlands-region\/tain\/\"><img loading=\"lazy\" decoding=\"async\" class=\"aligncenter size-full wp-image-3414\" src=\"https:\/\/www.golftravellers.com\/wp-content\/uploads\/2014\/06\/11th-green-Tain-golf-course.jpg\" alt=\"11th green at Tain golf course\" width=\"150\" height=\"113\" \/><\/a><\/p>\n<p><a title=\"Tain\" href=\"https:\/\/www.golftravellers.com\/de\/reiseziele\/schottland\/golfplaetze-in-schottland\/highlands-region\/tain\/\">Klicken Sie hier f\u00fcr Bilder und Einzelheiten \u00fcber den Platz<\/a><\/p>\n\t<\/div>\n\n\t<p class=\"bgmp_list-link\">\n\t\t<a href=\"http:\/\/google.com\/maps?q=\">\n\t\t\t\t\t<\/a>\n\t<\/p>\n<\/li>\n<\/ul>\n<\/div>\n","protected":false},"excerpt":{"rendered":"<p>\u00a0 Die sch\u00f6nste und gr\u00f6\u00dfte Golfregion Schottlands mit seiner Hauptstadt Inverness hat eine Vielzahl an Inland- sowie Links-Pl\u00e4tzen samt atemberaubender Landschaften zu bieten. Die Cairngorms sind der gr\u00f6\u00dfte Nationalpark Gro\u00dfbritanniens mit wunderbaren Pl\u00e4tzen wie Spey Valley und Boat of Garten. Die dortigen Links-Pl\u00e4tze Royal Dornoch, Nairn und Castle Stuart geh\u00f6ren zu den besten der Welt. [&hellip;]<\/p>\n","protected":false},"author":10,"featured_media":31827,"parent":17021,"menu_order":30,"comment_status":"open","ping_status":"closed","template":"","meta":{"_genesis_hide_title":false,"_genesis_hide_breadcrumbs":false,"_genesis_hide_singular_image":false,"_genesis_hide_footer_widgets":false,"_genesis_custom_body_class":"","_genesis_custom_post_class":"","_genesis_layout":"full-width-content","footnotes":""},"class_list":{"0":"post-17052","1":"page","2":"type-page","3":"status-publish","4":"has-post-thumbnail","6":"entry"},"_links":{"self":[{"href":"https:\/\/www.golftravellers.com\/de\/wp-json\/wp\/v2\/pages\/17052","targetHints":{"allow":["GET"]}}],"collection":[{"href":"https:\/\/www.golftravellers.com\/de\/wp-json\/wp\/v2\/pages"}],"about":[{"href":"https:\/\/www.golftravellers.com\/de\/wp-json\/wp\/v2\/types\/page"}],"author":[{"embeddable":true,"href":"https:\/\/www.golftravellers.com\/de\/wp-json\/wp\/v2\/users\/10"}],"replies":[{"embeddable":true,"href":"https:\/\/www.golftravellers.com\/de\/wp-json\/wp\/v2\/comments?post=17052"}],"version-history":[{"count":12,"href":"https:\/\/www.golftravellers.com\/de\/wp-json\/wp\/v2\/pages\/17052\/revisions"}],"predecessor-version":[{"id":31498,"href":"https:\/\/www.golftravellers.com\/de\/wp-json\/wp\/v2\/pages\/17052\/revisions\/31498"}],"up":[{"embeddable":true,"href":"https:\/\/www.golftravellers.com\/de\/wp-json\/wp\/v2\/pages\/17021"}],"wp:featuredmedia":[{"embeddable":true,"href":"https:\/\/www.golftravellers.com\/de\/wp-json\/wp\/v2\/media\/31827"}],"wp:attachment":[{"href":"https:\/\/www.golftravellers.com\/de\/wp-json\/wp\/v2\/media?parent=17052"}],"curies":[{"name":"wp","href":"https:\/\/api.w.org\/{rel}","templated":true}]}}