{"id":17039,"date":"2014-04-04T08:24:28","date_gmt":"2014-04-04T07:24:28","guid":{"rendered":"http:\/\/www.golftravellers.com\/reiseziele\/schottland\/golfplaetze-in-schottland\/st-andrews-region-scotland\/"},"modified":"2016-11-22T14:57:30","modified_gmt":"2016-11-22T14:57:30","slug":"st-andrews","status":"publish","type":"page","link":"https:\/\/www.golftravellers.com\/de\/reiseziele\/schottland\/golfplaetze-in-schottland\/st-andrews\/","title":{"rendered":"St Andrews"},"content":{"rendered":"<div class=\"two-thirds first\">\n<p><em>Gestalten Sie Ihren Traumgolfurlaub in St Andrews mit dem preisgekr<em>\u00f6nten Golfreisenbetreiber mit Sitz in der Heimat des Golf<\/em><em>.<\/em><br \/>\n <\/em><\/p>\n<p>St Andrews ist wahrscheinlich die ber\u00fchmteste Golfst\u00e4tte der Welt. Es verf\u00fcgt \u00fcber eine hohe Dichte an herausragenden privaten und \u00f6ffentlichen Golfpl\u00e4tzen, samt einer gro\u00dfen Auswahl an Links sowie Inland-Golfkursen. Obwohl der Old Course in St Andrews und der Championship Course in Carnoustie bei weitem die ber\u00fchmtesten sind, laufen neuere Golfpl\u00e4tze wie der atemberaubende Kingsbarns ihnen zunehmend den Rang ab.<br \/>\n Unsere Agentur sichert f\u00fcr den ber\u00fchmten Old Course jedes Jahr garantierte Tee Times (Abschlagzeiten) und hat auch gro\u00dfen Erfolg mit dem Ballot System vorzuweisen.<br \/>\n Lassen Sie sich durch unsere <a href=\"https:\/\/www.golftravellers.com\/de\/reiseziele\/schottland\/beispielpakete-schottland\/\">Basispakete<\/a>-Seite inspirieren oder besuchen Sie die Golfpl\u00e4tze auf der folgenden Karte.<\/p>\n<p class=\"error\">Basic Google Maps Placemarks (Ortsmarken) Fehler: JavaScript und\/oder CSS Dateien sind niche geladen. Falls Sie do_shortcode() verwenden, m\u00fcssen Sie erst einen Filter zu Ihrem Theme hinzuf\u00fcgen. Schauen Sie in <a href=\"http:\/\/wordpress.org\/extend\/plugins\/basic-google-maps-placemarks\/faq\/\">die FAQ<\/a> f\u00fcr weitere Details.<\/p>\n<p>&nbsp;<\/p>\n<div class=\"one-third first\" style=\"text-align: center;\"><a class=\"button\" href=\"https:\/\/www.golftravellers.com\/de\/reiseziele\/schottland\/beispielpakete-schottland\/\">Basispakete<\/a><\/div>\n<div class=\"one-third\" style=\"text-align: center;\"><a class=\"button\" href=\"https:\/\/www.golftravellers.com\/de\/kontakt\/rueckrufwunsch\/\">R\u00fcckrufwunsch<\/a><\/div>\n<div class=\"one-third\" style=\"text-align: center;\"><a class=\"button\" href=\"https:\/\/www.golftravellers.com\/de\/kontakt\/angebot-anfordern\/\">Angebot anfordern<\/a><\/div>\n<div class=\"one-third\" style=\"text-align: center;\">\u00a0<\/div>\n<\/div>\n<div class=\"one-third\">\n<h2>Golfregionen<\/h2>\n<ul>\n<li><a title=\"St Andrews Region\" href=\"https:\/\/www.golftravellers.com\/de\/reiseziele\/schottland\/golfplaetze-in-schottland\/st-andrews\/\">St Andrews<\/a><\/li>\n<li><a title=\"Highlands Region\" href=\"https:\/\/www.golftravellers.com\/de\/reiseziele\/schottland\/golfplaetze-in-schottland\/highlands-region\/\">Highlands<\/a><\/li>\n<li><a title=\"S\u00fcdwest-Region\" href=\"https:\/\/www.golftravellers.com\/de\/reiseziele\/schottland\/golfplaetze-in-schottland\/suedwest\/\">S\u00fcdwest<\/a><\/li>\n<li><a title=\"S\u00fcdost-Region\" href=\"https:\/\/www.golftravellers.com\/de\/reiseziele\/schottland\/golfplaetze-in-schottland\/suedost\/\">S\u00fcdost<\/a><\/li>\n<li><a title=\"Zentralregion\" href=\"https:\/\/www.golftravellers.com\/de\/reiseziele\/schottland\/golfplaetze-in-schottland\/zentralregion\/\">Zentral<\/a><\/li>\n<li><a title=\"Nordost-Region\" href=\"https:\/\/www.golftravellers.com\/de\/reiseziele\/schottland\/golfplaetze-in-schottland\/nordosten\/\">Nordost<\/a><\/li>\n<\/ul>\n<p>&nbsp;<\/p>\n<p>&nbsp;<\/p>\n<h2 id=\"standrews\">Golfpl\u00e4tze<\/h2>\n<ul id=\"bgmp_list\" class=\"bgmp_list\"><li id=\"bgmp_list-item-24053\" class=\"bgmp_list-item\">\n\t<h3 class=\"bgmp_list-placemark-title\">\n\t\tCarnoustie (Championship)\n\t\t\t\t\t<span class=\"bgmp_view-on-map-container\">\n\t\t\t\t[<a href=\"javascript:;\" data-marker-id=\"24053\" class=\"bgmp_view-on-map\">\n\t\t\t\t\tAuf der Karte anzeigen\t\t\t\t<\/a>]\n\t\t\t<\/span>\n\t\t\t<\/h3>\n\n\t<div class=\"bgmp_list-description\">\n\t\t\t\t<p><a href=\"https:\/\/www.golftravellers.com\/de\/reiseziele\/schottland\/golfplaetze-in-schottland\/st-andrews\/carnoustie-championship\/\"><img loading=\"lazy\" decoding=\"async\" class=\"aligncenter wp-image-3976 size-full\" src=\"https:\/\/www.golftravellers.com\/wp-content\/uploads\/2014\/06\/Bunker-on-the-13th-hole-at-Carnoustie-Championship.png\" alt=\"Bunker on the 13th hole at Carnoustie Championship\" width=\"150\" height=\"99\" \/><\/a><\/p>\n<p><a href=\"https:\/\/www.golftravellers.com\/de\/reiseziele\/schottland\/golfplaetze-in-schottland\/st-andrews\/carnoustie-championship\/\">Klicken Sie hier f\u00fcr Bilder und Einzelheiten \u00fcber den Platz<\/a><\/p>\n\t<\/div>\n\n\t<p class=\"bgmp_list-link\">\n\t\t<a href=\"http:\/\/google.com\/maps?q=\">\n\t\t\t\t\t<\/a>\n\t<\/p>\n<\/li>\n<li id=\"bgmp_list-item-24059\" class=\"bgmp_list-item\">\n\t<h3 class=\"bgmp_list-placemark-title\">\n\t\tCastle Course (St Andrews)\n\t\t\t\t\t<span class=\"bgmp_view-on-map-container\">\n\t\t\t\t[<a href=\"javascript:;\" data-marker-id=\"24059\" class=\"bgmp_view-on-map\">\n\t\t\t\t\tAuf der Karte anzeigen\t\t\t\t<\/a>]\n\t\t\t<\/span>\n\t\t\t<\/h3>\n\n\t<div class=\"bgmp_list-description\">\n\t\t\t\t<p><a href=\"https:\/\/www.golftravellers.com\/de\/reiseziele\/schottland\/golfplaetze-in-schottland\/st-andrews\/castle-course-st-andrews\/\"><img loading=\"lazy\" decoding=\"async\" class=\"aligncenter size-full wp-image-3985\" src=\"https:\/\/www.golftravellers.com\/wp-content\/uploads\/2014\/06\/6th-hole-at-the-Castle-Course-in-St-Andrews.png\" alt=\"6th hole at the Castle Course in St Andrews\" width=\"150\" height=\"113\" \/><\/a><\/p>\n<p><a title=\"Castle Course (St Andrews)\" href=\"https:\/\/www.golftravellers.com\/de\/reiseziele\/schottland\/golfplaetze-in-schottland\/st-andrews\/castle-course-st-andrews\/\">Klicken Sie hier f\u00fcr Bilder und Einzelheiten \u00fcber den Platz<\/a><\/p>\n\t<\/div>\n\n\t<p class=\"bgmp_list-link\">\n\t\t<a href=\"http:\/\/google.com\/maps?q=\">\n\t\t\t\t\t<\/a>\n\t<\/p>\n<\/li>\n<li id=\"bgmp_list-item-24091\" class=\"bgmp_list-item\">\n\t<h3 class=\"bgmp_list-placemark-title\">\n\t\tCrail Balcomie\n\t\t\t\t\t<span class=\"bgmp_view-on-map-container\">\n\t\t\t\t[<a href=\"javascript:;\" data-marker-id=\"24091\" class=\"bgmp_view-on-map\">\n\t\t\t\t\tAuf der Karte anzeigen\t\t\t\t<\/a>]\n\t\t\t<\/span>\n\t\t\t<\/h3>\n\n\t<div class=\"bgmp_list-description\">\n\t\t\t\t<p><a href=\"https:\/\/www.golftravellers.com\/destinations\/scotland\/golf-courses-in-scotland\/st-andrews-region-scotland\/crail-balcomie\/\"><img loading=\"lazy\" decoding=\"async\" class=\"aligncenter size-full wp-image-4048\" src=\"https:\/\/www.golftravellers.com\/wp-content\/uploads\/2014\/06\/5th-hole-at-Crail-Balcomie.png\" alt=\"5th hole at Crail Balcomie\" width=\"150\" height=\"99\" \/><\/a><\/p>\n<p><a title=\"Crail Balcomie\" href=\"https:\/\/www.golftravellers.com\/de\/reiseziele\/schottland\/golfplaetze-in-schottland\/st-andrews\/crail-balcomie\/\">Klicken Sie hier f\u00fcr Bilder und Einzelheiten \u00fcber den Platz<\/a><\/p>\n\t<\/div>\n\n\t<p class=\"bgmp_list-link\">\n\t\t<a href=\"http:\/\/google.com\/maps?q=\">\n\t\t\t\t\t<\/a>\n\t<\/p>\n<\/li>\n<li id=\"bgmp_list-item-24125\" class=\"bgmp_list-item\">\n\t<h3 class=\"bgmp_list-placemark-title\">\n\t\tElie\n\t\t\t\t\t<span class=\"bgmp_view-on-map-container\">\n\t\t\t\t[<a href=\"javascript:;\" data-marker-id=\"24125\" class=\"bgmp_view-on-map\">\n\t\t\t\t\tAuf der Karte anzeigen\t\t\t\t<\/a>]\n\t\t\t<\/span>\n\t\t\t<\/h3>\n\n\t<div class=\"bgmp_list-description\">\n\t\t\t\t<p><a href=\"https:\/\/www.golftravellers.com\/de\/reiseziele\/schottland\/golfplaetze-in-schottland\/st-andrews\/elie\/\"><img loading=\"lazy\" decoding=\"async\" class=\"aligncenter size-full wp-image-4084\" src=\"https:\/\/www.golftravellers.com\/wp-content\/uploads\/2014\/06\/Green-and-sea-at-Elie-golf-course.png\" alt=\"Green and sea at Elie golf course\" width=\"150\" height=\"100\" \/><\/a><\/p>\n<p><a title=\"Elie\" href=\"https:\/\/www.golftravellers.com\/de\/reiseziele\/schottland\/golfplaetze-in-schottland\/st-andrews\/elie\/\">Klicken Sie hier f\u00fcr Bilder und Einzelheiten \u00fcber den Platz<\/a><\/p>\n\t<\/div>\n\n\t<p class=\"bgmp_list-link\">\n\t\t<a href=\"http:\/\/google.com\/maps?q=\">\n\t\t\t\t\t<\/a>\n\t<\/p>\n<\/li>\n<li id=\"bgmp_list-item-24195\" class=\"bgmp_list-item\">\n\t<h3 class=\"bgmp_list-placemark-title\">\n\t\tJubilee Course (St Andrews)\n\t\t\t\t\t<span class=\"bgmp_view-on-map-container\">\n\t\t\t\t[<a href=\"javascript:;\" data-marker-id=\"24195\" class=\"bgmp_view-on-map\">\n\t\t\t\t\tAuf der Karte anzeigen\t\t\t\t<\/a>]\n\t\t\t<\/span>\n\t\t\t<\/h3>\n\n\t<div class=\"bgmp_list-description\">\n\t\t\t\t<p><a href=\"https:\/\/www.golftravellers.com\/de\/reiseziele\/schottland\/golfplaetze-in-schottland\/st-andrews\/jubilee-course-st-andrews\/\"><img loading=\"lazy\" decoding=\"async\" class=\"aligncenter size-full wp-image-4003\" src=\"https:\/\/www.golftravellers.com\/wp-content\/uploads\/2014\/06\/Bunkers-at-Jubilee-Golf-Course-in-St-Andrews.png\" alt=\"Bunkers at Jubilee Golf Course in St Andrews\" width=\"150\" height=\"113\" \/><\/a><\/p>\n<p><a title=\"Jubilee Course (St Andrews)\" href=\"https:\/\/www.golftravellers.com\/de\/reiseziele\/schottland\/golfplaetze-in-schottland\/st-andrews\/jubilee-course-st-andrews\/\">Klicken Sie hier f\u00fcr Bilder und Einzelheiten \u00fcber den Platz<\/a><\/p>\n\t<\/div>\n\n\t<p class=\"bgmp_list-link\">\n\t\t<a href=\"http:\/\/google.com\/maps?q=\">\n\t\t\t\t\t<\/a>\n\t<\/p>\n<\/li>\n<li id=\"bgmp_list-item-24208\" class=\"bgmp_list-item\">\n\t<h3 class=\"bgmp_list-placemark-title\">\n\t\tKingarrock (9-Loch Hickory)\n\t\t\t\t\t<span class=\"bgmp_view-on-map-container\">\n\t\t\t\t[<a href=\"javascript:;\" data-marker-id=\"24208\" class=\"bgmp_view-on-map\">\n\t\t\t\t\tAuf der Karte anzeigen\t\t\t\t<\/a>]\n\t\t\t<\/span>\n\t\t\t<\/h3>\n\n\t<div class=\"bgmp_list-description\">\n\t\t\t\t<p><a href=\"https:\/\/www.golftravellers.com\/de\/reiseziele\/schottland\/golfplaetze-in-schottland\/st-andrews\/kingarrock-hickory-clubs\/\"><img loading=\"lazy\" decoding=\"async\" class=\"aligncenter wp-image-4102 size-full\" src=\"https:\/\/www.golftravellers.com\/wp-content\/uploads\/2014\/06\/Golfer-at-Kingarrock-golf-course.png\" alt=\"Golfspieler beim Kingarrock Hickory Golfplatz\" width=\"150\" height=\"100\" \/><\/a><\/p>\n<p><a title=\"Kingarrock (Hickory Clubs)\" href=\"https:\/\/www.golftravellers.com\/de\/reiseziele\/schottland\/golfplaetze-in-schottland\/st-andrews\/kingarrock-hickory-clubs\/\">Klicken Sie hier f\u00fcr Bilder und Einzelheiten \u00fcber den Platz<\/a><\/p>\n\t<\/div>\n\n\t<p class=\"bgmp_list-link\">\n\t\t<a href=\"http:\/\/google.com\/maps?q=\">\n\t\t\t\t\t<\/a>\n\t<\/p>\n<\/li>\n<li id=\"bgmp_list-item-24210\" class=\"bgmp_list-item\">\n\t<h3 class=\"bgmp_list-placemark-title\">\n\t\tKingsbarns\n\t\t\t\t\t<span class=\"bgmp_view-on-map-container\">\n\t\t\t\t[<a href=\"javascript:;\" data-marker-id=\"24210\" class=\"bgmp_view-on-map\">\n\t\t\t\t\tAuf der Karte anzeigen\t\t\t\t<\/a>]\n\t\t\t<\/span>\n\t\t\t<\/h3>\n\n\t<div class=\"bgmp_list-description\">\n\t\t\t\t<p><a href=\"https:\/\/www.golftravellers.com\/de\/reiseziele\/schottland\/golfplaetze-in-schottland\/st-andrews\/kingsbarns\/\"><img loading=\"lazy\" decoding=\"async\" class=\"size-full wp-image-3967 aligncenter\" src=\"https:\/\/www.golftravellers.com\/wp-content\/uploads\/2014\/06\/12th-hole-Kingsbarns-Golf-Links.png\" alt=\"12th hole Kingsbarns Golf Links\" width=\"150\" height=\"105\" \/><\/a><\/p>\n<p><a title=\"Kingsbarns\" href=\"https:\/\/www.golftravellers.com\/de\/reiseziele\/schottland\/golfplaetze-in-schottland\/st-andrews\/kingsbarns\/\">Klicken Sie hier f\u00fcr Bilder und Einzelheiten \u00fcber den Platz<\/a><\/p>\n\t<\/div>\n\n\t<p class=\"bgmp_list-link\">\n\t\t<a href=\"http:\/\/google.com\/maps?q=\">\n\t\t\t\t\t<\/a>\n\t<\/p>\n<\/li>\n<li id=\"bgmp_list-item-24214\" class=\"bgmp_list-item\">\n\t<h3 class=\"bgmp_list-placemark-title\">\n\t\tKittocks\n\t\t\t\t\t<span class=\"bgmp_view-on-map-container\">\n\t\t\t\t[<a href=\"javascript:;\" data-marker-id=\"24214\" class=\"bgmp_view-on-map\">\n\t\t\t\t\tAuf der Karte anzeigen\t\t\t\t<\/a>]\n\t\t\t<\/span>\n\t\t\t<\/h3>\n\n\t<div class=\"bgmp_list-description\">\n\t\t\t\t<p><a href=\"https:\/\/www.golftravellers.com\/destinations\/scotland\/golf-courses-in-scotland\/st-andrews-region-scotland\/kittocks-course\/\"><img loading=\"lazy\" decoding=\"async\" class=\"aligncenter size-full wp-image-4039\" src=\"https:\/\/www.golftravellers.com\/wp-content\/uploads\/2014\/06\/Kittocks-9th-hole.png\" alt=\"Kittocks 9th hole\" width=\"150\" height=\"122\" \/><\/a><\/p>\n<p><a title=\"Kittocks\" href=\"https:\/\/www.golftravellers.com\/de\/reiseziele\/schottland\/golfplaetze-in-schottland\/st-andrews\/kittocks\/\">Klicken Sie hier f\u00fcr Bilder und Einzelheiten \u00fcber den Platz<\/a><\/p>\n\t<\/div>\n\n\t<p class=\"bgmp_list-link\">\n\t\t<a href=\"http:\/\/google.com\/maps?q=\">\n\t\t\t\t\t<\/a>\n\t<\/p>\n<\/li>\n<li id=\"bgmp_list-item-24220\" class=\"bgmp_list-item\">\n\t<h3 class=\"bgmp_list-placemark-title\">\n\t\tLeven\n\t\t\t\t\t<span class=\"bgmp_view-on-map-container\">\n\t\t\t\t[<a href=\"javascript:;\" data-marker-id=\"24220\" class=\"bgmp_view-on-map\">\n\t\t\t\t\tAuf der Karte anzeigen\t\t\t\t<\/a>]\n\t\t\t<\/span>\n\t\t\t<\/h3>\n\n\t<div class=\"bgmp_list-description\">\n\t\t\t\t<p><a href=\"https:\/\/www.golftravellers.com\/de\/reiseziele\/schottland\/golfplaetze-in-schottland\/st-andrews\/leven\/\"><img loading=\"lazy\" decoding=\"async\" class=\"aligncenter size-full wp-image-4066\" src=\"https:\/\/www.golftravellers.com\/wp-content\/uploads\/2014\/06\/Leven-links-golfers.jpg\" alt=\"Leven links' golfers\" width=\"150\" height=\"99\" \/><\/a><\/p>\n<p><a title=\"Leven\" href=\"https:\/\/www.golftravellers.com\/de\/reiseziele\/schottland\/golfplaetze-in-schottland\/st-andrews\/leven\/\">Klicken Sie hier f\u00fcr Bilder und Einzelheiten \u00fcber den Platz<\/a><\/p>\n\t<\/div>\n\n\t<p class=\"bgmp_list-link\">\n\t\t<a href=\"http:\/\/google.com\/maps?q=\">\n\t\t\t\t\t<\/a>\n\t<\/p>\n<\/li>\n<li id=\"bgmp_list-item-24234\" class=\"bgmp_list-item\">\n\t<h3 class=\"bgmp_list-placemark-title\">\n\t\tLundin Links\n\t\t\t\t\t<span class=\"bgmp_view-on-map-container\">\n\t\t\t\t[<a href=\"javascript:;\" data-marker-id=\"24234\" class=\"bgmp_view-on-map\">\n\t\t\t\t\tAuf der Karte anzeigen\t\t\t\t<\/a>]\n\t\t\t<\/span>\n\t\t\t<\/h3>\n\n\t<div class=\"bgmp_list-description\">\n\t\t\t\t<p><a href=\"https:\/\/www.golftravellers.com\/de\/reiseziele\/schottland\/golfplaetze-in-schottland\/st-andrews\/lundin\/\"><img loading=\"lazy\" decoding=\"async\" class=\"aligncenter size-full wp-image-4057\" src=\"https:\/\/www.golftravellers.com\/wp-content\/uploads\/2014\/06\/Lundin-links-golf-course.png\" alt=\"Lundin links golf course\" width=\"150\" height=\"101\" \/><\/a><\/p>\n<p><a title=\"Lundin\" href=\"https:\/\/www.golftravellers.com\/de\/reiseziele\/schottland\/golfplaetze-in-schottland\/st-andrews\/lundin\/\">Klicken Sie hier f\u00fcr Bilder und Einzelheiten \u00fcber den Platz<\/a><\/p>\n\t<\/div>\n\n\t<p class=\"bgmp_list-link\">\n\t\t<a href=\"http:\/\/google.com\/maps?q=\">\n\t\t\t\t\t<\/a>\n\t<\/p>\n<\/li>\n<li id=\"bgmp_list-item-24274\" class=\"bgmp_list-item\">\n\t<h3 class=\"bgmp_list-placemark-title\">\n\t\tNew Course (St Andrews)\n\t\t\t\t\t<span class=\"bgmp_view-on-map-container\">\n\t\t\t\t[<a href=\"javascript:;\" data-marker-id=\"24274\" class=\"bgmp_view-on-map\">\n\t\t\t\t\tAuf der Karte anzeigen\t\t\t\t<\/a>]\n\t\t\t<\/span>\n\t\t\t<\/h3>\n\n\t<div class=\"bgmp_list-description\">\n\t\t\t\t<p><a href=\"https:\/\/www.golftravellers.com\/de\/reiseziele\/schottland\/golfplaetze-in-schottland\/st-andrews\/new-course-st-andrews\/\"><img loading=\"lazy\" decoding=\"async\" class=\"aligncenter size-full wp-image-3994\" src=\"https:\/\/www.golftravellers.com\/wp-content\/uploads\/2014\/06\/8th-hole-at-the-New-Course-in-St-Andrews.png\" alt=\"8th hole at the New Course in St Andrews\" width=\"150\" height=\"113\" \/><\/a><\/p>\n<p><a title=\"New Course (St Andrews)\" href=\"https:\/\/www.golftravellers.com\/de\/reiseziele\/schottland\/golfplaetze-in-schottland\/st-andrews\/new-course-st-andrews\/\">Klicken Sie hier f\u00fcr Bilder und Einzelheiten \u00fcber den Platz<\/a><\/p>\n\t<\/div>\n\n\t<p class=\"bgmp_list-link\">\n\t\t<a href=\"http:\/\/google.com\/maps?q=\">\n\t\t\t\t\t<\/a>\n\t<\/p>\n<\/li>\n<li id=\"bgmp_list-item-24288\" class=\"bgmp_list-item\">\n\t<h3 class=\"bgmp_list-placemark-title\">\n\t\tOld Course (St Andrews)\n\t\t\t\t\t<span class=\"bgmp_view-on-map-container\">\n\t\t\t\t[<a href=\"javascript:;\" data-marker-id=\"24288\" class=\"bgmp_view-on-map\">\n\t\t\t\t\tAuf der Karte anzeigen\t\t\t\t<\/a>]\n\t\t\t<\/span>\n\t\t\t<\/h3>\n\n\t<div class=\"bgmp_list-description\">\n\t\t\t\t<p><a href=\"https:\/\/www.golftravellers.com\/de\/reiseziele\/schottland\/golfplaetze-in-schottland\/st-andrews\/der-old-course\/\"><img loading=\"lazy\" decoding=\"async\" class=\"size-full wp-image-3958 aligncenter\" src=\"https:\/\/www.golftravellers.com\/wp-content\/uploads\/2014\/06\/Swilcan-bridge-on-the-Old-Course-at-St-Andrews.png\" alt=\"Swilcan bridge on the Old Course at St Andrews\" width=\"150\" height=\"92\" \/><\/a><\/p>\n<p><a href=\"https:\/\/www.golftravellers.com\/de\/reiseziele\/schottland\/golfplaetze-in-schottland\/st-andrews\/der-old-course\/\">Klicken Sie hier f\u00fcr Bilder und Einzelheiten \u00fcber den Platz<\/a><\/p>\n\t<\/div>\n\n\t<p class=\"bgmp_list-link\">\n\t\t<a href=\"http:\/\/google.com\/maps?q=\">\n\t\t\t\t\t<\/a>\n\t<\/p>\n<\/li>\n<li id=\"bgmp_list-item-24296\" class=\"bgmp_list-item\">\n\t<h3 class=\"bgmp_list-placemark-title\">\n\t\tPanmure\n\t\t\t\t\t<span class=\"bgmp_view-on-map-container\">\n\t\t\t\t[<a href=\"javascript:;\" data-marker-id=\"24296\" class=\"bgmp_view-on-map\">\n\t\t\t\t\tAuf der Karte anzeigen\t\t\t\t<\/a>]\n\t\t\t<\/span>\n\t\t\t<\/h3>\n\n\t<div class=\"bgmp_list-description\">\n\t\t\t\t<p><a href=\"https:\/\/www.golftravellers.com\/de\/reiseziele\/schottland\/golfplaetze-in-schottland\/st-andrews\/panmure\/\"><img loading=\"lazy\" decoding=\"async\" class=\"aligncenter size-full wp-image-4093\" src=\"https:\/\/www.golftravellers.com\/wp-content\/uploads\/2014\/06\/Green-at-Panmure-golf-course.png\" alt=\"Green at Panmure golf course\" width=\"150\" height=\"115\" \/><\/a><\/p>\n<p><a title=\"Panmure\" href=\"https:\/\/www.golftravellers.com\/de\/reiseziele\/schottland\/golfplaetze-in-schottland\/st-andrews\/panmure\/\">Klicken Sie hier f\u00fcr Bilder und Einzelheiten \u00fcber den Platz<\/a><\/p>\n\t<\/div>\n\n\t<p class=\"bgmp_list-link\">\n\t\t<a href=\"http:\/\/google.com\/maps?q=\">\n\t\t\t\t\t<\/a>\n\t<\/p>\n<\/li>\n<li id=\"bgmp_list-item-24481\" class=\"bgmp_list-item\">\n\t<h3 class=\"bgmp_list-placemark-title\">\n\t\tThe Duke&#8217;s\n\t\t\t\t\t<span class=\"bgmp_view-on-map-container\">\n\t\t\t\t[<a href=\"javascript:;\" data-marker-id=\"24481\" class=\"bgmp_view-on-map\">\n\t\t\t\t\tAuf der Karte anzeigen\t\t\t\t<\/a>]\n\t\t\t<\/span>\n\t\t\t<\/h3>\n\n\t<div class=\"bgmp_list-description\">\n\t\t\t\t<p><a href=\"https:\/\/www.golftravellers.com\/de\/reiseziele\/schottland\/golfplaetze-in-schottland\/st-andrews\/the-dukes\/\"><img loading=\"lazy\" decoding=\"async\" class=\"aligncenter size-full wp-image-4021\" src=\"https:\/\/www.golftravellers.com\/wp-content\/uploads\/2014\/06\/1st-hole-at-The-Dukes.png\" alt=\"1st hole at The Dukes\" width=\"150\" height=\"100\" \/><\/a><\/p>\n<p><a title=\"The Duke\u2019s\" href=\"https:\/\/www.golftravellers.com\/de\/reiseziele\/schottland\/golfplaetze-in-schottland\/st-andrews\/the-dukes\/\">Klicken Sie hier f\u00fcr Bilder und Einzelheiten \u00fcber den Platz<\/a><\/p>\n\t<\/div>\n\n\t<p class=\"bgmp_list-link\">\n\t\t<a href=\"http:\/\/google.com\/maps?q=\">\n\t\t\t\t\t<\/a>\n\t<\/p>\n<\/li>\n<li id=\"bgmp_list-item-24493\" class=\"bgmp_list-item\">\n\t<h3 class=\"bgmp_list-placemark-title\">\n\t\tTorrance\n\t\t\t\t\t<span class=\"bgmp_view-on-map-container\">\n\t\t\t\t[<a href=\"javascript:;\" data-marker-id=\"24493\" class=\"bgmp_view-on-map\">\n\t\t\t\t\tAuf der Karte anzeigen\t\t\t\t<\/a>]\n\t\t\t<\/span>\n\t\t\t<\/h3>\n\n\t<div class=\"bgmp_list-description\">\n\t\t\t\t<p><a href=\"https:\/\/www.golftravellers.com\/de\/reiseziele\/schottland\/golfplaetze-in-schottland\/st-andrews\/torrance\/\"><img loading=\"lazy\" decoding=\"async\" class=\"aligncenter size-full wp-image-4030\" src=\"https:\/\/www.golftravellers.com\/wp-content\/uploads\/2014\/06\/St-Andrews-behind-the-Torrance-9th-hole.png\" alt=\"St Andrews behind the Torrance 9th hole\" width=\"150\" height=\"104\" \/><\/a><\/p>\n<p><a title=\"Torrance\" href=\"https:\/\/www.golftravellers.com\/de\/reiseziele\/schottland\/golfplaetze-in-schottland\/st-andrews\/torrance\/\">Klicken Sie hier f\u00fcr Bilder und Einzelheiten \u00fcber den Platz<\/a><\/p>\n\t<\/div>\n\n\t<p class=\"bgmp_list-link\">\n\t\t<a href=\"http:\/\/google.com\/maps?q=\">\n\t\t\t\t\t<\/a>\n\t<\/p>\n<\/li>\n<\/ul>\n<\/div>\n","protected":false},"excerpt":{"rendered":"<p>Gestalten Sie Ihren Traumgolfurlaub in St Andrews mit dem preisgekr\u00f6nten Golfreisenbetreiber mit Sitz in der Heimat des Golf. St Andrews ist wahrscheinlich die ber\u00fchmteste Golfst\u00e4tte der Welt. Es verf\u00fcgt \u00fcber eine hohe Dichte an herausragenden privaten und \u00f6ffentlichen Golfpl\u00e4tzen, samt einer gro\u00dfen Auswahl an Links sowie Inland-Golfkursen. Obwohl der Old Course in St Andrews und [&hellip;]<\/p>\n","protected":false},"author":10,"featured_media":31871,"parent":17021,"menu_order":10,"comment_status":"open","ping_status":"closed","template":"","meta":{"_genesis_hide_title":false,"_genesis_hide_breadcrumbs":false,"_genesis_hide_singular_image":false,"_genesis_hide_footer_widgets":false,"_genesis_custom_body_class":"","_genesis_custom_post_class":"","_genesis_layout":"full-width-content","footnotes":""},"class_list":{"0":"post-17039","1":"page","2":"type-page","3":"status-publish","4":"has-post-thumbnail","6":"entry"},"_links":{"self":[{"href":"https:\/\/www.golftravellers.com\/de\/wp-json\/wp\/v2\/pages\/17039","targetHints":{"allow":["GET"]}}],"collection":[{"href":"https:\/\/www.golftravellers.com\/de\/wp-json\/wp\/v2\/pages"}],"about":[{"href":"https:\/\/www.golftravellers.com\/de\/wp-json\/wp\/v2\/types\/page"}],"author":[{"embeddable":true,"href":"https:\/\/www.golftravellers.com\/de\/wp-json\/wp\/v2\/users\/10"}],"replies":[{"embeddable":true,"href":"https:\/\/www.golftravellers.com\/de\/wp-json\/wp\/v2\/comments?post=17039"}],"version-history":[{"count":18,"href":"https:\/\/www.golftravellers.com\/de\/wp-json\/wp\/v2\/pages\/17039\/revisions"}],"predecessor-version":[{"id":31471,"href":"https:\/\/www.golftravellers.com\/de\/wp-json\/wp\/v2\/pages\/17039\/revisions\/31471"}],"up":[{"embeddable":true,"href":"https:\/\/www.golftravellers.com\/de\/wp-json\/wp\/v2\/pages\/17021"}],"wp:featuredmedia":[{"embeddable":true,"href":"https:\/\/www.golftravellers.com\/de\/wp-json\/wp\/v2\/media\/31871"}],"wp:attachment":[{"href":"https:\/\/www.golftravellers.com\/de\/wp-json\/wp\/v2\/media?parent=17039"}],"curies":[{"name":"wp","href":"https:\/\/api.w.org\/{rel}","templated":true}]}}