{"id":17035,"date":"2014-04-28T15:08:53","date_gmt":"2014-04-28T14:08:53","guid":{"rendered":"http:\/\/www.golftravellers.com\/reiseziele\/schottland\/golfplaetze-in-schottland\/south-west-region-scotland\/"},"modified":"2016-11-18T10:28:00","modified_gmt":"2016-11-18T10:28:00","slug":"suedwest","status":"publish","type":"page","link":"https:\/\/www.golftravellers.com\/de\/reiseziele\/schottland\/golfplaetze-in-schottland\/suedwest\/","title":{"rendered":"S\u00fcdwest"},"content":{"rendered":"<div class=\"two-thirds first\">\n<p>\u00a0<br \/>\n Mit Glasgow liegt die gr\u00f6\u00dfte Stadt Schottlands in dieser Region. Einige der ber\u00fchmtesten Golfpl\u00e4tze befinden sich an der Atlantikk\u00fcste, 45 Minuten s\u00fcdlich von Glasgow. Die wichtigsten Pl\u00e4tze sind der Old Course bei Royal Troon, Prestwick, Western Gailes sowie der Ailsa Course\u00a0 bei Turnberry, den viele Golfer f\u00fcr den besten Platz in ganz Gro\u00dfbritannien halten.<\/p>\n<p>&nbsp;<\/p>\n<p class=\"error\">Basic Google Maps Placemarks (Ortsmarken) Fehler: JavaScript und\/oder CSS Dateien sind niche geladen. Falls Sie do_shortcode() verwenden, m\u00fcssen Sie erst einen Filter zu Ihrem Theme hinzuf\u00fcgen. Schauen Sie in <a href=\"http:\/\/wordpress.org\/extend\/plugins\/basic-google-maps-placemarks\/faq\/\">die FAQ<\/a> f\u00fcr weitere Details.<\/p>\n<\/div>\n<div class=\"one-third\">\n<h2>Golfregionen<\/h2>\n<ul>\n<li><a title=\"St Andrews Region\" href=\"https:\/\/www.golftravellers.com\/de\/reiseziele\/schottland\/golfplaetze-in-schottland\/st-andrews\/\">St Andrews<\/a><\/li>\n<li><a title=\"Highlands Region\" href=\"https:\/\/www.golftravellers.com\/de\/reiseziele\/schottland\/golfplaetze-in-schottland\/highlands-region\/\">Highlands<\/a><\/li>\n<li><a title=\"S\u00fcdwest-Region\" href=\"https:\/\/www.golftravellers.com\/de\/reiseziele\/schottland\/golfplaetze-in-schottland\/suedwest\/\">S\u00fcdwest<\/a><\/li>\n<li><a title=\"S\u00fcdost-Region\" href=\"https:\/\/www.golftravellers.com\/de\/reiseziele\/schottland\/golfplaetze-in-schottland\/suedost\/\">S\u00fcdost<\/a><\/li>\n<li><a title=\"Zentralregion\" href=\"https:\/\/www.golftravellers.com\/de\/reiseziele\/schottland\/golfplaetze-in-schottland\/zentralregion\/\">Zentral<\/a><\/li>\n<li><a title=\"Nordost-Region\" href=\"https:\/\/www.golftravellers.com\/de\/reiseziele\/schottland\/golfplaetze-in-schottland\/nordosten\/\">Nordost<\/a><\/li>\n<\/ul>\n<h2 id=\"southwest\">Golfpl\u00e4tze<\/h2>\n<ul id=\"bgmp_list\" class=\"bgmp_list\"><li id=\"bgmp_list-item-24119\" class=\"bgmp_list-item\">\n\t<h3 class=\"bgmp_list-placemark-title\">\n\t\tDundonald Links\n\t\t\t\t\t<span class=\"bgmp_view-on-map-container\">\n\t\t\t\t[<a href=\"javascript:;\" data-marker-id=\"24119\" class=\"bgmp_view-on-map\">\n\t\t\t\t\tAuf der Karte anzeigen\t\t\t\t<\/a>]\n\t\t\t<\/span>\n\t\t\t<\/h3>\n\n\t<div class=\"bgmp_list-description\">\n\t\t\t\t<p><a href=\"https:\/\/www.golftravellers.com\/de\/reiseziele\/schottland\/golfplaetze-in-schottland\/suedwest\/dundonald\/\"><img loading=\"lazy\" decoding=\"async\" class=\"aligncenter size-full wp-image-4457\" src=\"https:\/\/www.golftravellers.com\/wp-content\/uploads\/2014\/06\/Dundonald-golf-links.jpg\" alt=\"Dundonald golf links\" width=\"150\" height=\"100\" \/><\/a><\/p>\n<p><a title=\"Dundonald\" href=\"https:\/\/www.golftravellers.com\/de\/reiseziele\/schottland\/golfplaetze-in-schottland\/suedwest\/dundonald\/\">Klicken Sie hier f\u00fcr Bilder und Einzelheiten \u00fcber den Platz<\/a><\/p>\n\t<\/div>\n\n\t<p class=\"bgmp_list-link\">\n\t\t<a href=\"http:\/\/google.com\/maps?q=\">\n\t\t\t\t\t<\/a>\n\t<\/p>\n<\/li>\n<li id=\"bgmp_list-item-24151\" class=\"bgmp_list-item\">\n\t<h3 class=\"bgmp_list-placemark-title\">\n\t\tGlasgow Gailes\n\t\t\t\t\t<span class=\"bgmp_view-on-map-container\">\n\t\t\t\t[<a href=\"javascript:;\" data-marker-id=\"24151\" class=\"bgmp_view-on-map\">\n\t\t\t\t\tAuf der Karte anzeigen\t\t\t\t<\/a>]\n\t\t\t<\/span>\n\t\t\t<\/h3>\n\n\t<div class=\"bgmp_list-description\">\n\t\t\t\t<p><a href=\"https:\/\/www.golftravellers.com\/de\/reiseziele\/schottland\/golfplaetze-in-schottland\/suedwest\/glasgow-gailes\/\"><img loading=\"lazy\" decoding=\"async\" class=\"aligncenter size-full wp-image-4394\" src=\"https:\/\/www.golftravellers.com\/wp-content\/uploads\/2014\/06\/Green-at-Glasgow-Gailes.jpg\" alt=\"Green at Glasgow Gailes\" width=\"150\" height=\"97\" \/><\/a><\/p>\n<p><a title=\"Glasgow Gailes\" href=\"https:\/\/www.golftravellers.com\/de\/reiseziele\/schottland\/golfplaetze-in-schottland\/suedwest\/glasgow-gailes\/\">Klicken Sie hier f\u00fcr Bilder und Einzelheiten \u00fcber den Platz<\/a><\/p>\n\t<\/div>\n\n\t<p class=\"bgmp_list-link\">\n\t\t<a href=\"http:\/\/google.com\/maps?q=\">\n\t\t\t\t\t<\/a>\n\t<\/p>\n<\/li>\n<li id=\"bgmp_list-item-24236\" class=\"bgmp_list-item\">\n\t<h3 class=\"bgmp_list-placemark-title\">\n\t\tMachrie\n\t\t\t\t\t<span class=\"bgmp_view-on-map-container\">\n\t\t\t\t[<a href=\"javascript:;\" data-marker-id=\"24236\" class=\"bgmp_view-on-map\">\n\t\t\t\t\tAuf der Karte anzeigen\t\t\t\t<\/a>]\n\t\t\t<\/span>\n\t\t\t<\/h3>\n\n\t<div class=\"bgmp_list-description\">\n\t\t\t\t<p><a href=\"https:\/\/www.golftravellers.com\/de\/reiseziele\/schottland\/golfplaetze-in-schottland\/suedwest\/machrie\/\"><img loading=\"lazy\" decoding=\"async\" class=\"aligncenter size-full wp-image-4412\" src=\"https:\/\/www.golftravellers.com\/wp-content\/uploads\/2014\/06\/Hole-at-Machrie-Golf-course.jpg\" alt=\"Hole at Machrie Golf course\" width=\"150\" height=\"113\" \/><\/a><\/p>\n<p><a title=\"Machrie\" href=\"https:\/\/www.golftravellers.com\/de\/reiseziele\/schottland\/golfplaetze-in-schottland\/suedwest\/machrie\/\">Klicken Sie hier f\u00fcr Bilder und Einzelheiten \u00fcber den Platz<\/a><\/p>\n\t<\/div>\n\n\t<p class=\"bgmp_list-link\">\n\t\t<a href=\"http:\/\/google.com\/maps?q=\">\n\t\t\t\t\t<\/a>\n\t<\/p>\n<\/li>\n<li id=\"bgmp_list-item-24238\" class=\"bgmp_list-item\">\n\t<h3 class=\"bgmp_list-placemark-title\">\n\t\tMachrihanish\n\t\t\t\t\t<span class=\"bgmp_view-on-map-container\">\n\t\t\t\t[<a href=\"javascript:;\" data-marker-id=\"24238\" class=\"bgmp_view-on-map\">\n\t\t\t\t\tAuf der Karte anzeigen\t\t\t\t<\/a>]\n\t\t\t<\/span>\n\t\t\t<\/h3>\n\n\t<div class=\"bgmp_list-description\">\n\t\t\t\t<p><a href=\"https:\/\/www.golftravellers.com\/de\/reiseziele\/schottland\/golfplaetze-in-schottland\/suedwest\/machrihanish\/\"><img loading=\"lazy\" decoding=\"async\" class=\"aligncenter size-full wp-image-4421\" src=\"https:\/\/www.golftravellers.com\/wp-content\/uploads\/2014\/06\/Golfers-at-Machrihanish.jpg\" alt=\"Golfers at Machrihanish\" width=\"150\" height=\"113\" \/><\/a><\/p>\n<p><a href=\"https:\/\/www.golftravellers.com\/de\/reiseziele\/schottland\/golfplaetze-in-schottland\/suedwest\/machrihanish\/\">Klicken Sie hier f\u00fcr Bilder und Einzelheiten \u00fcber den Platz<\/a><\/p>\n\t<\/div>\n\n\t<p class=\"bgmp_list-link\">\n\t\t<a href=\"http:\/\/google.com\/maps?q=\">\n\t\t\t\t\t<\/a>\n\t<\/p>\n<\/li>\n<li id=\"bgmp_list-item-24240\" class=\"bgmp_list-item\">\n\t<h3 class=\"bgmp_list-placemark-title\">\n\t\tMachrihanish Dunes\n\t\t\t\t\t<span class=\"bgmp_view-on-map-container\">\n\t\t\t\t[<a href=\"javascript:;\" data-marker-id=\"24240\" class=\"bgmp_view-on-map\">\n\t\t\t\t\tAuf der Karte anzeigen\t\t\t\t<\/a>]\n\t\t\t<\/span>\n\t\t\t<\/h3>\n\n\t<div class=\"bgmp_list-description\">\n\t\t\t\t<p><a href=\"https:\/\/www.golftravellers.com\/de\/reiseziele\/schottland\/golfplaetze-in-schottland\/suedwest\/machrihanish-dunes\/\"><img loading=\"lazy\" decoding=\"async\" class=\"aligncenter size-full wp-image-4349\" src=\"https:\/\/www.golftravellers.com\/wp-content\/uploads\/2014\/06\/Machrihanish-Dunes-hole-next-to-the-beach.jpg\" alt=\"Machrihanish Dunes hole next to the beach\" width=\"150\" height=\"100\" \/><\/a><\/p>\n<p><a title=\"Machrihanish Dunes\" href=\"https:\/\/www.golftravellers.com\/de\/reiseziele\/schottland\/golfplaetze-in-schottland\/suedwest\/machrihanish-dunes\/\">Klicken Sie hier f\u00fcr Bilder und Einzelheiten \u00fcber den Platz<\/a><\/p>\n\t<\/div>\n\n\t<p class=\"bgmp_list-link\">\n\t\t<a href=\"http:\/\/google.com\/maps?q=\">\n\t\t\t\t\t<\/a>\n\t<\/p>\n<\/li>\n<li id=\"bgmp_list-item-24320\" class=\"bgmp_list-item\">\n\t<h3 class=\"bgmp_list-placemark-title\">\n\t\tPrestwick\n\t\t\t\t\t<span class=\"bgmp_view-on-map-container\">\n\t\t\t\t[<a href=\"javascript:;\" data-marker-id=\"24320\" class=\"bgmp_view-on-map\">\n\t\t\t\t\tAuf der Karte anzeigen\t\t\t\t<\/a>]\n\t\t\t<\/span>\n\t\t\t<\/h3>\n\n\t<div class=\"bgmp_list-description\">\n\t\t\t\t<p><a href=\"https:\/\/www.golftravellers.com\/de\/reiseziele\/schottland\/golfplaetze-in-schottland\/suedwest\/prestwick\/\"><img loading=\"lazy\" decoding=\"async\" class=\"aligncenter size-full wp-image-4385\" src=\"https:\/\/www.golftravellers.com\/wp-content\/uploads\/2014\/06\/Prestwick-3rd-hole.jpg\" alt=\"Prestwick 3rd hole\" width=\"150\" height=\"113\" \/><\/a><\/p>\n<p><a title=\"Prestwick\" href=\"https:\/\/www.golftravellers.com\/de\/reiseziele\/schottland\/golfplaetze-in-schottland\/suedwest\/prestwick\/\">Klicken Sie hier f\u00fcr Bilder und Einzelheiten \u00fcber den Platz<\/a><\/p>\n\t<\/div>\n\n\t<p class=\"bgmp_list-link\">\n\t\t<a href=\"http:\/\/google.com\/maps?q=\">\n\t\t\t\t\t<\/a>\n\t<\/p>\n<\/li>\n<li id=\"bgmp_list-item-24376\" class=\"bgmp_list-item\">\n\t<h3 class=\"bgmp_list-placemark-title\">\n\t\tRowallan Castle\n\t\t\t\t\t<span class=\"bgmp_view-on-map-container\">\n\t\t\t\t[<a href=\"javascript:;\" data-marker-id=\"24376\" class=\"bgmp_view-on-map\">\n\t\t\t\t\tAuf der Karte anzeigen\t\t\t\t<\/a>]\n\t\t\t<\/span>\n\t\t\t<\/h3>\n\n\t<div class=\"bgmp_list-description\">\n\t\t\t\t<p><a href=\"https:\/\/www.golftravellers.com\/de\/reiseziele\/schottland\/golfplaetze-in-schottland\/suedwest\/rowallan-castle\/\"><img loading=\"lazy\" decoding=\"async\" class=\"aligncenter size-full wp-image-4471\" src=\"https:\/\/www.golftravellers.com\/wp-content\/uploads\/2014\/06\/Rowallan-Castle-golf-course.jpg\" alt=\"Rowallan Castle golf course\" width=\"150\" height=\"99\" \/><\/a><\/p>\n<p><a title=\"Rowallan Castle\" href=\"https:\/\/www.golftravellers.com\/de\/reiseziele\/schottland\/golfplaetze-in-schottland\/suedwest\/rowallan-castle\/\">Klicken Sie hier f\u00fcr Bilder und Einzelheiten \u00fcber den Platz<\/a><\/p>\n\t<\/div>\n\n\t<p class=\"bgmp_list-link\">\n\t\t<a href=\"http:\/\/google.com\/maps?q=\">\n\t\t\t\t\t<\/a>\n\t<\/p>\n<\/li>\n<li id=\"bgmp_list-item-24414\" class=\"bgmp_list-item\">\n\t<h3 class=\"bgmp_list-placemark-title\">\n\t\tRoyal Troon (Old Course)\n\t\t\t\t\t<span class=\"bgmp_view-on-map-container\">\n\t\t\t\t[<a href=\"javascript:;\" data-marker-id=\"24414\" class=\"bgmp_view-on-map\">\n\t\t\t\t\tAuf der Karte anzeigen\t\t\t\t<\/a>]\n\t\t\t<\/span>\n\t\t\t<\/h3>\n\n\t<div class=\"bgmp_list-description\">\n\t\t\t\t<p><a href=\"https:\/\/www.golftravellers.com\/de\/reiseziele\/schottland\/golfplaetze-in-schottland\/suedwest\/royal-troon-old-course\/\"><img loading=\"lazy\" decoding=\"async\" class=\"aligncenter size-full wp-image-4439\" src=\"https:\/\/www.golftravellers.com\/wp-content\/uploads\/2014\/06\/The-postage-stamp-8th-hole-on-the-Old-Course-at-Royal-Troon.jpg\" alt=\"The postage stamp 8th hole on the Old Course at Royal Troon\" width=\"150\" height=\"98\" \/><\/a><\/p>\n<p><a title=\"Royal Troon Old Course\" href=\"https:\/\/www.golftravellers.com\/de\/reiseziele\/schottland\/golfplaetze-in-schottland\/suedwest\/royal-troon-old-course\/\">Klicken Sie hier f\u00fcr Bilder und Einzelheiten \u00fcber den Platz<\/a><\/p>\n\t<\/div>\n\n\t<p class=\"bgmp_list-link\">\n\t\t<a href=\"http:\/\/google.com\/maps?q=\">\n\t\t\t\t\t<\/a>\n\t<\/p>\n<\/li>\n<li id=\"bgmp_list-item-24479\" class=\"bgmp_list-item\">\n\t<h3 class=\"bgmp_list-placemark-title\">\n\t\tThe Carrick (Loch Lomond)\n\t\t\t\t\t<span class=\"bgmp_view-on-map-container\">\n\t\t\t\t[<a href=\"javascript:;\" data-marker-id=\"24479\" class=\"bgmp_view-on-map\">\n\t\t\t\t\tAuf der Karte anzeigen\t\t\t\t<\/a>]\n\t\t\t<\/span>\n\t\t\t<\/h3>\n\n\t<div class=\"bgmp_list-description\">\n\t\t\t\t<p><a href=\"https:\/\/www.golftravellers.com\/de\/reiseziele\/schottland\/golfplaetze-in-schottland\/suedwest\/the-carrick-loch-lomond\/\"><img loading=\"lazy\" decoding=\"async\" class=\"alignnone wp-image-4403 size-full\" src=\"https:\/\/www.golftravellers.com\/wp-content\/uploads\/2014\/06\/Lake-view-from-the-Carrick-golf-course-e1410859063928.jpg\" alt=\"Loch view from the Carrick golf course\" width=\"150\" height=\"86\" \/><\/a><\/p>\n<p><a title=\"The Carrick Loch Lomond\" href=\"https:\/\/www.golftravellers.com\/de\/reiseziele\/schottland\/golfplaetze-in-schottland\/suedwest\/the-carrick-loch-lomond\/\">Klicken Sie hier f\u00fcr Bilder und Einzelheiten \u00fcber den Platz<\/a><\/p>\n\t<\/div>\n\n\t<p class=\"bgmp_list-link\">\n\t\t<a href=\"http:\/\/google.com\/maps?q=\">\n\t\t\t\t\t<\/a>\n\t<\/p>\n<\/li>\n<li id=\"bgmp_list-item-24504\" class=\"bgmp_list-item\">\n\t<h3 class=\"bgmp_list-placemark-title\">\n\t\tTurnberry (Ailsa)\n\t\t\t\t\t<span class=\"bgmp_view-on-map-container\">\n\t\t\t\t[<a href=\"javascript:;\" data-marker-id=\"24504\" class=\"bgmp_view-on-map\">\n\t\t\t\t\tAuf der Karte anzeigen\t\t\t\t<\/a>]\n\t\t\t<\/span>\n\t\t\t<\/h3>\n\n\t<div class=\"bgmp_list-description\">\n\t\t\t\t<p><a href=\"https:\/\/www.golftravellers.com\/de\/reiseziele\/schottland\/golfplaetze-in-schottland\/suedwest\/ailsa-turnberry\/\"><img loading=\"lazy\" decoding=\"async\" class=\"aligncenter size-full wp-image-4448\" src=\"https:\/\/www.golftravellers.com\/wp-content\/uploads\/2014\/06\/Aerial-view-of-the-lighthouse-on-the-Ailsa-golf-course-at-Turnberry.jpg\" alt=\"Aerial view of the lighthouse on the Ailsa golf course at Turnberry\" width=\"150\" height=\"100\" \/><\/a><\/p>\n<p><a title=\"Ailsa Turnberry\" href=\"https:\/\/www.golftravellers.com\/de\/reiseziele\/schottland\/golfplaetze-in-schottland\/suedwest\/ailsa-turnberry\/\">Klicken Sie hier f\u00fcr Bilder und Einzelheiten \u00fcber den Platz<\/a><\/p>\n\t<\/div>\n\n\t<p class=\"bgmp_list-link\">\n\t\t<a href=\"http:\/\/google.com\/maps?q=\">\n\t\t\t\t\t<\/a>\n\t<\/p>\n<\/li>\n<li id=\"bgmp_list-item-24528\" class=\"bgmp_list-item\">\n\t<h3 class=\"bgmp_list-placemark-title\">\n\t\tWestern Gailes\n\t\t\t\t\t<span class=\"bgmp_view-on-map-container\">\n\t\t\t\t[<a href=\"javascript:;\" data-marker-id=\"24528\" class=\"bgmp_view-on-map\">\n\t\t\t\t\tAuf der Karte anzeigen\t\t\t\t<\/a>]\n\t\t\t<\/span>\n\t\t\t<\/h3>\n\n\t<div class=\"bgmp_list-description\">\n\t\t\t\t<p><a href=\"https:\/\/www.golftravellers.com\/de\/reiseziele\/schottland\/golfplaetze-in-schottland\/suedwest\/western-gailes\/\"><img loading=\"lazy\" decoding=\"async\" class=\"aligncenter size-full wp-image-4430\" src=\"https:\/\/www.golftravellers.com\/wp-content\/uploads\/2014\/06\/Green-at-Western-Gailes-golf-course.jpg\" alt=\"Green at Western Gailes golf course\" width=\"150\" height=\"100\" \/><\/a><\/p>\n<p><a title=\"Western Gailes\" href=\"https:\/\/www.golftravellers.com\/de\/reiseziele\/schottland\/golfplaetze-in-schottland\/suedwest\/western-gailes\/\">Klicken Sie hier f\u00fcr Bilder und Einzelheiten \u00fcber den Platz<\/a><\/p>\n\t<\/div>\n\n\t<p class=\"bgmp_list-link\">\n\t\t<a href=\"http:\/\/google.com\/maps?q=\">\n\t\t\t\t\t<\/a>\n\t<\/p>\n<\/li>\n<\/ul>\n<\/div>\n","protected":false},"excerpt":{"rendered":"<p>\u00a0 Mit Glasgow liegt die gr\u00f6\u00dfte Stadt Schottlands in dieser Region. Einige der ber\u00fchmtesten Golfpl\u00e4tze befinden sich an der Atlantikk\u00fcste, 45 Minuten s\u00fcdlich von Glasgow. Die wichtigsten Pl\u00e4tze sind der Old Course bei Royal Troon, Prestwick, Western Gailes sowie der Ailsa Course\u00a0 bei Turnberry, den viele Golfer f\u00fcr den besten Platz in ganz Gro\u00dfbritannien halten. [&hellip;]<\/p>\n","protected":false},"author":10,"featured_media":30302,"parent":17021,"menu_order":0,"comment_status":"open","ping_status":"open","template":"","meta":{"_genesis_hide_title":false,"_genesis_hide_breadcrumbs":false,"_genesis_hide_singular_image":false,"_genesis_hide_footer_widgets":false,"_genesis_custom_body_class":"","_genesis_custom_post_class":"","_genesis_layout":"full-width-content","footnotes":""},"class_list":{"0":"post-17035","1":"page","2":"type-page","3":"status-publish","4":"has-post-thumbnail","6":"entry"},"_links":{"self":[{"href":"https:\/\/www.golftravellers.com\/de\/wp-json\/wp\/v2\/pages\/17035","targetHints":{"allow":["GET"]}}],"collection":[{"href":"https:\/\/www.golftravellers.com\/de\/wp-json\/wp\/v2\/pages"}],"about":[{"href":"https:\/\/www.golftravellers.com\/de\/wp-json\/wp\/v2\/types\/page"}],"author":[{"embeddable":true,"href":"https:\/\/www.golftravellers.com\/de\/wp-json\/wp\/v2\/users\/10"}],"replies":[{"embeddable":true,"href":"https:\/\/www.golftravellers.com\/de\/wp-json\/wp\/v2\/comments?post=17035"}],"version-history":[{"count":13,"href":"https:\/\/www.golftravellers.com\/de\/wp-json\/wp\/v2\/pages\/17035\/revisions"}],"predecessor-version":[{"id":31500,"href":"https:\/\/www.golftravellers.com\/de\/wp-json\/wp\/v2\/pages\/17035\/revisions\/31500"}],"up":[{"embeddable":true,"href":"https:\/\/www.golftravellers.com\/de\/wp-json\/wp\/v2\/pages\/17021"}],"wp:featuredmedia":[{"embeddable":true,"href":"https:\/\/www.golftravellers.com\/de\/wp-json\/wp\/v2\/media\/30302"}],"wp:attachment":[{"href":"https:\/\/www.golftravellers.com\/de\/wp-json\/wp\/v2\/media?parent=17035"}],"curies":[{"name":"wp","href":"https:\/\/api.w.org\/{rel}","templated":true}]}}