{"id":16657,"date":"2014-11-20T17:28:55","date_gmt":"2014-11-20T17:28:55","guid":{"rendered":"http:\/\/www.golftravellers.com\/?page_id=16657"},"modified":"2017-04-24T15:45:19","modified_gmt":"2017-04-24T14:45:19","slug":"irland","status":"publish","type":"page","link":"https:\/\/www.golftravellers.com\/de\/reiseziele\/irland\/","title":{"rendered":"Irland"},"content":{"rendered":"<p><a href=\"https:\/\/www.golftravellers.com\/de\/reiseziele\/irland\/golfplatze-in-irland\/\"><img loading=\"lazy\" decoding=\"async\" class=\"alignright wp-image-2697 size-medium\" src=\"https:\/\/www.golftravellers.com\/wp-content\/uploads\/2014\/06\/irish-map-253x300.png\" alt=\"Irlandkarte einschlie\u00dflich der Hauptregionen f\u00fcr Golfpl\u00e4tze\" width=\"253\" height=\"300\" srcset=\"https:\/\/www.golftravellers.com\/wp-content\/uploads\/2014\/06\/irish-map-253x300.png 253w, https:\/\/www.golftravellers.com\/wp-content\/uploads\/2014\/06\/irish-map.png 550w\" sizes=\"auto, (max-width: 253px) 100vw, 253px\" \/><\/a><em>Gestalten Sie Ihre Golfreise in Irland und Nordirland mit dem preisgekr<em>\u00f6nten Golfreisenbetreiber<\/em><\/em><\/p>\n<p>Seine anf\u00e4ngliche Bl\u00fctezeit erlebte der Golfsport in Irland am Anfang des 19. Jarhunderts mit renommierten Clubs wie Portmarnock, Royal Dublin, County Sligo und Ballybunion. Zwischen 1900 und 1920 wurden mehr als 100 Golfanlagen errichtet, wobei die Wachstumsrate in den Folgejahren merklich sank als Clubs wie The European Club, Carne, Ballyliffin and Connemara gegr\u00fcndet wurden.<\/p>\n<p>Dann erfuhr der irische Golf zwischen 1990 und 2005 einen regelrechten Boom: Es wurden mehr als 150 Pl\u00e4tze gebaut einschlie\u00dflich des ber\u00fchmten K Club Resorts, Mount Juliet, Carton House und Old Head. Heute hat Irland &#8211; wie Schottland auch &#8211; eine enorme Bandbreite an Golfkursen anzubieten, insgesamt 415.<\/p>\n<p>Entdecken Sie unser Angebot auf der <a href=\"https:\/\/www.golftravellers.com\/de\/reiseziele\/irland\/beispielpakete-irland\/\">Basispakete<\/a>-Seite oder besuchen Sie die <a title=\"Golf Courses in Scotland\" href=\"https:\/\/www.golftravellers.com\/de\/reiseziele\/irland\/golfplatze-in-irland\/\">Golfpl\u00e4tze<\/a> auf der Karte. Wir haben f\u00fcr Sie 70 der besten Analgen aufgef\u00fchrt und das Land in 4 Hauptgolfregionen unterteilt.<\/p>\n<p>Unser auf das Organisieren und Planen von Golfreisen in Irland spezialisiertes Team wird Sie pers\u00f6nlich beraten und w\u00e4hrend Ihrer Golfreise in Irland jederzeit zu erreichen sein.<br \/>\n <a title=\"Contact Us\" href=\"https:\/\/www.golftravellers.com\/de\/kontakt\/\">Kontaktieren<\/a> Sie uns bitte f\u00fcr weitere Informationen.<\/p>\n<p><a href=\"https:\/\/www.golftravellers.com\/de\/reiseziele\/irland\/beispielpakete-irland\/\"><img loading=\"lazy\" decoding=\"async\" class=\"aligncenter wp-image-14743 size-large\" src=\"https:\/\/www.golftravellers.com\/wp-content\/uploads\/2014\/04\/footer-destination-ireland-1024x256.png\" alt=\"Bilder von Golfpl\u00e4tzen in Irland\" width=\"1024\" height=\"256\" srcset=\"https:\/\/www.golftravellers.com\/wp-content\/uploads\/2014\/04\/footer-destination-ireland-1024x256.png 1024w, https:\/\/www.golftravellers.com\/wp-content\/uploads\/2014\/04\/footer-destination-ireland-300x75.png 300w, https:\/\/www.golftravellers.com\/wp-content\/uploads\/2014\/04\/footer-destination-ireland.png 1160w\" sizes=\"auto, (max-width: 1024px) 100vw, 1024px\" \/><\/a><\/p>\n<div class=\"one-third first\" style=\"text-align: center;\"><a class=\"button\" href=\"https:\/\/www.golftravellers.com\/de\/reiseziele\/irland\/beispielpakete-irland\/\">Basispakete<\/a><\/div>\n<div class=\"one-third\" style=\"text-align: center;\"><a class=\"button\" href=\"https:\/\/www.golftravellers.com\/de\/kontakt\/rueckrufwunsch\/\">R\u00fcckrufwunsch<\/a><\/div>\n<div class=\"one-third\" style=\"text-align: center;\"><a class=\"button\" href=\"https:\/\/www.golftravellers.com\/de\/kontakt\/angebot-anfordern\/\">Angebot anfordern<\/a><\/div>\n","protected":false},"excerpt":{"rendered":"<p>Gestalten Sie Ihre Golfreise in Irland und Nordirland mit dem preisgekr\u00f6nten Golfreisenbetreiber Seine anf\u00e4ngliche Bl\u00fctezeit erlebte der Golfsport in Irland am Anfang des 19. Jarhunderts mit renommierten Clubs wie Portmarnock, Royal Dublin, County Sligo und Ballybunion. Zwischen 1900 und 1920 wurden mehr als 100 Golfanlagen errichtet, wobei die Wachstumsrate in den Folgejahren merklich sank als [&hellip;]<\/p>\n","protected":false},"author":10,"featured_media":30618,"parent":16650,"menu_order":20,"comment_status":"open","ping_status":"closed","template":"","meta":{"_genesis_hide_title":false,"_genesis_hide_breadcrumbs":false,"_genesis_hide_singular_image":false,"_genesis_hide_footer_widgets":false,"_genesis_custom_body_class":"","_genesis_custom_post_class":"","_genesis_layout":"content-sidebar","footnotes":""},"class_list":{"0":"post-16657","1":"page","2":"type-page","3":"status-publish","4":"has-post-thumbnail","6":"entry"},"_links":{"self":[{"href":"https:\/\/www.golftravellers.com\/de\/wp-json\/wp\/v2\/pages\/16657","targetHints":{"allow":["GET"]}}],"collection":[{"href":"https:\/\/www.golftravellers.com\/de\/wp-json\/wp\/v2\/pages"}],"about":[{"href":"https:\/\/www.golftravellers.com\/de\/wp-json\/wp\/v2\/types\/page"}],"author":[{"embeddable":true,"href":"https:\/\/www.golftravellers.com\/de\/wp-json\/wp\/v2\/users\/10"}],"replies":[{"embeddable":true,"href":"https:\/\/www.golftravellers.com\/de\/wp-json\/wp\/v2\/comments?post=16657"}],"version-history":[{"count":7,"href":"https:\/\/www.golftravellers.com\/de\/wp-json\/wp\/v2\/pages\/16657\/revisions"}],"predecessor-version":[{"id":37436,"href":"https:\/\/www.golftravellers.com\/de\/wp-json\/wp\/v2\/pages\/16657\/revisions\/37436"}],"up":[{"embeddable":true,"href":"https:\/\/www.golftravellers.com\/de\/wp-json\/wp\/v2\/pages\/16650"}],"wp:featuredmedia":[{"embeddable":true,"href":"https:\/\/www.golftravellers.com\/de\/wp-json\/wp\/v2\/media\/30618"}],"wp:attachment":[{"href":"https:\/\/www.golftravellers.com\/de\/wp-json\/wp\/v2\/media?parent=16657"}],"curies":[{"name":"wp","href":"https:\/\/api.w.org\/{rel}","templated":true}]}}