{"id":16656,"date":"2014-04-04T08:07:26","date_gmt":"2014-04-04T07:07:26","guid":{"rendered":"http:\/\/www.golftravellers.com\/destinations-roberts-test-german-page\/scotland\/"},"modified":"2017-04-24T15:25:39","modified_gmt":"2017-04-24T14:25:39","slug":"schottland","status":"publish","type":"page","link":"https:\/\/www.golftravellers.com\/de\/reiseziele\/schottland\/","title":{"rendered":"Schottland"},"content":{"rendered":"<p><a href=\"https:\/\/www.golftravellers.com\/de\/reiseziele\/schottland\/golfplaetze-in-schottland\/\"><img loading=\"lazy\" decoding=\"async\" class=\"alignright wp-image-2658 size-medium\" src=\"https:\/\/www.golftravellers.com\/wp-content\/uploads\/2014\/06\/scotland-map-208x300.png\" alt=\"Schottlandkarte einschlie\u00dflich der Hauptregionen f\u00fcr Golfpl\u00e4tze\" width=\"208\" height=\"300\" srcset=\"https:\/\/www.golftravellers.com\/wp-content\/uploads\/2014\/06\/scotland-map-208x300.png 208w, https:\/\/www.golftravellers.com\/wp-content\/uploads\/2014\/06\/scotland-map.png 550w\" sizes=\"auto, (max-width: 208px) 100vw, 208px\" \/><\/a><em>Gestalten Sie Ihre Golfreise in Schottland mit dem preisgekr<\/em><em>\u00f6nten Golfreisenbetreiber mit Sitz in St Andrews<\/em><em>.<\/em><\/p>\n<p>Wir sind der Meinung, dass jeder Golfer mindestens einmal im Leben nach Schottland kommen sollte, um in der Geburtsst\u00e4tte des Golf den Urspr\u00fcngen des Spiels nachzugehen. Dank unserer ausgezeichneten Kenntnisse der hiesigen Golfindustrie werden wir sicherstellen, dass Sie Schottland von seiner sch\u00f6nsten Seite kennenlernen &#8211; einschlie\u00dflich seiner ber\u00fchmten Golfanlagen, seinem Reichtum an Kultur und Traditionen, atemberaubenden Landschaften, Burgen und Schl\u00f6ssern, Whiskey und vieles mehr. Golftourismus in Schottland ist unheimlich beliebt und zieht Golfer aus aller Welt an, die auf den ber\u00fchmten Golfpl\u00e4tzen spielen wollen.<\/p>\n<p>Entdecken Sie unser Angebot auf der <a href=\"https:\/\/www.golftravellers.com\/de\/reiseziele\/schottland\/beispielpakete-schottland\/\">Basispakete<\/a>-Seite oder besuchen Sie die <a title=\"Golf Courses in Scotland\" href=\"https:\/\/www.golftravellers.com\/de\/reiseziele\/schottland\/golfplaetze-in-schottland\/\">Golfpl\u00e4tze<\/a> auf der Schottlandkarte. Um Ihnen die Suche nach den besten Pl\u00e4tzen zu erleichtern, haben wir Schottland in 6 unterschiedliche Regionen unterteilt.<\/p>\n<p><a title=\"Contact Us\" href=\"https:\/\/www.golftravellers.com\/de\/kontakt\/\">Kontaktieren<\/a> Sie uns bitte f\u00fcr weitere Informationen oder bitten Sie uns um ein Angebot f\u00fcr Ihre ma\u00dfgeschneiderte Reise.<\/p>\n<p><a href=\"https:\/\/www.golftravellers.com\/de\/reiseziele\/schottland\/beispielpakete-schottland\/\"><img loading=\"lazy\" decoding=\"async\" class=\"aligncenter wp-image-14164 size-large\" src=\"https:\/\/www.golftravellers.com\/wp-content\/uploads\/2014\/04\/footer-destination-scotland1-1024x261.png\" alt=\"Bilder von Golfpl\u00e4tzen in Schottland\" width=\"1024\" height=\"261\" srcset=\"https:\/\/www.golftravellers.com\/wp-content\/uploads\/2014\/04\/footer-destination-scotland1-1024x261.png 1024w, https:\/\/www.golftravellers.com\/wp-content\/uploads\/2014\/04\/footer-destination-scotland1-300x76.png 300w, https:\/\/www.golftravellers.com\/wp-content\/uploads\/2014\/04\/footer-destination-scotland1.png 1136w\" sizes=\"auto, (max-width: 1024px) 100vw, 1024px\" \/><\/a><\/p>\n<div class=\"one-third first\" style=\"text-align: center;\"><a class=\"button\" href=\"https:\/\/www.golftravellers.com\/de\/reiseziele\/schottland\/beispielpakete-schottland\/\">Basispakete<\/a><\/div>\n<div class=\"one-third\" style=\"text-align: center;\"><a class=\"button\" href=\"https:\/\/www.golftravellers.com\/de\/kontakt\/rueckrufwunsch\/\">R\u00fcckrufwunsch<\/a><\/div>\n<div class=\"one-third\" style=\"text-align: center;\"><a class=\"button\" href=\"https:\/\/www.golftravellers.com\/de\/kontakt\/angebot-anfordern\/\">Angebot anfordern<\/a><\/div>\n","protected":false},"excerpt":{"rendered":"<p>Gestalten Sie Ihre Golfreise in Schottland mit dem preisgekr\u00f6nten Golfreisenbetreiber mit Sitz in St Andrews. Wir sind der Meinung, dass jeder Golfer mindestens einmal im Leben nach Schottland kommen sollte, um in der Geburtsst\u00e4tte des Golf den Urspr\u00fcngen des Spiels nachzugehen. Dank unserer ausgezeichneten Kenntnisse der hiesigen Golfindustrie werden wir sicherstellen, dass Sie Schottland von [&hellip;]<\/p>\n","protected":false},"author":10,"featured_media":30600,"parent":16650,"menu_order":10,"comment_status":"open","ping_status":"closed","template":"","meta":{"_genesis_hide_title":false,"_genesis_hide_breadcrumbs":false,"_genesis_hide_singular_image":false,"_genesis_hide_footer_widgets":false,"_genesis_custom_body_class":"","_genesis_custom_post_class":"","_genesis_layout":"content-sidebar","footnotes":""},"class_list":{"0":"post-16656","1":"page","2":"type-page","3":"status-publish","4":"has-post-thumbnail","6":"entry"},"_links":{"self":[{"href":"https:\/\/www.golftravellers.com\/de\/wp-json\/wp\/v2\/pages\/16656","targetHints":{"allow":["GET"]}}],"collection":[{"href":"https:\/\/www.golftravellers.com\/de\/wp-json\/wp\/v2\/pages"}],"about":[{"href":"https:\/\/www.golftravellers.com\/de\/wp-json\/wp\/v2\/types\/page"}],"author":[{"embeddable":true,"href":"https:\/\/www.golftravellers.com\/de\/wp-json\/wp\/v2\/users\/10"}],"replies":[{"embeddable":true,"href":"https:\/\/www.golftravellers.com\/de\/wp-json\/wp\/v2\/comments?post=16656"}],"version-history":[{"count":10,"href":"https:\/\/www.golftravellers.com\/de\/wp-json\/wp\/v2\/pages\/16656\/revisions"}],"predecessor-version":[{"id":37360,"href":"https:\/\/www.golftravellers.com\/de\/wp-json\/wp\/v2\/pages\/16656\/revisions\/37360"}],"up":[{"embeddable":true,"href":"https:\/\/www.golftravellers.com\/de\/wp-json\/wp\/v2\/pages\/16650"}],"wp:featuredmedia":[{"embeddable":true,"href":"https:\/\/www.golftravellers.com\/de\/wp-json\/wp\/v2\/media\/30600"}],"wp:attachment":[{"href":"https:\/\/www.golftravellers.com\/de\/wp-json\/wp\/v2\/media?parent=16656"}],"curies":[{"name":"wp","href":"https:\/\/api.w.org\/{rel}","templated":true}]}}