{"id":16650,"date":"2014-04-04T08:06:05","date_gmt":"2014-04-04T07:06:05","guid":{"rendered":"http:\/\/www.golftravellers.com\/destinations-2\/"},"modified":"2025-08-01T15:45:46","modified_gmt":"2025-08-01T14:45:46","slug":"reiseziele","status":"publish","type":"page","link":"https:\/\/www.golftravellers.com\/de\/reiseziele\/","title":{"rendered":"Reiseziele"},"content":{"rendered":"<p>Wir bieten Golfreisen in St. Andrews, Schottland, Irland, England, Wales und Brasilien f\u00fcr Einzelpersonen, kleine und gro\u00dfe Gruppen. Bitte w\u00e4hlen Sie unten ein Ziel aus, um mehr zu erfahren. <\/p>\n<section>\n<div class=\"one-third first\">\n<h4 style=\"text-align: center;\">~ ST ANDREWS ~<\/h4>\n<\/div>\n<div class=\"one-third\">\n<h4 style=\"text-align: center;\">~ SCOTLAND ~<\/h4>\n<\/div>\n<div class=\"one-third\" style=\"text-align: center;\">\n<h4>~ IRLAND ~<\/h4>\n<\/div>\n<div class=\"one-third first destinations\"><a href=\"https:\/\/www.golftravellers.com\/destinations\/scotland\/golf-courses-in-scotland\/st-andrews-region-scotland\/\"><img loading=\"lazy\" decoding=\"async\" class=\"alignnone size-full wp-image-12960\" src=\"https:\/\/www.golftravellers.com\/wp-content\/uploads\/2014\/09\/StAndrews_Destinations.jpg\" alt=\"Bild der ikonischen Br\u00fccke am St Andrews Old Course bei Sonnenuntergang\" width=\"380\" height=\"380\" srcset=\"https:\/\/www.golftravellers.com\/wp-content\/uploads\/2014\/09\/StAndrews_Destinations.jpg 380w, https:\/\/www.golftravellers.com\/wp-content\/uploads\/2014\/09\/StAndrews_Destinations-150x150.jpg 150w, https:\/\/www.golftravellers.com\/wp-content\/uploads\/2014\/09\/StAndrews_Destinations-300x300.jpg 300w\" sizes=\"auto, (max-width: 380px) 100vw, 380px\" \/><\/a><\/div>\n<div class=\"one-third destinations\"><a href=\"https:\/\/www.golftravellers.com\/destinations\/scotland\/\"><img loading=\"lazy\" decoding=\"async\" class=\"alignnone size-full wp-image-12952\" src=\"https:\/\/www.golftravellers.com\/wp-content\/uploads\/2014\/09\/Scotland_destinations.jpg\" alt=\"Bild von Golfgr\u00fcn, grasbewachsenen D\u00fcnen und Sandstrand mit Meer\" width=\"380\" height=\"380\" srcset=\"https:\/\/www.golftravellers.com\/wp-content\/uploads\/2014\/09\/Scotland_destinations.jpg 380w, https:\/\/www.golftravellers.com\/wp-content\/uploads\/2014\/09\/Scotland_destinations-150x150.jpg 150w, https:\/\/www.golftravellers.com\/wp-content\/uploads\/2014\/09\/Scotland_destinations-300x300.jpg 300w\" sizes=\"auto, (max-width: 380px) 100vw, 380px\" \/><\/a><\/div>\n<div class=\"one-third destinations\"><a href=\"https:\/\/www.golftravellers.com\/destinations\/ireland\/\"><img loading=\"lazy\" decoding=\"async\" class=\"alignnone size-full wp-image-12944\" src=\"https:\/\/www.golftravellers.com\/wp-content\/uploads\/2014\/09\/Ireland_Destinations.jpg\" alt=\"Golfer spielen an einem Loch neben Sandstrand und Meer\" width=\"380\" height=\"380\" srcset=\"https:\/\/www.golftravellers.com\/wp-content\/uploads\/2014\/09\/Ireland_Destinations.jpg 380w, https:\/\/www.golftravellers.com\/wp-content\/uploads\/2014\/09\/Ireland_Destinations-150x150.jpg 150w, https:\/\/www.golftravellers.com\/wp-content\/uploads\/2014\/09\/Ireland_Destinations-300x300.jpg 300w\" sizes=\"auto, (max-width: 380px) 100vw, 380px\" \/><\/a><\/div>\n<\/section>\n<div class=\"one-third destinations\"><\/div>\n<div class=\"one-third destinations\"><\/div>\n<section>\n<div class=\"one-third first\">\n<h4 style=\"text-align: center;\">~ SPANIEN ~<\/h4>\n<\/div>\n<div class=\"one-third\">\n<h4 style=\"text-align: center;\">~ MAROKKO<\/h4>\n<\/div>\n<div class=\"one-third\" style=\"text-align: center;\">\n<h4>~ PORTUGAL ~<\/h4>\n<\/div>\n<div class=\"one-third first destinations\"><a href=\"https:\/\/www.golftravellers.com\/destinations\/golf-holidays-in-spain\/\"><img loading=\"lazy\" decoding=\"async\" class=\"alignnone size-full wp-image-26913\" src=\"https:\/\/www.golftravellers.com\/wp-content\/uploads\/2014\/04\/destination-spain.jpg\" alt=\"Golfer auf dem Golfplatz von Abama in Spanien\" width=\"380\" height=\"380\" srcset=\"https:\/\/www.golftravellers.com\/wp-content\/uploads\/2014\/04\/destination-spain.jpg 380w, https:\/\/www.golftravellers.com\/wp-content\/uploads\/2014\/04\/destination-spain-150x150.jpg 150w, https:\/\/www.golftravellers.com\/wp-content\/uploads\/2014\/04\/destination-spain-300x300.jpg 300w\" sizes=\"auto, (max-width: 380px) 100vw, 380px\" \/><\/a><\/div>\n<div class=\"one-third destinations\"><a href=\"https:\/\/www.golftravellers.com\/destinations\/golf-holidays-in-morocco\/\"><img loading=\"lazy\" decoding=\"async\" class=\"alignnone size-full wp-image-26921\" src=\"https:\/\/www.golftravellers.com\/wp-content\/uploads\/2014\/04\/destination-morroco.jpg\" alt=\"Blick auf den Atlas auf einem Golfplatz in Marokko\" width=\"380\" height=\"380\" srcset=\"https:\/\/www.golftravellers.com\/wp-content\/uploads\/2014\/04\/destination-morroco.jpg 380w, https:\/\/www.golftravellers.com\/wp-content\/uploads\/2014\/04\/destination-morroco-150x150.jpg 150w, https:\/\/www.golftravellers.com\/wp-content\/uploads\/2014\/04\/destination-morroco-300x300.jpg 300w\" sizes=\"auto, (max-width: 380px) 100vw, 380px\" \/><\/a><\/div>\n<div class=\"one-third destinations\"><a href=\"https:\/\/www.golftravellers.com\/destinations\/golf-holidays-in-portugal\/\"><img loading=\"lazy\" decoding=\"async\" class=\"alignnone size-full wp-image-26929\" src=\"https:\/\/www.golftravellers.com\/wp-content\/uploads\/2014\/04\/destination-portugal.jpg\" alt=\"Gro\u00dfes Gr\u00fcn und Meerblick auf dem Oitvaos Dunes Platz in Portugal\" width=\"380\" height=\"380\" srcset=\"https:\/\/www.golftravellers.com\/wp-content\/uploads\/2014\/04\/destination-portugal.jpg 380w, https:\/\/www.golftravellers.com\/wp-content\/uploads\/2014\/04\/destination-portugal-150x150.jpg 150w, https:\/\/www.golftravellers.com\/wp-content\/uploads\/2014\/04\/destination-portugal-300x300.jpg 300w\" sizes=\"auto, (max-width: 380px) 100vw, 380px\" \/><\/a><\/div>\n<div class=\"one-third destinations\"><\/div>\n<\/section>\n<div class=\"clear: both;\"><\/div>\n<section>\n<div class=\"one-third first\">\n<h4 style=\"text-align: center;\">~ VEREINIGTE STAATEN ~<\/h4>\n<\/div>\n<div class=\"one-third\">\n<h4 style=\"text-align: center;\">~ SOUTH AFRICA ~<\/h4>\n<\/div>\n<div class=\"one-third\">\n<h4 style=\"text-align: center;\">~ BRAZIL ~<\/h4>\n<\/div>\n<div class=\"one-third first destinations\"><a href=\"https:\/\/www.golftravellers.com\/destinations\/golf-holidays-in-the-usa\/\"><img loading=\"lazy\" decoding=\"async\" class=\"alignnone size-full wp-image-26937\" src=\"https:\/\/www.golftravellers.com\/wp-content\/uploads\/2014\/04\/destinations-united-states.jpg\" alt=\"Gro\u00dfes Gr\u00fcn und Meer mit Wellen auf einem Golfplatz in den Vereinigten Staaten\" width=\"380\" height=\"380\" srcset=\"https:\/\/www.golftravellers.com\/wp-content\/uploads\/2014\/04\/destinations-united-states.jpg 380w, https:\/\/www.golftravellers.com\/wp-content\/uploads\/2014\/04\/destinations-united-states-150x150.jpg 150w, https:\/\/www.golftravellers.com\/wp-content\/uploads\/2014\/04\/destinations-united-states-300x300.jpg 300w\" sizes=\"auto, (max-width: 380px) 100vw, 380px\" \/><\/a><\/div>\n<div class=\"one-third destinations\"><a href=\"https:\/\/www.golftravellers.com\/destinations\/golf-holidays-in-south-africa\/\"><img loading=\"lazy\" decoding=\"async\" class=\"alignnone size-full wp-image-26945\" src=\"https:\/\/www.golftravellers.com\/wp-content\/uploads\/2014\/04\/destinations-south-africa.jpg\" alt=\"Gro\u00dfes Gr\u00fcn und Berg auf einem Golfplatz in S\u00fcdafrika\" width=\"380\" height=\"380\" srcset=\"https:\/\/www.golftravellers.com\/wp-content\/uploads\/2014\/04\/destinations-south-africa.jpg 380w, https:\/\/www.golftravellers.com\/wp-content\/uploads\/2014\/04\/destinations-south-africa-150x150.jpg 150w, https:\/\/www.golftravellers.com\/wp-content\/uploads\/2014\/04\/destinations-south-africa-300x300.jpg 300w\" sizes=\"auto, (max-width: 380px) 100vw, 380px\" \/><\/a><\/div>\n<div class=\"one-third destinations\"><a href=\"https:\/\/www.golftravellers.com\/destinations\/brazil\/\"><img loading=\"lazy\" decoding=\"async\" class=\"alignnone size-full wp-image-12928\" src=\"https:\/\/www.golftravellers.com\/wp-content\/uploads\/2014\/09\/Brazil_Destinations.jpg\" alt=\"Bild von Golfplatzgr\u00fcn zwischen Sandfang und Strand\" width=\"380\" height=\"380\" srcset=\"https:\/\/www.golftravellers.com\/wp-content\/uploads\/2014\/09\/Brazil_Destinations.jpg 380w, https:\/\/www.golftravellers.com\/wp-content\/uploads\/2014\/09\/Brazil_Destinations-150x150.jpg 150w, https:\/\/www.golftravellers.com\/wp-content\/uploads\/2014\/09\/Brazil_Destinations-300x300.jpg 300w\" sizes=\"auto, (max-width: 380px) 100vw, 380px\" \/><\/a><\/div>\n<section>\n<div class=\"one-third first\">\n<h4 style=\"text-align: center; padding: 45px 0 0 0;\">~ ENGLAND ~<\/h4>\n<\/div>\n<div class=\"one-third\">\n<h4 style=\"text-align: center; padding: 45px 0 0 0;\">~ WALES ~<\/h4>\n<\/div>\n<div class=\"one-third first destinations\"><a href=\"https:\/\/www.golftravellers.com\/destinations\/england\/\"><img loading=\"lazy\" decoding=\"async\" class=\"alignnone size-full wp-image-12936\" src=\"https:\/\/www.golftravellers.com\/wp-content\/uploads\/2014\/09\/England_Destinations.jpg\" alt=\"Bild der Aussicht vom Golfplatz Loch Blick auf gro\u00dfe Wellen brechen auf zerkl\u00fcfteten Klippen\" width=\"380\" height=\"380\" srcset=\"https:\/\/www.golftravellers.com\/wp-content\/uploads\/2014\/09\/England_Destinations.jpg 380w, https:\/\/www.golftravellers.com\/wp-content\/uploads\/2014\/09\/England_Destinations-150x150.jpg 150w, https:\/\/www.golftravellers.com\/wp-content\/uploads\/2014\/09\/England_Destinations-300x300.jpg 300w\" sizes=\"auto, (max-width: 380px) 100vw, 380px\" \/><\/a><\/div>\n<div class=\"one-third destinations\"><a href=\"https:\/\/www.golftravellers.com\/destinations\/wales\/\"><img loading=\"lazy\" decoding=\"async\" class=\"alignnone size-full wp-image-12968\" src=\"https:\/\/www.golftravellers.com\/wp-content\/uploads\/2014\/09\/Wales_Destinations.jpg\" alt=\"Bild eines Golfplatzes mit felsigem Strand und Meerblick\" width=\"380\" height=\"380\" srcset=\"https:\/\/www.golftravellers.com\/wp-content\/uploads\/2014\/09\/Wales_Destinations.jpg 380w, https:\/\/www.golftravellers.com\/wp-content\/uploads\/2014\/09\/Wales_Destinations-150x150.jpg 150w, https:\/\/www.golftravellers.com\/wp-content\/uploads\/2014\/09\/Wales_Destinations-300x300.jpg 300w\" sizes=\"auto, (max-width: 380px) 100vw, 380px\" \/><\/a><\/div>\n<div class=\"one-third destinations\"><\/div>\n<\/section>\n<div class=\"clear: both;\"><\/div>\n<section><\/section>\n<\/section>\n","protected":false},"excerpt":{"rendered":"<p>Wir bieten Golfreisen in St. Andrews, Schottland, Irland, England, Wales und Brasilien f\u00fcr Einzelpersonen, kleine und gro\u00dfe Gruppen. Bitte w\u00e4hlen Sie unten ein Ziel aus, um mehr zu erfahren. ~ ST ANDREWS ~ ~ SCOTLAND ~ ~ IRLAND ~ ~ SPANIEN ~ ~ MAROKKO ~ PORTUGAL ~ ~ VEREINIGTE STAATEN ~ ~ SOUTH AFRICA ~ [&hellip;]<\/p>\n","protected":false},"author":10,"featured_media":31699,"parent":0,"menu_order":0,"comment_status":"open","ping_status":"closed","template":"","meta":{"_genesis_hide_title":false,"_genesis_hide_breadcrumbs":false,"_genesis_hide_singular_image":false,"_genesis_hide_footer_widgets":false,"_genesis_custom_body_class":"","_genesis_custom_post_class":"","_genesis_layout":"full-width-content","footnotes":""},"class_list":{"0":"post-16650","1":"page","2":"type-page","3":"status-publish","4":"has-post-thumbnail","6":"entry"},"_links":{"self":[{"href":"https:\/\/www.golftravellers.com\/de\/wp-json\/wp\/v2\/pages\/16650","targetHints":{"allow":["GET"]}}],"collection":[{"href":"https:\/\/www.golftravellers.com\/de\/wp-json\/wp\/v2\/pages"}],"about":[{"href":"https:\/\/www.golftravellers.com\/de\/wp-json\/wp\/v2\/types\/page"}],"author":[{"embeddable":true,"href":"https:\/\/www.golftravellers.com\/de\/wp-json\/wp\/v2\/users\/10"}],"replies":[{"embeddable":true,"href":"https:\/\/www.golftravellers.com\/de\/wp-json\/wp\/v2\/comments?post=16650"}],"version-history":[{"count":15,"href":"https:\/\/www.golftravellers.com\/de\/wp-json\/wp\/v2\/pages\/16650\/revisions"}],"predecessor-version":[{"id":43745,"href":"https:\/\/www.golftravellers.com\/de\/wp-json\/wp\/v2\/pages\/16650\/revisions\/43745"}],"wp:featuredmedia":[{"embeddable":true,"href":"https:\/\/www.golftravellers.com\/de\/wp-json\/wp\/v2\/media\/31699"}],"wp:attachment":[{"href":"https:\/\/www.golftravellers.com\/de\/wp-json\/wp\/v2\/media?parent=16650"}],"curies":[{"name":"wp","href":"https:\/\/api.w.org\/{rel}","templated":true}]}}