{"id":16622,"date":"2014-11-27T00:00:55","date_gmt":"2014-11-27T00:00:55","guid":{"rendered":"http:\/\/www.golftravellers.com\/?page_id=16622"},"modified":"2017-11-30T16:25:01","modified_gmt":"2017-11-30T16:25:01","slug":"der-ryder-cup","status":"publish","type":"page","link":"https:\/\/www.golftravellers.com\/de\/golf-wettbewerbe\/der-ryder-cup\/","title":{"rendered":"Der Ryder Cup"},"content":{"rendered":"<p>Dies ist der bedeutendste Golfwettbewerb der Welt und die drittgr\u00f6\u00dfte Sportveranstaltung \u00fcberhaupt hinter den Olympischen Spielen und der Fussball-Weltmeisterschaft. Er findet alle vier Jahre in Europa statt und mehrere britische sowie irische Golfpl\u00e4tze waren bereits der Austragungsort dieses prestigetr\u00e4chtigen Turniers &#8211; darunter Muirfield (Schottland), Wentworth (England), Royal Lytham &amp; St Anne&#8217;s (England), Ganton (England), Royal Birkdale (England), Walton Heath (England), The Belfry (England), The K Club (Irland), The Celtic Manor (Wales) und vor kurzem auch PGA Centenary in Gleneagles, Schottland.<\/p>\n<p>Kontaktieren Sie uns f\u00fcr mehr Informationen, um eine Golftour einschlie\u00dflich dieser prestigetr\u00e4chtigen Golfpl\u00e4tze zu buchen.<\/p>\n<div class=\"one-third first\"><a class=\"button \" title=\"Jetzt Ihre Reise buchen\" href=\"https:\/\/www.golftravellers.com\/de\/kontakt\/jetzt-ihre-golfreise-buchen\/\">Jetzt buchen<\/a><\/div>\n<div class=\"one-third\"><a class=\"button\" title=\"Ihre Reise maschneidern\" href=\"https:\/\/www.golftravellers.com\/de\/kontakt\/angebot-anpassen\/\">Anpassen<\/a><\/div>\n<div class=\"one-third\"><a class=\"button\" title=\"Kontaktieren Sie uns\" href=\"https:\/\/www.golftravellers.com\/de\/kontakt\/\">Kontakt<\/a><\/div>\n","protected":false},"excerpt":{"rendered":"<p>Dies ist der bedeutendste Golfwettbewerb der Welt und die drittgr\u00f6\u00dfte Sportveranstaltung \u00fcberhaupt hinter den Olympischen Spielen und der Fussball-Weltmeisterschaft. Er findet alle vier Jahre in Europa statt und mehrere britische sowie irische Golfpl\u00e4tze waren bereits der Austragungsort dieses prestigetr\u00e4chtigen Turniers &#8211; darunter Muirfield (Schottland), Wentworth (England), Royal Lytham &amp; St Anne&#8217;s (England), Ganton (England), Royal [&hellip;]<\/p>\n","protected":false},"author":10,"featured_media":14300,"parent":16617,"menu_order":0,"comment_status":"open","ping_status":"open","template":"","meta":{"_genesis_hide_title":false,"_genesis_hide_breadcrumbs":false,"_genesis_hide_singular_image":false,"_genesis_hide_footer_widgets":false,"_genesis_custom_body_class":"","_genesis_custom_post_class":"","_genesis_layout":"full-width-content","footnotes":""},"class_list":{"0":"post-16622","1":"page","2":"type-page","3":"status-publish","4":"has-post-thumbnail","6":"entry"},"_links":{"self":[{"href":"https:\/\/www.golftravellers.com\/de\/wp-json\/wp\/v2\/pages\/16622","targetHints":{"allow":["GET"]}}],"collection":[{"href":"https:\/\/www.golftravellers.com\/de\/wp-json\/wp\/v2\/pages"}],"about":[{"href":"https:\/\/www.golftravellers.com\/de\/wp-json\/wp\/v2\/types\/page"}],"author":[{"embeddable":true,"href":"https:\/\/www.golftravellers.com\/de\/wp-json\/wp\/v2\/users\/10"}],"replies":[{"embeddable":true,"href":"https:\/\/www.golftravellers.com\/de\/wp-json\/wp\/v2\/comments?post=16622"}],"version-history":[{"count":9,"href":"https:\/\/www.golftravellers.com\/de\/wp-json\/wp\/v2\/pages\/16622\/revisions"}],"predecessor-version":[{"id":40208,"href":"https:\/\/www.golftravellers.com\/de\/wp-json\/wp\/v2\/pages\/16622\/revisions\/40208"}],"up":[{"embeddable":true,"href":"https:\/\/www.golftravellers.com\/de\/wp-json\/wp\/v2\/pages\/16617"}],"wp:featuredmedia":[{"embeddable":true,"href":"https:\/\/www.golftravellers.com\/de\/wp-json\/wp\/v2\/media\/14300"}],"wp:attachment":[{"href":"https:\/\/www.golftravellers.com\/de\/wp-json\/wp\/v2\/media?parent=16622"}],"curies":[{"name":"wp","href":"https:\/\/api.w.org\/{rel}","templated":true}]}}