{"id":16617,"date":"2014-11-20T16:41:28","date_gmt":"2014-11-20T16:41:28","guid":{"rendered":"http:\/\/www.golftravellers.com\/?page_id=16617"},"modified":"2017-04-24T16:18:31","modified_gmt":"2017-04-24T15:18:31","slug":"golf-wettbewerbe","status":"publish","type":"page","link":"https:\/\/www.golftravellers.com\/de\/golf-wettbewerbe\/","title":{"rendered":"Golfwettbewerbe"},"content":{"rendered":"<p>Wir bieten Ihnen die M\u00f6glichkeit, an allen unseren Reisezielen an Amateur- sowie Pro-Am-Wettbewerben teilzunehmen und einigen der wichtigsten Golftourniere weltweit beizuwohnen. F\u00fcr Unternehmen k\u00f6nnen alle Angebote genau auf Sie zugeschnitten werden. Bitte w\u00e4hlen Sie eine der untenstehenden Optionen um mehr zu erfahren.<\/p>\n<section>\n<div class=\"one-third first\">\n<h4 style=\"text-align: center; padding: 45px 0 0 0;\">~ AMATEURWETTBEWERBE ~<\/h4>\n<p><a class=\"destinations\" href=\"https:\/\/www.golftravellers.com\/de\/golf-wettbewerbe\/amateur-wettbewerbe\/\"><img loading=\"lazy\" decoding=\"async\" class=\"alignnone wp-image-13368 size-full\" title=\"Amateur-Wettbewerbe\" src=\"https:\/\/www.golftravellers.com\/wp-content\/uploads\/2014\/04\/events-amateur-golf-competitions.jpg\" alt=\"Golfspielern beim R&amp;A in St Andrews\" width=\"380\" height=\"380\" srcset=\"https:\/\/www.golftravellers.com\/wp-content\/uploads\/2014\/04\/events-amateur-golf-competitions.jpg 380w, https:\/\/www.golftravellers.com\/wp-content\/uploads\/2014\/04\/events-amateur-golf-competitions-150x150.jpg 150w, https:\/\/www.golftravellers.com\/wp-content\/uploads\/2014\/04\/events-amateur-golf-competitions-300x300.jpg 300w\" sizes=\"auto, (max-width: 380px) 100vw, 380px\" \/><\/a><\/p>\n<\/div>\n<div class=\"one-third\">\n<h4 style=\"text-align: center; padding: 45px 0 0 0;\">~ PRO AM ~<\/h4>\n<p><a class=\"destinations\" href=\"https:\/\/www.golftravellers.com\/de\/golf-wettbewerbe\/pro-am\/\"><img loading=\"lazy\" decoding=\"async\" class=\"alignnone wp-image-13350 size-full\" title=\"Pro Am-Wettbewerbe\" src=\"https:\/\/www.golftravellers.com\/wp-content\/uploads\/2014\/04\/events-pro-am.jpg\" alt=\"Golfspieler in Turnberry\" width=\"380\" height=\"380\" srcset=\"https:\/\/www.golftravellers.com\/wp-content\/uploads\/2014\/04\/events-pro-am.jpg 380w, https:\/\/www.golftravellers.com\/wp-content\/uploads\/2014\/04\/events-pro-am-150x150.jpg 150w, https:\/\/www.golftravellers.com\/wp-content\/uploads\/2014\/04\/events-pro-am-300x300.jpg 300w\" sizes=\"auto, (max-width: 380px) 100vw, 380px\" \/><\/a><\/p>\n<\/div>\n<div class=\"one-third\">\n<h4 style=\"text-align: center; padding: 45px 0 0 0;\">~ 2015 BRITISH OPEN ~<\/h4>\n<p><a class=\"destinations\" href=\"https:\/\/www.golftravellers.com\/de\/golf-wettbewerbe\/2015-british-open-in-st-andrews\/\"><img loading=\"lazy\" decoding=\"async\" class=\"alignnone wp-image-13341 size-full\" title=\"British Open in St Andrews\" src=\"https:\/\/www.golftravellers.com\/wp-content\/uploads\/2014\/04\/events-2015-british-open.jpg\" alt=\"Loch 18 beim British Open\" width=\"380\" height=\"380\" srcset=\"https:\/\/www.golftravellers.com\/wp-content\/uploads\/2014\/04\/events-2015-british-open.jpg 380w, https:\/\/www.golftravellers.com\/wp-content\/uploads\/2014\/04\/events-2015-british-open-150x150.jpg 150w, https:\/\/www.golftravellers.com\/wp-content\/uploads\/2014\/04\/events-2015-british-open-300x300.jpg 300w\" sizes=\"auto, (max-width: 380px) 100vw, 380px\" \/><\/a><\/p>\n<\/div>\n<\/section>\n<section>\n<div class=\"one-third first\">\n<h4 style=\"text-align: center; padding: 45px 0 0 0;\">~ RYDER CUP ~<\/h4>\n<p><a class=\"destinations\" href=\"https:\/\/www.golftravellers.com\/de\/golf-wettbewerbe\/der-ryder-cup\/\"><img loading=\"lazy\" decoding=\"async\" class=\"alignnone wp-image-13332 size-full\" title=\"Der Ryder Cup\" src=\"https:\/\/www.golftravellers.com\/wp-content\/uploads\/2014\/04\/events-ryder-cup.jpg\" alt=\"Graham McDowell beim Ryder Cup 2010 in Wales\" width=\"380\" height=\"380\" srcset=\"https:\/\/www.golftravellers.com\/wp-content\/uploads\/2014\/04\/events-ryder-cup.jpg 380w, https:\/\/www.golftravellers.com\/wp-content\/uploads\/2014\/04\/events-ryder-cup-150x150.jpg 150w, https:\/\/www.golftravellers.com\/wp-content\/uploads\/2014\/04\/events-ryder-cup-300x300.jpg 300w\" sizes=\"auto, (max-width: 380px) 100vw, 380px\" \/><\/a><\/p>\n<\/div>\n<div class=\"one-third\">\n<h4 style=\"text-align: center; padding: 45px 0 0 0;\">~ FIRMENGOLF ~<\/h4>\n<p><a class=\"destinations\" href=\"https:\/\/www.golftravellers.com\/de\/golf-wettbewerbe\/firmengolf\/\"><img loading=\"lazy\" decoding=\"async\" class=\"alignnone wp-image-13359 size-full\" title=\"Firmengolf\" src=\"https:\/\/www.golftravellers.com\/wp-content\/uploads\/2014\/04\/events-corporate.jpg\" alt=\"\" width=\"380\" height=\"380\" srcset=\"https:\/\/www.golftravellers.com\/wp-content\/uploads\/2014\/04\/events-corporate.jpg 380w, https:\/\/www.golftravellers.com\/wp-content\/uploads\/2014\/04\/events-corporate-150x150.jpg 150w, https:\/\/www.golftravellers.com\/wp-content\/uploads\/2014\/04\/events-corporate-300x300.jpg 300w\" sizes=\"auto, (max-width: 380px) 100vw, 380px\" \/><\/a><\/p>\n<\/div>\n<\/section>\n","protected":false},"excerpt":{"rendered":"<p>Wir bieten Ihnen die M\u00f6glichkeit, an allen unseren Reisezielen an Amateur- sowie Pro-Am-Wettbewerben teilzunehmen und einigen der wichtigsten Golftourniere weltweit beizuwohnen. F\u00fcr Unternehmen k\u00f6nnen alle Angebote genau auf Sie zugeschnitten werden. Bitte w\u00e4hlen Sie eine der untenstehenden Optionen um mehr zu erfahren. ~ AMATEURWETTBEWERBE ~ ~ PRO AM ~ ~ 2015 BRITISH OPEN ~ ~ [&hellip;]<\/p>\n","protected":false},"author":10,"featured_media":32025,"parent":0,"menu_order":30,"comment_status":"open","ping_status":"closed","template":"","meta":{"_genesis_hide_title":false,"_genesis_hide_breadcrumbs":false,"_genesis_hide_singular_image":false,"_genesis_hide_footer_widgets":false,"_genesis_custom_body_class":"","_genesis_custom_post_class":"","_genesis_layout":"","footnotes":""},"class_list":{"0":"post-16617","1":"page","2":"type-page","3":"status-publish","4":"has-post-thumbnail","6":"entry"},"_links":{"self":[{"href":"https:\/\/www.golftravellers.com\/de\/wp-json\/wp\/v2\/pages\/16617","targetHints":{"allow":["GET"]}}],"collection":[{"href":"https:\/\/www.golftravellers.com\/de\/wp-json\/wp\/v2\/pages"}],"about":[{"href":"https:\/\/www.golftravellers.com\/de\/wp-json\/wp\/v2\/types\/page"}],"author":[{"embeddable":true,"href":"https:\/\/www.golftravellers.com\/de\/wp-json\/wp\/v2\/users\/10"}],"replies":[{"embeddable":true,"href":"https:\/\/www.golftravellers.com\/de\/wp-json\/wp\/v2\/comments?post=16617"}],"version-history":[{"count":9,"href":"https:\/\/www.golftravellers.com\/de\/wp-json\/wp\/v2\/pages\/16617\/revisions"}],"predecessor-version":[{"id":37730,"href":"https:\/\/www.golftravellers.com\/de\/wp-json\/wp\/v2\/pages\/16617\/revisions\/37730"}],"wp:featuredmedia":[{"embeddable":true,"href":"https:\/\/www.golftravellers.com\/de\/wp-json\/wp\/v2\/media\/32025"}],"wp:attachment":[{"href":"https:\/\/www.golftravellers.com\/de\/wp-json\/wp\/v2\/media?parent=16617"}],"curies":[{"name":"wp","href":"https:\/\/api.w.org\/{rel}","templated":true}]}}