{"id":16610,"date":"2014-11-24T12:57:03","date_gmt":"2014-11-24T12:57:03","guid":{"rendered":"http:\/\/www.golftravellers.com\/?page_id=16610"},"modified":"2017-04-24T16:22:25","modified_gmt":"2017-04-24T15:22:25","slug":"empfohlen-von-gregory-havret","status":"publish","type":"page","link":"https:\/\/www.golftravellers.com\/de\/empfohlen-von-gregory-havret\/","title":{"rendered":"Empfohlen von Gregory Havret"},"content":{"rendered":"<p>&#8222;Ich empfehle Golf Travellers als Golf Tour Operator f\u00fcr Ihren Golf-Urlaub in Schottland. Ich habe sie mehrmals w\u00e4hrend meiner Wettk\u00e4mpfe auf der European Tour getroffen. Sie sind Spezialisten mit Hauptsitz in Schottland, im Herzen von St. Andrews.<br \/>Dieses sch\u00f6ne Land bedeutet mir sehr viel, hier habe ich meine beiden wichtigsten Troph\u00e4en gewonnen; am Loch Lomond f\u00fcr die Scottish Open im Jahr 2007 gegen Phil Mickelson im Playoff und in Gleneagles auf der fantastischen PGA Centenary f\u00fcr die Johnnie Walker im Jahr 2008. Ein Land mit ausgezeichneten Golfpl\u00e4tzen und eine v\u00f6llig einzigartige Atmosph\u00e4re. Der Aufenthalt in St Andrews und auf dem Old Course zu spielen ist ein Muss im Leben eines jeden Golfspielers.&#8220;<\/p>\n<div class=\"one-third first\"><img loading=\"lazy\" decoding=\"async\" class=\"alignnone wp-image-8620 size-full\" src=\"https:\/\/www.golftravellers.com\/wp-content\/uploads\/2014\/09\/Gregory-Havret-French-Professional-Golfer.jpg\" alt=\"Gregory Havret franz\u00f6sischer professioneller Golfspieler\" width=\"250\" height=\"176\" \/><\/div>\n<div class=\"one-third\"><img loading=\"lazy\" decoding=\"async\" class=\"alignnone wp-image-8611 size-full\" src=\"https:\/\/www.golftravellers.com\/wp-content\/uploads\/2014\/09\/Gregory-Havret-French-Professional-Golfer-image2.jpg\" alt=\"Gregory Havret franz\u00f6sischer professioneller Golfspieler\" width=\"250\" height=\"176\" \/><\/div>\n<div class=\"one-third\"><img loading=\"lazy\" decoding=\"async\" class=\"alignnone wp-image-8602 size-full\" src=\"https:\/\/www.golftravellers.com\/wp-content\/uploads\/2014\/09\/Gregory-Havret-French-Professional-Golfer-image3.jpg\" alt=\"Gregory Havret franz\u00f6sischer professioneller Golfspieler\" width=\"250\" height=\"176\" \/><\/div>\n<h2>Die H\u00f6hepunkte in Gr\u00e9gorys Karriere:<\/h2>\n<h3>Amateur:<\/h3>\n<ul>\n<li>Gewinner des French Championship von 1997 bis 1999<\/li>\n<li>Gewinner des French National Omnium National 1998 (Professional Tournament)<\/li>\n<li>Gewinner des European Championship 1999 in Wales<\/li>\n<\/ul>\n<h3>Professional:<\/h3>\n<ul>\n<li>Gewinner der Italian Open in 2001 (Erste Jahr auf der European Tour)<\/li>\n<li>Gewinner der Scottish Open am Loch Lomond 2007 (European Tour)<\/li>\n<li>Gewinner Johnnie Walker am Gleneagles 2008 (European Tour)<\/li>\n<li>Zweiter bei den US Open 2010 in Pebble Beach<\/li>\n<li>Bester frans\u00f6sischer Golfer in 2007, 2008, 2010 und 2011<\/li>\n<\/ul>\n","protected":false},"excerpt":{"rendered":"<p>&#8222;Ich empfehle Golf Travellers als Golf Tour Operator f\u00fcr Ihren Golf-Urlaub in Schottland. Ich habe sie mehrmals w\u00e4hrend meiner Wettk\u00e4mpfe auf der European Tour getroffen. Sie sind Spezialisten mit Hauptsitz in Schottland, im Herzen von St. Andrews.Dieses sch\u00f6ne Land bedeutet mir sehr viel, hier habe ich meine beiden wichtigsten Troph\u00e4en gewonnen; am Loch Lomond f\u00fcr [&hellip;]<\/p>\n","protected":false},"author":10,"featured_media":12859,"parent":0,"menu_order":100,"comment_status":"open","ping_status":"open","template":"","meta":{"_genesis_hide_title":false,"_genesis_hide_breadcrumbs":false,"_genesis_hide_singular_image":false,"_genesis_hide_footer_widgets":false,"_genesis_custom_body_class":"","_genesis_custom_post_class":"","_genesis_layout":"","footnotes":""},"class_list":{"0":"post-16610","1":"page","2":"type-page","3":"status-publish","4":"has-post-thumbnail","6":"entry"},"_links":{"self":[{"href":"https:\/\/www.golftravellers.com\/de\/wp-json\/wp\/v2\/pages\/16610","targetHints":{"allow":["GET"]}}],"collection":[{"href":"https:\/\/www.golftravellers.com\/de\/wp-json\/wp\/v2\/pages"}],"about":[{"href":"https:\/\/www.golftravellers.com\/de\/wp-json\/wp\/v2\/types\/page"}],"author":[{"embeddable":true,"href":"https:\/\/www.golftravellers.com\/de\/wp-json\/wp\/v2\/users\/10"}],"replies":[{"embeddable":true,"href":"https:\/\/www.golftravellers.com\/de\/wp-json\/wp\/v2\/comments?post=16610"}],"version-history":[{"count":8,"href":"https:\/\/www.golftravellers.com\/de\/wp-json\/wp\/v2\/pages\/16610\/revisions"}],"predecessor-version":[{"id":37751,"href":"https:\/\/www.golftravellers.com\/de\/wp-json\/wp\/v2\/pages\/16610\/revisions\/37751"}],"wp:featuredmedia":[{"embeddable":true,"href":"https:\/\/www.golftravellers.com\/de\/wp-json\/wp\/v2\/media\/12859"}],"wp:attachment":[{"href":"https:\/\/www.golftravellers.com\/de\/wp-json\/wp\/v2\/media?parent=16610"}],"curies":[{"name":"wp","href":"https:\/\/api.w.org\/{rel}","templated":true}]}}